{"id":10056,"date":"2022-11-24T13:02:09","date_gmt":"2022-11-24T12:02:09","guid":{"rendered":"https:\/\/alsik.dk\/?page_id=10056"},"modified":"2025-11-18T10:12:56","modified_gmt":"2025-11-18T09:12:56","slug":"face","status":"publish","type":"page","link":"https:\/\/alsik.dk\/en\/alsik-spa\/wellness-treatments\/face\/","title":{"rendered":"Facial treatments"},"content":{"rendered":"<p>The face is the first thing we notice about another human being. So much of our personality is related to the signals we express through our face, which is why most people are particularly concerned with caring for just the face. Facials are an excellent complement to your skincare routine and help to boost the well-being of your skin.<\/p>\n<p>At the same time, a facial provides an expert with the best starting point for examining your skin in depth and selecting the right products for you, so that you get the most for your money and all the time that you spend caring for your skin.<\/p>\n<p>You deserve luxury and well-being and complete attention when visiting our treatment floor. Our facial treatments always include our Alsik signature welcome ritual, which helps you completely unwind.<\/p>\n<p>We use natural skincare from top brands like Amazing Space and Team Dr. Joseph. We strive to find the perfect balance between the latest knowledge, the best techniques, and the finest ingredients, with consideration for nature.<\/p>\n","protected":false},"excerpt":{"rendered":"<p>The face is the first thing we notice about another human being. So much of our personality is related to the signals we express through our face, which is why most people are particularly concerned with caring for just the face. Facials are an excellent complement to your skincare routine and help to boost the well-being of your skin.<\/p>\n","protected":false},"author":7,"featured_media":15031,"parent":2837,"menu_order":0,"comment_status":"closed","ping_status":"closed","template":"","meta":{"_acf_changed":false,"footnotes":""},"tags":[],"class_list":["post-10056","page","type-page","status-publish","has-post-thumbnail","hentry"],"acf":[],"yoast_head":"<!-- This site is optimized with the Yoast SEO plugin v24.3 - https:\/\/yoast.com\/wordpress\/plugins\/seo\/ -->\n<title>Facial treatments | Alsik Hotel &amp; Spa<\/title>\n<meta name=\"description\" content=\"Facials are an excellent complement to your skincare routine and help to boost the well-being of your skin.\" \/>\n<meta name=\"robots\" content=\"index, follow, max-snippet:-1, max-image-preview:large, max-video-preview:-1\" \/>\n<link rel=\"canonical\" href=\"https:\/\/alsik.dk\/en\/alsik-spa\/wellness-treatments\/face\/\" \/>\n<meta property=\"og:locale\" content=\"en_US\" \/>\n<meta property=\"og:type\" content=\"article\" \/>\n<meta property=\"og:title\" content=\"Facial treatments | Alsik Hotel &amp; Spa\" \/>\n<meta property=\"og:description\" content=\"Facials are an excellent complement to your skincare routine and help to boost the well-being of your skin.\" \/>\n<meta property=\"og:url\" content=\"https:\/\/alsik.dk\/en\/alsik-spa\/wellness-treatments\/face\/\" \/>\n<meta property=\"og:site_name\" content=\"Alsik Hotel &amp; Spa\" \/>\n<meta property=\"article:modified_time\" content=\"2025-11-18T09:12:56+00:00\" \/>\n<meta property=\"og:image\" content=\"https:\/\/alsik.dk\/wp-content\/uploads\/2025\/01\/Behandling-1.jpg\" \/>\n\t<meta property=\"og:image:width\" content=\"1201\" \/>\n\t<meta property=\"og:image:height\" content=\"1800\" \/>\n\t<meta property=\"og:image:type\" content=\"image\/jpeg\" \/>\n<meta name=\"twitter:card\" content=\"summary_large_image\" \/>\n<meta name=\"twitter:label1\" content=\"Est. reading time\" \/>\n\t<meta name=\"twitter:data1\" content=\"2 minutes\" \/>\n<script type=\"application\/ld+json\" class=\"yoast-schema-graph\">{\"@context\":\"https:\/\/schema.org\",\"@graph\":[{\"@type\":\"WebPage\",\"@id\":\"https:\/\/alsik.dk\/en\/alsik-spa\/wellness-treatments\/face\/\",\"url\":\"https:\/\/alsik.dk\/en\/alsik-spa\/wellness-treatments\/face\/\",\"name\":\"Facial treatments | Alsik Hotel &amp; Spa\",\"isPartOf\":{\"@id\":\"https:\/\/alsik.dk\/en\/#website\"},\"primaryImageOfPage\":{\"@id\":\"https:\/\/alsik.dk\/en\/alsik-spa\/wellness-treatments\/face\/#primaryimage\"},\"image\":{\"@id\":\"https:\/\/alsik.dk\/en\/alsik-spa\/wellness-treatments\/face\/#primaryimage\"},\"thumbnailUrl\":\"https:\/\/alsik.dk\/wp-content\/uploads\/2025\/01\/Behandling-1.jpg\",\"datePublished\":\"2022-11-24T12:02:09+00:00\",\"dateModified\":\"2025-11-18T09:12:56+00:00\",\"description\":\"Facials are an excellent complement to your skincare routine and help to boost the well-being of your skin.\",\"breadcrumb\":{\"@id\":\"https:\/\/alsik.dk\/en\/alsik-spa\/wellness-treatments\/face\/#breadcrumb\"},\"inLanguage\":\"en-US\",\"potentialAction\":[{\"@type\":\"ReadAction\",\"target\":[\"https:\/\/alsik.dk\/en\/alsik-spa\/wellness-treatments\/face\/\"]}]},{\"@type\":\"ImageObject\",\"inLanguage\":\"en-US\",\"@id\":\"https:\/\/alsik.dk\/en\/alsik-spa\/wellness-treatments\/face\/#primaryimage\",\"url\":\"https:\/\/alsik.dk\/wp-content\/uploads\/2025\/01\/Behandling-1.jpg\",\"contentUrl\":\"https:\/\/alsik.dk\/wp-content\/uploads\/2025\/01\/Behandling-1.jpg\",\"width\":1201,\"height\":1800},{\"@type\":\"BreadcrumbList\",\"@id\":\"https:\/\/alsik.dk\/en\/alsik-spa\/wellness-treatments\/face\/#breadcrumb\",\"itemListElement\":[{\"@type\":\"ListItem\",\"position\":1,\"name\":\"Hjem\",\"item\":\"https:\/\/alsik.dk\/en\/\"},{\"@type\":\"ListItem\",\"position\":2,\"name\":\"Experience Alsik Spa\",\"item\":\"https:\/\/alsik.dk\/en\/alsik-spa\/\"},{\"@type\":\"ListItem\",\"position\":3,\"name\":\"Wellness &#038; treatments\",\"item\":\"https:\/\/alsik.dk\/en\/alsik-spa\/wellness-treatments\/\"},{\"@type\":\"ListItem\",\"position\":4,\"name\":\"Facial treatments\"}]},{\"@type\":\"WebSite\",\"@id\":\"https:\/\/alsik.dk\/en\/#website\",\"url\":\"https:\/\/alsik.dk\/en\/\",\"name\":\"Alsik Hotel &amp; Spa\",\"description\":\"Alsik er et af Danmarks mest sp\u00e6ndende hoteller med stilfulde og topmoderne v\u00e6relser. Her venter en verden af luksuri\u00f8s og hyggelig. Oplev Danmarks st\u00f8rste spa med flere end 60 forskellige spa- og wellnessoplevelser fordelt p\u00e5 4.500 kvadratmeter og fire etager. Eller fork\u00e6l sanserne med gastronomi i s\u00e6rklasse i Alsiks tre restauranter.\",\"potentialAction\":[{\"@type\":\"SearchAction\",\"target\":{\"@type\":\"EntryPoint\",\"urlTemplate\":\"https:\/\/alsik.dk\/en\/?s={search_term_string}\"},\"query-input\":{\"@type\":\"PropertyValueSpecification\",\"valueRequired\":true,\"valueName\":\"search_term_string\"}}],\"inLanguage\":\"en-US\"}]}<\/script>\n<!-- \/ Yoast SEO plugin. -->","yoast_head_json":{"title":"Facial treatments | Alsik Hotel &amp; Spa","description":"Facials are an excellent complement to your skincare routine and help to boost the well-being of your skin.","robots":{"index":"index","follow":"follow","max-snippet":"max-snippet:-1","max-image-preview":"max-image-preview:large","max-video-preview":"max-video-preview:-1"},"canonical":"https:\/\/alsik.dk\/en\/alsik-spa\/wellness-treatments\/face\/","og_locale":"en_US","og_type":"article","og_title":"Facial treatments | Alsik Hotel &amp; Spa","og_description":"Facials are an excellent complement to your skincare routine and help to boost the well-being of your skin.","og_url":"https:\/\/alsik.dk\/en\/alsik-spa\/wellness-treatments\/face\/","og_site_name":"Alsik Hotel &amp; Spa","article_modified_time":"2025-11-18T09:12:56+00:00","og_image":[{"width":1201,"height":1800,"url":"https:\/\/alsik.dk\/wp-content\/uploads\/2025\/01\/Behandling-1.jpg","type":"image\/jpeg"}],"twitter_card":"summary_large_image","twitter_misc":{"Est. reading time":"2 minutes"},"schema":{"@context":"https:\/\/schema.org","@graph":[{"@type":"WebPage","@id":"https:\/\/alsik.dk\/en\/alsik-spa\/wellness-treatments\/face\/","url":"https:\/\/alsik.dk\/en\/alsik-spa\/wellness-treatments\/face\/","name":"Facial treatments | Alsik Hotel &amp; Spa","isPartOf":{"@id":"https:\/\/alsik.dk\/en\/#website"},"primaryImageOfPage":{"@id":"https:\/\/alsik.dk\/en\/alsik-spa\/wellness-treatments\/face\/#primaryimage"},"image":{"@id":"https:\/\/alsik.dk\/en\/alsik-spa\/wellness-treatments\/face\/#primaryimage"},"thumbnailUrl":"https:\/\/alsik.dk\/wp-content\/uploads\/2025\/01\/Behandling-1.jpg","datePublished":"2022-11-24T12:02:09+00:00","dateModified":"2025-11-18T09:12:56+00:00","description":"Facials are an excellent complement to your skincare routine and help to boost the well-being of your skin.","breadcrumb":{"@id":"https:\/\/alsik.dk\/en\/alsik-spa\/wellness-treatments\/face\/#breadcrumb"},"inLanguage":"en-US","potentialAction":[{"@type":"ReadAction","target":["https:\/\/alsik.dk\/en\/alsik-spa\/wellness-treatments\/face\/"]}]},{"@type":"ImageObject","inLanguage":"en-US","@id":"https:\/\/alsik.dk\/en\/alsik-spa\/wellness-treatments\/face\/#primaryimage","url":"https:\/\/alsik.dk\/wp-content\/uploads\/2025\/01\/Behandling-1.jpg","contentUrl":"https:\/\/alsik.dk\/wp-content\/uploads\/2025\/01\/Behandling-1.jpg","width":1201,"height":1800},{"@type":"BreadcrumbList","@id":"https:\/\/alsik.dk\/en\/alsik-spa\/wellness-treatments\/face\/#breadcrumb","itemListElement":[{"@type":"ListItem","position":1,"name":"Hjem","item":"https:\/\/alsik.dk\/en\/"},{"@type":"ListItem","position":2,"name":"Experience Alsik Spa","item":"https:\/\/alsik.dk\/en\/alsik-spa\/"},{"@type":"ListItem","position":3,"name":"Wellness &#038; treatments","item":"https:\/\/alsik.dk\/en\/alsik-spa\/wellness-treatments\/"},{"@type":"ListItem","position":4,"name":"Facial treatments"}]},{"@type":"WebSite","@id":"https:\/\/alsik.dk\/en\/#website","url":"https:\/\/alsik.dk\/en\/","name":"Alsik Hotel &amp; Spa","description":"Alsik er et af Danmarks mest sp\u00e6ndende hoteller med stilfulde og topmoderne v\u00e6relser. Her venter en verden af luksuri\u00f8s og hyggelig. Oplev Danmarks st\u00f8rste spa med flere end 60 forskellige spa- og wellnessoplevelser fordelt p\u00e5 4.500 kvadratmeter og fire etager. Eller fork\u00e6l sanserne med gastronomi i s\u00e6rklasse i Alsiks tre restauranter.","potentialAction":[{"@type":"SearchAction","target":{"@type":"EntryPoint","urlTemplate":"https:\/\/alsik.dk\/en\/?s={search_term_string}"},"query-input":{"@type":"PropertyValueSpecification","valueRequired":true,"valueName":"search_term_string"}}],"inLanguage":"en-US"}]}},"_links":{"self":[{"href":"https:\/\/alsik.dk\/en\/wp-json\/wp\/v2\/pages\/10056","targetHints":{"allow":["GET"]}}],"collection":[{"href":"https:\/\/alsik.dk\/en\/wp-json\/wp\/v2\/pages"}],"about":[{"href":"https:\/\/alsik.dk\/en\/wp-json\/wp\/v2\/types\/page"}],"author":[{"embeddable":true,"href":"https:\/\/alsik.dk\/en\/wp-json\/wp\/v2\/users\/7"}],"replies":[{"embeddable":true,"href":"https:\/\/alsik.dk\/en\/wp-json\/wp\/v2\/comments?post=10056"}],"version-history":[{"count":8,"href":"https:\/\/alsik.dk\/en\/wp-json\/wp\/v2\/pages\/10056\/revisions"}],"predecessor-version":[{"id":16991,"href":"https:\/\/alsik.dk\/en\/wp-json\/wp\/v2\/pages\/10056\/revisions\/16991"}],"up":[{"embeddable":true,"href":"https:\/\/alsik.dk\/en\/wp-json\/wp\/v2\/pages\/2837"}],"wp:featuredmedia":[{"embeddable":true,"href":"https:\/\/alsik.dk\/en\/wp-json\/wp\/v2\/media\/15031"}],"wp:attachment":[{"href":"https:\/\/alsik.dk\/en\/wp-json\/wp\/v2\/media?parent=10056"}],"wp:term":[{"taxonomy":"post_tag","embeddable":true,"href":"https:\/\/alsik.dk\/en\/wp-json\/wp\/v2\/tags?post=10056"}],"curies":[{"name":"wp","href":"https:\/\/api.w.org\/{rel}","templated":true}]}}