{"id":11361,"date":"2022-12-12T12:50:56","date_gmt":"2022-12-12T11:50:56","guid":{"rendered":"https:\/\/alsik.dk\/?page_id=11361"},"modified":"2022-12-12T12:59:41","modified_gmt":"2022-12-12T11:59:41","slug":"lost-items","status":"publish","type":"page","link":"https:\/\/alsik.dk\/en\/lost-items\/","title":{"rendered":"Lost items"},"content":{"rendered":"<p>Have you forgotten something during your stay at Alsik Hotel &amp; Spa, please fill out the form below.<\/p>\n<p>Please describe the forgotten item and where it may have been left as carefully as possible.<\/p>\n<p>If we find your item, we will contact you to arrange collection. In general, recovered items must be picked up at Alsik Hotel &amp; Spa.<\/p>\n<p>We can also send items with the shipping company Pakke.dk at the recipient&#8217;s expense.<\/p>\n<p>Alsik Hotel &amp; Spa accepts no responsibility for lost items, and we cannot guarantee that forgotten items will be found.<\/p>\n<p>Valuables, such as cash and jewelry, will be handed over to the police&#8217;s lost property office. Other items are stored for at least 30 days before they can be handed over to the police&#8217;s lost property office<\/p>\n<div id=\"sn-61307db7-62fc-45d9-bced-a0b36529c173\"><\/div>\n","protected":false},"excerpt":{"rendered":"<p>Have you forgotten something during your stay at Alsik Hotel &amp; Spa, please fill out the form below. Please describe the forgotten item and where it may have been left as carefully as possible. If we find your item, we will contact you to arrange collection. In general, recovered items must be picked up at <a href=\"https:\/\/alsik.dk\/en\/lost-items\/\" class=\"more-link\">&#8230;<span class=\"screen-reader-text\">  Lost items<\/span><\/a><\/p>\n","protected":false},"author":7,"featured_media":0,"parent":0,"menu_order":0,"comment_status":"closed","ping_status":"closed","template":"","meta":{"_acf_changed":false,"footnotes":""},"tags":[],"class_list":["post-11361","page","type-page","status-publish","hentry"],"acf":[],"yoast_head":"<!-- This site is optimized with the Yoast SEO plugin v24.3 - https:\/\/yoast.com\/wordpress\/plugins\/seo\/ -->\n<title>Lost items | Alsik Hotel &amp; Spa<\/title>\n<meta name=\"robots\" content=\"index, follow, max-snippet:-1, max-image-preview:large, max-video-preview:-1\" \/>\n<link rel=\"canonical\" href=\"https:\/\/alsik.dk\/en\/lost-items\/\" \/>\n<meta property=\"og:locale\" content=\"en_US\" \/>\n<meta property=\"og:type\" content=\"article\" \/>\n<meta property=\"og:title\" content=\"Lost items | Alsik Hotel &amp; Spa\" \/>\n<meta property=\"og:description\" content=\"Have you forgotten something during your stay at Alsik Hotel &amp; Spa, please fill out the form below. Please describe the forgotten item and where it may have been left as carefully as possible. If we find your item, we will contact you to arrange collection. In general, recovered items must be picked up at ... Lost items\" \/>\n<meta property=\"og:url\" content=\"https:\/\/alsik.dk\/en\/lost-items\/\" \/>\n<meta property=\"og:site_name\" content=\"Alsik Hotel &amp; Spa\" \/>\n<meta property=\"article:modified_time\" content=\"2022-12-12T11:59:41+00:00\" \/>\n<meta name=\"twitter:card\" content=\"summary_large_image\" \/>\n<meta name=\"twitter:label1\" content=\"Est. reading time\" \/>\n\t<meta name=\"twitter:data1\" content=\"1 minute\" \/>\n<script type=\"application\/ld+json\" class=\"yoast-schema-graph\">{\"@context\":\"https:\/\/schema.org\",\"@graph\":[{\"@type\":\"WebPage\",\"@id\":\"https:\/\/alsik.dk\/en\/lost-items\/\",\"url\":\"https:\/\/alsik.dk\/en\/lost-items\/\",\"name\":\"Lost items | Alsik Hotel &amp; Spa\",\"isPartOf\":{\"@id\":\"https:\/\/alsik.dk\/en\/#website\"},\"datePublished\":\"2022-12-12T11:50:56+00:00\",\"dateModified\":\"2022-12-12T11:59:41+00:00\",\"breadcrumb\":{\"@id\":\"https:\/\/alsik.dk\/en\/lost-items\/#breadcrumb\"},\"inLanguage\":\"en-US\",\"potentialAction\":[{\"@type\":\"ReadAction\",\"target\":[\"https:\/\/alsik.dk\/en\/lost-items\/\"]}]},{\"@type\":\"BreadcrumbList\",\"@id\":\"https:\/\/alsik.dk\/en\/lost-items\/#breadcrumb\",\"itemListElement\":[{\"@type\":\"ListItem\",\"position\":1,\"name\":\"Hjem\",\"item\":\"https:\/\/alsik.dk\/en\/\"},{\"@type\":\"ListItem\",\"position\":2,\"name\":\"Lost items\"}]},{\"@type\":\"WebSite\",\"@id\":\"https:\/\/alsik.dk\/en\/#website\",\"url\":\"https:\/\/alsik.dk\/en\/\",\"name\":\"Alsik Hotel &amp; Spa\",\"description\":\"Alsik er et af Danmarks mest sp\u00e6ndende hoteller med stilfulde og topmoderne v\u00e6relser. Her venter en verden af luksuri\u00f8s og hyggelig. Oplev Danmarks st\u00f8rste spa med flere end 60 forskellige spa- og wellnessoplevelser fordelt p\u00e5 4.500 kvadratmeter og fire etager. Eller fork\u00e6l sanserne med gastronomi i s\u00e6rklasse i Alsiks tre restauranter.\",\"potentialAction\":[{\"@type\":\"SearchAction\",\"target\":{\"@type\":\"EntryPoint\",\"urlTemplate\":\"https:\/\/alsik.dk\/en\/?s={search_term_string}\"},\"query-input\":{\"@type\":\"PropertyValueSpecification\",\"valueRequired\":true,\"valueName\":\"search_term_string\"}}],\"inLanguage\":\"en-US\"}]}<\/script>\n<!-- \/ Yoast SEO plugin. -->","yoast_head_json":{"title":"Lost items | Alsik Hotel &amp; Spa","robots":{"index":"index","follow":"follow","max-snippet":"max-snippet:-1","max-image-preview":"max-image-preview:large","max-video-preview":"max-video-preview:-1"},"canonical":"https:\/\/alsik.dk\/en\/lost-items\/","og_locale":"en_US","og_type":"article","og_title":"Lost items | Alsik Hotel &amp; Spa","og_description":"Have you forgotten something during your stay at Alsik Hotel &amp; Spa, please fill out the form below. Please describe the forgotten item and where it may have been left as carefully as possible. If we find your item, we will contact you to arrange collection. In general, recovered items must be picked up at ... Lost items","og_url":"https:\/\/alsik.dk\/en\/lost-items\/","og_site_name":"Alsik Hotel &amp; Spa","article_modified_time":"2022-12-12T11:59:41+00:00","twitter_card":"summary_large_image","twitter_misc":{"Est. reading time":"1 minute"},"schema":{"@context":"https:\/\/schema.org","@graph":[{"@type":"WebPage","@id":"https:\/\/alsik.dk\/en\/lost-items\/","url":"https:\/\/alsik.dk\/en\/lost-items\/","name":"Lost items | Alsik Hotel &amp; Spa","isPartOf":{"@id":"https:\/\/alsik.dk\/en\/#website"},"datePublished":"2022-12-12T11:50:56+00:00","dateModified":"2022-12-12T11:59:41+00:00","breadcrumb":{"@id":"https:\/\/alsik.dk\/en\/lost-items\/#breadcrumb"},"inLanguage":"en-US","potentialAction":[{"@type":"ReadAction","target":["https:\/\/alsik.dk\/en\/lost-items\/"]}]},{"@type":"BreadcrumbList","@id":"https:\/\/alsik.dk\/en\/lost-items\/#breadcrumb","itemListElement":[{"@type":"ListItem","position":1,"name":"Hjem","item":"https:\/\/alsik.dk\/en\/"},{"@type":"ListItem","position":2,"name":"Lost items"}]},{"@type":"WebSite","@id":"https:\/\/alsik.dk\/en\/#website","url":"https:\/\/alsik.dk\/en\/","name":"Alsik Hotel &amp; Spa","description":"Alsik er et af Danmarks mest sp\u00e6ndende hoteller med stilfulde og topmoderne v\u00e6relser. Her venter en verden af luksuri\u00f8s og hyggelig. Oplev Danmarks st\u00f8rste spa med flere end 60 forskellige spa- og wellnessoplevelser fordelt p\u00e5 4.500 kvadratmeter og fire etager. Eller fork\u00e6l sanserne med gastronomi i s\u00e6rklasse i Alsiks tre restauranter.","potentialAction":[{"@type":"SearchAction","target":{"@type":"EntryPoint","urlTemplate":"https:\/\/alsik.dk\/en\/?s={search_term_string}"},"query-input":{"@type":"PropertyValueSpecification","valueRequired":true,"valueName":"search_term_string"}}],"inLanguage":"en-US"}]}},"_links":{"self":[{"href":"https:\/\/alsik.dk\/en\/wp-json\/wp\/v2\/pages\/11361","targetHints":{"allow":["GET"]}}],"collection":[{"href":"https:\/\/alsik.dk\/en\/wp-json\/wp\/v2\/pages"}],"about":[{"href":"https:\/\/alsik.dk\/en\/wp-json\/wp\/v2\/types\/page"}],"author":[{"embeddable":true,"href":"https:\/\/alsik.dk\/en\/wp-json\/wp\/v2\/users\/7"}],"replies":[{"embeddable":true,"href":"https:\/\/alsik.dk\/en\/wp-json\/wp\/v2\/comments?post=11361"}],"version-history":[{"count":3,"href":"https:\/\/alsik.dk\/en\/wp-json\/wp\/v2\/pages\/11361\/revisions"}],"predecessor-version":[{"id":11364,"href":"https:\/\/alsik.dk\/en\/wp-json\/wp\/v2\/pages\/11361\/revisions\/11364"}],"wp:attachment":[{"href":"https:\/\/alsik.dk\/en\/wp-json\/wp\/v2\/media?parent=11361"}],"wp:term":[{"taxonomy":"post_tag","embeddable":true,"href":"https:\/\/alsik.dk\/en\/wp-json\/wp\/v2\/tags?post=11361"}],"curies":[{"name":"wp","href":"https:\/\/api.w.org\/{rel}","templated":true}]}}