{"id":11640,"date":"2023-02-22T08:29:55","date_gmt":"2023-02-22T07:29:55","guid":{"rendered":"https:\/\/alsik.dk\/?page_id=11640"},"modified":"2025-09-04T08:44:07","modified_gmt":"2025-09-04T06:44:07","slug":"freia-bar-lounge","status":"publish","type":"page","link":"https:\/\/alsik.dk\/en\/gastronomy\/freia-bar-lounge\/","title":{"rendered":"Visit Freia Bar &#038; Lounge"},"content":{"rendered":"<p>Welcome to Freia Bar &amp; Lounge, with its warm, pleasant atmosphere.<\/p>\n<p>Sink back into one of our comfortable chairs or sofas with a refreshing drink and enjoy the pleasant atmosphere and views of Alssund.<\/p>\n<p>Let your eyes wander along the S\u00f8nderborg waterfront where modern architecture interacts beautifully with historic buildings from many different centuries.<\/p>\n<h3>Happy Hour<\/h3>\n<p>Every day, we invite you to Happy Hour at Freia Bar &amp; Lounge. Enjoy selected drinks, wine, beer, or soft drinks at half price from our Happy Hour bar menu.<\/p>\n<p>You can join us for Happy Hour every day from 4 to 5 p.m.<\/p>\n<p>&nbsp;<\/p>\n","protected":false},"excerpt":{"rendered":"<p>Welcome to our Freia Bar &#038; Lounge. Enjoy a glass of wine from our extensive wine list, a cold beer, coffee specialties or explore our menu of drinks and cocktails.<\/p>\n","protected":false},"author":7,"featured_media":11660,"parent":5253,"menu_order":0,"comment_status":"closed","ping_status":"closed","template":"","meta":{"_acf_changed":false,"footnotes":""},"tags":[],"class_list":["post-11640","page","type-page","status-publish","has-post-thumbnail","hentry"],"acf":[],"yoast_head":"<!-- This site is optimized with the Yoast SEO plugin v24.3 - https:\/\/yoast.com\/wordpress\/plugins\/seo\/ -->\n<title>Visit Freia Bar &amp; Lounge | Alsik Hotel &amp; Spa<\/title>\n<meta name=\"description\" content=\"Welcome to Freia&#039;s Dinner Room, to our taste, approach and attitude. Where classic and individuality converge.\" \/>\n<meta name=\"robots\" content=\"index, follow, max-snippet:-1, max-image-preview:large, max-video-preview:-1\" \/>\n<link rel=\"canonical\" href=\"https:\/\/alsik.dk\/en\/gastronomy\/freia-bar-lounge\/\" \/>\n<meta property=\"og:locale\" content=\"en_US\" \/>\n<meta property=\"og:type\" content=\"article\" \/>\n<meta property=\"og:title\" content=\"Visit Freia Bar &amp; Lounge | Alsik Hotel &amp; Spa\" \/>\n<meta property=\"og:description\" content=\"Welcome to Freia&#039;s Dinner Room, to our taste, approach and attitude. Where classic and individuality converge.\" \/>\n<meta property=\"og:url\" content=\"https:\/\/alsik.dk\/en\/gastronomy\/freia-bar-lounge\/\" \/>\n<meta property=\"og:site_name\" content=\"Alsik Hotel &amp; Spa\" \/>\n<meta property=\"article:modified_time\" content=\"2025-09-04T06:44:07+00:00\" \/>\n<meta property=\"og:image\" content=\"https:\/\/alsik.dk\/wp-content\/uploads\/2023\/02\/ALISKFREIAJULI2020-9843-scaled.jpg\" \/>\n\t<meta property=\"og:image:width\" content=\"1707\" \/>\n\t<meta property=\"og:image:height\" content=\"2560\" \/>\n\t<meta property=\"og:image:type\" content=\"image\/jpeg\" \/>\n<meta name=\"twitter:card\" content=\"summary_large_image\" \/>\n<meta name=\"twitter:label1\" content=\"Est. reading time\" \/>\n\t<meta name=\"twitter:data1\" content=\"1 minute\" \/>\n<script type=\"application\/ld+json\" class=\"yoast-schema-graph\">{\"@context\":\"https:\/\/schema.org\",\"@graph\":[{\"@type\":\"WebPage\",\"@id\":\"https:\/\/alsik.dk\/en\/gastronomy\/freia-bar-lounge\/\",\"url\":\"https:\/\/alsik.dk\/en\/gastronomy\/freia-bar-lounge\/\",\"name\":\"Visit Freia Bar & Lounge | Alsik Hotel &amp; Spa\",\"isPartOf\":{\"@id\":\"https:\/\/alsik.dk\/en\/#website\"},\"primaryImageOfPage\":{\"@id\":\"https:\/\/alsik.dk\/en\/gastronomy\/freia-bar-lounge\/#primaryimage\"},\"image\":{\"@id\":\"https:\/\/alsik.dk\/en\/gastronomy\/freia-bar-lounge\/#primaryimage\"},\"thumbnailUrl\":\"https:\/\/alsik.dk\/wp-content\/uploads\/2023\/02\/ALISKFREIAJULI2020-9843-scaled.jpg\",\"datePublished\":\"2023-02-22T07:29:55+00:00\",\"dateModified\":\"2025-09-04T06:44:07+00:00\",\"description\":\"Welcome to Freia's Dinner Room, to our taste, approach and attitude. Where classic and individuality converge.\",\"breadcrumb\":{\"@id\":\"https:\/\/alsik.dk\/en\/gastronomy\/freia-bar-lounge\/#breadcrumb\"},\"inLanguage\":\"en-US\",\"potentialAction\":[{\"@type\":\"ReadAction\",\"target\":[\"https:\/\/alsik.dk\/en\/gastronomy\/freia-bar-lounge\/\"]}]},{\"@type\":\"ImageObject\",\"inLanguage\":\"en-US\",\"@id\":\"https:\/\/alsik.dk\/en\/gastronomy\/freia-bar-lounge\/#primaryimage\",\"url\":\"https:\/\/alsik.dk\/wp-content\/uploads\/2023\/02\/ALISKFREIAJULI2020-9843-scaled.jpg\",\"contentUrl\":\"https:\/\/alsik.dk\/wp-content\/uploads\/2023\/02\/ALISKFREIAJULI2020-9843-scaled.jpg\",\"width\":1707,\"height\":2560,\"caption\":\"Kaffe i Freia Bar & Lounge\"},{\"@type\":\"BreadcrumbList\",\"@id\":\"https:\/\/alsik.dk\/en\/gastronomy\/freia-bar-lounge\/#breadcrumb\",\"itemListElement\":[{\"@type\":\"ListItem\",\"position\":1,\"name\":\"Hjem\",\"item\":\"https:\/\/alsik.dk\/en\/\"},{\"@type\":\"ListItem\",\"position\":2,\"name\":\"Gastronomy in a class of its own\",\"item\":\"https:\/\/alsik.dk\/en\/gastronomy\/\"},{\"@type\":\"ListItem\",\"position\":3,\"name\":\"Visit Freia Bar &#038; Lounge\"}]},{\"@type\":\"WebSite\",\"@id\":\"https:\/\/alsik.dk\/en\/#website\",\"url\":\"https:\/\/alsik.dk\/en\/\",\"name\":\"Alsik Hotel &amp; Spa\",\"description\":\"Alsik er et af Danmarks mest sp\u00e6ndende hoteller med stilfulde og topmoderne v\u00e6relser. Her venter en verden af luksuri\u00f8s og hyggelig. Oplev Danmarks st\u00f8rste spa med flere end 60 forskellige spa- og wellnessoplevelser fordelt p\u00e5 4.500 kvadratmeter og fire etager. Eller fork\u00e6l sanserne med gastronomi i s\u00e6rklasse i Alsiks tre restauranter.\",\"potentialAction\":[{\"@type\":\"SearchAction\",\"target\":{\"@type\":\"EntryPoint\",\"urlTemplate\":\"https:\/\/alsik.dk\/en\/?s={search_term_string}\"},\"query-input\":{\"@type\":\"PropertyValueSpecification\",\"valueRequired\":true,\"valueName\":\"search_term_string\"}}],\"inLanguage\":\"en-US\"}]}<\/script>\n<!-- \/ Yoast SEO plugin. -->","yoast_head_json":{"title":"Visit Freia Bar & Lounge | Alsik Hotel &amp; Spa","description":"Welcome to Freia's Dinner Room, to our taste, approach and attitude. Where classic and individuality converge.","robots":{"index":"index","follow":"follow","max-snippet":"max-snippet:-1","max-image-preview":"max-image-preview:large","max-video-preview":"max-video-preview:-1"},"canonical":"https:\/\/alsik.dk\/en\/gastronomy\/freia-bar-lounge\/","og_locale":"en_US","og_type":"article","og_title":"Visit Freia Bar & Lounge | Alsik Hotel &amp; Spa","og_description":"Welcome to Freia's Dinner Room, to our taste, approach and attitude. Where classic and individuality converge.","og_url":"https:\/\/alsik.dk\/en\/gastronomy\/freia-bar-lounge\/","og_site_name":"Alsik Hotel &amp; Spa","article_modified_time":"2025-09-04T06:44:07+00:00","og_image":[{"width":1707,"height":2560,"url":"https:\/\/alsik.dk\/wp-content\/uploads\/2023\/02\/ALISKFREIAJULI2020-9843-scaled.jpg","type":"image\/jpeg"}],"twitter_card":"summary_large_image","twitter_misc":{"Est. reading time":"1 minute"},"schema":{"@context":"https:\/\/schema.org","@graph":[{"@type":"WebPage","@id":"https:\/\/alsik.dk\/en\/gastronomy\/freia-bar-lounge\/","url":"https:\/\/alsik.dk\/en\/gastronomy\/freia-bar-lounge\/","name":"Visit Freia Bar & Lounge | Alsik Hotel &amp; Spa","isPartOf":{"@id":"https:\/\/alsik.dk\/en\/#website"},"primaryImageOfPage":{"@id":"https:\/\/alsik.dk\/en\/gastronomy\/freia-bar-lounge\/#primaryimage"},"image":{"@id":"https:\/\/alsik.dk\/en\/gastronomy\/freia-bar-lounge\/#primaryimage"},"thumbnailUrl":"https:\/\/alsik.dk\/wp-content\/uploads\/2023\/02\/ALISKFREIAJULI2020-9843-scaled.jpg","datePublished":"2023-02-22T07:29:55+00:00","dateModified":"2025-09-04T06:44:07+00:00","description":"Welcome to Freia's Dinner Room, to our taste, approach and attitude. Where classic and individuality converge.","breadcrumb":{"@id":"https:\/\/alsik.dk\/en\/gastronomy\/freia-bar-lounge\/#breadcrumb"},"inLanguage":"en-US","potentialAction":[{"@type":"ReadAction","target":["https:\/\/alsik.dk\/en\/gastronomy\/freia-bar-lounge\/"]}]},{"@type":"ImageObject","inLanguage":"en-US","@id":"https:\/\/alsik.dk\/en\/gastronomy\/freia-bar-lounge\/#primaryimage","url":"https:\/\/alsik.dk\/wp-content\/uploads\/2023\/02\/ALISKFREIAJULI2020-9843-scaled.jpg","contentUrl":"https:\/\/alsik.dk\/wp-content\/uploads\/2023\/02\/ALISKFREIAJULI2020-9843-scaled.jpg","width":1707,"height":2560,"caption":"Kaffe i Freia Bar & Lounge"},{"@type":"BreadcrumbList","@id":"https:\/\/alsik.dk\/en\/gastronomy\/freia-bar-lounge\/#breadcrumb","itemListElement":[{"@type":"ListItem","position":1,"name":"Hjem","item":"https:\/\/alsik.dk\/en\/"},{"@type":"ListItem","position":2,"name":"Gastronomy in a class of its own","item":"https:\/\/alsik.dk\/en\/gastronomy\/"},{"@type":"ListItem","position":3,"name":"Visit Freia Bar &#038; Lounge"}]},{"@type":"WebSite","@id":"https:\/\/alsik.dk\/en\/#website","url":"https:\/\/alsik.dk\/en\/","name":"Alsik Hotel &amp; Spa","description":"Alsik er et af Danmarks mest sp\u00e6ndende hoteller med stilfulde og topmoderne v\u00e6relser. Her venter en verden af luksuri\u00f8s og hyggelig. Oplev Danmarks st\u00f8rste spa med flere end 60 forskellige spa- og wellnessoplevelser fordelt p\u00e5 4.500 kvadratmeter og fire etager. Eller fork\u00e6l sanserne med gastronomi i s\u00e6rklasse i Alsiks tre restauranter.","potentialAction":[{"@type":"SearchAction","target":{"@type":"EntryPoint","urlTemplate":"https:\/\/alsik.dk\/en\/?s={search_term_string}"},"query-input":{"@type":"PropertyValueSpecification","valueRequired":true,"valueName":"search_term_string"}}],"inLanguage":"en-US"}]}},"_links":{"self":[{"href":"https:\/\/alsik.dk\/en\/wp-json\/wp\/v2\/pages\/11640","targetHints":{"allow":["GET"]}}],"collection":[{"href":"https:\/\/alsik.dk\/en\/wp-json\/wp\/v2\/pages"}],"about":[{"href":"https:\/\/alsik.dk\/en\/wp-json\/wp\/v2\/types\/page"}],"author":[{"embeddable":true,"href":"https:\/\/alsik.dk\/en\/wp-json\/wp\/v2\/users\/7"}],"replies":[{"embeddable":true,"href":"https:\/\/alsik.dk\/en\/wp-json\/wp\/v2\/comments?post=11640"}],"version-history":[{"count":12,"href":"https:\/\/alsik.dk\/en\/wp-json\/wp\/v2\/pages\/11640\/revisions"}],"predecessor-version":[{"id":16551,"href":"https:\/\/alsik.dk\/en\/wp-json\/wp\/v2\/pages\/11640\/revisions\/16551"}],"up":[{"embeddable":true,"href":"https:\/\/alsik.dk\/en\/wp-json\/wp\/v2\/pages\/5253"}],"wp:featuredmedia":[{"embeddable":true,"href":"https:\/\/alsik.dk\/en\/wp-json\/wp\/v2\/media\/11660"}],"wp:attachment":[{"href":"https:\/\/alsik.dk\/en\/wp-json\/wp\/v2\/media?parent=11640"}],"wp:term":[{"taxonomy":"post_tag","embeddable":true,"href":"https:\/\/alsik.dk\/en\/wp-json\/wp\/v2\/tags?post=11640"}],"curies":[{"name":"wp","href":"https:\/\/api.w.org\/{rel}","templated":true}]}}