{"id":12144,"date":"2023-05-10T11:45:00","date_gmt":"2023-05-10T09:45:00","guid":{"rendered":"https:\/\/alsik.dk\/?page_id=12144"},"modified":"2026-03-19T13:25:52","modified_gmt":"2026-03-19T12:25:52","slug":"restaurant-alsik-lunch-menu","status":"publish","type":"page","link":"https:\/\/alsik.dk\/en\/gastronomy\/restaurant-alsik\/restaurant-alsik-lunch-menu\/","title":{"rendered":"Restaurant Alsik Lunch Menu"},"content":{"rendered":"<p>Welcome to our lunch menu! Our chefs have carefully curated a selection of delicious dishes using only fresh quality ingredients. Take a look at our menu and let us treat your taste buds to a memorable lunch. Served daily 12.00 to 14.30 on weekdays and 12.30-14.30 on Saturday and Sundays.<\/p>\n<p>&nbsp;<\/p>\n","protected":false},"excerpt":{"rendered":"<p>We have put together a menu which includes all the dishes you know. Always using fresh produce and ingredients from both the local area and all corners of the world. <\/p>\n","protected":false},"author":7,"featured_media":0,"parent":5295,"menu_order":0,"comment_status":"closed","ping_status":"closed","template":"","meta":{"_acf_changed":false,"footnotes":""},"tags":[],"class_list":["post-12144","page","type-page","status-publish","hentry"],"acf":[],"yoast_head":"<!-- This site is optimized with the Yoast SEO plugin v24.3 - https:\/\/yoast.com\/wordpress\/plugins\/seo\/ -->\n<title>Restaurant Alsik Lunch Menu | Alsik Hotel &amp; Spa<\/title>\n<meta name=\"description\" content=\"We have put together a menu which includes all the dishes you know. Always using fresh produce and ingredients.\" \/>\n<meta name=\"robots\" content=\"index, follow, max-snippet:-1, max-image-preview:large, max-video-preview:-1\" \/>\n<link rel=\"canonical\" href=\"https:\/\/alsik.dk\/en\/gastronomy\/restaurant-alsik\/restaurant-alsik-lunch-menu\/\" \/>\n<meta property=\"og:locale\" content=\"en_US\" \/>\n<meta property=\"og:type\" content=\"article\" \/>\n<meta property=\"og:title\" content=\"Restaurant Alsik Lunch Menu | Alsik Hotel &amp; Spa\" \/>\n<meta property=\"og:description\" content=\"We have put together a menu which includes all the dishes you know. Always using fresh produce and ingredients.\" \/>\n<meta property=\"og:url\" content=\"https:\/\/alsik.dk\/en\/gastronomy\/restaurant-alsik\/restaurant-alsik-lunch-menu\/\" \/>\n<meta property=\"og:site_name\" content=\"Alsik Hotel &amp; Spa\" \/>\n<meta property=\"article:modified_time\" content=\"2026-03-19T12:25:52+00:00\" \/>\n<meta name=\"twitter:card\" content=\"summary_large_image\" \/>\n<meta name=\"twitter:label1\" content=\"Est. reading time\" \/>\n\t<meta name=\"twitter:data1\" content=\"1 minute\" \/>\n<script type=\"application\/ld+json\" class=\"yoast-schema-graph\">{\"@context\":\"https:\/\/schema.org\",\"@graph\":[{\"@type\":\"WebPage\",\"@id\":\"https:\/\/alsik.dk\/en\/gastronomy\/restaurant-alsik\/restaurant-alsik-lunch-menu\/\",\"url\":\"https:\/\/alsik.dk\/en\/gastronomy\/restaurant-alsik\/restaurant-alsik-lunch-menu\/\",\"name\":\"Restaurant Alsik Lunch Menu | Alsik Hotel &amp; Spa\",\"isPartOf\":{\"@id\":\"https:\/\/alsik.dk\/en\/#website\"},\"datePublished\":\"2023-05-10T09:45:00+00:00\",\"dateModified\":\"2026-03-19T12:25:52+00:00\",\"description\":\"We have put together a menu which includes all the dishes you know. Always using fresh produce and ingredients.\",\"breadcrumb\":{\"@id\":\"https:\/\/alsik.dk\/en\/gastronomy\/restaurant-alsik\/restaurant-alsik-lunch-menu\/#breadcrumb\"},\"inLanguage\":\"en-US\",\"potentialAction\":[{\"@type\":\"ReadAction\",\"target\":[\"https:\/\/alsik.dk\/en\/gastronomy\/restaurant-alsik\/restaurant-alsik-lunch-menu\/\"]}]},{\"@type\":\"BreadcrumbList\",\"@id\":\"https:\/\/alsik.dk\/en\/gastronomy\/restaurant-alsik\/restaurant-alsik-lunch-menu\/#breadcrumb\",\"itemListElement\":[{\"@type\":\"ListItem\",\"position\":1,\"name\":\"Hjem\",\"item\":\"https:\/\/alsik.dk\/en\/\"},{\"@type\":\"ListItem\",\"position\":2,\"name\":\"Gastronomy in a class of its own\",\"item\":\"https:\/\/alsik.dk\/en\/gastronomy\/\"},{\"@type\":\"ListItem\",\"position\":3,\"name\":\"Welcome to Restaurant Alsik\",\"item\":\"https:\/\/alsik.dk\/en\/gastronomy\/restaurant-alsik\/\"},{\"@type\":\"ListItem\",\"position\":4,\"name\":\"Restaurant Alsik Lunch Menu\"}]},{\"@type\":\"WebSite\",\"@id\":\"https:\/\/alsik.dk\/en\/#website\",\"url\":\"https:\/\/alsik.dk\/en\/\",\"name\":\"Alsik Hotel &amp; Spa\",\"description\":\"Alsik er et af Danmarks mest sp\u00e6ndende hoteller med stilfulde og topmoderne v\u00e6relser. Her venter en verden af luksuri\u00f8s og hyggelig. Oplev Danmarks st\u00f8rste spa med flere end 60 forskellige spa- og wellnessoplevelser fordelt p\u00e5 4.500 kvadratmeter og fire etager. Eller fork\u00e6l sanserne med gastronomi i s\u00e6rklasse i Alsiks tre restauranter.\",\"potentialAction\":[{\"@type\":\"SearchAction\",\"target\":{\"@type\":\"EntryPoint\",\"urlTemplate\":\"https:\/\/alsik.dk\/en\/?s={search_term_string}\"},\"query-input\":{\"@type\":\"PropertyValueSpecification\",\"valueRequired\":true,\"valueName\":\"search_term_string\"}}],\"inLanguage\":\"en-US\"}]}<\/script>\n<!-- \/ Yoast SEO plugin. -->","yoast_head_json":{"title":"Restaurant Alsik Lunch Menu | Alsik Hotel &amp; Spa","description":"We have put together a menu which includes all the dishes you know. Always using fresh produce and ingredients.","robots":{"index":"index","follow":"follow","max-snippet":"max-snippet:-1","max-image-preview":"max-image-preview:large","max-video-preview":"max-video-preview:-1"},"canonical":"https:\/\/alsik.dk\/en\/gastronomy\/restaurant-alsik\/restaurant-alsik-lunch-menu\/","og_locale":"en_US","og_type":"article","og_title":"Restaurant Alsik Lunch Menu | Alsik Hotel &amp; Spa","og_description":"We have put together a menu which includes all the dishes you know. Always using fresh produce and ingredients.","og_url":"https:\/\/alsik.dk\/en\/gastronomy\/restaurant-alsik\/restaurant-alsik-lunch-menu\/","og_site_name":"Alsik Hotel &amp; Spa","article_modified_time":"2026-03-19T12:25:52+00:00","twitter_card":"summary_large_image","twitter_misc":{"Est. reading time":"1 minute"},"schema":{"@context":"https:\/\/schema.org","@graph":[{"@type":"WebPage","@id":"https:\/\/alsik.dk\/en\/gastronomy\/restaurant-alsik\/restaurant-alsik-lunch-menu\/","url":"https:\/\/alsik.dk\/en\/gastronomy\/restaurant-alsik\/restaurant-alsik-lunch-menu\/","name":"Restaurant Alsik Lunch Menu | Alsik Hotel &amp; Spa","isPartOf":{"@id":"https:\/\/alsik.dk\/en\/#website"},"datePublished":"2023-05-10T09:45:00+00:00","dateModified":"2026-03-19T12:25:52+00:00","description":"We have put together a menu which includes all the dishes you know. Always using fresh produce and ingredients.","breadcrumb":{"@id":"https:\/\/alsik.dk\/en\/gastronomy\/restaurant-alsik\/restaurant-alsik-lunch-menu\/#breadcrumb"},"inLanguage":"en-US","potentialAction":[{"@type":"ReadAction","target":["https:\/\/alsik.dk\/en\/gastronomy\/restaurant-alsik\/restaurant-alsik-lunch-menu\/"]}]},{"@type":"BreadcrumbList","@id":"https:\/\/alsik.dk\/en\/gastronomy\/restaurant-alsik\/restaurant-alsik-lunch-menu\/#breadcrumb","itemListElement":[{"@type":"ListItem","position":1,"name":"Hjem","item":"https:\/\/alsik.dk\/en\/"},{"@type":"ListItem","position":2,"name":"Gastronomy in a class of its own","item":"https:\/\/alsik.dk\/en\/gastronomy\/"},{"@type":"ListItem","position":3,"name":"Welcome to Restaurant Alsik","item":"https:\/\/alsik.dk\/en\/gastronomy\/restaurant-alsik\/"},{"@type":"ListItem","position":4,"name":"Restaurant Alsik Lunch Menu"}]},{"@type":"WebSite","@id":"https:\/\/alsik.dk\/en\/#website","url":"https:\/\/alsik.dk\/en\/","name":"Alsik Hotel &amp; Spa","description":"Alsik er et af Danmarks mest sp\u00e6ndende hoteller med stilfulde og topmoderne v\u00e6relser. Her venter en verden af luksuri\u00f8s og hyggelig. Oplev Danmarks st\u00f8rste spa med flere end 60 forskellige spa- og wellnessoplevelser fordelt p\u00e5 4.500 kvadratmeter og fire etager. Eller fork\u00e6l sanserne med gastronomi i s\u00e6rklasse i Alsiks tre restauranter.","potentialAction":[{"@type":"SearchAction","target":{"@type":"EntryPoint","urlTemplate":"https:\/\/alsik.dk\/en\/?s={search_term_string}"},"query-input":{"@type":"PropertyValueSpecification","valueRequired":true,"valueName":"search_term_string"}}],"inLanguage":"en-US"}]}},"_links":{"self":[{"href":"https:\/\/alsik.dk\/en\/wp-json\/wp\/v2\/pages\/12144","targetHints":{"allow":["GET"]}}],"collection":[{"href":"https:\/\/alsik.dk\/en\/wp-json\/wp\/v2\/pages"}],"about":[{"href":"https:\/\/alsik.dk\/en\/wp-json\/wp\/v2\/types\/page"}],"author":[{"embeddable":true,"href":"https:\/\/alsik.dk\/en\/wp-json\/wp\/v2\/users\/7"}],"replies":[{"embeddable":true,"href":"https:\/\/alsik.dk\/en\/wp-json\/wp\/v2\/comments?post=12144"}],"version-history":[{"count":31,"href":"https:\/\/alsik.dk\/en\/wp-json\/wp\/v2\/pages\/12144\/revisions"}],"predecessor-version":[{"id":17926,"href":"https:\/\/alsik.dk\/en\/wp-json\/wp\/v2\/pages\/12144\/revisions\/17926"}],"up":[{"embeddable":true,"href":"https:\/\/alsik.dk\/en\/wp-json\/wp\/v2\/pages\/5295"}],"wp:attachment":[{"href":"https:\/\/alsik.dk\/en\/wp-json\/wp\/v2\/media?parent=12144"}],"wp:term":[{"taxonomy":"post_tag","embeddable":true,"href":"https:\/\/alsik.dk\/en\/wp-json\/wp\/v2\/tags?post=12144"}],"curies":[{"name":"wp","href":"https:\/\/api.w.org\/{rel}","templated":true}]}}