{"id":12248,"date":"2023-06-06T13:18:30","date_gmt":"2023-06-06T11:18:30","guid":{"rendered":"https:\/\/alsik.dk\/?page_id=12248"},"modified":"2024-02-13T15:58:32","modified_gmt":"2024-02-13T14:58:32","slug":"alsik-standard-ocean-view","status":"publish","type":"page","link":"https:\/\/alsik.dk\/en\/rooms-suites\/alsik-standard-ocean-view\/","title":{"rendered":"Alsik Standard Ocean View Room"},"content":{"rendered":"<p>An Alsik Ocean View room offers beautiful views of Alssund and one of S\u00f8nderborg&#8217;s landmarks, the stunning cultural and university building Alsion, on the opposite side of the water.<\/p>\n<p>The room\u2019s Nordic colours, interior design and furnishings elegantly interact with the entire building\u2019s architecture. The natural materials and beautiful furniture were all carefully selected to create harmony, atmosphere and warmth. Large full-length windows provide views and a fantastic lighting effect throughout the room with its elegant parquet floor, full-length framed mirror and extra-long beds.<\/p>\n","protected":false},"excerpt":{"rendered":"<p>An Alsik Standard Ocean View offers a beautiful view of Alssund from the 2nd to 5th floor.<\/p>\n","protected":false},"author":7,"featured_media":5041,"parent":4973,"menu_order":0,"comment_status":"closed","ping_status":"closed","template":"","meta":{"_acf_changed":false,"footnotes":""},"tags":[],"class_list":["post-12248","page","type-page","status-publish","has-post-thumbnail","hentry"],"acf":[],"yoast_head":"<!-- This site is optimized with the Yoast SEO plugin v24.3 - https:\/\/yoast.com\/wordpress\/plugins\/seo\/ -->\n<title>Alsik Standard Ocean View Room | Alsik Hotel &amp; Spa<\/title>\n<meta name=\"description\" content=\"Enjoy a delightful stay at Alsik with stunning Alssund views in a well-designed, comfortable standard room with modern amenities.\" \/>\n<meta name=\"robots\" content=\"index, follow, max-snippet:-1, max-image-preview:large, max-video-preview:-1\" \/>\n<link rel=\"canonical\" href=\"https:\/\/alsik.dk\/en\/rooms-suites\/alsik-standard-ocean-view\/\" \/>\n<meta property=\"og:locale\" content=\"en_US\" \/>\n<meta property=\"og:type\" content=\"article\" \/>\n<meta property=\"og:title\" content=\"Alsik Standard Ocean View Room | Alsik Hotel &amp; Spa\" \/>\n<meta property=\"og:description\" content=\"Enjoy a delightful stay at Alsik with stunning Alssund views in a well-designed, comfortable standard room with modern amenities.\" \/>\n<meta property=\"og:url\" content=\"https:\/\/alsik.dk\/en\/rooms-suites\/alsik-standard-ocean-view\/\" \/>\n<meta property=\"og:site_name\" content=\"Alsik Hotel &amp; Spa\" \/>\n<meta property=\"article:modified_time\" content=\"2024-02-13T14:58:32+00:00\" \/>\n<meta property=\"og:image\" content=\"https:\/\/alsik.dk\/wp-content\/uploads\/2020\/09\/standard2-scaled.jpg\" \/>\n\t<meta property=\"og:image:width\" content=\"2560\" \/>\n\t<meta property=\"og:image:height\" content=\"1707\" \/>\n\t<meta property=\"og:image:type\" content=\"image\/jpeg\" \/>\n<meta name=\"twitter:card\" content=\"summary_large_image\" \/>\n<meta name=\"twitter:label1\" content=\"Est. reading time\" \/>\n\t<meta name=\"twitter:data1\" content=\"1 minute\" \/>\n<script type=\"application\/ld+json\" class=\"yoast-schema-graph\">{\"@context\":\"https:\/\/schema.org\",\"@graph\":[{\"@type\":\"WebPage\",\"@id\":\"https:\/\/alsik.dk\/en\/rooms-suites\/alsik-standard-ocean-view\/\",\"url\":\"https:\/\/alsik.dk\/en\/rooms-suites\/alsik-standard-ocean-view\/\",\"name\":\"Alsik Standard Ocean View Room | Alsik Hotel &amp; Spa\",\"isPartOf\":{\"@id\":\"https:\/\/alsik.dk\/en\/#website\"},\"primaryImageOfPage\":{\"@id\":\"https:\/\/alsik.dk\/en\/rooms-suites\/alsik-standard-ocean-view\/#primaryimage\"},\"image\":{\"@id\":\"https:\/\/alsik.dk\/en\/rooms-suites\/alsik-standard-ocean-view\/#primaryimage\"},\"thumbnailUrl\":\"https:\/\/alsik.dk\/wp-content\/uploads\/2020\/09\/standard2-scaled.jpg\",\"datePublished\":\"2023-06-06T11:18:30+00:00\",\"dateModified\":\"2024-02-13T14:58:32+00:00\",\"description\":\"Enjoy a delightful stay at Alsik with stunning Alssund views in a well-designed, comfortable standard room with modern amenities.\",\"breadcrumb\":{\"@id\":\"https:\/\/alsik.dk\/en\/rooms-suites\/alsik-standard-ocean-view\/#breadcrumb\"},\"inLanguage\":\"en-US\",\"potentialAction\":[{\"@type\":\"ReadAction\",\"target\":[\"https:\/\/alsik.dk\/en\/rooms-suites\/alsik-standard-ocean-view\/\"]}]},{\"@type\":\"ImageObject\",\"inLanguage\":\"en-US\",\"@id\":\"https:\/\/alsik.dk\/en\/rooms-suites\/alsik-standard-ocean-view\/#primaryimage\",\"url\":\"https:\/\/alsik.dk\/wp-content\/uploads\/2020\/09\/standard2-scaled.jpg\",\"contentUrl\":\"https:\/\/alsik.dk\/wp-content\/uploads\/2020\/09\/standard2-scaled.jpg\",\"width\":2560,\"height\":1707,\"caption\":\"Alsik Standard og Premium\"},{\"@type\":\"BreadcrumbList\",\"@id\":\"https:\/\/alsik.dk\/en\/rooms-suites\/alsik-standard-ocean-view\/#breadcrumb\",\"itemListElement\":[{\"@type\":\"ListItem\",\"position\":1,\"name\":\"Hjem\",\"item\":\"https:\/\/alsik.dk\/en\/\"},{\"@type\":\"ListItem\",\"position\":2,\"name\":\"Rooms &#038; Suites\",\"item\":\"https:\/\/alsik.dk\/en\/rooms-suites\/\"},{\"@type\":\"ListItem\",\"position\":3,\"name\":\"Alsik Standard Ocean View Room\"}]},{\"@type\":\"WebSite\",\"@id\":\"https:\/\/alsik.dk\/en\/#website\",\"url\":\"https:\/\/alsik.dk\/en\/\",\"name\":\"Alsik Hotel &amp; Spa\",\"description\":\"Alsik er et af Danmarks mest sp\u00e6ndende hoteller med stilfulde og topmoderne v\u00e6relser. Her venter en verden af luksuri\u00f8s og hyggelig. Oplev Danmarks st\u00f8rste spa med flere end 60 forskellige spa- og wellnessoplevelser fordelt p\u00e5 4.500 kvadratmeter og fire etager. Eller fork\u00e6l sanserne med gastronomi i s\u00e6rklasse i Alsiks tre restauranter.\",\"potentialAction\":[{\"@type\":\"SearchAction\",\"target\":{\"@type\":\"EntryPoint\",\"urlTemplate\":\"https:\/\/alsik.dk\/en\/?s={search_term_string}\"},\"query-input\":{\"@type\":\"PropertyValueSpecification\",\"valueRequired\":true,\"valueName\":\"search_term_string\"}}],\"inLanguage\":\"en-US\"}]}<\/script>\n<!-- \/ Yoast SEO plugin. -->","yoast_head_json":{"title":"Alsik Standard Ocean View Room | Alsik Hotel &amp; Spa","description":"Enjoy a delightful stay at Alsik with stunning Alssund views in a well-designed, comfortable standard room with modern amenities.","robots":{"index":"index","follow":"follow","max-snippet":"max-snippet:-1","max-image-preview":"max-image-preview:large","max-video-preview":"max-video-preview:-1"},"canonical":"https:\/\/alsik.dk\/en\/rooms-suites\/alsik-standard-ocean-view\/","og_locale":"en_US","og_type":"article","og_title":"Alsik Standard Ocean View Room | Alsik Hotel &amp; Spa","og_description":"Enjoy a delightful stay at Alsik with stunning Alssund views in a well-designed, comfortable standard room with modern amenities.","og_url":"https:\/\/alsik.dk\/en\/rooms-suites\/alsik-standard-ocean-view\/","og_site_name":"Alsik Hotel &amp; Spa","article_modified_time":"2024-02-13T14:58:32+00:00","og_image":[{"width":2560,"height":1707,"url":"https:\/\/alsik.dk\/wp-content\/uploads\/2020\/09\/standard2-scaled.jpg","type":"image\/jpeg"}],"twitter_card":"summary_large_image","twitter_misc":{"Est. reading time":"1 minute"},"schema":{"@context":"https:\/\/schema.org","@graph":[{"@type":"WebPage","@id":"https:\/\/alsik.dk\/en\/rooms-suites\/alsik-standard-ocean-view\/","url":"https:\/\/alsik.dk\/en\/rooms-suites\/alsik-standard-ocean-view\/","name":"Alsik Standard Ocean View Room | Alsik Hotel &amp; Spa","isPartOf":{"@id":"https:\/\/alsik.dk\/en\/#website"},"primaryImageOfPage":{"@id":"https:\/\/alsik.dk\/en\/rooms-suites\/alsik-standard-ocean-view\/#primaryimage"},"image":{"@id":"https:\/\/alsik.dk\/en\/rooms-suites\/alsik-standard-ocean-view\/#primaryimage"},"thumbnailUrl":"https:\/\/alsik.dk\/wp-content\/uploads\/2020\/09\/standard2-scaled.jpg","datePublished":"2023-06-06T11:18:30+00:00","dateModified":"2024-02-13T14:58:32+00:00","description":"Enjoy a delightful stay at Alsik with stunning Alssund views in a well-designed, comfortable standard room with modern amenities.","breadcrumb":{"@id":"https:\/\/alsik.dk\/en\/rooms-suites\/alsik-standard-ocean-view\/#breadcrumb"},"inLanguage":"en-US","potentialAction":[{"@type":"ReadAction","target":["https:\/\/alsik.dk\/en\/rooms-suites\/alsik-standard-ocean-view\/"]}]},{"@type":"ImageObject","inLanguage":"en-US","@id":"https:\/\/alsik.dk\/en\/rooms-suites\/alsik-standard-ocean-view\/#primaryimage","url":"https:\/\/alsik.dk\/wp-content\/uploads\/2020\/09\/standard2-scaled.jpg","contentUrl":"https:\/\/alsik.dk\/wp-content\/uploads\/2020\/09\/standard2-scaled.jpg","width":2560,"height":1707,"caption":"Alsik Standard og Premium"},{"@type":"BreadcrumbList","@id":"https:\/\/alsik.dk\/en\/rooms-suites\/alsik-standard-ocean-view\/#breadcrumb","itemListElement":[{"@type":"ListItem","position":1,"name":"Hjem","item":"https:\/\/alsik.dk\/en\/"},{"@type":"ListItem","position":2,"name":"Rooms &#038; Suites","item":"https:\/\/alsik.dk\/en\/rooms-suites\/"},{"@type":"ListItem","position":3,"name":"Alsik Standard Ocean View Room"}]},{"@type":"WebSite","@id":"https:\/\/alsik.dk\/en\/#website","url":"https:\/\/alsik.dk\/en\/","name":"Alsik Hotel &amp; Spa","description":"Alsik er et af Danmarks mest sp\u00e6ndende hoteller med stilfulde og topmoderne v\u00e6relser. Her venter en verden af luksuri\u00f8s og hyggelig. Oplev Danmarks st\u00f8rste spa med flere end 60 forskellige spa- og wellnessoplevelser fordelt p\u00e5 4.500 kvadratmeter og fire etager. Eller fork\u00e6l sanserne med gastronomi i s\u00e6rklasse i Alsiks tre restauranter.","potentialAction":[{"@type":"SearchAction","target":{"@type":"EntryPoint","urlTemplate":"https:\/\/alsik.dk\/en\/?s={search_term_string}"},"query-input":{"@type":"PropertyValueSpecification","valueRequired":true,"valueName":"search_term_string"}}],"inLanguage":"en-US"}]}},"_links":{"self":[{"href":"https:\/\/alsik.dk\/en\/wp-json\/wp\/v2\/pages\/12248","targetHints":{"allow":["GET"]}}],"collection":[{"href":"https:\/\/alsik.dk\/en\/wp-json\/wp\/v2\/pages"}],"about":[{"href":"https:\/\/alsik.dk\/en\/wp-json\/wp\/v2\/types\/page"}],"author":[{"embeddable":true,"href":"https:\/\/alsik.dk\/en\/wp-json\/wp\/v2\/users\/7"}],"replies":[{"embeddable":true,"href":"https:\/\/alsik.dk\/en\/wp-json\/wp\/v2\/comments?post=12248"}],"version-history":[{"count":3,"href":"https:\/\/alsik.dk\/en\/wp-json\/wp\/v2\/pages\/12248\/revisions"}],"predecessor-version":[{"id":13291,"href":"https:\/\/alsik.dk\/en\/wp-json\/wp\/v2\/pages\/12248\/revisions\/13291"}],"up":[{"embeddable":true,"href":"https:\/\/alsik.dk\/en\/wp-json\/wp\/v2\/pages\/4973"}],"wp:featuredmedia":[{"embeddable":true,"href":"https:\/\/alsik.dk\/en\/wp-json\/wp\/v2\/media\/5041"}],"wp:attachment":[{"href":"https:\/\/alsik.dk\/en\/wp-json\/wp\/v2\/media?parent=12248"}],"wp:term":[{"taxonomy":"post_tag","embeddable":true,"href":"https:\/\/alsik.dk\/en\/wp-json\/wp\/v2\/tags?post=12248"}],"curies":[{"name":"wp","href":"https:\/\/api.w.org\/{rel}","templated":true}]}}