{"id":13462,"date":"2024-03-04T13:27:59","date_gmt":"2024-03-04T12:27:59","guid":{"rendered":"https:\/\/alsik.dk\/meetings-events\/sergenten-event-og-konferencecenter\/"},"modified":"2024-03-04T13:54:02","modified_gmt":"2024-03-04T12:54:02","slug":"sergenten-event-and-conference","status":"publish","type":"page","link":"https:\/\/alsik.dk\/en\/meetings-events\/sergenten-event-and-conference\/","title":{"rendered":"Sergenten &#8211; event and conference"},"content":{"rendered":"<p>The state-of-the-art eventcenter, Sergenten, is an integral part of the extensive event and conference facilities at Alsik Hotel &amp; Spa. Located just a few hundred meters from Alsik, Sergenten serves as an impressive venue suitable for a wide range of events, including conferences, exhibitions and company parties.<\/p>\n<p>Central to Sergenten is the large event hall, spanning a considerable area and capable of accommodating up to 600 seated or 800 standing guests. In addition to this large flexible space, Sergenten also offers an exclusive lounge area on the first floor, complete with its own bar, adding an extra layer of elegance and comfort to any occasion.<\/p>\n<p>With its capacity and amenities, Sergenten is the obvious choice for larger events that require a grand setting and professional service.<\/p>\n","protected":false},"excerpt":{"rendered":"<p>Welcome to Alsik&#8217;s conference and event center, Sergenten.<\/p>\n","protected":false},"author":7,"featured_media":10851,"parent":5426,"menu_order":0,"comment_status":"closed","ping_status":"closed","template":"","meta":{"_acf_changed":false,"footnotes":""},"tags":[],"class_list":["post-13462","page","type-page","status-publish","has-post-thumbnail","hentry"],"acf":[],"yoast_head":"<!-- This site is optimized with the Yoast SEO plugin v24.3 - https:\/\/yoast.com\/wordpress\/plugins\/seo\/ -->\n<title>Sergenten - event and conference | Alsik Hotel &amp; Spa<\/title>\n<meta name=\"robots\" content=\"index, follow, max-snippet:-1, max-image-preview:large, max-video-preview:-1\" \/>\n<link rel=\"canonical\" href=\"https:\/\/alsik.dk\/en\/meetings-events\/sergenten-event-and-conference\/\" \/>\n<meta property=\"og:locale\" content=\"en_US\" \/>\n<meta property=\"og:type\" content=\"article\" \/>\n<meta property=\"og:title\" content=\"Sergenten - event and conference | Alsik Hotel &amp; Spa\" \/>\n<meta property=\"og:description\" content=\"Welcome to Alsik&#039;s conference and event center, Sergenten.\" \/>\n<meta property=\"og:url\" content=\"https:\/\/alsik.dk\/en\/meetings-events\/sergenten-event-and-conference\/\" \/>\n<meta property=\"og:site_name\" content=\"Alsik Hotel &amp; Spa\" \/>\n<meta property=\"article:modified_time\" content=\"2024-03-04T12:54:02+00:00\" \/>\n<meta name=\"twitter:card\" content=\"summary_large_image\" \/>\n<meta name=\"twitter:label1\" content=\"Est. reading time\" \/>\n\t<meta name=\"twitter:data1\" content=\"1 minute\" \/>\n<script type=\"application\/ld+json\" class=\"yoast-schema-graph\">{\"@context\":\"https:\/\/schema.org\",\"@graph\":[{\"@type\":\"WebPage\",\"@id\":\"https:\/\/alsik.dk\/en\/meetings-events\/sergenten-event-and-conference\/\",\"url\":\"https:\/\/alsik.dk\/en\/meetings-events\/sergenten-event-and-conference\/\",\"name\":\"Sergenten - event and conference | Alsik Hotel &amp; Spa\",\"isPartOf\":{\"@id\":\"https:\/\/alsik.dk\/en\/#website\"},\"primaryImageOfPage\":{\"@id\":\"https:\/\/alsik.dk\/en\/meetings-events\/sergenten-event-and-conference\/#primaryimage\"},\"image\":{\"@id\":\"https:\/\/alsik.dk\/en\/meetings-events\/sergenten-event-and-conference\/#primaryimage\"},\"thumbnailUrl\":\"https:\/\/alsik.dk\/wp-content\/uploads\/2022\/11\/konferencecenter_sergenten_indgang.jpeg\",\"datePublished\":\"2024-03-04T12:27:59+00:00\",\"dateModified\":\"2024-03-04T12:54:02+00:00\",\"breadcrumb\":{\"@id\":\"https:\/\/alsik.dk\/en\/meetings-events\/sergenten-event-and-conference\/#breadcrumb\"},\"inLanguage\":\"en-US\",\"potentialAction\":[{\"@type\":\"ReadAction\",\"target\":[\"https:\/\/alsik.dk\/en\/meetings-events\/sergenten-event-and-conference\/\"]}]},{\"@type\":\"ImageObject\",\"inLanguage\":\"en-US\",\"@id\":\"https:\/\/alsik.dk\/en\/meetings-events\/sergenten-event-and-conference\/#primaryimage\",\"url\":\"https:\/\/alsik.dk\/wp-content\/uploads\/2022\/11\/konferencecenter_sergenten_indgang.jpeg\",\"contentUrl\":\"https:\/\/alsik.dk\/wp-content\/uploads\/2022\/11\/konferencecenter_sergenten_indgang.jpeg\",\"width\":1024,\"height\":683},{\"@type\":\"BreadcrumbList\",\"@id\":\"https:\/\/alsik.dk\/en\/meetings-events\/sergenten-event-and-conference\/#breadcrumb\",\"itemListElement\":[{\"@type\":\"ListItem\",\"position\":1,\"name\":\"Hjem\",\"item\":\"https:\/\/alsik.dk\/en\/\"},{\"@type\":\"ListItem\",\"position\":2,\"name\":\"Meetings &#038; Events\",\"item\":\"https:\/\/alsik.dk\/en\/meetings-events\/\"},{\"@type\":\"ListItem\",\"position\":3,\"name\":\"Sergenten &#8211; event and conference\"}]},{\"@type\":\"WebSite\",\"@id\":\"https:\/\/alsik.dk\/en\/#website\",\"url\":\"https:\/\/alsik.dk\/en\/\",\"name\":\"Alsik Hotel &amp; Spa\",\"description\":\"Alsik er et af Danmarks mest sp\u00e6ndende hoteller med stilfulde og topmoderne v\u00e6relser. Her venter en verden af luksuri\u00f8s og hyggelig. Oplev Danmarks st\u00f8rste spa med flere end 60 forskellige spa- og wellnessoplevelser fordelt p\u00e5 4.500 kvadratmeter og fire etager. Eller fork\u00e6l sanserne med gastronomi i s\u00e6rklasse i Alsiks tre restauranter.\",\"potentialAction\":[{\"@type\":\"SearchAction\",\"target\":{\"@type\":\"EntryPoint\",\"urlTemplate\":\"https:\/\/alsik.dk\/en\/?s={search_term_string}\"},\"query-input\":{\"@type\":\"PropertyValueSpecification\",\"valueRequired\":true,\"valueName\":\"search_term_string\"}}],\"inLanguage\":\"en-US\"}]}<\/script>\n<!-- \/ Yoast SEO plugin. -->","yoast_head_json":{"title":"Sergenten - event and conference | Alsik Hotel &amp; Spa","robots":{"index":"index","follow":"follow","max-snippet":"max-snippet:-1","max-image-preview":"max-image-preview:large","max-video-preview":"max-video-preview:-1"},"canonical":"https:\/\/alsik.dk\/en\/meetings-events\/sergenten-event-and-conference\/","og_locale":"en_US","og_type":"article","og_title":"Sergenten - event and conference | Alsik Hotel &amp; Spa","og_description":"Welcome to Alsik's conference and event center, Sergenten.","og_url":"https:\/\/alsik.dk\/en\/meetings-events\/sergenten-event-and-conference\/","og_site_name":"Alsik Hotel &amp; Spa","article_modified_time":"2024-03-04T12:54:02+00:00","twitter_card":"summary_large_image","twitter_misc":{"Est. reading time":"1 minute"},"schema":{"@context":"https:\/\/schema.org","@graph":[{"@type":"WebPage","@id":"https:\/\/alsik.dk\/en\/meetings-events\/sergenten-event-and-conference\/","url":"https:\/\/alsik.dk\/en\/meetings-events\/sergenten-event-and-conference\/","name":"Sergenten - event and conference | Alsik Hotel &amp; Spa","isPartOf":{"@id":"https:\/\/alsik.dk\/en\/#website"},"primaryImageOfPage":{"@id":"https:\/\/alsik.dk\/en\/meetings-events\/sergenten-event-and-conference\/#primaryimage"},"image":{"@id":"https:\/\/alsik.dk\/en\/meetings-events\/sergenten-event-and-conference\/#primaryimage"},"thumbnailUrl":"https:\/\/alsik.dk\/wp-content\/uploads\/2022\/11\/konferencecenter_sergenten_indgang.jpeg","datePublished":"2024-03-04T12:27:59+00:00","dateModified":"2024-03-04T12:54:02+00:00","breadcrumb":{"@id":"https:\/\/alsik.dk\/en\/meetings-events\/sergenten-event-and-conference\/#breadcrumb"},"inLanguage":"en-US","potentialAction":[{"@type":"ReadAction","target":["https:\/\/alsik.dk\/en\/meetings-events\/sergenten-event-and-conference\/"]}]},{"@type":"ImageObject","inLanguage":"en-US","@id":"https:\/\/alsik.dk\/en\/meetings-events\/sergenten-event-and-conference\/#primaryimage","url":"https:\/\/alsik.dk\/wp-content\/uploads\/2022\/11\/konferencecenter_sergenten_indgang.jpeg","contentUrl":"https:\/\/alsik.dk\/wp-content\/uploads\/2022\/11\/konferencecenter_sergenten_indgang.jpeg","width":1024,"height":683},{"@type":"BreadcrumbList","@id":"https:\/\/alsik.dk\/en\/meetings-events\/sergenten-event-and-conference\/#breadcrumb","itemListElement":[{"@type":"ListItem","position":1,"name":"Hjem","item":"https:\/\/alsik.dk\/en\/"},{"@type":"ListItem","position":2,"name":"Meetings &#038; Events","item":"https:\/\/alsik.dk\/en\/meetings-events\/"},{"@type":"ListItem","position":3,"name":"Sergenten &#8211; event and conference"}]},{"@type":"WebSite","@id":"https:\/\/alsik.dk\/en\/#website","url":"https:\/\/alsik.dk\/en\/","name":"Alsik Hotel &amp; Spa","description":"Alsik er et af Danmarks mest sp\u00e6ndende hoteller med stilfulde og topmoderne v\u00e6relser. Her venter en verden af luksuri\u00f8s og hyggelig. Oplev Danmarks st\u00f8rste spa med flere end 60 forskellige spa- og wellnessoplevelser fordelt p\u00e5 4.500 kvadratmeter og fire etager. Eller fork\u00e6l sanserne med gastronomi i s\u00e6rklasse i Alsiks tre restauranter.","potentialAction":[{"@type":"SearchAction","target":{"@type":"EntryPoint","urlTemplate":"https:\/\/alsik.dk\/en\/?s={search_term_string}"},"query-input":{"@type":"PropertyValueSpecification","valueRequired":true,"valueName":"search_term_string"}}],"inLanguage":"en-US"}]}},"_links":{"self":[{"href":"https:\/\/alsik.dk\/en\/wp-json\/wp\/v2\/pages\/13462","targetHints":{"allow":["GET"]}}],"collection":[{"href":"https:\/\/alsik.dk\/en\/wp-json\/wp\/v2\/pages"}],"about":[{"href":"https:\/\/alsik.dk\/en\/wp-json\/wp\/v2\/types\/page"}],"author":[{"embeddable":true,"href":"https:\/\/alsik.dk\/en\/wp-json\/wp\/v2\/users\/7"}],"replies":[{"embeddable":true,"href":"https:\/\/alsik.dk\/en\/wp-json\/wp\/v2\/comments?post=13462"}],"version-history":[{"count":2,"href":"https:\/\/alsik.dk\/en\/wp-json\/wp\/v2\/pages\/13462\/revisions"}],"predecessor-version":[{"id":13464,"href":"https:\/\/alsik.dk\/en\/wp-json\/wp\/v2\/pages\/13462\/revisions\/13464"}],"up":[{"embeddable":true,"href":"https:\/\/alsik.dk\/en\/wp-json\/wp\/v2\/pages\/5426"}],"wp:featuredmedia":[{"embeddable":true,"href":"https:\/\/alsik.dk\/en\/wp-json\/wp\/v2\/media\/10851"}],"wp:attachment":[{"href":"https:\/\/alsik.dk\/en\/wp-json\/wp\/v2\/media?parent=13462"}],"wp:term":[{"taxonomy":"post_tag","embeddable":true,"href":"https:\/\/alsik.dk\/en\/wp-json\/wp\/v2\/tags?post=13462"}],"curies":[{"name":"wp","href":"https:\/\/api.w.org\/{rel}","templated":true}]}}