{"id":13967,"date":"2026-03-25T12:47:23","date_gmt":"2026-03-25T11:47:23","guid":{"rendered":"https:\/\/alsik.dk\/?page_id=13967"},"modified":"2026-03-25T12:47:23","modified_gmt":"2026-03-25T11:47:23","slug":"syttende-dining-with-friends-stay","status":"publish","type":"page","link":"https:\/\/alsik.dk\/en\/special-stays\/syttende-dining-with-friends-stay\/","title":{"rendered":"Syttende \u2013 Dining with Friends Stay"},"content":{"rendered":"<p>Enjoy an exclusive stay with friends at Alsik, including dinner at Syttende and access to Alsik Spa. Minimum booking: 2 rooms and 4 guests.<\/p>\n<hr \/>\n<p style=\"text-align: right;\">DKK 7.695 for 2 persons in a Junior Suite<\/p>\n<hr \/>\n<p>&nbsp;<\/p>\n","protected":false},"excerpt":{"rendered":"<p>Enjoy an unforgettable gourmet evening at Syttende in the company of friends. The stay includes overnight accommodation and breakfast buffet.<\/p>\n","protected":false},"author":7,"featured_media":17405,"parent":5567,"menu_order":0,"comment_status":"closed","ping_status":"closed","template":"","meta":{"_acf_changed":false,"footnotes":""},"tags":[],"class_list":["post-13967","page","type-page","status-publish","has-post-thumbnail","hentry"],"acf":[],"yoast_head":"<!-- This site is optimized with the Yoast SEO plugin v24.3 - https:\/\/yoast.com\/wordpress\/plugins\/seo\/ -->\n<title>Syttende \u2013 Dining with Friends Stay | Alsik Hotel &amp; Spa<\/title>\n<meta name=\"description\" content=\"Experience a gourmet stay at Syttende with friends. Enjoy the exquisite gourmet menu and a wonderful stay at Alsik Hotel.\" \/>\n<meta name=\"robots\" content=\"index, follow, max-snippet:-1, max-image-preview:large, max-video-preview:-1\" \/>\n<link rel=\"canonical\" href=\"https:\/\/alsik.dk\/en\/special-stays\/syttende-dining-with-friends-stay\/\" \/>\n<meta property=\"og:locale\" content=\"en_US\" \/>\n<meta property=\"og:type\" content=\"article\" \/>\n<meta property=\"og:title\" content=\"Syttende \u2013 Dining with Friends Stay | Alsik Hotel &amp; Spa\" \/>\n<meta property=\"og:description\" content=\"Experience a gourmet stay at Syttende with friends. Enjoy the exquisite gourmet menu and a wonderful stay at Alsik Hotel.\" \/>\n<meta property=\"og:url\" content=\"https:\/\/alsik.dk\/en\/special-stays\/syttende-dining-with-friends-stay\/\" \/>\n<meta property=\"og:site_name\" content=\"Alsik Hotel &amp; Spa\" \/>\n<meta property=\"og:image\" content=\"https:\/\/alsik.dk\/wp-content\/uploads\/2026\/01\/Syttende-op-dwf.jpg\" \/>\n\t<meta property=\"og:image:width\" content=\"1600\" \/>\n\t<meta property=\"og:image:height\" content=\"1067\" \/>\n\t<meta property=\"og:image:type\" content=\"image\/jpeg\" \/>\n<meta name=\"twitter:card\" content=\"summary_large_image\" \/>\n<meta name=\"twitter:label1\" content=\"Est. reading time\" \/>\n\t<meta name=\"twitter:data1\" content=\"1 minute\" \/>\n<script type=\"application\/ld+json\" class=\"yoast-schema-graph\">{\"@context\":\"https:\/\/schema.org\",\"@graph\":[{\"@type\":\"WebPage\",\"@id\":\"https:\/\/alsik.dk\/en\/special-stays\/syttende-dining-with-friends-stay\/\",\"url\":\"https:\/\/alsik.dk\/en\/special-stays\/syttende-dining-with-friends-stay\/\",\"name\":\"Syttende \u2013 Dining with Friends Stay | Alsik Hotel &amp; Spa\",\"isPartOf\":{\"@id\":\"https:\/\/alsik.dk\/en\/#website\"},\"primaryImageOfPage\":{\"@id\":\"https:\/\/alsik.dk\/en\/special-stays\/syttende-dining-with-friends-stay\/#primaryimage\"},\"image\":{\"@id\":\"https:\/\/alsik.dk\/en\/special-stays\/syttende-dining-with-friends-stay\/#primaryimage\"},\"thumbnailUrl\":\"https:\/\/alsik.dk\/wp-content\/uploads\/2026\/01\/Syttende-op-dwf.jpg\",\"datePublished\":\"2026-03-25T11:47:23+00:00\",\"dateModified\":\"2026-03-25T11:47:23+00:00\",\"description\":\"Experience a gourmet stay at Syttende with friends. Enjoy the exquisite gourmet menu and a wonderful stay at Alsik Hotel.\",\"breadcrumb\":{\"@id\":\"https:\/\/alsik.dk\/en\/special-stays\/syttende-dining-with-friends-stay\/#breadcrumb\"},\"inLanguage\":\"en-US\",\"potentialAction\":[{\"@type\":\"ReadAction\",\"target\":[\"https:\/\/alsik.dk\/en\/special-stays\/syttende-dining-with-friends-stay\/\"]}]},{\"@type\":\"ImageObject\",\"inLanguage\":\"en-US\",\"@id\":\"https:\/\/alsik.dk\/en\/special-stays\/syttende-dining-with-friends-stay\/#primaryimage\",\"url\":\"https:\/\/alsik.dk\/wp-content\/uploads\/2026\/01\/Syttende-op-dwf.jpg\",\"contentUrl\":\"https:\/\/alsik.dk\/wp-content\/uploads\/2026\/01\/Syttende-op-dwf.jpg\",\"width\":1600,\"height\":1067,\"caption\":\"Restaurant Syttende\"},{\"@type\":\"BreadcrumbList\",\"@id\":\"https:\/\/alsik.dk\/en\/special-stays\/syttende-dining-with-friends-stay\/#breadcrumb\",\"itemListElement\":[{\"@type\":\"ListItem\",\"position\":1,\"name\":\"Hjem\",\"item\":\"https:\/\/alsik.dk\/en\/\"},{\"@type\":\"ListItem\",\"position\":2,\"name\":\"Enjoy a special stay at Alsik\",\"item\":\"https:\/\/alsik.dk\/en\/special-stays\/\"},{\"@type\":\"ListItem\",\"position\":3,\"name\":\"Syttende \u2013 Dining with Friends Stay\"}]},{\"@type\":\"WebSite\",\"@id\":\"https:\/\/alsik.dk\/en\/#website\",\"url\":\"https:\/\/alsik.dk\/en\/\",\"name\":\"Alsik Hotel &amp; Spa\",\"description\":\"Alsik er et af Danmarks mest sp\u00e6ndende hoteller med stilfulde og topmoderne v\u00e6relser. Her venter en verden af luksuri\u00f8s og hyggelig. Oplev Danmarks st\u00f8rste spa med flere end 60 forskellige spa- og wellnessoplevelser fordelt p\u00e5 4.500 kvadratmeter og fire etager. Eller fork\u00e6l sanserne med gastronomi i s\u00e6rklasse i Alsiks tre restauranter.\",\"potentialAction\":[{\"@type\":\"SearchAction\",\"target\":{\"@type\":\"EntryPoint\",\"urlTemplate\":\"https:\/\/alsik.dk\/en\/?s={search_term_string}\"},\"query-input\":{\"@type\":\"PropertyValueSpecification\",\"valueRequired\":true,\"valueName\":\"search_term_string\"}}],\"inLanguage\":\"en-US\"}]}<\/script>\n<!-- \/ Yoast SEO plugin. -->","yoast_head_json":{"title":"Syttende \u2013 Dining with Friends Stay | Alsik Hotel &amp; Spa","description":"Experience a gourmet stay at Syttende with friends. Enjoy the exquisite gourmet menu and a wonderful stay at Alsik Hotel.","robots":{"index":"index","follow":"follow","max-snippet":"max-snippet:-1","max-image-preview":"max-image-preview:large","max-video-preview":"max-video-preview:-1"},"canonical":"https:\/\/alsik.dk\/en\/special-stays\/syttende-dining-with-friends-stay\/","og_locale":"en_US","og_type":"article","og_title":"Syttende \u2013 Dining with Friends Stay | Alsik Hotel &amp; Spa","og_description":"Experience a gourmet stay at Syttende with friends. Enjoy the exquisite gourmet menu and a wonderful stay at Alsik Hotel.","og_url":"https:\/\/alsik.dk\/en\/special-stays\/syttende-dining-with-friends-stay\/","og_site_name":"Alsik Hotel &amp; Spa","og_image":[{"width":1600,"height":1067,"url":"https:\/\/alsik.dk\/wp-content\/uploads\/2026\/01\/Syttende-op-dwf.jpg","type":"image\/jpeg"}],"twitter_card":"summary_large_image","twitter_misc":{"Est. reading time":"1 minute"},"schema":{"@context":"https:\/\/schema.org","@graph":[{"@type":"WebPage","@id":"https:\/\/alsik.dk\/en\/special-stays\/syttende-dining-with-friends-stay\/","url":"https:\/\/alsik.dk\/en\/special-stays\/syttende-dining-with-friends-stay\/","name":"Syttende \u2013 Dining with Friends Stay | Alsik Hotel &amp; Spa","isPartOf":{"@id":"https:\/\/alsik.dk\/en\/#website"},"primaryImageOfPage":{"@id":"https:\/\/alsik.dk\/en\/special-stays\/syttende-dining-with-friends-stay\/#primaryimage"},"image":{"@id":"https:\/\/alsik.dk\/en\/special-stays\/syttende-dining-with-friends-stay\/#primaryimage"},"thumbnailUrl":"https:\/\/alsik.dk\/wp-content\/uploads\/2026\/01\/Syttende-op-dwf.jpg","datePublished":"2026-03-25T11:47:23+00:00","dateModified":"2026-03-25T11:47:23+00:00","description":"Experience a gourmet stay at Syttende with friends. Enjoy the exquisite gourmet menu and a wonderful stay at Alsik Hotel.","breadcrumb":{"@id":"https:\/\/alsik.dk\/en\/special-stays\/syttende-dining-with-friends-stay\/#breadcrumb"},"inLanguage":"en-US","potentialAction":[{"@type":"ReadAction","target":["https:\/\/alsik.dk\/en\/special-stays\/syttende-dining-with-friends-stay\/"]}]},{"@type":"ImageObject","inLanguage":"en-US","@id":"https:\/\/alsik.dk\/en\/special-stays\/syttende-dining-with-friends-stay\/#primaryimage","url":"https:\/\/alsik.dk\/wp-content\/uploads\/2026\/01\/Syttende-op-dwf.jpg","contentUrl":"https:\/\/alsik.dk\/wp-content\/uploads\/2026\/01\/Syttende-op-dwf.jpg","width":1600,"height":1067,"caption":"Restaurant Syttende"},{"@type":"BreadcrumbList","@id":"https:\/\/alsik.dk\/en\/special-stays\/syttende-dining-with-friends-stay\/#breadcrumb","itemListElement":[{"@type":"ListItem","position":1,"name":"Hjem","item":"https:\/\/alsik.dk\/en\/"},{"@type":"ListItem","position":2,"name":"Enjoy a special stay at Alsik","item":"https:\/\/alsik.dk\/en\/special-stays\/"},{"@type":"ListItem","position":3,"name":"Syttende \u2013 Dining with Friends Stay"}]},{"@type":"WebSite","@id":"https:\/\/alsik.dk\/en\/#website","url":"https:\/\/alsik.dk\/en\/","name":"Alsik Hotel &amp; Spa","description":"Alsik er et af Danmarks mest sp\u00e6ndende hoteller med stilfulde og topmoderne v\u00e6relser. Her venter en verden af luksuri\u00f8s og hyggelig. Oplev Danmarks st\u00f8rste spa med flere end 60 forskellige spa- og wellnessoplevelser fordelt p\u00e5 4.500 kvadratmeter og fire etager. Eller fork\u00e6l sanserne med gastronomi i s\u00e6rklasse i Alsiks tre restauranter.","potentialAction":[{"@type":"SearchAction","target":{"@type":"EntryPoint","urlTemplate":"https:\/\/alsik.dk\/en\/?s={search_term_string}"},"query-input":{"@type":"PropertyValueSpecification","valueRequired":true,"valueName":"search_term_string"}}],"inLanguage":"en-US"}]}},"_links":{"self":[{"href":"https:\/\/alsik.dk\/en\/wp-json\/wp\/v2\/pages\/13967","targetHints":{"allow":["GET"]}}],"collection":[{"href":"https:\/\/alsik.dk\/en\/wp-json\/wp\/v2\/pages"}],"about":[{"href":"https:\/\/alsik.dk\/en\/wp-json\/wp\/v2\/types\/page"}],"author":[{"embeddable":true,"href":"https:\/\/alsik.dk\/en\/wp-json\/wp\/v2\/users\/7"}],"replies":[{"embeddable":true,"href":"https:\/\/alsik.dk\/en\/wp-json\/wp\/v2\/comments?post=13967"}],"version-history":[{"count":5,"href":"https:\/\/alsik.dk\/en\/wp-json\/wp\/v2\/pages\/13967\/revisions"}],"predecessor-version":[{"id":18085,"href":"https:\/\/alsik.dk\/en\/wp-json\/wp\/v2\/pages\/13967\/revisions\/18085"}],"up":[{"embeddable":true,"href":"https:\/\/alsik.dk\/en\/wp-json\/wp\/v2\/pages\/5567"}],"wp:featuredmedia":[{"embeddable":true,"href":"https:\/\/alsik.dk\/en\/wp-json\/wp\/v2\/media\/17405"}],"wp:attachment":[{"href":"https:\/\/alsik.dk\/en\/wp-json\/wp\/v2\/media?parent=13967"}],"wp:term":[{"taxonomy":"post_tag","embeddable":true,"href":"https:\/\/alsik.dk\/en\/wp-json\/wp\/v2\/tags?post=13967"}],"curies":[{"name":"wp","href":"https:\/\/api.w.org\/{rel}","templated":true}]}}