{"id":16069,"date":"2025-05-19T15:02:46","date_gmt":"2025-05-19T13:02:46","guid":{"rendered":"https:\/\/alsik.dk\/contact\/would-you-like-to-join-our-team\/praktikanter-til-hotelreception\/"},"modified":"2025-11-04T08:57:06","modified_gmt":"2025-11-04T07:57:06","slug":"intern","status":"publish","type":"page","link":"https:\/\/alsik.dk\/en\/contact\/would-you-like-to-join-our-team\/intern\/","title":{"rendered":"Interns for our hotel reception"},"content":{"rendered":"<p>Want to help create unforgettable experiences for our guests?<\/p>\n<p>We are currently looking for interns for our hotel reception.<\/p>\n","protected":false},"excerpt":{"rendered":"<p>We are looking for interns for our hotel reception.<\/p>\n","protected":false},"author":7,"featured_media":16063,"parent":5934,"menu_order":0,"comment_status":"closed","ping_status":"closed","template":"","meta":{"_acf_changed":false,"footnotes":""},"tags":[],"class_list":["post-16069","page","type-page","status-publish","has-post-thumbnail","hentry"],"acf":[],"yoast_head":"<!-- This site is optimized with the Yoast SEO plugin v24.3 - https:\/\/yoast.com\/wordpress\/plugins\/seo\/ -->\n<title>Interns for our hotel reception | Alsik Hotel &amp; Spa<\/title>\n<meta name=\"robots\" content=\"index, follow, max-snippet:-1, max-image-preview:large, max-video-preview:-1\" \/>\n<link rel=\"canonical\" href=\"https:\/\/alsik.dk\/en\/contact\/would-you-like-to-join-our-team\/intern\/\" \/>\n<meta property=\"og:locale\" content=\"en_US\" \/>\n<meta property=\"og:type\" content=\"article\" \/>\n<meta property=\"og:title\" content=\"Interns for our hotel reception | Alsik Hotel &amp; Spa\" \/>\n<meta property=\"og:description\" content=\"We are looking for interns for our hotel reception.\" \/>\n<meta property=\"og:url\" content=\"https:\/\/alsik.dk\/en\/contact\/would-you-like-to-join-our-team\/intern\/\" \/>\n<meta property=\"og:site_name\" content=\"Alsik Hotel &amp; Spa\" \/>\n<meta property=\"article:modified_time\" content=\"2025-11-04T07:57:06+00:00\" \/>\n<meta property=\"og:image\" content=\"https:\/\/alsik.dk\/wp-content\/uploads\/2025\/05\/alsik-reception-rais.jpg\" \/>\n\t<meta property=\"og:image:width\" content=\"2200\" \/>\n\t<meta property=\"og:image:height\" content=\"1467\" \/>\n\t<meta property=\"og:image:type\" content=\"image\/jpeg\" \/>\n<meta name=\"twitter:card\" content=\"summary_large_image\" \/>\n<meta name=\"twitter:label1\" content=\"Est. reading time\" \/>\n\t<meta name=\"twitter:data1\" content=\"1 minute\" \/>\n<script type=\"application\/ld+json\" class=\"yoast-schema-graph\">{\"@context\":\"https:\/\/schema.org\",\"@graph\":[{\"@type\":\"WebPage\",\"@id\":\"https:\/\/alsik.dk\/en\/contact\/would-you-like-to-join-our-team\/intern\/\",\"url\":\"https:\/\/alsik.dk\/en\/contact\/would-you-like-to-join-our-team\/intern\/\",\"name\":\"Interns for our hotel reception | Alsik Hotel &amp; Spa\",\"isPartOf\":{\"@id\":\"https:\/\/alsik.dk\/en\/#website\"},\"primaryImageOfPage\":{\"@id\":\"https:\/\/alsik.dk\/en\/contact\/would-you-like-to-join-our-team\/intern\/#primaryimage\"},\"image\":{\"@id\":\"https:\/\/alsik.dk\/en\/contact\/would-you-like-to-join-our-team\/intern\/#primaryimage\"},\"thumbnailUrl\":\"https:\/\/alsik.dk\/wp-content\/uploads\/2025\/05\/alsik-reception-rais.jpg\",\"datePublished\":\"2025-05-19T13:02:46+00:00\",\"dateModified\":\"2025-11-04T07:57:06+00:00\",\"breadcrumb\":{\"@id\":\"https:\/\/alsik.dk\/en\/contact\/would-you-like-to-join-our-team\/intern\/#breadcrumb\"},\"inLanguage\":\"en-US\",\"potentialAction\":[{\"@type\":\"ReadAction\",\"target\":[\"https:\/\/alsik.dk\/en\/contact\/would-you-like-to-join-our-team\/intern\/\"]}]},{\"@type\":\"ImageObject\",\"inLanguage\":\"en-US\",\"@id\":\"https:\/\/alsik.dk\/en\/contact\/would-you-like-to-join-our-team\/intern\/#primaryimage\",\"url\":\"https:\/\/alsik.dk\/wp-content\/uploads\/2025\/05\/alsik-reception-rais.jpg\",\"contentUrl\":\"https:\/\/alsik.dk\/wp-content\/uploads\/2025\/05\/alsik-reception-rais.jpg\",\"width\":2200,\"height\":1467,\"caption\":\"Alsik hotelreception\"},{\"@type\":\"BreadcrumbList\",\"@id\":\"https:\/\/alsik.dk\/en\/contact\/would-you-like-to-join-our-team\/intern\/#breadcrumb\",\"itemListElement\":[{\"@type\":\"ListItem\",\"position\":1,\"name\":\"Hjem\",\"item\":\"https:\/\/alsik.dk\/en\/\"},{\"@type\":\"ListItem\",\"position\":2,\"name\":\"Contact &#038; parking information\",\"item\":\"https:\/\/alsik.dk\/en\/contact\/\"},{\"@type\":\"ListItem\",\"position\":3,\"name\":\"Would you like to join our team?\",\"item\":\"https:\/\/alsik.dk\/en\/contact\/would-you-like-to-join-our-team\/\"},{\"@type\":\"ListItem\",\"position\":4,\"name\":\"Interns for our hotel reception\"}]},{\"@type\":\"WebSite\",\"@id\":\"https:\/\/alsik.dk\/en\/#website\",\"url\":\"https:\/\/alsik.dk\/en\/\",\"name\":\"Alsik Hotel &amp; Spa\",\"description\":\"Alsik er et af Danmarks mest sp\u00e6ndende hoteller med stilfulde og topmoderne v\u00e6relser. Her venter en verden af luksuri\u00f8s og hyggelig. Oplev Danmarks st\u00f8rste spa med flere end 60 forskellige spa- og wellnessoplevelser fordelt p\u00e5 4.500 kvadratmeter og fire etager. Eller fork\u00e6l sanserne med gastronomi i s\u00e6rklasse i Alsiks tre restauranter.\",\"potentialAction\":[{\"@type\":\"SearchAction\",\"target\":{\"@type\":\"EntryPoint\",\"urlTemplate\":\"https:\/\/alsik.dk\/en\/?s={search_term_string}\"},\"query-input\":{\"@type\":\"PropertyValueSpecification\",\"valueRequired\":true,\"valueName\":\"search_term_string\"}}],\"inLanguage\":\"en-US\"}]}<\/script>\n<!-- \/ Yoast SEO plugin. -->","yoast_head_json":{"title":"Interns for our hotel reception | Alsik Hotel &amp; Spa","robots":{"index":"index","follow":"follow","max-snippet":"max-snippet:-1","max-image-preview":"max-image-preview:large","max-video-preview":"max-video-preview:-1"},"canonical":"https:\/\/alsik.dk\/en\/contact\/would-you-like-to-join-our-team\/intern\/","og_locale":"en_US","og_type":"article","og_title":"Interns for our hotel reception | Alsik Hotel &amp; Spa","og_description":"We are looking for interns for our hotel reception.","og_url":"https:\/\/alsik.dk\/en\/contact\/would-you-like-to-join-our-team\/intern\/","og_site_name":"Alsik Hotel &amp; Spa","article_modified_time":"2025-11-04T07:57:06+00:00","og_image":[{"width":2200,"height":1467,"url":"https:\/\/alsik.dk\/wp-content\/uploads\/2025\/05\/alsik-reception-rais.jpg","type":"image\/jpeg"}],"twitter_card":"summary_large_image","twitter_misc":{"Est. reading time":"1 minute"},"schema":{"@context":"https:\/\/schema.org","@graph":[{"@type":"WebPage","@id":"https:\/\/alsik.dk\/en\/contact\/would-you-like-to-join-our-team\/intern\/","url":"https:\/\/alsik.dk\/en\/contact\/would-you-like-to-join-our-team\/intern\/","name":"Interns for our hotel reception | Alsik Hotel &amp; Spa","isPartOf":{"@id":"https:\/\/alsik.dk\/en\/#website"},"primaryImageOfPage":{"@id":"https:\/\/alsik.dk\/en\/contact\/would-you-like-to-join-our-team\/intern\/#primaryimage"},"image":{"@id":"https:\/\/alsik.dk\/en\/contact\/would-you-like-to-join-our-team\/intern\/#primaryimage"},"thumbnailUrl":"https:\/\/alsik.dk\/wp-content\/uploads\/2025\/05\/alsik-reception-rais.jpg","datePublished":"2025-05-19T13:02:46+00:00","dateModified":"2025-11-04T07:57:06+00:00","breadcrumb":{"@id":"https:\/\/alsik.dk\/en\/contact\/would-you-like-to-join-our-team\/intern\/#breadcrumb"},"inLanguage":"en-US","potentialAction":[{"@type":"ReadAction","target":["https:\/\/alsik.dk\/en\/contact\/would-you-like-to-join-our-team\/intern\/"]}]},{"@type":"ImageObject","inLanguage":"en-US","@id":"https:\/\/alsik.dk\/en\/contact\/would-you-like-to-join-our-team\/intern\/#primaryimage","url":"https:\/\/alsik.dk\/wp-content\/uploads\/2025\/05\/alsik-reception-rais.jpg","contentUrl":"https:\/\/alsik.dk\/wp-content\/uploads\/2025\/05\/alsik-reception-rais.jpg","width":2200,"height":1467,"caption":"Alsik hotelreception"},{"@type":"BreadcrumbList","@id":"https:\/\/alsik.dk\/en\/contact\/would-you-like-to-join-our-team\/intern\/#breadcrumb","itemListElement":[{"@type":"ListItem","position":1,"name":"Hjem","item":"https:\/\/alsik.dk\/en\/"},{"@type":"ListItem","position":2,"name":"Contact &#038; parking information","item":"https:\/\/alsik.dk\/en\/contact\/"},{"@type":"ListItem","position":3,"name":"Would you like to join our team?","item":"https:\/\/alsik.dk\/en\/contact\/would-you-like-to-join-our-team\/"},{"@type":"ListItem","position":4,"name":"Interns for our hotel reception"}]},{"@type":"WebSite","@id":"https:\/\/alsik.dk\/en\/#website","url":"https:\/\/alsik.dk\/en\/","name":"Alsik Hotel &amp; Spa","description":"Alsik er et af Danmarks mest sp\u00e6ndende hoteller med stilfulde og topmoderne v\u00e6relser. Her venter en verden af luksuri\u00f8s og hyggelig. Oplev Danmarks st\u00f8rste spa med flere end 60 forskellige spa- og wellnessoplevelser fordelt p\u00e5 4.500 kvadratmeter og fire etager. Eller fork\u00e6l sanserne med gastronomi i s\u00e6rklasse i Alsiks tre restauranter.","potentialAction":[{"@type":"SearchAction","target":{"@type":"EntryPoint","urlTemplate":"https:\/\/alsik.dk\/en\/?s={search_term_string}"},"query-input":{"@type":"PropertyValueSpecification","valueRequired":true,"valueName":"search_term_string"}}],"inLanguage":"en-US"}]}},"_links":{"self":[{"href":"https:\/\/alsik.dk\/en\/wp-json\/wp\/v2\/pages\/16069","targetHints":{"allow":["GET"]}}],"collection":[{"href":"https:\/\/alsik.dk\/en\/wp-json\/wp\/v2\/pages"}],"about":[{"href":"https:\/\/alsik.dk\/en\/wp-json\/wp\/v2\/types\/page"}],"author":[{"embeddable":true,"href":"https:\/\/alsik.dk\/en\/wp-json\/wp\/v2\/users\/7"}],"replies":[{"embeddable":true,"href":"https:\/\/alsik.dk\/en\/wp-json\/wp\/v2\/comments?post=16069"}],"version-history":[{"count":4,"href":"https:\/\/alsik.dk\/en\/wp-json\/wp\/v2\/pages\/16069\/revisions"}],"predecessor-version":[{"id":16913,"href":"https:\/\/alsik.dk\/en\/wp-json\/wp\/v2\/pages\/16069\/revisions\/16913"}],"up":[{"embeddable":true,"href":"https:\/\/alsik.dk\/en\/wp-json\/wp\/v2\/pages\/5934"}],"wp:featuredmedia":[{"embeddable":true,"href":"https:\/\/alsik.dk\/en\/wp-json\/wp\/v2\/media\/16063"}],"wp:attachment":[{"href":"https:\/\/alsik.dk\/en\/wp-json\/wp\/v2\/media?parent=16069"}],"wp:term":[{"taxonomy":"post_tag","embeddable":true,"href":"https:\/\/alsik.dk\/en\/wp-json\/wp\/v2\/tags?post=16069"}],"curies":[{"name":"wp","href":"https:\/\/api.w.org\/{rel}","templated":true}]}}