{"id":16922,"date":"2026-03-25T12:32:41","date_gmt":"2026-03-25T11:32:41","guid":{"rendered":"https:\/\/alsik.dk\/?page_id=16922"},"modified":"2026-03-27T10:27:03","modified_gmt":"2026-03-27T09:27:03","slug":"michelin-moment_stat","status":"publish","type":"page","link":"https:\/\/alsik.dk\/en\/special-stays\/michelin-moment_stat\/","title":{"rendered":"Michelin Moment &#8211; Midweek Premium Edition"},"content":{"rendered":"<p data-start=\"65\" data-end=\"173\">Enjoy an exclusive stay with dinner at Syttende, including overnight accommodation and breakfast at Alsik.<\/p>\n<hr \/>\n<p style=\"text-align: right;\">From DKK 4.365,- for 2 person<br \/>\nFrom DKK 6.895,- for 2 person<\/p>\n<hr \/>\n<p>&nbsp;<\/p>\n<p><em>Available only with arrival on selected weekdays<\/em><\/p>\n","protected":false},"excerpt":{"rendered":"<p>Experience an unforgettable gourmet evening at Syttende, followed by an overnight stay in a Premium room including breakfast.<\/p>\n","protected":false},"author":7,"featured_media":17414,"parent":5567,"menu_order":0,"comment_status":"closed","ping_status":"closed","template":"","meta":{"_acf_changed":false,"footnotes":""},"tags":[],"class_list":["post-16922","page","type-page","status-publish","has-post-thumbnail","hentry"],"acf":[],"yoast_head":"<!-- This site is optimized with the Yoast SEO plugin v24.3 - https:\/\/yoast.com\/wordpress\/plugins\/seo\/ -->\n<title>Michelin Moment at Restaurant Syttende and stay at Alsik<\/title>\n<meta name=\"description\" content=\"Enjoy an exclusive Michelin Moment stay with a menu at Restaurant Syttende, including overnight accommodation and breakfast at Alsik Hotel &amp; Spa.\" \/>\n<meta name=\"robots\" content=\"index, follow, max-snippet:-1, max-image-preview:large, max-video-preview:-1\" \/>\n<link rel=\"canonical\" href=\"https:\/\/alsik.dk\/en\/special-stays\/michelin-moment_stat\/\" \/>\n<meta property=\"og:locale\" content=\"en_US\" \/>\n<meta property=\"og:type\" content=\"article\" \/>\n<meta property=\"og:title\" content=\"Michelin Moment at Restaurant Syttende and stay at Alsik\" \/>\n<meta property=\"og:description\" content=\"Enjoy an exclusive Michelin Moment stay with a menu at Restaurant Syttende, including overnight accommodation and breakfast at Alsik Hotel &amp; Spa.\" \/>\n<meta property=\"og:url\" content=\"https:\/\/alsik.dk\/en\/special-stays\/michelin-moment_stat\/\" \/>\n<meta property=\"og:site_name\" content=\"Alsik Hotel &amp; Spa\" \/>\n<meta property=\"article:modified_time\" content=\"2026-03-27T09:27:03+00:00\" \/>\n<meta property=\"og:image\" content=\"https:\/\/alsik.dk\/wp-content\/uploads\/2026\/01\/syttende-op-midweek.jpg\" \/>\n\t<meta property=\"og:image:width\" content=\"1600\" \/>\n\t<meta property=\"og:image:height\" content=\"1200\" \/>\n\t<meta property=\"og:image:type\" content=\"image\/jpeg\" \/>\n<meta name=\"twitter:card\" content=\"summary_large_image\" \/>\n<meta name=\"twitter:label1\" content=\"Est. reading time\" \/>\n\t<meta name=\"twitter:data1\" content=\"1 minute\" \/>\n<script type=\"application\/ld+json\" class=\"yoast-schema-graph\">{\"@context\":\"https:\/\/schema.org\",\"@graph\":[{\"@type\":\"WebPage\",\"@id\":\"https:\/\/alsik.dk\/en\/special-stays\/michelin-moment_stat\/\",\"url\":\"https:\/\/alsik.dk\/en\/special-stays\/michelin-moment_stat\/\",\"name\":\"Michelin Moment at Restaurant Syttende and stay at Alsik\",\"isPartOf\":{\"@id\":\"https:\/\/alsik.dk\/en\/#website\"},\"primaryImageOfPage\":{\"@id\":\"https:\/\/alsik.dk\/en\/special-stays\/michelin-moment_stat\/#primaryimage\"},\"image\":{\"@id\":\"https:\/\/alsik.dk\/en\/special-stays\/michelin-moment_stat\/#primaryimage\"},\"thumbnailUrl\":\"https:\/\/alsik.dk\/wp-content\/uploads\/2026\/01\/syttende-op-midweek.jpg\",\"datePublished\":\"2026-03-25T11:32:41+00:00\",\"dateModified\":\"2026-03-27T09:27:03+00:00\",\"description\":\"Enjoy an exclusive Michelin Moment stay with a menu at Restaurant Syttende, including overnight accommodation and breakfast at Alsik Hotel & Spa.\",\"breadcrumb\":{\"@id\":\"https:\/\/alsik.dk\/en\/special-stays\/michelin-moment_stat\/#breadcrumb\"},\"inLanguage\":\"en-US\",\"potentialAction\":[{\"@type\":\"ReadAction\",\"target\":[\"https:\/\/alsik.dk\/en\/special-stays\/michelin-moment_stat\/\"]}]},{\"@type\":\"ImageObject\",\"inLanguage\":\"en-US\",\"@id\":\"https:\/\/alsik.dk\/en\/special-stays\/michelin-moment_stat\/#primaryimage\",\"url\":\"https:\/\/alsik.dk\/wp-content\/uploads\/2026\/01\/syttende-op-midweek.jpg\",\"contentUrl\":\"https:\/\/alsik.dk\/wp-content\/uploads\/2026\/01\/syttende-op-midweek.jpg\",\"width\":1600,\"height\":1200,\"caption\":\"Restaurant Syttende\"},{\"@type\":\"BreadcrumbList\",\"@id\":\"https:\/\/alsik.dk\/en\/special-stays\/michelin-moment_stat\/#breadcrumb\",\"itemListElement\":[{\"@type\":\"ListItem\",\"position\":1,\"name\":\"Hjem\",\"item\":\"https:\/\/alsik.dk\/en\/\"},{\"@type\":\"ListItem\",\"position\":2,\"name\":\"Enjoy a special stay at Alsik\",\"item\":\"https:\/\/alsik.dk\/en\/special-stays\/\"},{\"@type\":\"ListItem\",\"position\":3,\"name\":\"Michelin Moment &#8211; Midweek Premium Edition\"}]},{\"@type\":\"WebSite\",\"@id\":\"https:\/\/alsik.dk\/en\/#website\",\"url\":\"https:\/\/alsik.dk\/en\/\",\"name\":\"Alsik Hotel &amp; Spa\",\"description\":\"Alsik er et af Danmarks mest sp\u00e6ndende hoteller med stilfulde og topmoderne v\u00e6relser. Her venter en verden af luksuri\u00f8s og hyggelig. Oplev Danmarks st\u00f8rste spa med flere end 60 forskellige spa- og wellnessoplevelser fordelt p\u00e5 4.500 kvadratmeter og fire etager. Eller fork\u00e6l sanserne med gastronomi i s\u00e6rklasse i Alsiks tre restauranter.\",\"potentialAction\":[{\"@type\":\"SearchAction\",\"target\":{\"@type\":\"EntryPoint\",\"urlTemplate\":\"https:\/\/alsik.dk\/en\/?s={search_term_string}\"},\"query-input\":{\"@type\":\"PropertyValueSpecification\",\"valueRequired\":true,\"valueName\":\"search_term_string\"}}],\"inLanguage\":\"en-US\"}]}<\/script>\n<!-- \/ Yoast SEO plugin. -->","yoast_head_json":{"title":"Michelin Moment at Restaurant Syttende and stay at Alsik","description":"Enjoy an exclusive Michelin Moment stay with a menu at Restaurant Syttende, including overnight accommodation and breakfast at Alsik Hotel & Spa.","robots":{"index":"index","follow":"follow","max-snippet":"max-snippet:-1","max-image-preview":"max-image-preview:large","max-video-preview":"max-video-preview:-1"},"canonical":"https:\/\/alsik.dk\/en\/special-stays\/michelin-moment_stat\/","og_locale":"en_US","og_type":"article","og_title":"Michelin Moment at Restaurant Syttende and stay at Alsik","og_description":"Enjoy an exclusive Michelin Moment stay with a menu at Restaurant Syttende, including overnight accommodation and breakfast at Alsik Hotel & Spa.","og_url":"https:\/\/alsik.dk\/en\/special-stays\/michelin-moment_stat\/","og_site_name":"Alsik Hotel &amp; Spa","article_modified_time":"2026-03-27T09:27:03+00:00","og_image":[{"width":1600,"height":1200,"url":"https:\/\/alsik.dk\/wp-content\/uploads\/2026\/01\/syttende-op-midweek.jpg","type":"image\/jpeg"}],"twitter_card":"summary_large_image","twitter_misc":{"Est. reading time":"1 minute"},"schema":{"@context":"https:\/\/schema.org","@graph":[{"@type":"WebPage","@id":"https:\/\/alsik.dk\/en\/special-stays\/michelin-moment_stat\/","url":"https:\/\/alsik.dk\/en\/special-stays\/michelin-moment_stat\/","name":"Michelin Moment at Restaurant Syttende and stay at Alsik","isPartOf":{"@id":"https:\/\/alsik.dk\/en\/#website"},"primaryImageOfPage":{"@id":"https:\/\/alsik.dk\/en\/special-stays\/michelin-moment_stat\/#primaryimage"},"image":{"@id":"https:\/\/alsik.dk\/en\/special-stays\/michelin-moment_stat\/#primaryimage"},"thumbnailUrl":"https:\/\/alsik.dk\/wp-content\/uploads\/2026\/01\/syttende-op-midweek.jpg","datePublished":"2026-03-25T11:32:41+00:00","dateModified":"2026-03-27T09:27:03+00:00","description":"Enjoy an exclusive Michelin Moment stay with a menu at Restaurant Syttende, including overnight accommodation and breakfast at Alsik Hotel & Spa.","breadcrumb":{"@id":"https:\/\/alsik.dk\/en\/special-stays\/michelin-moment_stat\/#breadcrumb"},"inLanguage":"en-US","potentialAction":[{"@type":"ReadAction","target":["https:\/\/alsik.dk\/en\/special-stays\/michelin-moment_stat\/"]}]},{"@type":"ImageObject","inLanguage":"en-US","@id":"https:\/\/alsik.dk\/en\/special-stays\/michelin-moment_stat\/#primaryimage","url":"https:\/\/alsik.dk\/wp-content\/uploads\/2026\/01\/syttende-op-midweek.jpg","contentUrl":"https:\/\/alsik.dk\/wp-content\/uploads\/2026\/01\/syttende-op-midweek.jpg","width":1600,"height":1200,"caption":"Restaurant Syttende"},{"@type":"BreadcrumbList","@id":"https:\/\/alsik.dk\/en\/special-stays\/michelin-moment_stat\/#breadcrumb","itemListElement":[{"@type":"ListItem","position":1,"name":"Hjem","item":"https:\/\/alsik.dk\/en\/"},{"@type":"ListItem","position":2,"name":"Enjoy a special stay at Alsik","item":"https:\/\/alsik.dk\/en\/special-stays\/"},{"@type":"ListItem","position":3,"name":"Michelin Moment &#8211; Midweek Premium Edition"}]},{"@type":"WebSite","@id":"https:\/\/alsik.dk\/en\/#website","url":"https:\/\/alsik.dk\/en\/","name":"Alsik Hotel &amp; Spa","description":"Alsik er et af Danmarks mest sp\u00e6ndende hoteller med stilfulde og topmoderne v\u00e6relser. Her venter en verden af luksuri\u00f8s og hyggelig. Oplev Danmarks st\u00f8rste spa med flere end 60 forskellige spa- og wellnessoplevelser fordelt p\u00e5 4.500 kvadratmeter og fire etager. Eller fork\u00e6l sanserne med gastronomi i s\u00e6rklasse i Alsiks tre restauranter.","potentialAction":[{"@type":"SearchAction","target":{"@type":"EntryPoint","urlTemplate":"https:\/\/alsik.dk\/en\/?s={search_term_string}"},"query-input":{"@type":"PropertyValueSpecification","valueRequired":true,"valueName":"search_term_string"}}],"inLanguage":"en-US"}]}},"_links":{"self":[{"href":"https:\/\/alsik.dk\/en\/wp-json\/wp\/v2\/pages\/16922","targetHints":{"allow":["GET"]}}],"collection":[{"href":"https:\/\/alsik.dk\/en\/wp-json\/wp\/v2\/pages"}],"about":[{"href":"https:\/\/alsik.dk\/en\/wp-json\/wp\/v2\/types\/page"}],"author":[{"embeddable":true,"href":"https:\/\/alsik.dk\/en\/wp-json\/wp\/v2\/users\/7"}],"replies":[{"embeddable":true,"href":"https:\/\/alsik.dk\/en\/wp-json\/wp\/v2\/comments?post=16922"}],"version-history":[{"count":7,"href":"https:\/\/alsik.dk\/en\/wp-json\/wp\/v2\/pages\/16922\/revisions"}],"predecessor-version":[{"id":18129,"href":"https:\/\/alsik.dk\/en\/wp-json\/wp\/v2\/pages\/16922\/revisions\/18129"}],"up":[{"embeddable":true,"href":"https:\/\/alsik.dk\/en\/wp-json\/wp\/v2\/pages\/5567"}],"wp:featuredmedia":[{"embeddable":true,"href":"https:\/\/alsik.dk\/en\/wp-json\/wp\/v2\/media\/17414"}],"wp:attachment":[{"href":"https:\/\/alsik.dk\/en\/wp-json\/wp\/v2\/media?parent=16922"}],"wp:term":[{"taxonomy":"post_tag","embeddable":true,"href":"https:\/\/alsik.dk\/en\/wp-json\/wp\/v2\/tags?post=16922"}],"curies":[{"name":"wp","href":"https:\/\/api.w.org\/{rel}","templated":true}]}}