{"id":16967,"date":"2025-09-02T09:29:52","date_gmt":"2025-09-02T07:29:52","guid":{"rendered":"https:\/\/alsik.dk\/book-spaoplever\/"},"modified":"2025-11-18T09:49:05","modified_gmt":"2025-11-18T08:49:05","slug":"book-spaoplever","status":"publish","type":"page","link":"https:\/\/alsik.dk\/en\/book-spaoplever\/","title":{"rendered":"Book spa experiences &#038; treatments"},"content":{"rendered":"<p>If you would like to visit Alsik Nordic Spa &amp; Wellness for a spa day or to receive a treatment, you can fill out the form below.<\/p>\n","protected":false},"excerpt":{"rendered":"<p>If you would like to visit Alsik Nordic Spa &amp; Wellness for a spa day or to receive a treatment, you can fill out the form below.<\/p>\n","protected":false},"author":7,"featured_media":0,"parent":0,"menu_order":0,"comment_status":"closed","ping_status":"closed","template":"","meta":{"_acf_changed":false,"footnotes":""},"tags":[],"class_list":["post-16967","page","type-page","status-publish","hentry"],"acf":[],"yoast_head":"<!-- This site is optimized with the Yoast SEO plugin v24.3 - https:\/\/yoast.com\/wordpress\/plugins\/seo\/ -->\n<title>Book spa experiences &amp; treatments | Alsik Hotel &amp; Spa<\/title>\n<meta name=\"robots\" content=\"noindex, follow\" \/>\n<meta property=\"og:locale\" content=\"en_US\" \/>\n<meta property=\"og:type\" content=\"article\" \/>\n<meta property=\"og:title\" content=\"Book spa experiences &amp; treatments | Alsik Hotel &amp; Spa\" \/>\n<meta property=\"og:description\" content=\"If you would like to visit Alsik Nordic Spa &amp; Wellness for a spa day or to receive a treatment, you can fill out the form below.\" \/>\n<meta property=\"og:url\" content=\"https:\/\/alsik.dk\/en\/book-spaoplever\/\" \/>\n<meta property=\"og:site_name\" content=\"Alsik Hotel &amp; Spa\" \/>\n<meta property=\"article:modified_time\" content=\"2025-11-18T08:49:05+00:00\" \/>\n<meta name=\"twitter:card\" content=\"summary_large_image\" \/>\n<meta name=\"twitter:label1\" content=\"Est. reading time\" \/>\n\t<meta name=\"twitter:data1\" content=\"1 minute\" \/>\n<script type=\"application\/ld+json\" class=\"yoast-schema-graph\">{\"@context\":\"https:\/\/schema.org\",\"@graph\":[{\"@type\":\"WebPage\",\"@id\":\"https:\/\/alsik.dk\/en\/book-spaoplever\/\",\"url\":\"https:\/\/alsik.dk\/en\/book-spaoplever\/\",\"name\":\"Book spa experiences & treatments | Alsik Hotel &amp; Spa\",\"isPartOf\":{\"@id\":\"https:\/\/alsik.dk\/en\/#website\"},\"datePublished\":\"2025-09-02T07:29:52+00:00\",\"dateModified\":\"2025-11-18T08:49:05+00:00\",\"breadcrumb\":{\"@id\":\"https:\/\/alsik.dk\/en\/book-spaoplever\/#breadcrumb\"},\"inLanguage\":\"en-US\",\"potentialAction\":[{\"@type\":\"ReadAction\",\"target\":[\"https:\/\/alsik.dk\/en\/book-spaoplever\/\"]}]},{\"@type\":\"BreadcrumbList\",\"@id\":\"https:\/\/alsik.dk\/en\/book-spaoplever\/#breadcrumb\",\"itemListElement\":[{\"@type\":\"ListItem\",\"position\":1,\"name\":\"Hjem\",\"item\":\"https:\/\/alsik.dk\/en\/\"},{\"@type\":\"ListItem\",\"position\":2,\"name\":\"Book spa experiences &#038; treatments\"}]},{\"@type\":\"WebSite\",\"@id\":\"https:\/\/alsik.dk\/en\/#website\",\"url\":\"https:\/\/alsik.dk\/en\/\",\"name\":\"Alsik Hotel &amp; Spa\",\"description\":\"Alsik er et af Danmarks mest sp\u00e6ndende hoteller med stilfulde og topmoderne v\u00e6relser. Her venter en verden af luksuri\u00f8s og hyggelig. Oplev Danmarks st\u00f8rste spa med flere end 60 forskellige spa- og wellnessoplevelser fordelt p\u00e5 4.500 kvadratmeter og fire etager. Eller fork\u00e6l sanserne med gastronomi i s\u00e6rklasse i Alsiks tre restauranter.\",\"potentialAction\":[{\"@type\":\"SearchAction\",\"target\":{\"@type\":\"EntryPoint\",\"urlTemplate\":\"https:\/\/alsik.dk\/en\/?s={search_term_string}\"},\"query-input\":{\"@type\":\"PropertyValueSpecification\",\"valueRequired\":true,\"valueName\":\"search_term_string\"}}],\"inLanguage\":\"en-US\"}]}<\/script>\n<!-- \/ Yoast SEO plugin. -->","yoast_head_json":{"title":"Book spa experiences & treatments | Alsik Hotel &amp; Spa","robots":{"index":"noindex","follow":"follow"},"og_locale":"en_US","og_type":"article","og_title":"Book spa experiences & treatments | Alsik Hotel &amp; Spa","og_description":"If you would like to visit Alsik Nordic Spa &amp; Wellness for a spa day or to receive a treatment, you can fill out the form below.","og_url":"https:\/\/alsik.dk\/en\/book-spaoplever\/","og_site_name":"Alsik Hotel &amp; Spa","article_modified_time":"2025-11-18T08:49:05+00:00","twitter_card":"summary_large_image","twitter_misc":{"Est. reading time":"1 minute"},"schema":{"@context":"https:\/\/schema.org","@graph":[{"@type":"WebPage","@id":"https:\/\/alsik.dk\/en\/book-spaoplever\/","url":"https:\/\/alsik.dk\/en\/book-spaoplever\/","name":"Book spa experiences & treatments | Alsik Hotel &amp; Spa","isPartOf":{"@id":"https:\/\/alsik.dk\/en\/#website"},"datePublished":"2025-09-02T07:29:52+00:00","dateModified":"2025-11-18T08:49:05+00:00","breadcrumb":{"@id":"https:\/\/alsik.dk\/en\/book-spaoplever\/#breadcrumb"},"inLanguage":"en-US","potentialAction":[{"@type":"ReadAction","target":["https:\/\/alsik.dk\/en\/book-spaoplever\/"]}]},{"@type":"BreadcrumbList","@id":"https:\/\/alsik.dk\/en\/book-spaoplever\/#breadcrumb","itemListElement":[{"@type":"ListItem","position":1,"name":"Hjem","item":"https:\/\/alsik.dk\/en\/"},{"@type":"ListItem","position":2,"name":"Book spa experiences &#038; treatments"}]},{"@type":"WebSite","@id":"https:\/\/alsik.dk\/en\/#website","url":"https:\/\/alsik.dk\/en\/","name":"Alsik Hotel &amp; Spa","description":"Alsik er et af Danmarks mest sp\u00e6ndende hoteller med stilfulde og topmoderne v\u00e6relser. Her venter en verden af luksuri\u00f8s og hyggelig. Oplev Danmarks st\u00f8rste spa med flere end 60 forskellige spa- og wellnessoplevelser fordelt p\u00e5 4.500 kvadratmeter og fire etager. Eller fork\u00e6l sanserne med gastronomi i s\u00e6rklasse i Alsiks tre restauranter.","potentialAction":[{"@type":"SearchAction","target":{"@type":"EntryPoint","urlTemplate":"https:\/\/alsik.dk\/en\/?s={search_term_string}"},"query-input":{"@type":"PropertyValueSpecification","valueRequired":true,"valueName":"search_term_string"}}],"inLanguage":"en-US"}]}},"_links":{"self":[{"href":"https:\/\/alsik.dk\/en\/wp-json\/wp\/v2\/pages\/16967","targetHints":{"allow":["GET"]}}],"collection":[{"href":"https:\/\/alsik.dk\/en\/wp-json\/wp\/v2\/pages"}],"about":[{"href":"https:\/\/alsik.dk\/en\/wp-json\/wp\/v2\/types\/page"}],"author":[{"embeddable":true,"href":"https:\/\/alsik.dk\/en\/wp-json\/wp\/v2\/users\/7"}],"replies":[{"embeddable":true,"href":"https:\/\/alsik.dk\/en\/wp-json\/wp\/v2\/comments?post=16967"}],"version-history":[{"count":4,"href":"https:\/\/alsik.dk\/en\/wp-json\/wp\/v2\/pages\/16967\/revisions"}],"predecessor-version":[{"id":16975,"href":"https:\/\/alsik.dk\/en\/wp-json\/wp\/v2\/pages\/16967\/revisions\/16975"}],"wp:attachment":[{"href":"https:\/\/alsik.dk\/en\/wp-json\/wp\/v2\/media?parent=16967"}],"wp:term":[{"taxonomy":"post_tag","embeddable":true,"href":"https:\/\/alsik.dk\/en\/wp-json\/wp\/v2\/tags?post=16967"}],"curies":[{"name":"wp","href":"https:\/\/api.w.org\/{rel}","templated":true}]}}