{"id":17790,"date":"2026-01-26T13:33:52","date_gmt":"2026-01-26T12:33:52","guid":{"rendered":"https:\/\/alsik.dk\/special-stays\/pinseophold\/"},"modified":"2026-03-03T11:56:54","modified_gmt":"2026-03-03T10:56:54","slug":"pentecost","status":"publish","type":"page","link":"https:\/\/alsik.dk\/en\/special-stays\/pentecost\/","title":{"rendered":"Pentecost Stay"},"content":{"rendered":"<p>Enjoy a cozy Pentecost getaway with two nights, delicious lunch and dinner, and let the peace and joy of Pentecost fill your days.<\/p>\n<p>&nbsp;<\/p>\n<hr \/>\n<p style=\"text-align: right;\">From DKK 3.995 per person for 2 nights<br \/>\nFrom DKK 5.995 for 2 persons for 2 nights<\/p>\n<hr \/>\n<p style=\"text-align: right;\">\n","protected":false},"excerpt":{"rendered":"<p>Enjoy a Pentecost getaway at Alsik with two nights, afternoon tea with sweet treats, a three-course dinner on day one, lunch on day two, and our generous breakfast buffet each morning.<\/p>\n","protected":false},"author":7,"featured_media":15684,"parent":5567,"menu_order":0,"comment_status":"closed","ping_status":"closed","template":"","meta":{"_acf_changed":false,"footnotes":""},"tags":[],"class_list":["post-17790","page","type-page","status-publish","has-post-thumbnail","hentry"],"acf":[],"yoast_head":"<!-- This site is optimized with the Yoast SEO plugin v24.3 - https:\/\/yoast.com\/wordpress\/plugins\/seo\/ -->\n<title>Celebrate Pentecost at Alsik Hotel<\/title>\n<meta name=\"description\" content=\"Treat yourself to a delightful Pentecost stay in beautiful S\u00f8nderborg at Alsik Hotel &amp; Spa. Savour an exquisite dinner as well as lunch.\" \/>\n<meta name=\"robots\" content=\"index, follow, max-snippet:-1, max-image-preview:large, max-video-preview:-1\" \/>\n<link rel=\"canonical\" href=\"https:\/\/alsik.dk\/en\/special-stays\/pentecost\/\" \/>\n<meta property=\"og:locale\" content=\"en_US\" \/>\n<meta property=\"og:type\" content=\"article\" \/>\n<meta property=\"og:title\" content=\"Celebrate Pentecost at Alsik Hotel\" \/>\n<meta property=\"og:description\" content=\"Treat yourself to a delightful Pentecost stay in beautiful S\u00f8nderborg at Alsik Hotel &amp; Spa. Savour an exquisite dinner as well as lunch.\" \/>\n<meta property=\"og:url\" content=\"https:\/\/alsik.dk\/en\/special-stays\/pentecost\/\" \/>\n<meta property=\"og:site_name\" content=\"Alsik Hotel &amp; Spa\" \/>\n<meta property=\"article:modified_time\" content=\"2026-03-03T10:56:54+00:00\" \/>\n<meta property=\"og:image\" content=\"https:\/\/alsik.dk\/wp-content\/uploads\/2025\/03\/ALSIKAUGUST2021-86.jpg\" \/>\n\t<meta property=\"og:image:width\" content=\"2293\" \/>\n\t<meta property=\"og:image:height\" content=\"1530\" \/>\n\t<meta property=\"og:image:type\" content=\"image\/jpeg\" \/>\n<meta name=\"twitter:card\" content=\"summary_large_image\" \/>\n<meta name=\"twitter:label1\" content=\"Est. reading time\" \/>\n\t<meta name=\"twitter:data1\" content=\"1 minute\" \/>\n<script type=\"application\/ld+json\" class=\"yoast-schema-graph\">{\"@context\":\"https:\/\/schema.org\",\"@graph\":[{\"@type\":\"WebPage\",\"@id\":\"https:\/\/alsik.dk\/en\/special-stays\/pentecost\/\",\"url\":\"https:\/\/alsik.dk\/en\/special-stays\/pentecost\/\",\"name\":\"Celebrate Pentecost at Alsik Hotel\",\"isPartOf\":{\"@id\":\"https:\/\/alsik.dk\/en\/#website\"},\"primaryImageOfPage\":{\"@id\":\"https:\/\/alsik.dk\/en\/special-stays\/pentecost\/#primaryimage\"},\"image\":{\"@id\":\"https:\/\/alsik.dk\/en\/special-stays\/pentecost\/#primaryimage\"},\"thumbnailUrl\":\"https:\/\/alsik.dk\/wp-content\/uploads\/2025\/03\/ALSIKAUGUST2021-86.jpg\",\"datePublished\":\"2026-01-26T12:33:52+00:00\",\"dateModified\":\"2026-03-03T10:56:54+00:00\",\"description\":\"Treat yourself to a delightful Pentecost stay in beautiful S\u00f8nderborg at Alsik Hotel & Spa. Savour an exquisite dinner as well as lunch.\",\"breadcrumb\":{\"@id\":\"https:\/\/alsik.dk\/en\/special-stays\/pentecost\/#breadcrumb\"},\"inLanguage\":\"en-US\",\"potentialAction\":[{\"@type\":\"ReadAction\",\"target\":[\"https:\/\/alsik.dk\/en\/special-stays\/pentecost\/\"]}]},{\"@type\":\"ImageObject\",\"inLanguage\":\"en-US\",\"@id\":\"https:\/\/alsik.dk\/en\/special-stays\/pentecost\/#primaryimage\",\"url\":\"https:\/\/alsik.dk\/wp-content\/uploads\/2025\/03\/ALSIKAUGUST2021-86.jpg\",\"contentUrl\":\"https:\/\/alsik.dk\/wp-content\/uploads\/2025\/03\/ALSIKAUGUST2021-86.jpg\",\"width\":2293,\"height\":1530,\"caption\":\"Alsik i natursk\u00f8nne omgivelser\"},{\"@type\":\"BreadcrumbList\",\"@id\":\"https:\/\/alsik.dk\/en\/special-stays\/pentecost\/#breadcrumb\",\"itemListElement\":[{\"@type\":\"ListItem\",\"position\":1,\"name\":\"Hjem\",\"item\":\"https:\/\/alsik.dk\/en\/\"},{\"@type\":\"ListItem\",\"position\":2,\"name\":\"Enjoy a special stay at Alsik\",\"item\":\"https:\/\/alsik.dk\/en\/special-stays\/\"},{\"@type\":\"ListItem\",\"position\":3,\"name\":\"Pentecost Stay\"}]},{\"@type\":\"WebSite\",\"@id\":\"https:\/\/alsik.dk\/en\/#website\",\"url\":\"https:\/\/alsik.dk\/en\/\",\"name\":\"Alsik Hotel &amp; Spa\",\"description\":\"Alsik er et af Danmarks mest sp\u00e6ndende hoteller med stilfulde og topmoderne v\u00e6relser. Her venter en verden af luksuri\u00f8s og hyggelig. Oplev Danmarks st\u00f8rste spa med flere end 60 forskellige spa- og wellnessoplevelser fordelt p\u00e5 4.500 kvadratmeter og fire etager. Eller fork\u00e6l sanserne med gastronomi i s\u00e6rklasse i Alsiks tre restauranter.\",\"potentialAction\":[{\"@type\":\"SearchAction\",\"target\":{\"@type\":\"EntryPoint\",\"urlTemplate\":\"https:\/\/alsik.dk\/en\/?s={search_term_string}\"},\"query-input\":{\"@type\":\"PropertyValueSpecification\",\"valueRequired\":true,\"valueName\":\"search_term_string\"}}],\"inLanguage\":\"en-US\"}]}<\/script>\n<!-- \/ Yoast SEO plugin. -->","yoast_head_json":{"title":"Celebrate Pentecost at Alsik Hotel","description":"Treat yourself to a delightful Pentecost stay in beautiful S\u00f8nderborg at Alsik Hotel & Spa. Savour an exquisite dinner as well as lunch.","robots":{"index":"index","follow":"follow","max-snippet":"max-snippet:-1","max-image-preview":"max-image-preview:large","max-video-preview":"max-video-preview:-1"},"canonical":"https:\/\/alsik.dk\/en\/special-stays\/pentecost\/","og_locale":"en_US","og_type":"article","og_title":"Celebrate Pentecost at Alsik Hotel","og_description":"Treat yourself to a delightful Pentecost stay in beautiful S\u00f8nderborg at Alsik Hotel & Spa. Savour an exquisite dinner as well as lunch.","og_url":"https:\/\/alsik.dk\/en\/special-stays\/pentecost\/","og_site_name":"Alsik Hotel &amp; Spa","article_modified_time":"2026-03-03T10:56:54+00:00","og_image":[{"width":2293,"height":1530,"url":"https:\/\/alsik.dk\/wp-content\/uploads\/2025\/03\/ALSIKAUGUST2021-86.jpg","type":"image\/jpeg"}],"twitter_card":"summary_large_image","twitter_misc":{"Est. reading time":"1 minute"},"schema":{"@context":"https:\/\/schema.org","@graph":[{"@type":"WebPage","@id":"https:\/\/alsik.dk\/en\/special-stays\/pentecost\/","url":"https:\/\/alsik.dk\/en\/special-stays\/pentecost\/","name":"Celebrate Pentecost at Alsik Hotel","isPartOf":{"@id":"https:\/\/alsik.dk\/en\/#website"},"primaryImageOfPage":{"@id":"https:\/\/alsik.dk\/en\/special-stays\/pentecost\/#primaryimage"},"image":{"@id":"https:\/\/alsik.dk\/en\/special-stays\/pentecost\/#primaryimage"},"thumbnailUrl":"https:\/\/alsik.dk\/wp-content\/uploads\/2025\/03\/ALSIKAUGUST2021-86.jpg","datePublished":"2026-01-26T12:33:52+00:00","dateModified":"2026-03-03T10:56:54+00:00","description":"Treat yourself to a delightful Pentecost stay in beautiful S\u00f8nderborg at Alsik Hotel & Spa. Savour an exquisite dinner as well as lunch.","breadcrumb":{"@id":"https:\/\/alsik.dk\/en\/special-stays\/pentecost\/#breadcrumb"},"inLanguage":"en-US","potentialAction":[{"@type":"ReadAction","target":["https:\/\/alsik.dk\/en\/special-stays\/pentecost\/"]}]},{"@type":"ImageObject","inLanguage":"en-US","@id":"https:\/\/alsik.dk\/en\/special-stays\/pentecost\/#primaryimage","url":"https:\/\/alsik.dk\/wp-content\/uploads\/2025\/03\/ALSIKAUGUST2021-86.jpg","contentUrl":"https:\/\/alsik.dk\/wp-content\/uploads\/2025\/03\/ALSIKAUGUST2021-86.jpg","width":2293,"height":1530,"caption":"Alsik i natursk\u00f8nne omgivelser"},{"@type":"BreadcrumbList","@id":"https:\/\/alsik.dk\/en\/special-stays\/pentecost\/#breadcrumb","itemListElement":[{"@type":"ListItem","position":1,"name":"Hjem","item":"https:\/\/alsik.dk\/en\/"},{"@type":"ListItem","position":2,"name":"Enjoy a special stay at Alsik","item":"https:\/\/alsik.dk\/en\/special-stays\/"},{"@type":"ListItem","position":3,"name":"Pentecost Stay"}]},{"@type":"WebSite","@id":"https:\/\/alsik.dk\/en\/#website","url":"https:\/\/alsik.dk\/en\/","name":"Alsik Hotel &amp; Spa","description":"Alsik er et af Danmarks mest sp\u00e6ndende hoteller med stilfulde og topmoderne v\u00e6relser. Her venter en verden af luksuri\u00f8s og hyggelig. Oplev Danmarks st\u00f8rste spa med flere end 60 forskellige spa- og wellnessoplevelser fordelt p\u00e5 4.500 kvadratmeter og fire etager. Eller fork\u00e6l sanserne med gastronomi i s\u00e6rklasse i Alsiks tre restauranter.","potentialAction":[{"@type":"SearchAction","target":{"@type":"EntryPoint","urlTemplate":"https:\/\/alsik.dk\/en\/?s={search_term_string}"},"query-input":{"@type":"PropertyValueSpecification","valueRequired":true,"valueName":"search_term_string"}}],"inLanguage":"en-US"}]}},"_links":{"self":[{"href":"https:\/\/alsik.dk\/en\/wp-json\/wp\/v2\/pages\/17790","targetHints":{"allow":["GET"]}}],"collection":[{"href":"https:\/\/alsik.dk\/en\/wp-json\/wp\/v2\/pages"}],"about":[{"href":"https:\/\/alsik.dk\/en\/wp-json\/wp\/v2\/types\/page"}],"author":[{"embeddable":true,"href":"https:\/\/alsik.dk\/en\/wp-json\/wp\/v2\/users\/7"}],"replies":[{"embeddable":true,"href":"https:\/\/alsik.dk\/en\/wp-json\/wp\/v2\/comments?post=17790"}],"version-history":[{"count":5,"href":"https:\/\/alsik.dk\/en\/wp-json\/wp\/v2\/pages\/17790\/revisions"}],"predecessor-version":[{"id":17795,"href":"https:\/\/alsik.dk\/en\/wp-json\/wp\/v2\/pages\/17790\/revisions\/17795"}],"up":[{"embeddable":true,"href":"https:\/\/alsik.dk\/en\/wp-json\/wp\/v2\/pages\/5567"}],"wp:featuredmedia":[{"embeddable":true,"href":"https:\/\/alsik.dk\/en\/wp-json\/wp\/v2\/media\/15684"}],"wp:attachment":[{"href":"https:\/\/alsik.dk\/en\/wp-json\/wp\/v2\/media?parent=17790"}],"wp:term":[{"taxonomy":"post_tag","embeddable":true,"href":"https:\/\/alsik.dk\/en\/wp-json\/wp\/v2\/tags?post=17790"}],"curies":[{"name":"wp","href":"https:\/\/api.w.org\/{rel}","templated":true}]}}