{"id":17806,"date":"2025-06-19T13:53:23","date_gmt":"2025-06-19T11:53:23","guid":{"rendered":"https:\/\/alsik.dk\/special-stays\/4-dage\/"},"modified":"2026-03-03T15:51:13","modified_gmt":"2026-03-03T14:51:13","slug":"4-days","status":"publish","type":"page","link":"https:\/\/alsik.dk\/en\/special-stays\/4-days\/","title":{"rendered":"4 Days in S\u00f8nderborg"},"content":{"rendered":"<p>Enjoy December with a four-day \/ three-night stay at Alsik Hotel &amp; Spa in beautiful S\u00f8nderborg. Your stay includes our generous breakfast buffet each morning.<\/p>\n<hr \/>\n<p style=\"text-align: right;\">From DKK 5.500 for 2 persons for 3 nights<\/p>\n<hr \/>\n<p>&nbsp;<\/p>\n<p>The stay can be booked with arrival on selected days during Easter, July, and week 42.<\/p>\n","protected":false},"excerpt":{"rendered":"<p>Enjoy a mini-break in beautiful S\u00f8nderborg: 4 days and 3 nights including breakfast each morning for only DKK 5.500.<\/p>\n","protected":false},"author":7,"featured_media":17802,"parent":5567,"menu_order":0,"comment_status":"closed","ping_status":"closed","template":"","meta":{"_acf_changed":false,"footnotes":""},"tags":[],"class_list":["post-17806","page","type-page","status-publish","has-post-thumbnail","hentry"],"acf":[],"yoast_head":"<!-- This site is optimized with the Yoast SEO plugin v24.3 - https:\/\/yoast.com\/wordpress\/plugins\/seo\/ -->\n<title>Enjoy Four Days in S\u00f8nderborg<\/title>\n<meta name=\"description\" content=\"Treat yourself to a delightful mini-break in S\u00f8nderborg with three nights. Start each day with our generous breakfast buffet.\" \/>\n<meta name=\"robots\" content=\"index, follow, max-snippet:-1, max-image-preview:large, max-video-preview:-1\" \/>\n<link rel=\"canonical\" href=\"https:\/\/alsik.dk\/en\/special-stays\/4-days\/\" \/>\n<meta property=\"og:locale\" content=\"en_US\" \/>\n<meta property=\"og:type\" content=\"article\" \/>\n<meta property=\"og:title\" content=\"Enjoy Four Days in S\u00f8nderborg\" \/>\n<meta property=\"og:description\" content=\"Treat yourself to a delightful mini-break in S\u00f8nderborg with three nights. Start each day with our generous breakfast buffet.\" \/>\n<meta property=\"og:url\" content=\"https:\/\/alsik.dk\/en\/special-stays\/4-days\/\" \/>\n<meta property=\"og:site_name\" content=\"Alsik Hotel &amp; Spa\" \/>\n<meta property=\"article:modified_time\" content=\"2026-03-03T14:51:13+00:00\" \/>\n<meta property=\"og:image\" content=\"https:\/\/alsik.dk\/wp-content\/uploads\/2026\/03\/alsik-hotel-4-dage-i-soenderborg.jpg\" \/>\n\t<meta property=\"og:image:width\" content=\"1600\" \/>\n\t<meta property=\"og:image:height\" content=\"1067\" \/>\n\t<meta property=\"og:image:type\" content=\"image\/jpeg\" \/>\n<meta name=\"twitter:card\" content=\"summary_large_image\" \/>\n<meta name=\"twitter:label1\" content=\"Est. reading time\" \/>\n\t<meta name=\"twitter:data1\" content=\"1 minute\" \/>\n<script type=\"application\/ld+json\" class=\"yoast-schema-graph\">{\"@context\":\"https:\/\/schema.org\",\"@graph\":[{\"@type\":\"WebPage\",\"@id\":\"https:\/\/alsik.dk\/en\/special-stays\/4-days\/\",\"url\":\"https:\/\/alsik.dk\/en\/special-stays\/4-days\/\",\"name\":\"Enjoy Four Days in S\u00f8nderborg\",\"isPartOf\":{\"@id\":\"https:\/\/alsik.dk\/en\/#website\"},\"primaryImageOfPage\":{\"@id\":\"https:\/\/alsik.dk\/en\/special-stays\/4-days\/#primaryimage\"},\"image\":{\"@id\":\"https:\/\/alsik.dk\/en\/special-stays\/4-days\/#primaryimage\"},\"thumbnailUrl\":\"https:\/\/alsik.dk\/wp-content\/uploads\/2026\/03\/alsik-hotel-4-dage-i-soenderborg.jpg\",\"datePublished\":\"2025-06-19T11:53:23+00:00\",\"dateModified\":\"2026-03-03T14:51:13+00:00\",\"description\":\"Treat yourself to a delightful mini-break in S\u00f8nderborg with three nights. Start each day with our generous breakfast buffet.\",\"breadcrumb\":{\"@id\":\"https:\/\/alsik.dk\/en\/special-stays\/4-days\/#breadcrumb\"},\"inLanguage\":\"en-US\",\"potentialAction\":[{\"@type\":\"ReadAction\",\"target\":[\"https:\/\/alsik.dk\/en\/special-stays\/4-days\/\"]}]},{\"@type\":\"ImageObject\",\"inLanguage\":\"en-US\",\"@id\":\"https:\/\/alsik.dk\/en\/special-stays\/4-days\/#primaryimage\",\"url\":\"https:\/\/alsik.dk\/wp-content\/uploads\/2026\/03\/alsik-hotel-4-dage-i-soenderborg.jpg\",\"contentUrl\":\"https:\/\/alsik.dk\/wp-content\/uploads\/2026\/03\/alsik-hotel-4-dage-i-soenderborg.jpg\",\"width\":1600,\"height\":1067,\"caption\":\"Alsik Hotel & Spa\"},{\"@type\":\"BreadcrumbList\",\"@id\":\"https:\/\/alsik.dk\/en\/special-stays\/4-days\/#breadcrumb\",\"itemListElement\":[{\"@type\":\"ListItem\",\"position\":1,\"name\":\"Hjem\",\"item\":\"https:\/\/alsik.dk\/en\/\"},{\"@type\":\"ListItem\",\"position\":2,\"name\":\"Enjoy a special stay at Alsik\",\"item\":\"https:\/\/alsik.dk\/en\/special-stays\/\"},{\"@type\":\"ListItem\",\"position\":3,\"name\":\"4 Days in S\u00f8nderborg\"}]},{\"@type\":\"WebSite\",\"@id\":\"https:\/\/alsik.dk\/en\/#website\",\"url\":\"https:\/\/alsik.dk\/en\/\",\"name\":\"Alsik Hotel &amp; Spa\",\"description\":\"Alsik er et af Danmarks mest sp\u00e6ndende hoteller med stilfulde og topmoderne v\u00e6relser. Her venter en verden af luksuri\u00f8s og hyggelig. Oplev Danmarks st\u00f8rste spa med flere end 60 forskellige spa- og wellnessoplevelser fordelt p\u00e5 4.500 kvadratmeter og fire etager. Eller fork\u00e6l sanserne med gastronomi i s\u00e6rklasse i Alsiks tre restauranter.\",\"potentialAction\":[{\"@type\":\"SearchAction\",\"target\":{\"@type\":\"EntryPoint\",\"urlTemplate\":\"https:\/\/alsik.dk\/en\/?s={search_term_string}\"},\"query-input\":{\"@type\":\"PropertyValueSpecification\",\"valueRequired\":true,\"valueName\":\"search_term_string\"}}],\"inLanguage\":\"en-US\"}]}<\/script>\n<!-- \/ Yoast SEO plugin. -->","yoast_head_json":{"title":"Enjoy Four Days in S\u00f8nderborg","description":"Treat yourself to a delightful mini-break in S\u00f8nderborg with three nights. Start each day with our generous breakfast buffet.","robots":{"index":"index","follow":"follow","max-snippet":"max-snippet:-1","max-image-preview":"max-image-preview:large","max-video-preview":"max-video-preview:-1"},"canonical":"https:\/\/alsik.dk\/en\/special-stays\/4-days\/","og_locale":"en_US","og_type":"article","og_title":"Enjoy Four Days in S\u00f8nderborg","og_description":"Treat yourself to a delightful mini-break in S\u00f8nderborg with three nights. Start each day with our generous breakfast buffet.","og_url":"https:\/\/alsik.dk\/en\/special-stays\/4-days\/","og_site_name":"Alsik Hotel &amp; Spa","article_modified_time":"2026-03-03T14:51:13+00:00","og_image":[{"width":1600,"height":1067,"url":"https:\/\/alsik.dk\/wp-content\/uploads\/2026\/03\/alsik-hotel-4-dage-i-soenderborg.jpg","type":"image\/jpeg"}],"twitter_card":"summary_large_image","twitter_misc":{"Est. reading time":"1 minute"},"schema":{"@context":"https:\/\/schema.org","@graph":[{"@type":"WebPage","@id":"https:\/\/alsik.dk\/en\/special-stays\/4-days\/","url":"https:\/\/alsik.dk\/en\/special-stays\/4-days\/","name":"Enjoy Four Days in S\u00f8nderborg","isPartOf":{"@id":"https:\/\/alsik.dk\/en\/#website"},"primaryImageOfPage":{"@id":"https:\/\/alsik.dk\/en\/special-stays\/4-days\/#primaryimage"},"image":{"@id":"https:\/\/alsik.dk\/en\/special-stays\/4-days\/#primaryimage"},"thumbnailUrl":"https:\/\/alsik.dk\/wp-content\/uploads\/2026\/03\/alsik-hotel-4-dage-i-soenderborg.jpg","datePublished":"2025-06-19T11:53:23+00:00","dateModified":"2026-03-03T14:51:13+00:00","description":"Treat yourself to a delightful mini-break in S\u00f8nderborg with three nights. Start each day with our generous breakfast buffet.","breadcrumb":{"@id":"https:\/\/alsik.dk\/en\/special-stays\/4-days\/#breadcrumb"},"inLanguage":"en-US","potentialAction":[{"@type":"ReadAction","target":["https:\/\/alsik.dk\/en\/special-stays\/4-days\/"]}]},{"@type":"ImageObject","inLanguage":"en-US","@id":"https:\/\/alsik.dk\/en\/special-stays\/4-days\/#primaryimage","url":"https:\/\/alsik.dk\/wp-content\/uploads\/2026\/03\/alsik-hotel-4-dage-i-soenderborg.jpg","contentUrl":"https:\/\/alsik.dk\/wp-content\/uploads\/2026\/03\/alsik-hotel-4-dage-i-soenderborg.jpg","width":1600,"height":1067,"caption":"Alsik Hotel & Spa"},{"@type":"BreadcrumbList","@id":"https:\/\/alsik.dk\/en\/special-stays\/4-days\/#breadcrumb","itemListElement":[{"@type":"ListItem","position":1,"name":"Hjem","item":"https:\/\/alsik.dk\/en\/"},{"@type":"ListItem","position":2,"name":"Enjoy a special stay at Alsik","item":"https:\/\/alsik.dk\/en\/special-stays\/"},{"@type":"ListItem","position":3,"name":"4 Days in S\u00f8nderborg"}]},{"@type":"WebSite","@id":"https:\/\/alsik.dk\/en\/#website","url":"https:\/\/alsik.dk\/en\/","name":"Alsik Hotel &amp; Spa","description":"Alsik er et af Danmarks mest sp\u00e6ndende hoteller med stilfulde og topmoderne v\u00e6relser. Her venter en verden af luksuri\u00f8s og hyggelig. Oplev Danmarks st\u00f8rste spa med flere end 60 forskellige spa- og wellnessoplevelser fordelt p\u00e5 4.500 kvadratmeter og fire etager. Eller fork\u00e6l sanserne med gastronomi i s\u00e6rklasse i Alsiks tre restauranter.","potentialAction":[{"@type":"SearchAction","target":{"@type":"EntryPoint","urlTemplate":"https:\/\/alsik.dk\/en\/?s={search_term_string}"},"query-input":{"@type":"PropertyValueSpecification","valueRequired":true,"valueName":"search_term_string"}}],"inLanguage":"en-US"}]}},"_links":{"self":[{"href":"https:\/\/alsik.dk\/en\/wp-json\/wp\/v2\/pages\/17806","targetHints":{"allow":["GET"]}}],"collection":[{"href":"https:\/\/alsik.dk\/en\/wp-json\/wp\/v2\/pages"}],"about":[{"href":"https:\/\/alsik.dk\/en\/wp-json\/wp\/v2\/types\/page"}],"author":[{"embeddable":true,"href":"https:\/\/alsik.dk\/en\/wp-json\/wp\/v2\/users\/7"}],"replies":[{"embeddable":true,"href":"https:\/\/alsik.dk\/en\/wp-json\/wp\/v2\/comments?post=17806"}],"version-history":[{"count":4,"href":"https:\/\/alsik.dk\/en\/wp-json\/wp\/v2\/pages\/17806\/revisions"}],"predecessor-version":[{"id":17824,"href":"https:\/\/alsik.dk\/en\/wp-json\/wp\/v2\/pages\/17806\/revisions\/17824"}],"up":[{"embeddable":true,"href":"https:\/\/alsik.dk\/en\/wp-json\/wp\/v2\/pages\/5567"}],"wp:featuredmedia":[{"embeddable":true,"href":"https:\/\/alsik.dk\/en\/wp-json\/wp\/v2\/media\/17802"}],"wp:attachment":[{"href":"https:\/\/alsik.dk\/en\/wp-json\/wp\/v2\/media?parent=17806"}],"wp:term":[{"taxonomy":"post_tag","embeddable":true,"href":"https:\/\/alsik.dk\/en\/wp-json\/wp\/v2\/tags?post=17806"}],"curies":[{"name":"wp","href":"https:\/\/api.w.org\/{rel}","templated":true}]}}