{"id":17815,"date":"2022-05-25T09:33:00","date_gmt":"2022-05-25T07:33:00","guid":{"rendered":"https:\/\/alsik.dk\/special-stays\/alsik-miniferie\/"},"modified":"2026-03-24T14:39:37","modified_gmt":"2026-03-24T13:39:37","slug":"minivacation","status":"publish","type":"page","link":"https:\/\/alsik.dk\/en\/special-stays\/minivacation\/","title":{"rendered":"Alsik Mini-Vacation"},"content":{"rendered":"<p>Recharge your batteries with a mini-vacation at Alsik Hotel &amp; Spa in S\u00f8nderborg. Treat yourself to two nights and delicious dinners.<\/p>\n<hr \/>\n<p style=\"text-align: right;\">From DKK 5.990 for 2 persons<br \/>\n<strong>Spring rate DKK 4.792 for 2 persons with arrival Sunday\u2013Wednesday<\/strong><\/p>\n<hr \/>\n<p style=\"text-align: right;\">\n","protected":false},"excerpt":{"rendered":"<p>Enjoy a wonderful stay with two nights, three-course dinner each evening and generous breakfast buffets.<\/p>\n","protected":false},"author":7,"featured_media":15881,"parent":5567,"menu_order":0,"comment_status":"closed","ping_status":"closed","template":"","meta":{"_acf_changed":false,"footnotes":""},"tags":[],"class_list":["post-17815","page","type-page","status-publish","has-post-thumbnail","hentry"],"acf":[],"yoast_head":"<!-- This site is optimized with the Yoast SEO plugin v24.3 - https:\/\/yoast.com\/wordpress\/plugins\/seo\/ -->\n<title>Mini-vacation at Alsik Hotel &amp; Spa in S\u00f8nderborg<\/title>\n<meta name=\"description\" content=\"Pamper yourself and your loved one with a special stay at Alsik Hotel in S\u00f8nderborg, including overnight stays and exquisite dinners.\" \/>\n<meta name=\"robots\" content=\"index, follow, max-snippet:-1, max-image-preview:large, max-video-preview:-1\" \/>\n<link rel=\"canonical\" href=\"https:\/\/alsik.dk\/en\/special-stays\/minivacation\/\" \/>\n<meta property=\"og:locale\" content=\"en_US\" \/>\n<meta property=\"og:type\" content=\"article\" \/>\n<meta property=\"og:title\" content=\"Mini-vacation at Alsik Hotel &amp; Spa in S\u00f8nderborg\" \/>\n<meta property=\"og:description\" content=\"Pamper yourself and your loved one with a special stay at Alsik Hotel in S\u00f8nderborg, including overnight stays and exquisite dinners.\" \/>\n<meta property=\"og:url\" content=\"https:\/\/alsik.dk\/en\/special-stays\/minivacation\/\" \/>\n<meta property=\"og:site_name\" content=\"Alsik Hotel &amp; Spa\" \/>\n<meta property=\"article:modified_time\" content=\"2026-03-24T13:39:37+00:00\" \/>\n<meta property=\"og:image\" content=\"https:\/\/alsik.dk\/wp-content\/uploads\/2025\/04\/Alsik-miniferie.jpg\" \/>\n\t<meta property=\"og:image:width\" content=\"2399\" \/>\n\t<meta property=\"og:image:height\" content=\"1600\" \/>\n\t<meta property=\"og:image:type\" content=\"image\/jpeg\" \/>\n<meta name=\"twitter:card\" content=\"summary_large_image\" \/>\n<meta name=\"twitter:label1\" content=\"Est. reading time\" \/>\n\t<meta name=\"twitter:data1\" content=\"1 minute\" \/>\n<script type=\"application\/ld+json\" class=\"yoast-schema-graph\">{\"@context\":\"https:\/\/schema.org\",\"@graph\":[{\"@type\":\"WebPage\",\"@id\":\"https:\/\/alsik.dk\/en\/special-stays\/minivacation\/\",\"url\":\"https:\/\/alsik.dk\/en\/special-stays\/minivacation\/\",\"name\":\"Mini-vacation at Alsik Hotel & Spa in S\u00f8nderborg\",\"isPartOf\":{\"@id\":\"https:\/\/alsik.dk\/en\/#website\"},\"primaryImageOfPage\":{\"@id\":\"https:\/\/alsik.dk\/en\/special-stays\/minivacation\/#primaryimage\"},\"image\":{\"@id\":\"https:\/\/alsik.dk\/en\/special-stays\/minivacation\/#primaryimage\"},\"thumbnailUrl\":\"https:\/\/alsik.dk\/wp-content\/uploads\/2025\/04\/Alsik-miniferie.jpg\",\"datePublished\":\"2022-05-25T07:33:00+00:00\",\"dateModified\":\"2026-03-24T13:39:37+00:00\",\"description\":\"Pamper yourself and your loved one with a special stay at Alsik Hotel in S\u00f8nderborg, including overnight stays and exquisite dinners.\",\"breadcrumb\":{\"@id\":\"https:\/\/alsik.dk\/en\/special-stays\/minivacation\/#breadcrumb\"},\"inLanguage\":\"en-US\",\"potentialAction\":[{\"@type\":\"ReadAction\",\"target\":[\"https:\/\/alsik.dk\/en\/special-stays\/minivacation\/\"]}]},{\"@type\":\"ImageObject\",\"inLanguage\":\"en-US\",\"@id\":\"https:\/\/alsik.dk\/en\/special-stays\/minivacation\/#primaryimage\",\"url\":\"https:\/\/alsik.dk\/wp-content\/uploads\/2025\/04\/Alsik-miniferie.jpg\",\"contentUrl\":\"https:\/\/alsik.dk\/wp-content\/uploads\/2025\/04\/Alsik-miniferie.jpg\",\"width\":2399,\"height\":1600,\"caption\":\"Alsik miniferie\"},{\"@type\":\"BreadcrumbList\",\"@id\":\"https:\/\/alsik.dk\/en\/special-stays\/minivacation\/#breadcrumb\",\"itemListElement\":[{\"@type\":\"ListItem\",\"position\":1,\"name\":\"Hjem\",\"item\":\"https:\/\/alsik.dk\/en\/\"},{\"@type\":\"ListItem\",\"position\":2,\"name\":\"Enjoy a special stay at Alsik\",\"item\":\"https:\/\/alsik.dk\/en\/special-stays\/\"},{\"@type\":\"ListItem\",\"position\":3,\"name\":\"Alsik Mini-Vacation\"}]},{\"@type\":\"WebSite\",\"@id\":\"https:\/\/alsik.dk\/en\/#website\",\"url\":\"https:\/\/alsik.dk\/en\/\",\"name\":\"Alsik Hotel &amp; Spa\",\"description\":\"Alsik er et af Danmarks mest sp\u00e6ndende hoteller med stilfulde og topmoderne v\u00e6relser. Her venter en verden af luksuri\u00f8s og hyggelig. Oplev Danmarks st\u00f8rste spa med flere end 60 forskellige spa- og wellnessoplevelser fordelt p\u00e5 4.500 kvadratmeter og fire etager. Eller fork\u00e6l sanserne med gastronomi i s\u00e6rklasse i Alsiks tre restauranter.\",\"potentialAction\":[{\"@type\":\"SearchAction\",\"target\":{\"@type\":\"EntryPoint\",\"urlTemplate\":\"https:\/\/alsik.dk\/en\/?s={search_term_string}\"},\"query-input\":{\"@type\":\"PropertyValueSpecification\",\"valueRequired\":true,\"valueName\":\"search_term_string\"}}],\"inLanguage\":\"en-US\"}]}<\/script>\n<!-- \/ Yoast SEO plugin. -->","yoast_head_json":{"title":"Mini-vacation at Alsik Hotel & Spa in S\u00f8nderborg","description":"Pamper yourself and your loved one with a special stay at Alsik Hotel in S\u00f8nderborg, including overnight stays and exquisite dinners.","robots":{"index":"index","follow":"follow","max-snippet":"max-snippet:-1","max-image-preview":"max-image-preview:large","max-video-preview":"max-video-preview:-1"},"canonical":"https:\/\/alsik.dk\/en\/special-stays\/minivacation\/","og_locale":"en_US","og_type":"article","og_title":"Mini-vacation at Alsik Hotel & Spa in S\u00f8nderborg","og_description":"Pamper yourself and your loved one with a special stay at Alsik Hotel in S\u00f8nderborg, including overnight stays and exquisite dinners.","og_url":"https:\/\/alsik.dk\/en\/special-stays\/minivacation\/","og_site_name":"Alsik Hotel &amp; Spa","article_modified_time":"2026-03-24T13:39:37+00:00","og_image":[{"width":2399,"height":1600,"url":"https:\/\/alsik.dk\/wp-content\/uploads\/2025\/04\/Alsik-miniferie.jpg","type":"image\/jpeg"}],"twitter_card":"summary_large_image","twitter_misc":{"Est. reading time":"1 minute"},"schema":{"@context":"https:\/\/schema.org","@graph":[{"@type":"WebPage","@id":"https:\/\/alsik.dk\/en\/special-stays\/minivacation\/","url":"https:\/\/alsik.dk\/en\/special-stays\/minivacation\/","name":"Mini-vacation at Alsik Hotel & Spa in S\u00f8nderborg","isPartOf":{"@id":"https:\/\/alsik.dk\/en\/#website"},"primaryImageOfPage":{"@id":"https:\/\/alsik.dk\/en\/special-stays\/minivacation\/#primaryimage"},"image":{"@id":"https:\/\/alsik.dk\/en\/special-stays\/minivacation\/#primaryimage"},"thumbnailUrl":"https:\/\/alsik.dk\/wp-content\/uploads\/2025\/04\/Alsik-miniferie.jpg","datePublished":"2022-05-25T07:33:00+00:00","dateModified":"2026-03-24T13:39:37+00:00","description":"Pamper yourself and your loved one with a special stay at Alsik Hotel in S\u00f8nderborg, including overnight stays and exquisite dinners.","breadcrumb":{"@id":"https:\/\/alsik.dk\/en\/special-stays\/minivacation\/#breadcrumb"},"inLanguage":"en-US","potentialAction":[{"@type":"ReadAction","target":["https:\/\/alsik.dk\/en\/special-stays\/minivacation\/"]}]},{"@type":"ImageObject","inLanguage":"en-US","@id":"https:\/\/alsik.dk\/en\/special-stays\/minivacation\/#primaryimage","url":"https:\/\/alsik.dk\/wp-content\/uploads\/2025\/04\/Alsik-miniferie.jpg","contentUrl":"https:\/\/alsik.dk\/wp-content\/uploads\/2025\/04\/Alsik-miniferie.jpg","width":2399,"height":1600,"caption":"Alsik miniferie"},{"@type":"BreadcrumbList","@id":"https:\/\/alsik.dk\/en\/special-stays\/minivacation\/#breadcrumb","itemListElement":[{"@type":"ListItem","position":1,"name":"Hjem","item":"https:\/\/alsik.dk\/en\/"},{"@type":"ListItem","position":2,"name":"Enjoy a special stay at Alsik","item":"https:\/\/alsik.dk\/en\/special-stays\/"},{"@type":"ListItem","position":3,"name":"Alsik Mini-Vacation"}]},{"@type":"WebSite","@id":"https:\/\/alsik.dk\/en\/#website","url":"https:\/\/alsik.dk\/en\/","name":"Alsik Hotel &amp; Spa","description":"Alsik er et af Danmarks mest sp\u00e6ndende hoteller med stilfulde og topmoderne v\u00e6relser. Her venter en verden af luksuri\u00f8s og hyggelig. Oplev Danmarks st\u00f8rste spa med flere end 60 forskellige spa- og wellnessoplevelser fordelt p\u00e5 4.500 kvadratmeter og fire etager. Eller fork\u00e6l sanserne med gastronomi i s\u00e6rklasse i Alsiks tre restauranter.","potentialAction":[{"@type":"SearchAction","target":{"@type":"EntryPoint","urlTemplate":"https:\/\/alsik.dk\/en\/?s={search_term_string}"},"query-input":{"@type":"PropertyValueSpecification","valueRequired":true,"valueName":"search_term_string"}}],"inLanguage":"en-US"}]}},"_links":{"self":[{"href":"https:\/\/alsik.dk\/en\/wp-json\/wp\/v2\/pages\/17815","targetHints":{"allow":["GET"]}}],"collection":[{"href":"https:\/\/alsik.dk\/en\/wp-json\/wp\/v2\/pages"}],"about":[{"href":"https:\/\/alsik.dk\/en\/wp-json\/wp\/v2\/types\/page"}],"author":[{"embeddable":true,"href":"https:\/\/alsik.dk\/en\/wp-json\/wp\/v2\/users\/7"}],"replies":[{"embeddable":true,"href":"https:\/\/alsik.dk\/en\/wp-json\/wp\/v2\/comments?post=17815"}],"version-history":[{"count":5,"href":"https:\/\/alsik.dk\/en\/wp-json\/wp\/v2\/pages\/17815\/revisions"}],"predecessor-version":[{"id":17991,"href":"https:\/\/alsik.dk\/en\/wp-json\/wp\/v2\/pages\/17815\/revisions\/17991"}],"up":[{"embeddable":true,"href":"https:\/\/alsik.dk\/en\/wp-json\/wp\/v2\/pages\/5567"}],"wp:featuredmedia":[{"embeddable":true,"href":"https:\/\/alsik.dk\/en\/wp-json\/wp\/v2\/media\/15881"}],"wp:attachment":[{"href":"https:\/\/alsik.dk\/en\/wp-json\/wp\/v2\/media?parent=17815"}],"wp:term":[{"taxonomy":"post_tag","embeddable":true,"href":"https:\/\/alsik.dk\/en\/wp-json\/wp\/v2\/tags?post=17815"}],"curies":[{"name":"wp","href":"https:\/\/api.w.org\/{rel}","templated":true}]}}