{"id":18036,"date":"2026-03-25T10:28:21","date_gmt":"2026-03-25T09:28:21","guid":{"rendered":"https:\/\/alsik.dk\/?page_id=18036"},"modified":"2026-03-25T14:40:55","modified_gmt":"2026-03-25T13:40:55","slug":"yoga","status":"publish","type":"page","link":"https:\/\/alsik.dk\/en\/special-stays\/yoga\/","title":{"rendered":"Yoga &#038; Spa Stay"},"content":{"rendered":"<p>Yoga &amp; Spa Stay with 2 Nights, Evening Menus, Breakfast Buffet and Spa Experiences.<\/p>\n<p>&nbsp;<\/p>\n<hr \/>\n<p style=\"text-align: right;\">Price per person in a single room DKK 5.295<br \/>\nPrice for 2 persons in a double room DKK 7.995<\/p>\n<hr \/>\n<p>&nbsp;<\/p>\n<p>&nbsp;<\/p>\n","protected":false},"excerpt":{"rendered":"<p>Yoga &#038; Spa Stay with 2 Nights, Evening Menus, Breakfast Buffet and Spa Experiences.<\/p>\n","protected":false},"author":7,"featured_media":17252,"parent":5567,"menu_order":0,"comment_status":"closed","ping_status":"closed","template":"","meta":{"_acf_changed":false,"footnotes":""},"tags":[],"class_list":["post-18036","page","type-page","status-publish","has-post-thumbnail","hentry"],"acf":[],"yoast_head":"<!-- This site is optimized with the Yoast SEO plugin v24.3 - https:\/\/yoast.com\/wordpress\/plugins\/seo\/ -->\n<title>Yoga &amp; Spa Stay with Gastronomy<\/title>\n<meta name=\"description\" content=\"Yoga &amp; Spa Stay at Alsik Hotel &amp; Spa in S\u00f8nderborg with 2 nights, evening menus, breakfast buffet and spa experiences.\" \/>\n<meta name=\"robots\" content=\"index, follow, max-snippet:-1, max-image-preview:large, max-video-preview:-1\" \/>\n<link rel=\"canonical\" href=\"https:\/\/alsik.dk\/en\/special-stays\/yoga\/\" \/>\n<meta property=\"og:locale\" content=\"en_US\" \/>\n<meta property=\"og:type\" content=\"article\" \/>\n<meta property=\"og:title\" content=\"Yoga &amp; Spa Stay with Gastronomy\" \/>\n<meta property=\"og:description\" content=\"Yoga &amp; Spa Stay at Alsik Hotel &amp; Spa in S\u00f8nderborg with 2 nights, evening menus, breakfast buffet and spa experiences.\" \/>\n<meta property=\"og:url\" content=\"https:\/\/alsik.dk\/en\/special-stays\/yoga\/\" \/>\n<meta property=\"og:site_name\" content=\"Alsik Hotel &amp; Spa\" \/>\n<meta property=\"article:modified_time\" content=\"2026-03-25T13:40:55+00:00\" \/>\n<meta property=\"og:image\" content=\"https:\/\/alsik.dk\/wp-content\/uploads\/2022\/03\/AlsikMindfulnessYogaMarts2022-21-scaled.jpg\" \/>\n\t<meta property=\"og:image:width\" content=\"2560\" \/>\n\t<meta property=\"og:image:height\" content=\"1707\" \/>\n\t<meta property=\"og:image:type\" content=\"image\/jpeg\" \/>\n<meta name=\"twitter:card\" content=\"summary_large_image\" \/>\n<meta name=\"twitter:label1\" content=\"Est. reading time\" \/>\n\t<meta name=\"twitter:data1\" content=\"1 minute\" \/>\n<script type=\"application\/ld+json\" class=\"yoast-schema-graph\">{\"@context\":\"https:\/\/schema.org\",\"@graph\":[{\"@type\":\"WebPage\",\"@id\":\"https:\/\/alsik.dk\/en\/special-stays\/yoga\/\",\"url\":\"https:\/\/alsik.dk\/en\/special-stays\/yoga\/\",\"name\":\"Yoga & Spa Stay with Gastronomy\",\"isPartOf\":{\"@id\":\"https:\/\/alsik.dk\/en\/#website\"},\"primaryImageOfPage\":{\"@id\":\"https:\/\/alsik.dk\/en\/special-stays\/yoga\/#primaryimage\"},\"image\":{\"@id\":\"https:\/\/alsik.dk\/en\/special-stays\/yoga\/#primaryimage\"},\"thumbnailUrl\":\"https:\/\/alsik.dk\/wp-content\/uploads\/2025\/12\/YOGA-ALEXANDRA-JUL.png\",\"datePublished\":\"2026-03-25T09:28:21+00:00\",\"dateModified\":\"2026-03-25T13:40:55+00:00\",\"description\":\"Yoga & Spa Stay at Alsik Hotel & Spa in S\u00f8nderborg with 2 nights, evening menus, breakfast buffet and spa experiences.\",\"breadcrumb\":{\"@id\":\"https:\/\/alsik.dk\/en\/special-stays\/yoga\/#breadcrumb\"},\"inLanguage\":\"en-US\",\"potentialAction\":[{\"@type\":\"ReadAction\",\"target\":[\"https:\/\/alsik.dk\/en\/special-stays\/yoga\/\"]}]},{\"@type\":\"ImageObject\",\"inLanguage\":\"en-US\",\"@id\":\"https:\/\/alsik.dk\/en\/special-stays\/yoga\/#primaryimage\",\"url\":\"https:\/\/alsik.dk\/wp-content\/uploads\/2025\/12\/YOGA-ALEXANDRA-JUL.png\",\"contentUrl\":\"https:\/\/alsik.dk\/wp-content\/uploads\/2025\/12\/YOGA-ALEXANDRA-JUL.png\",\"width\":940,\"height\":788},{\"@type\":\"BreadcrumbList\",\"@id\":\"https:\/\/alsik.dk\/en\/special-stays\/yoga\/#breadcrumb\",\"itemListElement\":[{\"@type\":\"ListItem\",\"position\":1,\"name\":\"Hjem\",\"item\":\"https:\/\/alsik.dk\/en\/\"},{\"@type\":\"ListItem\",\"position\":2,\"name\":\"Enjoy a special stay at Alsik\",\"item\":\"https:\/\/alsik.dk\/en\/special-stays\/\"},{\"@type\":\"ListItem\",\"position\":3,\"name\":\"Yoga &#038; Spa Stay\"}]},{\"@type\":\"WebSite\",\"@id\":\"https:\/\/alsik.dk\/en\/#website\",\"url\":\"https:\/\/alsik.dk\/en\/\",\"name\":\"Alsik Hotel &amp; Spa\",\"description\":\"Alsik er et af Danmarks mest sp\u00e6ndende hoteller med stilfulde og topmoderne v\u00e6relser. Her venter en verden af luksuri\u00f8s og hyggelig. Oplev Danmarks st\u00f8rste spa med flere end 60 forskellige spa- og wellnessoplevelser fordelt p\u00e5 4.500 kvadratmeter og fire etager. Eller fork\u00e6l sanserne med gastronomi i s\u00e6rklasse i Alsiks tre restauranter.\",\"potentialAction\":[{\"@type\":\"SearchAction\",\"target\":{\"@type\":\"EntryPoint\",\"urlTemplate\":\"https:\/\/alsik.dk\/en\/?s={search_term_string}\"},\"query-input\":{\"@type\":\"PropertyValueSpecification\",\"valueRequired\":true,\"valueName\":\"search_term_string\"}}],\"inLanguage\":\"en-US\"}]}<\/script>\n<!-- \/ Yoast SEO plugin. -->","yoast_head_json":{"title":"Yoga & Spa Stay with Gastronomy","description":"Yoga & Spa Stay at Alsik Hotel & Spa in S\u00f8nderborg with 2 nights, evening menus, breakfast buffet and spa experiences.","robots":{"index":"index","follow":"follow","max-snippet":"max-snippet:-1","max-image-preview":"max-image-preview:large","max-video-preview":"max-video-preview:-1"},"canonical":"https:\/\/alsik.dk\/en\/special-stays\/yoga\/","og_locale":"en_US","og_type":"article","og_title":"Yoga & Spa Stay with Gastronomy","og_description":"Yoga & Spa Stay at Alsik Hotel & Spa in S\u00f8nderborg with 2 nights, evening menus, breakfast buffet and spa experiences.","og_url":"https:\/\/alsik.dk\/en\/special-stays\/yoga\/","og_site_name":"Alsik Hotel &amp; Spa","article_modified_time":"2026-03-25T13:40:55+00:00","og_image":[{"width":2560,"height":1707,"url":"https:\/\/alsik.dk\/wp-content\/uploads\/2022\/03\/AlsikMindfulnessYogaMarts2022-21-scaled.jpg","type":"image\/jpeg"}],"twitter_card":"summary_large_image","twitter_misc":{"Est. reading time":"1 minute"},"schema":{"@context":"https:\/\/schema.org","@graph":[{"@type":"WebPage","@id":"https:\/\/alsik.dk\/en\/special-stays\/yoga\/","url":"https:\/\/alsik.dk\/en\/special-stays\/yoga\/","name":"Yoga & Spa Stay with Gastronomy","isPartOf":{"@id":"https:\/\/alsik.dk\/en\/#website"},"primaryImageOfPage":{"@id":"https:\/\/alsik.dk\/en\/special-stays\/yoga\/#primaryimage"},"image":{"@id":"https:\/\/alsik.dk\/en\/special-stays\/yoga\/#primaryimage"},"thumbnailUrl":"https:\/\/alsik.dk\/wp-content\/uploads\/2025\/12\/YOGA-ALEXANDRA-JUL.png","datePublished":"2026-03-25T09:28:21+00:00","dateModified":"2026-03-25T13:40:55+00:00","description":"Yoga & Spa Stay at Alsik Hotel & Spa in S\u00f8nderborg with 2 nights, evening menus, breakfast buffet and spa experiences.","breadcrumb":{"@id":"https:\/\/alsik.dk\/en\/special-stays\/yoga\/#breadcrumb"},"inLanguage":"en-US","potentialAction":[{"@type":"ReadAction","target":["https:\/\/alsik.dk\/en\/special-stays\/yoga\/"]}]},{"@type":"ImageObject","inLanguage":"en-US","@id":"https:\/\/alsik.dk\/en\/special-stays\/yoga\/#primaryimage","url":"https:\/\/alsik.dk\/wp-content\/uploads\/2025\/12\/YOGA-ALEXANDRA-JUL.png","contentUrl":"https:\/\/alsik.dk\/wp-content\/uploads\/2025\/12\/YOGA-ALEXANDRA-JUL.png","width":940,"height":788},{"@type":"BreadcrumbList","@id":"https:\/\/alsik.dk\/en\/special-stays\/yoga\/#breadcrumb","itemListElement":[{"@type":"ListItem","position":1,"name":"Hjem","item":"https:\/\/alsik.dk\/en\/"},{"@type":"ListItem","position":2,"name":"Enjoy a special stay at Alsik","item":"https:\/\/alsik.dk\/en\/special-stays\/"},{"@type":"ListItem","position":3,"name":"Yoga &#038; Spa Stay"}]},{"@type":"WebSite","@id":"https:\/\/alsik.dk\/en\/#website","url":"https:\/\/alsik.dk\/en\/","name":"Alsik Hotel &amp; Spa","description":"Alsik er et af Danmarks mest sp\u00e6ndende hoteller med stilfulde og topmoderne v\u00e6relser. Her venter en verden af luksuri\u00f8s og hyggelig. Oplev Danmarks st\u00f8rste spa med flere end 60 forskellige spa- og wellnessoplevelser fordelt p\u00e5 4.500 kvadratmeter og fire etager. Eller fork\u00e6l sanserne med gastronomi i s\u00e6rklasse i Alsiks tre restauranter.","potentialAction":[{"@type":"SearchAction","target":{"@type":"EntryPoint","urlTemplate":"https:\/\/alsik.dk\/en\/?s={search_term_string}"},"query-input":{"@type":"PropertyValueSpecification","valueRequired":true,"valueName":"search_term_string"}}],"inLanguage":"en-US"}]}},"_links":{"self":[{"href":"https:\/\/alsik.dk\/en\/wp-json\/wp\/v2\/pages\/18036","targetHints":{"allow":["GET"]}}],"collection":[{"href":"https:\/\/alsik.dk\/en\/wp-json\/wp\/v2\/pages"}],"about":[{"href":"https:\/\/alsik.dk\/en\/wp-json\/wp\/v2\/types\/page"}],"author":[{"embeddable":true,"href":"https:\/\/alsik.dk\/en\/wp-json\/wp\/v2\/users\/7"}],"replies":[{"embeddable":true,"href":"https:\/\/alsik.dk\/en\/wp-json\/wp\/v2\/comments?post=18036"}],"version-history":[{"count":7,"href":"https:\/\/alsik.dk\/en\/wp-json\/wp\/v2\/pages\/18036\/revisions"}],"predecessor-version":[{"id":18107,"href":"https:\/\/alsik.dk\/en\/wp-json\/wp\/v2\/pages\/18036\/revisions\/18107"}],"up":[{"embeddable":true,"href":"https:\/\/alsik.dk\/en\/wp-json\/wp\/v2\/pages\/5567"}],"wp:featuredmedia":[{"embeddable":true,"href":"https:\/\/alsik.dk\/en\/wp-json\/wp\/v2\/media\/17252"}],"wp:attachment":[{"href":"https:\/\/alsik.dk\/en\/wp-json\/wp\/v2\/media?parent=18036"}],"wp:term":[{"taxonomy":"post_tag","embeddable":true,"href":"https:\/\/alsik.dk\/en\/wp-json\/wp\/v2\/tags?post=18036"}],"curies":[{"name":"wp","href":"https:\/\/api.w.org\/{rel}","templated":true}]}}