{"id":18069,"date":"2026-03-25T11:19:49","date_gmt":"2026-03-25T10:19:49","guid":{"rendered":"https:\/\/alsik.dk\/special-stays\/syttende-ophold\/"},"modified":"2026-03-25T13:07:19","modified_gmt":"2026-03-25T12:07:19","slug":"syttende-stay","status":"publish","type":"page","link":"https:\/\/alsik.dk\/en\/special-stays\/syttende-stay\/","title":{"rendered":"Michelin Stay at Alsik"},"content":{"rendered":"<p>Treat yourself to a stay of the highest calibre \u2013 featuring an unforgettable dinner at Alsik\u2019s Michelin-starred restaurant, Syttende. Here, Michelin-level gastronomy meets exceptional views, where every course is a sensory experience crafted from the finest seasonal ingredients.<\/p>\n<p>Enjoy an evening where every detail is perfected, and let the experience continue in elegant surroundings with an overnight stay that completes the feeling of exclusive indulgence.<\/p>\n","protected":false},"excerpt":{"rendered":"<p>Treat yourself to a stay in a class of its own, with an unforgettable dinner at Alsik\u2019s Michelin-starred restaurant Syttende.<\/p>\n","protected":false},"author":7,"featured_media":0,"parent":5567,"menu_order":0,"comment_status":"closed","ping_status":"closed","template":"","meta":{"_acf_changed":false,"footnotes":""},"tags":[],"class_list":["post-18069","page","type-page","status-publish","hentry"],"acf":[],"yoast_head":"<!-- This site is optimized with the Yoast SEO plugin v24.3 - https:\/\/yoast.com\/wordpress\/plugins\/seo\/ -->\n<title>Michelin Stay at Syttende &amp; Alsik<\/title>\n<meta name=\"description\" content=\"Experience an exclusive stay with dinner at the Michelin-starred restaurant Syttende. Enjoy gourmet experiences and an overnight stay at Alsik Hotel &amp; Spa.\" \/>\n<meta name=\"robots\" content=\"index, follow, max-snippet:-1, max-image-preview:large, max-video-preview:-1\" \/>\n<link rel=\"canonical\" href=\"https:\/\/alsik.dk\/en\/special-stays\/syttende-stay\/\" \/>\n<meta property=\"og:locale\" content=\"en_US\" \/>\n<meta property=\"og:type\" content=\"article\" \/>\n<meta property=\"og:title\" content=\"Michelin Stay at Syttende &amp; Alsik\" \/>\n<meta property=\"og:description\" content=\"Experience an exclusive stay with dinner at the Michelin-starred restaurant Syttende. Enjoy gourmet experiences and an overnight stay at Alsik Hotel &amp; Spa.\" \/>\n<meta property=\"og:url\" content=\"https:\/\/alsik.dk\/en\/special-stays\/syttende-stay\/\" \/>\n<meta property=\"og:site_name\" content=\"Alsik Hotel &amp; Spa\" \/>\n<meta property=\"article:modified_time\" content=\"2026-03-25T12:07:19+00:00\" \/>\n<meta name=\"twitter:card\" content=\"summary_large_image\" \/>\n<meta name=\"twitter:label1\" content=\"Est. reading time\" \/>\n\t<meta name=\"twitter:data1\" content=\"1 minute\" \/>\n<script type=\"application\/ld+json\" class=\"yoast-schema-graph\">{\"@context\":\"https:\/\/schema.org\",\"@graph\":[{\"@type\":\"WebPage\",\"@id\":\"https:\/\/alsik.dk\/en\/special-stays\/syttende-stay\/\",\"url\":\"https:\/\/alsik.dk\/en\/special-stays\/syttende-stay\/\",\"name\":\"Michelin Stay at Syttende & Alsik\",\"isPartOf\":{\"@id\":\"https:\/\/alsik.dk\/en\/#website\"},\"datePublished\":\"2026-03-25T10:19:49+00:00\",\"dateModified\":\"2026-03-25T12:07:19+00:00\",\"description\":\"Experience an exclusive stay with dinner at the Michelin-starred restaurant Syttende. Enjoy gourmet experiences and an overnight stay at Alsik Hotel & Spa.\",\"breadcrumb\":{\"@id\":\"https:\/\/alsik.dk\/en\/special-stays\/syttende-stay\/#breadcrumb\"},\"inLanguage\":\"en-US\",\"potentialAction\":[{\"@type\":\"ReadAction\",\"target\":[\"https:\/\/alsik.dk\/en\/special-stays\/syttende-stay\/\"]}]},{\"@type\":\"BreadcrumbList\",\"@id\":\"https:\/\/alsik.dk\/en\/special-stays\/syttende-stay\/#breadcrumb\",\"itemListElement\":[{\"@type\":\"ListItem\",\"position\":1,\"name\":\"Hjem\",\"item\":\"https:\/\/alsik.dk\/en\/\"},{\"@type\":\"ListItem\",\"position\":2,\"name\":\"Enjoy a special stay at Alsik\",\"item\":\"https:\/\/alsik.dk\/en\/special-stays\/\"},{\"@type\":\"ListItem\",\"position\":3,\"name\":\"Michelin Stay at Alsik\"}]},{\"@type\":\"WebSite\",\"@id\":\"https:\/\/alsik.dk\/en\/#website\",\"url\":\"https:\/\/alsik.dk\/en\/\",\"name\":\"Alsik Hotel &amp; Spa\",\"description\":\"Alsik er et af Danmarks mest sp\u00e6ndende hoteller med stilfulde og topmoderne v\u00e6relser. Her venter en verden af luksuri\u00f8s og hyggelig. Oplev Danmarks st\u00f8rste spa med flere end 60 forskellige spa- og wellnessoplevelser fordelt p\u00e5 4.500 kvadratmeter og fire etager. Eller fork\u00e6l sanserne med gastronomi i s\u00e6rklasse i Alsiks tre restauranter.\",\"potentialAction\":[{\"@type\":\"SearchAction\",\"target\":{\"@type\":\"EntryPoint\",\"urlTemplate\":\"https:\/\/alsik.dk\/en\/?s={search_term_string}\"},\"query-input\":{\"@type\":\"PropertyValueSpecification\",\"valueRequired\":true,\"valueName\":\"search_term_string\"}}],\"inLanguage\":\"en-US\"}]}<\/script>\n<!-- \/ Yoast SEO plugin. -->","yoast_head_json":{"title":"Michelin Stay at Syttende & Alsik","description":"Experience an exclusive stay with dinner at the Michelin-starred restaurant Syttende. Enjoy gourmet experiences and an overnight stay at Alsik Hotel & Spa.","robots":{"index":"index","follow":"follow","max-snippet":"max-snippet:-1","max-image-preview":"max-image-preview:large","max-video-preview":"max-video-preview:-1"},"canonical":"https:\/\/alsik.dk\/en\/special-stays\/syttende-stay\/","og_locale":"en_US","og_type":"article","og_title":"Michelin Stay at Syttende & Alsik","og_description":"Experience an exclusive stay with dinner at the Michelin-starred restaurant Syttende. Enjoy gourmet experiences and an overnight stay at Alsik Hotel & Spa.","og_url":"https:\/\/alsik.dk\/en\/special-stays\/syttende-stay\/","og_site_name":"Alsik Hotel &amp; Spa","article_modified_time":"2026-03-25T12:07:19+00:00","twitter_card":"summary_large_image","twitter_misc":{"Est. reading time":"1 minute"},"schema":{"@context":"https:\/\/schema.org","@graph":[{"@type":"WebPage","@id":"https:\/\/alsik.dk\/en\/special-stays\/syttende-stay\/","url":"https:\/\/alsik.dk\/en\/special-stays\/syttende-stay\/","name":"Michelin Stay at Syttende & Alsik","isPartOf":{"@id":"https:\/\/alsik.dk\/en\/#website"},"datePublished":"2026-03-25T10:19:49+00:00","dateModified":"2026-03-25T12:07:19+00:00","description":"Experience an exclusive stay with dinner at the Michelin-starred restaurant Syttende. Enjoy gourmet experiences and an overnight stay at Alsik Hotel & Spa.","breadcrumb":{"@id":"https:\/\/alsik.dk\/en\/special-stays\/syttende-stay\/#breadcrumb"},"inLanguage":"en-US","potentialAction":[{"@type":"ReadAction","target":["https:\/\/alsik.dk\/en\/special-stays\/syttende-stay\/"]}]},{"@type":"BreadcrumbList","@id":"https:\/\/alsik.dk\/en\/special-stays\/syttende-stay\/#breadcrumb","itemListElement":[{"@type":"ListItem","position":1,"name":"Hjem","item":"https:\/\/alsik.dk\/en\/"},{"@type":"ListItem","position":2,"name":"Enjoy a special stay at Alsik","item":"https:\/\/alsik.dk\/en\/special-stays\/"},{"@type":"ListItem","position":3,"name":"Michelin Stay at Alsik"}]},{"@type":"WebSite","@id":"https:\/\/alsik.dk\/en\/#website","url":"https:\/\/alsik.dk\/en\/","name":"Alsik Hotel &amp; Spa","description":"Alsik er et af Danmarks mest sp\u00e6ndende hoteller med stilfulde og topmoderne v\u00e6relser. Her venter en verden af luksuri\u00f8s og hyggelig. Oplev Danmarks st\u00f8rste spa med flere end 60 forskellige spa- og wellnessoplevelser fordelt p\u00e5 4.500 kvadratmeter og fire etager. Eller fork\u00e6l sanserne med gastronomi i s\u00e6rklasse i Alsiks tre restauranter.","potentialAction":[{"@type":"SearchAction","target":{"@type":"EntryPoint","urlTemplate":"https:\/\/alsik.dk\/en\/?s={search_term_string}"},"query-input":{"@type":"PropertyValueSpecification","valueRequired":true,"valueName":"search_term_string"}}],"inLanguage":"en-US"}]}},"_links":{"self":[{"href":"https:\/\/alsik.dk\/en\/wp-json\/wp\/v2\/pages\/18069","targetHints":{"allow":["GET"]}}],"collection":[{"href":"https:\/\/alsik.dk\/en\/wp-json\/wp\/v2\/pages"}],"about":[{"href":"https:\/\/alsik.dk\/en\/wp-json\/wp\/v2\/types\/page"}],"author":[{"embeddable":true,"href":"https:\/\/alsik.dk\/en\/wp-json\/wp\/v2\/users\/7"}],"replies":[{"embeddable":true,"href":"https:\/\/alsik.dk\/en\/wp-json\/wp\/v2\/comments?post=18069"}],"version-history":[{"count":3,"href":"https:\/\/alsik.dk\/en\/wp-json\/wp\/v2\/pages\/18069\/revisions"}],"predecessor-version":[{"id":18089,"href":"https:\/\/alsik.dk\/en\/wp-json\/wp\/v2\/pages\/18069\/revisions\/18089"}],"up":[{"embeddable":true,"href":"https:\/\/alsik.dk\/en\/wp-json\/wp\/v2\/pages\/5567"}],"wp:attachment":[{"href":"https:\/\/alsik.dk\/en\/wp-json\/wp\/v2\/media?parent=18069"}],"wp:term":[{"taxonomy":"post_tag","embeddable":true,"href":"https:\/\/alsik.dk\/en\/wp-json\/wp\/v2\/tags?post=18069"}],"curies":[{"name":"wp","href":"https:\/\/api.w.org\/{rel}","templated":true}]}}