{"id":21,"date":"2019-03-19T13:48:39","date_gmt":"2019-03-19T12:48:39","guid":{"rendered":"https:\/\/alsikspa.webcamp.dk\/?page_id=21"},"modified":"2026-03-25T13:18:29","modified_gmt":"2026-03-25T12:18:29","slug":"alsik-hotel-in-sonderborg-2","status":"publish","type":"page","link":"https:\/\/alsik.dk\/en\/","title":{"rendered":"Alsik Hotel &#038; Spa EN"},"content":{"rendered":"","protected":false},"excerpt":{"rendered":"","protected":false},"author":7,"featured_media":0,"parent":0,"menu_order":0,"comment_status":"closed","ping_status":"closed","template":"","meta":{"_acf_changed":false,"footnotes":""},"tags":[],"class_list":["post-21","page","type-page","status-publish","hentry"],"acf":[],"yoast_head":"<!-- This site is optimized with the Yoast SEO plugin v24.3 - https:\/\/yoast.com\/wordpress\/plugins\/seo\/ -->\n<title>Welcome to Alsik Hotel &amp; Spa<\/title>\n<meta name=\"description\" content=\"A world of experiences in a luxurious, pleasant and relaxed atmosphere awaits you at the hotel. Explore the amazing Alsik Nordic Spa.\" \/>\n<meta name=\"robots\" content=\"index, follow, max-snippet:-1, max-image-preview:large, max-video-preview:-1\" \/>\n<link rel=\"canonical\" href=\"https:\/\/alsik.dk\/en\/\" \/>\n<meta property=\"og:locale\" content=\"en_US\" \/>\n<meta property=\"og:type\" content=\"article\" \/>\n<meta property=\"og:title\" content=\"Alsik Hotel - Denmark\u2019s new luxury hotel in the heart of S\u00f8nderborg\" \/>\n<meta property=\"og:description\" content=\"A world of experiences in a luxurious, pleasant and relaxed atmosphere awaits you at the hotel. Explore Alsik Nordic Spa, the biggest in Denmark.\" \/>\n<meta property=\"og:url\" content=\"https:\/\/alsik.dk\/en\/\" \/>\n<meta property=\"og:site_name\" content=\"Alsik Hotel &amp; Spa\" \/>\n<meta property=\"article:modified_time\" content=\"2026-03-25T12:18:29+00:00\" \/>\n<meta property=\"og:image\" content=\"https:\/\/alsik.dk\/wp-content\/uploads\/2019\/03\/Alsik-2-mit-Logo-II-1920x730.jpg\" \/>\n\t<meta property=\"og:image:width\" content=\"1920\" \/>\n\t<meta property=\"og:image:height\" content=\"730\" \/>\n\t<meta property=\"og:image:type\" content=\"image\/jpeg\" \/>\n<meta name=\"twitter:card\" content=\"summary_large_image\" \/>\n<script type=\"application\/ld+json\" class=\"yoast-schema-graph\">{\"@context\":\"https:\/\/schema.org\",\"@graph\":[{\"@type\":\"WebPage\",\"@id\":\"https:\/\/alsik.dk\/en\/\",\"url\":\"https:\/\/alsik.dk\/en\/\",\"name\":\"Welcome to Alsik Hotel & Spa\",\"isPartOf\":{\"@id\":\"https:\/\/alsik.dk\/en\/#website\"},\"datePublished\":\"2019-03-19T12:48:39+00:00\",\"dateModified\":\"2026-03-25T12:18:29+00:00\",\"description\":\"A world of experiences in a luxurious, pleasant and relaxed atmosphere awaits you at the hotel. Explore the amazing Alsik Nordic Spa.\",\"breadcrumb\":{\"@id\":\"https:\/\/alsik.dk\/en\/#breadcrumb\"},\"inLanguage\":\"en-US\",\"potentialAction\":[{\"@type\":\"ReadAction\",\"target\":[\"https:\/\/alsik.dk\/en\/\"]}]},{\"@type\":\"BreadcrumbList\",\"@id\":\"https:\/\/alsik.dk\/en\/#breadcrumb\",\"itemListElement\":[{\"@type\":\"ListItem\",\"position\":1,\"name\":\"Hjem\",\"item\":\"https:\/\/alsik.dk\/en\/\"},{\"@type\":\"ListItem\",\"position\":2,\"name\":\"Alsik Hotel &#038; Spa EN\"}]},{\"@type\":\"WebSite\",\"@id\":\"https:\/\/alsik.dk\/en\/#website\",\"url\":\"https:\/\/alsik.dk\/en\/\",\"name\":\"Alsik Hotel &amp; Spa\",\"description\":\"Alsik er et af Danmarks mest sp\u00e6ndende hoteller med stilfulde og topmoderne v\u00e6relser. Her venter en verden af luksuri\u00f8s og hyggelig. Oplev Danmarks st\u00f8rste spa med flere end 60 forskellige spa- og wellnessoplevelser fordelt p\u00e5 4.500 kvadratmeter og fire etager. Eller fork\u00e6l sanserne med gastronomi i s\u00e6rklasse i Alsiks tre restauranter.\",\"potentialAction\":[{\"@type\":\"SearchAction\",\"target\":{\"@type\":\"EntryPoint\",\"urlTemplate\":\"https:\/\/alsik.dk\/en\/?s={search_term_string}\"},\"query-input\":{\"@type\":\"PropertyValueSpecification\",\"valueRequired\":true,\"valueName\":\"search_term_string\"}}],\"inLanguage\":\"en-US\"}]}<\/script>\n<!-- \/ Yoast SEO plugin. -->","yoast_head_json":{"title":"Welcome to Alsik Hotel & Spa","description":"A world of experiences in a luxurious, pleasant and relaxed atmosphere awaits you at the hotel. Explore the amazing Alsik Nordic Spa.","robots":{"index":"index","follow":"follow","max-snippet":"max-snippet:-1","max-image-preview":"max-image-preview:large","max-video-preview":"max-video-preview:-1"},"canonical":"https:\/\/alsik.dk\/en\/","og_locale":"en_US","og_type":"article","og_title":"Alsik Hotel - Denmark\u2019s new luxury hotel in the heart of S\u00f8nderborg","og_description":"A world of experiences in a luxurious, pleasant and relaxed atmosphere awaits you at the hotel. Explore Alsik Nordic Spa, the biggest in Denmark.","og_url":"https:\/\/alsik.dk\/en\/","og_site_name":"Alsik Hotel &amp; Spa","article_modified_time":"2026-03-25T12:18:29+00:00","og_image":[{"width":1920,"height":730,"url":"https:\/\/alsik.dk\/wp-content\/uploads\/2019\/03\/Alsik-2-mit-Logo-II-1920x730.jpg","type":"image\/jpeg"}],"twitter_card":"summary_large_image","schema":{"@context":"https:\/\/schema.org","@graph":[{"@type":"WebPage","@id":"https:\/\/alsik.dk\/en\/","url":"https:\/\/alsik.dk\/en\/","name":"Welcome to Alsik Hotel & Spa","isPartOf":{"@id":"https:\/\/alsik.dk\/en\/#website"},"datePublished":"2019-03-19T12:48:39+00:00","dateModified":"2026-03-25T12:18:29+00:00","description":"A world of experiences in a luxurious, pleasant and relaxed atmosphere awaits you at the hotel. Explore the amazing Alsik Nordic Spa.","breadcrumb":{"@id":"https:\/\/alsik.dk\/en\/#breadcrumb"},"inLanguage":"en-US","potentialAction":[{"@type":"ReadAction","target":["https:\/\/alsik.dk\/en\/"]}]},{"@type":"BreadcrumbList","@id":"https:\/\/alsik.dk\/en\/#breadcrumb","itemListElement":[{"@type":"ListItem","position":1,"name":"Hjem","item":"https:\/\/alsik.dk\/en\/"},{"@type":"ListItem","position":2,"name":"Alsik Hotel &#038; Spa EN"}]},{"@type":"WebSite","@id":"https:\/\/alsik.dk\/en\/#website","url":"https:\/\/alsik.dk\/en\/","name":"Alsik Hotel &amp; Spa","description":"Alsik er et af Danmarks mest sp\u00e6ndende hoteller med stilfulde og topmoderne v\u00e6relser. Her venter en verden af luksuri\u00f8s og hyggelig. Oplev Danmarks st\u00f8rste spa med flere end 60 forskellige spa- og wellnessoplevelser fordelt p\u00e5 4.500 kvadratmeter og fire etager. Eller fork\u00e6l sanserne med gastronomi i s\u00e6rklasse i Alsiks tre restauranter.","potentialAction":[{"@type":"SearchAction","target":{"@type":"EntryPoint","urlTemplate":"https:\/\/alsik.dk\/en\/?s={search_term_string}"},"query-input":{"@type":"PropertyValueSpecification","valueRequired":true,"valueName":"search_term_string"}}],"inLanguage":"en-US"}]}},"_links":{"self":[{"href":"https:\/\/alsik.dk\/en\/wp-json\/wp\/v2\/pages\/21","targetHints":{"allow":["GET"]}}],"collection":[{"href":"https:\/\/alsik.dk\/en\/wp-json\/wp\/v2\/pages"}],"about":[{"href":"https:\/\/alsik.dk\/en\/wp-json\/wp\/v2\/types\/page"}],"author":[{"embeddable":true,"href":"https:\/\/alsik.dk\/en\/wp-json\/wp\/v2\/users\/7"}],"replies":[{"embeddable":true,"href":"https:\/\/alsik.dk\/en\/wp-json\/wp\/v2\/comments?post=21"}],"version-history":[{"count":58,"href":"https:\/\/alsik.dk\/en\/wp-json\/wp\/v2\/pages\/21\/revisions"}],"predecessor-version":[{"id":18096,"href":"https:\/\/alsik.dk\/en\/wp-json\/wp\/v2\/pages\/21\/revisions\/18096"}],"wp:attachment":[{"href":"https:\/\/alsik.dk\/en\/wp-json\/wp\/v2\/media?parent=21"}],"wp:term":[{"taxonomy":"post_tag","embeddable":true,"href":"https:\/\/alsik.dk\/en\/wp-json\/wp\/v2\/tags?post=21"}],"curies":[{"name":"wp","href":"https:\/\/api.w.org\/{rel}","templated":true}]}}