{"id":2837,"date":"2019-07-01T12:03:07","date_gmt":"2019-07-01T10:03:07","guid":{"rendered":"https:\/\/alsik.dk\/wellness-og-behandlinger\/"},"modified":"2026-01-14T10:48:11","modified_gmt":"2026-01-14T09:48:11","slug":"wellness-treatments","status":"publish","type":"page","link":"https:\/\/alsik.dk\/en\/alsik-spa\/wellness-treatments\/","title":{"rendered":"Wellness &#038; treatments"},"content":{"rendered":"<p>Receive classic treatments based on the best spa and wellness traditions, experience the effect of new pioneering techniques and technologies, or enjoy your time with unique treatments in our personal spa suites with private steam bath and sauna.<\/p>\n<p>All treatments allow you to access the unique Salt Lounge that stimulates the body into a deeply relaxed state \u2013 naturally and effectively. The beautiful surroundings provide time for reflection and space for calming, attuning and balancing your body and mind.<\/p>\n<p>You get one hour access to the Alsik Spa Pool when you book a treatment of at least 60 minutes, Monday\u2013Thursday.<\/p>\n","protected":false},"excerpt":{"rendered":"<p>Look forward to exceptional experiences when our skilled therapists pamper you with classic and new spa and wellness treatments. All treatments build on a deep respect for your body\u2019s natural balance, and we make sure that each visit focuses on your personal well-being.<\/p>\n","protected":false},"author":7,"featured_media":15203,"parent":2834,"menu_order":0,"comment_status":"closed","ping_status":"closed","template":"","meta":{"_acf_changed":false,"footnotes":""},"tags":[],"class_list":["post-2837","page","type-page","status-publish","has-post-thumbnail","hentry"],"acf":[],"yoast_head":"<!-- This site is optimized with the Yoast SEO plugin v24.3 - https:\/\/yoast.com\/wordpress\/plugins\/seo\/ -->\n<title>Wellness &amp; treatments | Alsik Hotel &amp; Spa<\/title>\n<meta name=\"description\" content=\"Our skilled therapists pamper you with classic and new spa and wellness treatments. Each visit focuses on your personal well-being.\" \/>\n<meta name=\"robots\" content=\"index, follow, max-snippet:-1, max-image-preview:large, max-video-preview:-1\" \/>\n<link rel=\"canonical\" href=\"https:\/\/alsik.dk\/en\/alsik-spa\/wellness-treatments\/\" \/>\n<meta property=\"og:locale\" content=\"en_US\" \/>\n<meta property=\"og:type\" content=\"article\" \/>\n<meta property=\"og:title\" content=\"Wellness &amp; treatments | Alsik Hotel &amp; Spa\" \/>\n<meta property=\"og:description\" content=\"Our skilled therapists pamper you with classic and new spa and wellness treatments. Each visit focuses on your personal well-being.\" \/>\n<meta property=\"og:url\" content=\"https:\/\/alsik.dk\/en\/alsik-spa\/wellness-treatments\/\" \/>\n<meta property=\"og:site_name\" content=\"Alsik Hotel &amp; Spa\" \/>\n<meta property=\"article:modified_time\" content=\"2026-01-14T09:48:11+00:00\" \/>\n<meta property=\"og:image\" content=\"https:\/\/alsik.dk\/wp-content\/uploads\/2025\/01\/Wellness-behandlinger-4.jpg\" \/>\n\t<meta property=\"og:image:width\" content=\"1201\" \/>\n\t<meta property=\"og:image:height\" content=\"1800\" \/>\n\t<meta property=\"og:image:type\" content=\"image\/jpeg\" \/>\n<meta name=\"twitter:card\" content=\"summary_large_image\" \/>\n<meta name=\"twitter:label1\" content=\"Est. reading time\" \/>\n\t<meta name=\"twitter:data1\" content=\"1 minute\" \/>\n<script type=\"application\/ld+json\" class=\"yoast-schema-graph\">{\"@context\":\"https:\/\/schema.org\",\"@graph\":[{\"@type\":\"WebPage\",\"@id\":\"https:\/\/alsik.dk\/en\/alsik-spa\/wellness-treatments\/\",\"url\":\"https:\/\/alsik.dk\/en\/alsik-spa\/wellness-treatments\/\",\"name\":\"Wellness & treatments | Alsik Hotel &amp; Spa\",\"isPartOf\":{\"@id\":\"https:\/\/alsik.dk\/en\/#website\"},\"primaryImageOfPage\":{\"@id\":\"https:\/\/alsik.dk\/en\/alsik-spa\/wellness-treatments\/#primaryimage\"},\"image\":{\"@id\":\"https:\/\/alsik.dk\/en\/alsik-spa\/wellness-treatments\/#primaryimage\"},\"thumbnailUrl\":\"https:\/\/alsik.dk\/wp-content\/uploads\/2025\/01\/Wellness-behandlinger-4.jpg\",\"datePublished\":\"2019-07-01T10:03:07+00:00\",\"dateModified\":\"2026-01-14T09:48:11+00:00\",\"description\":\"Our skilled therapists pamper you with classic and new spa and wellness treatments. Each visit focuses on your personal well-being.\",\"breadcrumb\":{\"@id\":\"https:\/\/alsik.dk\/en\/alsik-spa\/wellness-treatments\/#breadcrumb\"},\"inLanguage\":\"en-US\",\"potentialAction\":[{\"@type\":\"ReadAction\",\"target\":[\"https:\/\/alsik.dk\/en\/alsik-spa\/wellness-treatments\/\"]}]},{\"@type\":\"ImageObject\",\"inLanguage\":\"en-US\",\"@id\":\"https:\/\/alsik.dk\/en\/alsik-spa\/wellness-treatments\/#primaryimage\",\"url\":\"https:\/\/alsik.dk\/wp-content\/uploads\/2025\/01\/Wellness-behandlinger-4.jpg\",\"contentUrl\":\"https:\/\/alsik.dk\/wp-content\/uploads\/2025\/01\/Wellness-behandlinger-4.jpg\",\"width\":1201,\"height\":1800},{\"@type\":\"BreadcrumbList\",\"@id\":\"https:\/\/alsik.dk\/en\/alsik-spa\/wellness-treatments\/#breadcrumb\",\"itemListElement\":[{\"@type\":\"ListItem\",\"position\":1,\"name\":\"Hjem\",\"item\":\"https:\/\/alsik.dk\/en\/\"},{\"@type\":\"ListItem\",\"position\":2,\"name\":\"Experience Alsik Spa\",\"item\":\"https:\/\/alsik.dk\/en\/alsik-spa\/\"},{\"@type\":\"ListItem\",\"position\":3,\"name\":\"Wellness &#038; treatments\"}]},{\"@type\":\"WebSite\",\"@id\":\"https:\/\/alsik.dk\/en\/#website\",\"url\":\"https:\/\/alsik.dk\/en\/\",\"name\":\"Alsik Hotel &amp; Spa\",\"description\":\"Alsik er et af Danmarks mest sp\u00e6ndende hoteller med stilfulde og topmoderne v\u00e6relser. Her venter en verden af luksuri\u00f8s og hyggelig. Oplev Danmarks st\u00f8rste spa med flere end 60 forskellige spa- og wellnessoplevelser fordelt p\u00e5 4.500 kvadratmeter og fire etager. Eller fork\u00e6l sanserne med gastronomi i s\u00e6rklasse i Alsiks tre restauranter.\",\"potentialAction\":[{\"@type\":\"SearchAction\",\"target\":{\"@type\":\"EntryPoint\",\"urlTemplate\":\"https:\/\/alsik.dk\/en\/?s={search_term_string}\"},\"query-input\":{\"@type\":\"PropertyValueSpecification\",\"valueRequired\":true,\"valueName\":\"search_term_string\"}}],\"inLanguage\":\"en-US\"}]}<\/script>\n<!-- \/ Yoast SEO plugin. -->","yoast_head_json":{"title":"Wellness & treatments | Alsik Hotel &amp; Spa","description":"Our skilled therapists pamper you with classic and new spa and wellness treatments. Each visit focuses on your personal well-being.","robots":{"index":"index","follow":"follow","max-snippet":"max-snippet:-1","max-image-preview":"max-image-preview:large","max-video-preview":"max-video-preview:-1"},"canonical":"https:\/\/alsik.dk\/en\/alsik-spa\/wellness-treatments\/","og_locale":"en_US","og_type":"article","og_title":"Wellness & treatments | Alsik Hotel &amp; Spa","og_description":"Our skilled therapists pamper you with classic and new spa and wellness treatments. Each visit focuses on your personal well-being.","og_url":"https:\/\/alsik.dk\/en\/alsik-spa\/wellness-treatments\/","og_site_name":"Alsik Hotel &amp; Spa","article_modified_time":"2026-01-14T09:48:11+00:00","og_image":[{"width":1201,"height":1800,"url":"https:\/\/alsik.dk\/wp-content\/uploads\/2025\/01\/Wellness-behandlinger-4.jpg","type":"image\/jpeg"}],"twitter_card":"summary_large_image","twitter_misc":{"Est. reading time":"1 minute"},"schema":{"@context":"https:\/\/schema.org","@graph":[{"@type":"WebPage","@id":"https:\/\/alsik.dk\/en\/alsik-spa\/wellness-treatments\/","url":"https:\/\/alsik.dk\/en\/alsik-spa\/wellness-treatments\/","name":"Wellness & treatments | Alsik Hotel &amp; Spa","isPartOf":{"@id":"https:\/\/alsik.dk\/en\/#website"},"primaryImageOfPage":{"@id":"https:\/\/alsik.dk\/en\/alsik-spa\/wellness-treatments\/#primaryimage"},"image":{"@id":"https:\/\/alsik.dk\/en\/alsik-spa\/wellness-treatments\/#primaryimage"},"thumbnailUrl":"https:\/\/alsik.dk\/wp-content\/uploads\/2025\/01\/Wellness-behandlinger-4.jpg","datePublished":"2019-07-01T10:03:07+00:00","dateModified":"2026-01-14T09:48:11+00:00","description":"Our skilled therapists pamper you with classic and new spa and wellness treatments. Each visit focuses on your personal well-being.","breadcrumb":{"@id":"https:\/\/alsik.dk\/en\/alsik-spa\/wellness-treatments\/#breadcrumb"},"inLanguage":"en-US","potentialAction":[{"@type":"ReadAction","target":["https:\/\/alsik.dk\/en\/alsik-spa\/wellness-treatments\/"]}]},{"@type":"ImageObject","inLanguage":"en-US","@id":"https:\/\/alsik.dk\/en\/alsik-spa\/wellness-treatments\/#primaryimage","url":"https:\/\/alsik.dk\/wp-content\/uploads\/2025\/01\/Wellness-behandlinger-4.jpg","contentUrl":"https:\/\/alsik.dk\/wp-content\/uploads\/2025\/01\/Wellness-behandlinger-4.jpg","width":1201,"height":1800},{"@type":"BreadcrumbList","@id":"https:\/\/alsik.dk\/en\/alsik-spa\/wellness-treatments\/#breadcrumb","itemListElement":[{"@type":"ListItem","position":1,"name":"Hjem","item":"https:\/\/alsik.dk\/en\/"},{"@type":"ListItem","position":2,"name":"Experience Alsik Spa","item":"https:\/\/alsik.dk\/en\/alsik-spa\/"},{"@type":"ListItem","position":3,"name":"Wellness &#038; treatments"}]},{"@type":"WebSite","@id":"https:\/\/alsik.dk\/en\/#website","url":"https:\/\/alsik.dk\/en\/","name":"Alsik Hotel &amp; Spa","description":"Alsik er et af Danmarks mest sp\u00e6ndende hoteller med stilfulde og topmoderne v\u00e6relser. Her venter en verden af luksuri\u00f8s og hyggelig. Oplev Danmarks st\u00f8rste spa med flere end 60 forskellige spa- og wellnessoplevelser fordelt p\u00e5 4.500 kvadratmeter og fire etager. Eller fork\u00e6l sanserne med gastronomi i s\u00e6rklasse i Alsiks tre restauranter.","potentialAction":[{"@type":"SearchAction","target":{"@type":"EntryPoint","urlTemplate":"https:\/\/alsik.dk\/en\/?s={search_term_string}"},"query-input":{"@type":"PropertyValueSpecification","valueRequired":true,"valueName":"search_term_string"}}],"inLanguage":"en-US"}]}},"_links":{"self":[{"href":"https:\/\/alsik.dk\/en\/wp-json\/wp\/v2\/pages\/2837","targetHints":{"allow":["GET"]}}],"collection":[{"href":"https:\/\/alsik.dk\/en\/wp-json\/wp\/v2\/pages"}],"about":[{"href":"https:\/\/alsik.dk\/en\/wp-json\/wp\/v2\/types\/page"}],"author":[{"embeddable":true,"href":"https:\/\/alsik.dk\/en\/wp-json\/wp\/v2\/users\/7"}],"replies":[{"embeddable":true,"href":"https:\/\/alsik.dk\/en\/wp-json\/wp\/v2\/comments?post=2837"}],"version-history":[{"count":30,"href":"https:\/\/alsik.dk\/en\/wp-json\/wp\/v2\/pages\/2837\/revisions"}],"predecessor-version":[{"id":17551,"href":"https:\/\/alsik.dk\/en\/wp-json\/wp\/v2\/pages\/2837\/revisions\/17551"}],"up":[{"embeddable":true,"href":"https:\/\/alsik.dk\/en\/wp-json\/wp\/v2\/pages\/2834"}],"wp:featuredmedia":[{"embeddable":true,"href":"https:\/\/alsik.dk\/en\/wp-json\/wp\/v2\/media\/15203"}],"wp:attachment":[{"href":"https:\/\/alsik.dk\/en\/wp-json\/wp\/v2\/media?parent=2837"}],"wp:term":[{"taxonomy":"post_tag","embeddable":true,"href":"https:\/\/alsik.dk\/en\/wp-json\/wp\/v2\/tags?post=2837"}],"curies":[{"name":"wp","href":"https:\/\/api.w.org\/{rel}","templated":true}]}}