{"id":2867,"date":"2019-07-02T10:57:52","date_gmt":"2019-07-02T08:57:52","guid":{"rendered":"https:\/\/alsik.dk\/wellness-treatments\/massage-kropsbehandling\/"},"modified":"2025-11-18T10:09:57","modified_gmt":"2025-11-18T09:09:57","slug":"massage-body-treatment","status":"publish","type":"page","link":"https:\/\/alsik.dk\/en\/alsik-spa\/wellness-treatments\/massage-body-treatment\/","title":{"rendered":"Massage &#038; Body Rituals"},"content":{"rendered":"<p>The process respects the body, creating balance and calm, both physically and mentally. We take pains in every respect and we are always attentive and generous in our interactions with you.<\/p>\n","protected":false},"excerpt":{"rendered":"<p>Try our unique signature treatment Danam, or experience healing treatments using techniques aimed to stimulate circulation and your muscular system, leaving your body relaxed, reinvigorated, re-energised and more supple.<\/p>\n","protected":false},"author":7,"featured_media":15316,"parent":2837,"menu_order":0,"comment_status":"closed","ping_status":"closed","template":"","meta":{"_acf_changed":false,"footnotes":""},"tags":[],"class_list":["post-2867","page","type-page","status-publish","has-post-thumbnail","hentry"],"acf":[],"yoast_head":"<!-- This site is optimized with the Yoast SEO plugin v24.3 - https:\/\/yoast.com\/wordpress\/plugins\/seo\/ -->\n<title>Massage &amp; Body Rituals | Alsik Hotel &amp; Spa<\/title>\n<meta name=\"robots\" content=\"index, follow, max-snippet:-1, max-image-preview:large, max-video-preview:-1\" \/>\n<link rel=\"canonical\" href=\"https:\/\/alsik.dk\/en\/alsik-spa\/wellness-treatments\/massage-body-treatment\/\" \/>\n<meta property=\"og:locale\" content=\"en_US\" \/>\n<meta property=\"og:type\" content=\"article\" \/>\n<meta property=\"og:title\" content=\"Massage &amp; Body Rituals | Alsik Hotel &amp; Spa\" \/>\n<meta property=\"og:description\" content=\"Try our unique signature treatment Danam, or experience healing treatments using techniques aimed to stimulate circulation and your muscular system, leaving your body relaxed, reinvigorated, re-energised and more supple.\" \/>\n<meta property=\"og:url\" content=\"https:\/\/alsik.dk\/en\/alsik-spa\/wellness-treatments\/massage-body-treatment\/\" \/>\n<meta property=\"og:site_name\" content=\"Alsik Hotel &amp; Spa\" \/>\n<meta property=\"article:modified_time\" content=\"2025-11-18T09:09:57+00:00\" \/>\n<meta property=\"og:image\" content=\"https:\/\/alsik.dk\/wp-content\/uploads\/2025\/01\/Alsik-Signatur-Golden-3.jpg\" \/>\n\t<meta property=\"og:image:width\" content=\"1710\" \/>\n\t<meta property=\"og:image:height\" content=\"1140\" \/>\n\t<meta property=\"og:image:type\" content=\"image\/jpeg\" \/>\n<meta name=\"twitter:card\" content=\"summary_large_image\" \/>\n<meta name=\"twitter:label1\" content=\"Est. reading time\" \/>\n\t<meta name=\"twitter:data1\" content=\"1 minute\" \/>\n<script type=\"application\/ld+json\" class=\"yoast-schema-graph\">{\"@context\":\"https:\/\/schema.org\",\"@graph\":[{\"@type\":\"WebPage\",\"@id\":\"https:\/\/alsik.dk\/en\/alsik-spa\/wellness-treatments\/massage-body-treatment\/\",\"url\":\"https:\/\/alsik.dk\/en\/alsik-spa\/wellness-treatments\/massage-body-treatment\/\",\"name\":\"Massage & Body Rituals | Alsik Hotel &amp; Spa\",\"isPartOf\":{\"@id\":\"https:\/\/alsik.dk\/en\/#website\"},\"primaryImageOfPage\":{\"@id\":\"https:\/\/alsik.dk\/en\/alsik-spa\/wellness-treatments\/massage-body-treatment\/#primaryimage\"},\"image\":{\"@id\":\"https:\/\/alsik.dk\/en\/alsik-spa\/wellness-treatments\/massage-body-treatment\/#primaryimage\"},\"thumbnailUrl\":\"https:\/\/alsik.dk\/wp-content\/uploads\/2025\/01\/Alsik-Signatur-Golden-3.jpg\",\"datePublished\":\"2019-07-02T08:57:52+00:00\",\"dateModified\":\"2025-11-18T09:09:57+00:00\",\"breadcrumb\":{\"@id\":\"https:\/\/alsik.dk\/en\/alsik-spa\/wellness-treatments\/massage-body-treatment\/#breadcrumb\"},\"inLanguage\":\"en-US\",\"potentialAction\":[{\"@type\":\"ReadAction\",\"target\":[\"https:\/\/alsik.dk\/en\/alsik-spa\/wellness-treatments\/massage-body-treatment\/\"]}]},{\"@type\":\"ImageObject\",\"inLanguage\":\"en-US\",\"@id\":\"https:\/\/alsik.dk\/en\/alsik-spa\/wellness-treatments\/massage-body-treatment\/#primaryimage\",\"url\":\"https:\/\/alsik.dk\/wp-content\/uploads\/2025\/01\/Alsik-Signatur-Golden-3.jpg\",\"contentUrl\":\"https:\/\/alsik.dk\/wp-content\/uploads\/2025\/01\/Alsik-Signatur-Golden-3.jpg\",\"width\":1710,\"height\":1140},{\"@type\":\"BreadcrumbList\",\"@id\":\"https:\/\/alsik.dk\/en\/alsik-spa\/wellness-treatments\/massage-body-treatment\/#breadcrumb\",\"itemListElement\":[{\"@type\":\"ListItem\",\"position\":1,\"name\":\"Hjem\",\"item\":\"https:\/\/alsik.dk\/en\/\"},{\"@type\":\"ListItem\",\"position\":2,\"name\":\"Experience Alsik Spa\",\"item\":\"https:\/\/alsik.dk\/en\/alsik-spa\/\"},{\"@type\":\"ListItem\",\"position\":3,\"name\":\"Wellness &#038; treatments\",\"item\":\"https:\/\/alsik.dk\/en\/alsik-spa\/wellness-treatments\/\"},{\"@type\":\"ListItem\",\"position\":4,\"name\":\"Massage &#038; Body Rituals\"}]},{\"@type\":\"WebSite\",\"@id\":\"https:\/\/alsik.dk\/en\/#website\",\"url\":\"https:\/\/alsik.dk\/en\/\",\"name\":\"Alsik Hotel &amp; Spa\",\"description\":\"Alsik er et af Danmarks mest sp\u00e6ndende hoteller med stilfulde og topmoderne v\u00e6relser. Her venter en verden af luksuri\u00f8s og hyggelig. Oplev Danmarks st\u00f8rste spa med flere end 60 forskellige spa- og wellnessoplevelser fordelt p\u00e5 4.500 kvadratmeter og fire etager. Eller fork\u00e6l sanserne med gastronomi i s\u00e6rklasse i Alsiks tre restauranter.\",\"potentialAction\":[{\"@type\":\"SearchAction\",\"target\":{\"@type\":\"EntryPoint\",\"urlTemplate\":\"https:\/\/alsik.dk\/en\/?s={search_term_string}\"},\"query-input\":{\"@type\":\"PropertyValueSpecification\",\"valueRequired\":true,\"valueName\":\"search_term_string\"}}],\"inLanguage\":\"en-US\"}]}<\/script>\n<!-- \/ Yoast SEO plugin. -->","yoast_head_json":{"title":"Massage & Body Rituals | Alsik Hotel &amp; Spa","robots":{"index":"index","follow":"follow","max-snippet":"max-snippet:-1","max-image-preview":"max-image-preview:large","max-video-preview":"max-video-preview:-1"},"canonical":"https:\/\/alsik.dk\/en\/alsik-spa\/wellness-treatments\/massage-body-treatment\/","og_locale":"en_US","og_type":"article","og_title":"Massage & Body Rituals | Alsik Hotel &amp; Spa","og_description":"Try our unique signature treatment Danam, or experience healing treatments using techniques aimed to stimulate circulation and your muscular system, leaving your body relaxed, reinvigorated, re-energised and more supple.","og_url":"https:\/\/alsik.dk\/en\/alsik-spa\/wellness-treatments\/massage-body-treatment\/","og_site_name":"Alsik Hotel &amp; Spa","article_modified_time":"2025-11-18T09:09:57+00:00","og_image":[{"width":1710,"height":1140,"url":"https:\/\/alsik.dk\/wp-content\/uploads\/2025\/01\/Alsik-Signatur-Golden-3.jpg","type":"image\/jpeg"}],"twitter_card":"summary_large_image","twitter_misc":{"Est. reading time":"1 minute"},"schema":{"@context":"https:\/\/schema.org","@graph":[{"@type":"WebPage","@id":"https:\/\/alsik.dk\/en\/alsik-spa\/wellness-treatments\/massage-body-treatment\/","url":"https:\/\/alsik.dk\/en\/alsik-spa\/wellness-treatments\/massage-body-treatment\/","name":"Massage & Body Rituals | Alsik Hotel &amp; Spa","isPartOf":{"@id":"https:\/\/alsik.dk\/en\/#website"},"primaryImageOfPage":{"@id":"https:\/\/alsik.dk\/en\/alsik-spa\/wellness-treatments\/massage-body-treatment\/#primaryimage"},"image":{"@id":"https:\/\/alsik.dk\/en\/alsik-spa\/wellness-treatments\/massage-body-treatment\/#primaryimage"},"thumbnailUrl":"https:\/\/alsik.dk\/wp-content\/uploads\/2025\/01\/Alsik-Signatur-Golden-3.jpg","datePublished":"2019-07-02T08:57:52+00:00","dateModified":"2025-11-18T09:09:57+00:00","breadcrumb":{"@id":"https:\/\/alsik.dk\/en\/alsik-spa\/wellness-treatments\/massage-body-treatment\/#breadcrumb"},"inLanguage":"en-US","potentialAction":[{"@type":"ReadAction","target":["https:\/\/alsik.dk\/en\/alsik-spa\/wellness-treatments\/massage-body-treatment\/"]}]},{"@type":"ImageObject","inLanguage":"en-US","@id":"https:\/\/alsik.dk\/en\/alsik-spa\/wellness-treatments\/massage-body-treatment\/#primaryimage","url":"https:\/\/alsik.dk\/wp-content\/uploads\/2025\/01\/Alsik-Signatur-Golden-3.jpg","contentUrl":"https:\/\/alsik.dk\/wp-content\/uploads\/2025\/01\/Alsik-Signatur-Golden-3.jpg","width":1710,"height":1140},{"@type":"BreadcrumbList","@id":"https:\/\/alsik.dk\/en\/alsik-spa\/wellness-treatments\/massage-body-treatment\/#breadcrumb","itemListElement":[{"@type":"ListItem","position":1,"name":"Hjem","item":"https:\/\/alsik.dk\/en\/"},{"@type":"ListItem","position":2,"name":"Experience Alsik Spa","item":"https:\/\/alsik.dk\/en\/alsik-spa\/"},{"@type":"ListItem","position":3,"name":"Wellness &#038; treatments","item":"https:\/\/alsik.dk\/en\/alsik-spa\/wellness-treatments\/"},{"@type":"ListItem","position":4,"name":"Massage &#038; Body Rituals"}]},{"@type":"WebSite","@id":"https:\/\/alsik.dk\/en\/#website","url":"https:\/\/alsik.dk\/en\/","name":"Alsik Hotel &amp; Spa","description":"Alsik er et af Danmarks mest sp\u00e6ndende hoteller med stilfulde og topmoderne v\u00e6relser. Her venter en verden af luksuri\u00f8s og hyggelig. Oplev Danmarks st\u00f8rste spa med flere end 60 forskellige spa- og wellnessoplevelser fordelt p\u00e5 4.500 kvadratmeter og fire etager. Eller fork\u00e6l sanserne med gastronomi i s\u00e6rklasse i Alsiks tre restauranter.","potentialAction":[{"@type":"SearchAction","target":{"@type":"EntryPoint","urlTemplate":"https:\/\/alsik.dk\/en\/?s={search_term_string}"},"query-input":{"@type":"PropertyValueSpecification","valueRequired":true,"valueName":"search_term_string"}}],"inLanguage":"en-US"}]}},"_links":{"self":[{"href":"https:\/\/alsik.dk\/en\/wp-json\/wp\/v2\/pages\/2867","targetHints":{"allow":["GET"]}}],"collection":[{"href":"https:\/\/alsik.dk\/en\/wp-json\/wp\/v2\/pages"}],"about":[{"href":"https:\/\/alsik.dk\/en\/wp-json\/wp\/v2\/types\/page"}],"author":[{"embeddable":true,"href":"https:\/\/alsik.dk\/en\/wp-json\/wp\/v2\/users\/7"}],"replies":[{"embeddable":true,"href":"https:\/\/alsik.dk\/en\/wp-json\/wp\/v2\/comments?post=2867"}],"version-history":[{"count":12,"href":"https:\/\/alsik.dk\/en\/wp-json\/wp\/v2\/pages\/2867\/revisions"}],"predecessor-version":[{"id":16989,"href":"https:\/\/alsik.dk\/en\/wp-json\/wp\/v2\/pages\/2867\/revisions\/16989"}],"up":[{"embeddable":true,"href":"https:\/\/alsik.dk\/en\/wp-json\/wp\/v2\/pages\/2837"}],"wp:featuredmedia":[{"embeddable":true,"href":"https:\/\/alsik.dk\/en\/wp-json\/wp\/v2\/media\/15316"}],"wp:attachment":[{"href":"https:\/\/alsik.dk\/en\/wp-json\/wp\/v2\/media?parent=2867"}],"wp:term":[{"taxonomy":"post_tag","embeddable":true,"href":"https:\/\/alsik.dk\/en\/wp-json\/wp\/v2\/tags?post=2867"}],"curies":[{"name":"wp","href":"https:\/\/api.w.org\/{rel}","templated":true}]}}