{"id":2898,"date":"2019-07-02T10:59:33","date_gmt":"2019-07-02T08:59:33","guid":{"rendered":"https:\/\/alsik.dk\/wellness-treatments\/private-spa-suiter\/"},"modified":"2025-11-18T10:15:45","modified_gmt":"2025-11-18T09:15:45","slug":"private-spa-suites","status":"publish","type":"page","link":"https:\/\/alsik.dk\/en\/alsik-spa\/wellness-treatments\/private-spa-suites\/","title":{"rendered":"Private Spa Suites"},"content":{"rendered":"","protected":false},"excerpt":{"rendered":"<p>Get your own personal room where you can enjoy the tranquillity alone or with someone you hold dear. A suite lets you unwind and relax in harmony with the lovely views across Alssund. Our spa suites are equipped with a private steam bath and sauna to maximise the benefits of your treatment.<\/p>\n","protected":false},"author":7,"featured_media":15258,"parent":2837,"menu_order":0,"comment_status":"closed","ping_status":"closed","template":"","meta":{"_acf_changed":false,"footnotes":""},"tags":[],"class_list":["post-2898","page","type-page","status-publish","has-post-thumbnail","hentry"],"acf":[],"yoast_head":"<!-- This site is optimized with the Yoast SEO plugin v24.3 - https:\/\/yoast.com\/wordpress\/plugins\/seo\/ -->\n<title>Private Spa Suites | Alsik Hotel &amp; Spa<\/title>\n<meta name=\"description\" content=\"Get your own personal room where you can enjoy the tranquillity alone or with someone you hold dear. A suite lets you unwind and relax in harmony with the lovely views across Alssund. Our spa suites are equipped with a private steam bath and sauna to maximise the benefits of your treatment.\" \/>\n<meta name=\"robots\" content=\"index, follow, max-snippet:-1, max-image-preview:large, max-video-preview:-1\" \/>\n<link rel=\"canonical\" href=\"https:\/\/alsik.dk\/en\/alsik-spa\/wellness-treatments\/private-spa-suites\/\" \/>\n<meta property=\"og:locale\" content=\"en_US\" \/>\n<meta property=\"og:type\" content=\"article\" \/>\n<meta property=\"og:title\" content=\"Private Spa Suites | Alsik Hotel &amp; Spa\" \/>\n<meta property=\"og:description\" content=\"Get your own personal room where you can enjoy the tranquillity alone or with someone you hold dear. A suite lets you unwind and relax in harmony with the lovely views across Alssund. Our spa suites are equipped with a private steam bath and sauna to maximise the benefits of your treatment.\" \/>\n<meta property=\"og:url\" content=\"https:\/\/alsik.dk\/en\/alsik-spa\/wellness-treatments\/private-spa-suites\/\" \/>\n<meta property=\"og:site_name\" content=\"Alsik Hotel &amp; Spa\" \/>\n<meta property=\"article:modified_time\" content=\"2025-11-18T09:15:45+00:00\" \/>\n<meta property=\"og:image\" content=\"https:\/\/alsik.dk\/wp-content\/uploads\/2025\/01\/behandlerrum-par-1-scaled.jpg\" \/>\n\t<meta property=\"og:image:width\" content=\"2560\" \/>\n\t<meta property=\"og:image:height\" content=\"1707\" \/>\n\t<meta property=\"og:image:type\" content=\"image\/jpeg\" \/>\n<meta name=\"twitter:card\" content=\"summary_large_image\" \/>\n<meta name=\"twitter:label1\" content=\"Est. reading time\" \/>\n\t<meta name=\"twitter:data1\" content=\"1 minute\" \/>\n<script type=\"application\/ld+json\" class=\"yoast-schema-graph\">{\"@context\":\"https:\/\/schema.org\",\"@graph\":[{\"@type\":\"WebPage\",\"@id\":\"https:\/\/alsik.dk\/en\/alsik-spa\/wellness-treatments\/private-spa-suites\/\",\"url\":\"https:\/\/alsik.dk\/en\/alsik-spa\/wellness-treatments\/private-spa-suites\/\",\"name\":\"Private Spa Suites | Alsik Hotel &amp; Spa\",\"isPartOf\":{\"@id\":\"https:\/\/alsik.dk\/en\/#website\"},\"primaryImageOfPage\":{\"@id\":\"https:\/\/alsik.dk\/en\/alsik-spa\/wellness-treatments\/private-spa-suites\/#primaryimage\"},\"image\":{\"@id\":\"https:\/\/alsik.dk\/en\/alsik-spa\/wellness-treatments\/private-spa-suites\/#primaryimage\"},\"thumbnailUrl\":\"https:\/\/alsik.dk\/wp-content\/uploads\/2025\/01\/behandlerrum-par-1-scaled.jpg\",\"datePublished\":\"2019-07-02T08:59:33+00:00\",\"dateModified\":\"2025-11-18T09:15:45+00:00\",\"description\":\"Get your own personal room where you can enjoy the tranquillity alone or with someone you hold dear. A suite lets you unwind and relax in harmony with the lovely views across Alssund. Our spa suites are equipped with a private steam bath and sauna to maximise the benefits of your treatment.\",\"breadcrumb\":{\"@id\":\"https:\/\/alsik.dk\/en\/alsik-spa\/wellness-treatments\/private-spa-suites\/#breadcrumb\"},\"inLanguage\":\"en-US\",\"potentialAction\":[{\"@type\":\"ReadAction\",\"target\":[\"https:\/\/alsik.dk\/en\/alsik-spa\/wellness-treatments\/private-spa-suites\/\"]}]},{\"@type\":\"ImageObject\",\"inLanguage\":\"en-US\",\"@id\":\"https:\/\/alsik.dk\/en\/alsik-spa\/wellness-treatments\/private-spa-suites\/#primaryimage\",\"url\":\"https:\/\/alsik.dk\/wp-content\/uploads\/2025\/01\/behandlerrum-par-1-scaled.jpg\",\"contentUrl\":\"https:\/\/alsik.dk\/wp-content\/uploads\/2025\/01\/behandlerrum-par-1-scaled.jpg\",\"width\":2560,\"height\":1707},{\"@type\":\"BreadcrumbList\",\"@id\":\"https:\/\/alsik.dk\/en\/alsik-spa\/wellness-treatments\/private-spa-suites\/#breadcrumb\",\"itemListElement\":[{\"@type\":\"ListItem\",\"position\":1,\"name\":\"Hjem\",\"item\":\"https:\/\/alsik.dk\/en\/\"},{\"@type\":\"ListItem\",\"position\":2,\"name\":\"Experience Alsik Spa\",\"item\":\"https:\/\/alsik.dk\/en\/alsik-spa\/\"},{\"@type\":\"ListItem\",\"position\":3,\"name\":\"Wellness &#038; treatments\",\"item\":\"https:\/\/alsik.dk\/en\/alsik-spa\/wellness-treatments\/\"},{\"@type\":\"ListItem\",\"position\":4,\"name\":\"Private Spa Suites\"}]},{\"@type\":\"WebSite\",\"@id\":\"https:\/\/alsik.dk\/en\/#website\",\"url\":\"https:\/\/alsik.dk\/en\/\",\"name\":\"Alsik Hotel &amp; Spa\",\"description\":\"Alsik er et af Danmarks mest sp\u00e6ndende hoteller med stilfulde og topmoderne v\u00e6relser. Her venter en verden af luksuri\u00f8s og hyggelig. Oplev Danmarks st\u00f8rste spa med flere end 60 forskellige spa- og wellnessoplevelser fordelt p\u00e5 4.500 kvadratmeter og fire etager. Eller fork\u00e6l sanserne med gastronomi i s\u00e6rklasse i Alsiks tre restauranter.\",\"potentialAction\":[{\"@type\":\"SearchAction\",\"target\":{\"@type\":\"EntryPoint\",\"urlTemplate\":\"https:\/\/alsik.dk\/en\/?s={search_term_string}\"},\"query-input\":{\"@type\":\"PropertyValueSpecification\",\"valueRequired\":true,\"valueName\":\"search_term_string\"}}],\"inLanguage\":\"en-US\"}]}<\/script>\n<!-- \/ Yoast SEO plugin. -->","yoast_head_json":{"title":"Private Spa Suites | Alsik Hotel &amp; Spa","description":"Get your own personal room where you can enjoy the tranquillity alone or with someone you hold dear. A suite lets you unwind and relax in harmony with the lovely views across Alssund. Our spa suites are equipped with a private steam bath and sauna to maximise the benefits of your treatment.","robots":{"index":"index","follow":"follow","max-snippet":"max-snippet:-1","max-image-preview":"max-image-preview:large","max-video-preview":"max-video-preview:-1"},"canonical":"https:\/\/alsik.dk\/en\/alsik-spa\/wellness-treatments\/private-spa-suites\/","og_locale":"en_US","og_type":"article","og_title":"Private Spa Suites | Alsik Hotel &amp; Spa","og_description":"Get your own personal room where you can enjoy the tranquillity alone or with someone you hold dear. A suite lets you unwind and relax in harmony with the lovely views across Alssund. Our spa suites are equipped with a private steam bath and sauna to maximise the benefits of your treatment.","og_url":"https:\/\/alsik.dk\/en\/alsik-spa\/wellness-treatments\/private-spa-suites\/","og_site_name":"Alsik Hotel &amp; Spa","article_modified_time":"2025-11-18T09:15:45+00:00","og_image":[{"width":2560,"height":1707,"url":"https:\/\/alsik.dk\/wp-content\/uploads\/2025\/01\/behandlerrum-par-1-scaled.jpg","type":"image\/jpeg"}],"twitter_card":"summary_large_image","twitter_misc":{"Est. reading time":"1 minute"},"schema":{"@context":"https:\/\/schema.org","@graph":[{"@type":"WebPage","@id":"https:\/\/alsik.dk\/en\/alsik-spa\/wellness-treatments\/private-spa-suites\/","url":"https:\/\/alsik.dk\/en\/alsik-spa\/wellness-treatments\/private-spa-suites\/","name":"Private Spa Suites | Alsik Hotel &amp; Spa","isPartOf":{"@id":"https:\/\/alsik.dk\/en\/#website"},"primaryImageOfPage":{"@id":"https:\/\/alsik.dk\/en\/alsik-spa\/wellness-treatments\/private-spa-suites\/#primaryimage"},"image":{"@id":"https:\/\/alsik.dk\/en\/alsik-spa\/wellness-treatments\/private-spa-suites\/#primaryimage"},"thumbnailUrl":"https:\/\/alsik.dk\/wp-content\/uploads\/2025\/01\/behandlerrum-par-1-scaled.jpg","datePublished":"2019-07-02T08:59:33+00:00","dateModified":"2025-11-18T09:15:45+00:00","description":"Get your own personal room where you can enjoy the tranquillity alone or with someone you hold dear. A suite lets you unwind and relax in harmony with the lovely views across Alssund. Our spa suites are equipped with a private steam bath and sauna to maximise the benefits of your treatment.","breadcrumb":{"@id":"https:\/\/alsik.dk\/en\/alsik-spa\/wellness-treatments\/private-spa-suites\/#breadcrumb"},"inLanguage":"en-US","potentialAction":[{"@type":"ReadAction","target":["https:\/\/alsik.dk\/en\/alsik-spa\/wellness-treatments\/private-spa-suites\/"]}]},{"@type":"ImageObject","inLanguage":"en-US","@id":"https:\/\/alsik.dk\/en\/alsik-spa\/wellness-treatments\/private-spa-suites\/#primaryimage","url":"https:\/\/alsik.dk\/wp-content\/uploads\/2025\/01\/behandlerrum-par-1-scaled.jpg","contentUrl":"https:\/\/alsik.dk\/wp-content\/uploads\/2025\/01\/behandlerrum-par-1-scaled.jpg","width":2560,"height":1707},{"@type":"BreadcrumbList","@id":"https:\/\/alsik.dk\/en\/alsik-spa\/wellness-treatments\/private-spa-suites\/#breadcrumb","itemListElement":[{"@type":"ListItem","position":1,"name":"Hjem","item":"https:\/\/alsik.dk\/en\/"},{"@type":"ListItem","position":2,"name":"Experience Alsik Spa","item":"https:\/\/alsik.dk\/en\/alsik-spa\/"},{"@type":"ListItem","position":3,"name":"Wellness &#038; treatments","item":"https:\/\/alsik.dk\/en\/alsik-spa\/wellness-treatments\/"},{"@type":"ListItem","position":4,"name":"Private Spa Suites"}]},{"@type":"WebSite","@id":"https:\/\/alsik.dk\/en\/#website","url":"https:\/\/alsik.dk\/en\/","name":"Alsik Hotel &amp; Spa","description":"Alsik er et af Danmarks mest sp\u00e6ndende hoteller med stilfulde og topmoderne v\u00e6relser. Her venter en verden af luksuri\u00f8s og hyggelig. Oplev Danmarks st\u00f8rste spa med flere end 60 forskellige spa- og wellnessoplevelser fordelt p\u00e5 4.500 kvadratmeter og fire etager. Eller fork\u00e6l sanserne med gastronomi i s\u00e6rklasse i Alsiks tre restauranter.","potentialAction":[{"@type":"SearchAction","target":{"@type":"EntryPoint","urlTemplate":"https:\/\/alsik.dk\/en\/?s={search_term_string}"},"query-input":{"@type":"PropertyValueSpecification","valueRequired":true,"valueName":"search_term_string"}}],"inLanguage":"en-US"}]}},"_links":{"self":[{"href":"https:\/\/alsik.dk\/en\/wp-json\/wp\/v2\/pages\/2898","targetHints":{"allow":["GET"]}}],"collection":[{"href":"https:\/\/alsik.dk\/en\/wp-json\/wp\/v2\/pages"}],"about":[{"href":"https:\/\/alsik.dk\/en\/wp-json\/wp\/v2\/types\/page"}],"author":[{"embeddable":true,"href":"https:\/\/alsik.dk\/en\/wp-json\/wp\/v2\/users\/7"}],"replies":[{"embeddable":true,"href":"https:\/\/alsik.dk\/en\/wp-json\/wp\/v2\/comments?post=2898"}],"version-history":[{"count":10,"href":"https:\/\/alsik.dk\/en\/wp-json\/wp\/v2\/pages\/2898\/revisions"}],"predecessor-version":[{"id":16994,"href":"https:\/\/alsik.dk\/en\/wp-json\/wp\/v2\/pages\/2898\/revisions\/16994"}],"up":[{"embeddable":true,"href":"https:\/\/alsik.dk\/en\/wp-json\/wp\/v2\/pages\/2837"}],"wp:featuredmedia":[{"embeddable":true,"href":"https:\/\/alsik.dk\/en\/wp-json\/wp\/v2\/media\/15258"}],"wp:attachment":[{"href":"https:\/\/alsik.dk\/en\/wp-json\/wp\/v2\/media?parent=2898"}],"wp:term":[{"taxonomy":"post_tag","embeddable":true,"href":"https:\/\/alsik.dk\/en\/wp-json\/wp\/v2\/tags?post=2898"}],"curies":[{"name":"wp","href":"https:\/\/api.w.org\/{rel}","templated":true}]}}