{"id":2909,"date":"2019-07-02T11:02:45","date_gmt":"2019-07-02T09:02:45","guid":{"rendered":"https:\/\/alsik.dk\/fitness-gym-yoga-studio\/"},"modified":"2025-02-05T16:59:37","modified_gmt":"2025-02-05T15:59:37","slug":"fitness-gym-yoga-studio","status":"publish","type":"page","link":"https:\/\/alsik.dk\/en\/alsik-spa\/fitness-gym-yoga-studio\/","title":{"rendered":"Fitness &#038; Memberships"},"content":{"rendered":"<p>We offer group training, personal guidance, as well as yoga and mindfulness for strength, mobility, and inner peace.<\/p>\n<p>As a hotel guest, you have free access to train at Alsik Fitness 24 hours every day of the week.<\/p>\n<p>As a member, you can train freely during opening hours. It&#8217;s also possible to train on a one-time basis.<\/p>\n<p>Age requirements: At least 18 years old &#8211; or 16 years old when accompanied by a person at least 18 years old.<\/p>\n<p><a href=\"https:\/\/alsik.dk\/en\/alsik-spa\/memberships\/\">See our memberships here<\/a><\/p>\n","protected":false},"excerpt":{"rendered":"<p>When you visit Alsik Fitness, Gym &#038; Yoga Studio, you will meet skilled, enthusiastic fitness instructors who help and guide you to achieving the best results adapted to meet your personal needs. At the studio, you will work out in beautiful, bright surroundings with the latest workout equipment from Technogym and Escape Fitness.<\/p>\n","protected":false},"author":7,"featured_media":15274,"parent":2834,"menu_order":0,"comment_status":"closed","ping_status":"closed","template":"","meta":{"_acf_changed":false,"footnotes":""},"tags":[],"class_list":["post-2909","page","type-page","status-publish","has-post-thumbnail","hentry"],"acf":[],"yoast_head":"<!-- This site is optimized with the Yoast SEO plugin v24.3 - https:\/\/yoast.com\/wordpress\/plugins\/seo\/ -->\n<title>Fitness &amp; Memberships | Alsik Hotel &amp; Spa<\/title>\n<meta name=\"description\" content=\"In Alsik Fitness, Gym &amp; Yoga Studio you will meet skilled fitness instructors, beautiful surroundings and modern workout equipment.\" \/>\n<meta name=\"robots\" content=\"index, follow, max-snippet:-1, max-image-preview:large, max-video-preview:-1\" \/>\n<link rel=\"canonical\" href=\"https:\/\/alsik.dk\/en\/alsik-spa\/fitness-gym-yoga-studio\/\" \/>\n<meta property=\"og:locale\" content=\"en_US\" \/>\n<meta property=\"og:type\" content=\"article\" \/>\n<meta property=\"og:title\" content=\"Fitness &amp; Memberships | Alsik Hotel &amp; Spa\" \/>\n<meta property=\"og:description\" content=\"In Alsik Fitness, Gym &amp; Yoga Studio you will meet skilled fitness instructors, beautiful surroundings and modern workout equipment.\" \/>\n<meta property=\"og:url\" content=\"https:\/\/alsik.dk\/en\/alsik-spa\/fitness-gym-yoga-studio\/\" \/>\n<meta property=\"og:site_name\" content=\"Alsik Hotel &amp; Spa\" \/>\n<meta property=\"article:modified_time\" content=\"2025-02-05T15:59:37+00:00\" \/>\n<meta property=\"og:image\" content=\"https:\/\/alsik.dk\/wp-content\/uploads\/2025\/01\/Holdtraening-2.jpg\" \/>\n\t<meta property=\"og:image:width\" content=\"1800\" \/>\n\t<meta property=\"og:image:height\" content=\"1201\" \/>\n\t<meta property=\"og:image:type\" content=\"image\/jpeg\" \/>\n<meta name=\"twitter:card\" content=\"summary_large_image\" \/>\n<meta name=\"twitter:label1\" content=\"Est. reading time\" \/>\n\t<meta name=\"twitter:data1\" content=\"1 minute\" \/>\n<script type=\"application\/ld+json\" class=\"yoast-schema-graph\">{\"@context\":\"https:\/\/schema.org\",\"@graph\":[{\"@type\":\"WebPage\",\"@id\":\"https:\/\/alsik.dk\/en\/alsik-spa\/fitness-gym-yoga-studio\/\",\"url\":\"https:\/\/alsik.dk\/en\/alsik-spa\/fitness-gym-yoga-studio\/\",\"name\":\"Fitness & Memberships | Alsik Hotel &amp; Spa\",\"isPartOf\":{\"@id\":\"https:\/\/alsik.dk\/en\/#website\"},\"primaryImageOfPage\":{\"@id\":\"https:\/\/alsik.dk\/en\/alsik-spa\/fitness-gym-yoga-studio\/#primaryimage\"},\"image\":{\"@id\":\"https:\/\/alsik.dk\/en\/alsik-spa\/fitness-gym-yoga-studio\/#primaryimage\"},\"thumbnailUrl\":\"https:\/\/alsik.dk\/wp-content\/uploads\/2025\/01\/Holdtraening-2.jpg\",\"datePublished\":\"2019-07-02T09:02:45+00:00\",\"dateModified\":\"2025-02-05T15:59:37+00:00\",\"description\":\"In Alsik Fitness, Gym & Yoga Studio you will meet skilled fitness instructors, beautiful surroundings and modern workout equipment.\",\"breadcrumb\":{\"@id\":\"https:\/\/alsik.dk\/en\/alsik-spa\/fitness-gym-yoga-studio\/#breadcrumb\"},\"inLanguage\":\"en-US\",\"potentialAction\":[{\"@type\":\"ReadAction\",\"target\":[\"https:\/\/alsik.dk\/en\/alsik-spa\/fitness-gym-yoga-studio\/\"]}]},{\"@type\":\"ImageObject\",\"inLanguage\":\"en-US\",\"@id\":\"https:\/\/alsik.dk\/en\/alsik-spa\/fitness-gym-yoga-studio\/#primaryimage\",\"url\":\"https:\/\/alsik.dk\/wp-content\/uploads\/2025\/01\/Holdtraening-2.jpg\",\"contentUrl\":\"https:\/\/alsik.dk\/wp-content\/uploads\/2025\/01\/Holdtraening-2.jpg\",\"width\":1800,\"height\":1201},{\"@type\":\"BreadcrumbList\",\"@id\":\"https:\/\/alsik.dk\/en\/alsik-spa\/fitness-gym-yoga-studio\/#breadcrumb\",\"itemListElement\":[{\"@type\":\"ListItem\",\"position\":1,\"name\":\"Hjem\",\"item\":\"https:\/\/alsik.dk\/en\/\"},{\"@type\":\"ListItem\",\"position\":2,\"name\":\"Experience Alsik Spa\",\"item\":\"https:\/\/alsik.dk\/en\/alsik-spa\/\"},{\"@type\":\"ListItem\",\"position\":3,\"name\":\"Fitness &#038; Memberships\"}]},{\"@type\":\"WebSite\",\"@id\":\"https:\/\/alsik.dk\/en\/#website\",\"url\":\"https:\/\/alsik.dk\/en\/\",\"name\":\"Alsik Hotel &amp; Spa\",\"description\":\"Alsik er et af Danmarks mest sp\u00e6ndende hoteller med stilfulde og topmoderne v\u00e6relser. Her venter en verden af luksuri\u00f8s og hyggelig. Oplev Danmarks st\u00f8rste spa med flere end 60 forskellige spa- og wellnessoplevelser fordelt p\u00e5 4.500 kvadratmeter og fire etager. Eller fork\u00e6l sanserne med gastronomi i s\u00e6rklasse i Alsiks tre restauranter.\",\"potentialAction\":[{\"@type\":\"SearchAction\",\"target\":{\"@type\":\"EntryPoint\",\"urlTemplate\":\"https:\/\/alsik.dk\/en\/?s={search_term_string}\"},\"query-input\":{\"@type\":\"PropertyValueSpecification\",\"valueRequired\":true,\"valueName\":\"search_term_string\"}}],\"inLanguage\":\"en-US\"}]}<\/script>\n<!-- \/ Yoast SEO plugin. -->","yoast_head_json":{"title":"Fitness & Memberships | Alsik Hotel &amp; Spa","description":"In Alsik Fitness, Gym & Yoga Studio you will meet skilled fitness instructors, beautiful surroundings and modern workout equipment.","robots":{"index":"index","follow":"follow","max-snippet":"max-snippet:-1","max-image-preview":"max-image-preview:large","max-video-preview":"max-video-preview:-1"},"canonical":"https:\/\/alsik.dk\/en\/alsik-spa\/fitness-gym-yoga-studio\/","og_locale":"en_US","og_type":"article","og_title":"Fitness & Memberships | Alsik Hotel &amp; Spa","og_description":"In Alsik Fitness, Gym & Yoga Studio you will meet skilled fitness instructors, beautiful surroundings and modern workout equipment.","og_url":"https:\/\/alsik.dk\/en\/alsik-spa\/fitness-gym-yoga-studio\/","og_site_name":"Alsik Hotel &amp; Spa","article_modified_time":"2025-02-05T15:59:37+00:00","og_image":[{"width":1800,"height":1201,"url":"https:\/\/alsik.dk\/wp-content\/uploads\/2025\/01\/Holdtraening-2.jpg","type":"image\/jpeg"}],"twitter_card":"summary_large_image","twitter_misc":{"Est. reading time":"1 minute"},"schema":{"@context":"https:\/\/schema.org","@graph":[{"@type":"WebPage","@id":"https:\/\/alsik.dk\/en\/alsik-spa\/fitness-gym-yoga-studio\/","url":"https:\/\/alsik.dk\/en\/alsik-spa\/fitness-gym-yoga-studio\/","name":"Fitness & Memberships | Alsik Hotel &amp; Spa","isPartOf":{"@id":"https:\/\/alsik.dk\/en\/#website"},"primaryImageOfPage":{"@id":"https:\/\/alsik.dk\/en\/alsik-spa\/fitness-gym-yoga-studio\/#primaryimage"},"image":{"@id":"https:\/\/alsik.dk\/en\/alsik-spa\/fitness-gym-yoga-studio\/#primaryimage"},"thumbnailUrl":"https:\/\/alsik.dk\/wp-content\/uploads\/2025\/01\/Holdtraening-2.jpg","datePublished":"2019-07-02T09:02:45+00:00","dateModified":"2025-02-05T15:59:37+00:00","description":"In Alsik Fitness, Gym & Yoga Studio you will meet skilled fitness instructors, beautiful surroundings and modern workout equipment.","breadcrumb":{"@id":"https:\/\/alsik.dk\/en\/alsik-spa\/fitness-gym-yoga-studio\/#breadcrumb"},"inLanguage":"en-US","potentialAction":[{"@type":"ReadAction","target":["https:\/\/alsik.dk\/en\/alsik-spa\/fitness-gym-yoga-studio\/"]}]},{"@type":"ImageObject","inLanguage":"en-US","@id":"https:\/\/alsik.dk\/en\/alsik-spa\/fitness-gym-yoga-studio\/#primaryimage","url":"https:\/\/alsik.dk\/wp-content\/uploads\/2025\/01\/Holdtraening-2.jpg","contentUrl":"https:\/\/alsik.dk\/wp-content\/uploads\/2025\/01\/Holdtraening-2.jpg","width":1800,"height":1201},{"@type":"BreadcrumbList","@id":"https:\/\/alsik.dk\/en\/alsik-spa\/fitness-gym-yoga-studio\/#breadcrumb","itemListElement":[{"@type":"ListItem","position":1,"name":"Hjem","item":"https:\/\/alsik.dk\/en\/"},{"@type":"ListItem","position":2,"name":"Experience Alsik Spa","item":"https:\/\/alsik.dk\/en\/alsik-spa\/"},{"@type":"ListItem","position":3,"name":"Fitness &#038; Memberships"}]},{"@type":"WebSite","@id":"https:\/\/alsik.dk\/en\/#website","url":"https:\/\/alsik.dk\/en\/","name":"Alsik Hotel &amp; Spa","description":"Alsik er et af Danmarks mest sp\u00e6ndende hoteller med stilfulde og topmoderne v\u00e6relser. Her venter en verden af luksuri\u00f8s og hyggelig. Oplev Danmarks st\u00f8rste spa med flere end 60 forskellige spa- og wellnessoplevelser fordelt p\u00e5 4.500 kvadratmeter og fire etager. Eller fork\u00e6l sanserne med gastronomi i s\u00e6rklasse i Alsiks tre restauranter.","potentialAction":[{"@type":"SearchAction","target":{"@type":"EntryPoint","urlTemplate":"https:\/\/alsik.dk\/en\/?s={search_term_string}"},"query-input":{"@type":"PropertyValueSpecification","valueRequired":true,"valueName":"search_term_string"}}],"inLanguage":"en-US"}]}},"_links":{"self":[{"href":"https:\/\/alsik.dk\/en\/wp-json\/wp\/v2\/pages\/2909","targetHints":{"allow":["GET"]}}],"collection":[{"href":"https:\/\/alsik.dk\/en\/wp-json\/wp\/v2\/pages"}],"about":[{"href":"https:\/\/alsik.dk\/en\/wp-json\/wp\/v2\/types\/page"}],"author":[{"embeddable":true,"href":"https:\/\/alsik.dk\/en\/wp-json\/wp\/v2\/users\/7"}],"replies":[{"embeddable":true,"href":"https:\/\/alsik.dk\/en\/wp-json\/wp\/v2\/comments?post=2909"}],"version-history":[{"count":24,"href":"https:\/\/alsik.dk\/en\/wp-json\/wp\/v2\/pages\/2909\/revisions"}],"predecessor-version":[{"id":15393,"href":"https:\/\/alsik.dk\/en\/wp-json\/wp\/v2\/pages\/2909\/revisions\/15393"}],"up":[{"embeddable":true,"href":"https:\/\/alsik.dk\/en\/wp-json\/wp\/v2\/pages\/2834"}],"wp:featuredmedia":[{"embeddable":true,"href":"https:\/\/alsik.dk\/en\/wp-json\/wp\/v2\/media\/15274"}],"wp:attachment":[{"href":"https:\/\/alsik.dk\/en\/wp-json\/wp\/v2\/media?parent=2909"}],"wp:term":[{"taxonomy":"post_tag","embeddable":true,"href":"https:\/\/alsik.dk\/en\/wp-json\/wp\/v2\/tags?post=2909"}],"curies":[{"name":"wp","href":"https:\/\/api.w.org\/{rel}","templated":true}]}}