{"id":2916,"date":"2019-07-02T11:03:37","date_gmt":"2019-07-02T09:03:37","guid":{"rendered":"https:\/\/alsik.dk\/fitness-gym-yoga-studio\/holdtraening\/"},"modified":"2023-02-13T14:06:49","modified_gmt":"2023-02-13T13:06:49","slug":"group-workouts","status":"publish","type":"page","link":"https:\/\/alsik.dk\/en\/alsik-spa\/fitness-gym-yoga-studio\/group-workouts\/","title":{"rendered":"Group workouts"},"content":{"rendered":"<p><em>Cancellations must be made at least 2 hours before the start of the team. In case of late cancellation or no-show, DKK 49 is automatically charged for no-show.<\/em><\/p>\n","protected":false},"excerpt":{"rendered":"<p>All Alsik Spa fitness instructors are enthusiastic about their profession and are devoted to inspiring you to do your very best. This is a selection of our workout groups. <\/p>\n","protected":false},"author":7,"featured_media":2918,"parent":2909,"menu_order":0,"comment_status":"closed","ping_status":"closed","template":"","meta":{"_acf_changed":false,"footnotes":""},"tags":[],"class_list":["post-2916","page","type-page","status-publish","has-post-thumbnail","hentry"],"acf":[],"yoast_head":"<!-- This site is optimized with the Yoast SEO plugin v24.3 - https:\/\/yoast.com\/wordpress\/plugins\/seo\/ -->\n<title>Group workouts | Alsik Hotel &amp; Spa<\/title>\n<meta name=\"description\" content=\"All Alsik Spa fitness instructors are enthusiastic and devoted to inspiring you to do your very best. This is our workout groups.\" \/>\n<meta name=\"robots\" content=\"index, follow, max-snippet:-1, max-image-preview:large, max-video-preview:-1\" \/>\n<link rel=\"canonical\" href=\"https:\/\/alsik.dk\/en\/alsik-spa\/fitness-gym-yoga-studio\/group-workouts\/\" \/>\n<meta property=\"og:locale\" content=\"en_US\" \/>\n<meta property=\"og:type\" content=\"article\" \/>\n<meta property=\"og:title\" content=\"Group workouts | Alsik Hotel &amp; Spa\" \/>\n<meta property=\"og:description\" content=\"All Alsik Spa fitness instructors are enthusiastic and devoted to inspiring you to do your very best. This is our workout groups.\" \/>\n<meta property=\"og:url\" content=\"https:\/\/alsik.dk\/en\/alsik-spa\/fitness-gym-yoga-studio\/group-workouts\/\" \/>\n<meta property=\"og:site_name\" content=\"Alsik Hotel &amp; Spa\" \/>\n<meta property=\"article:modified_time\" content=\"2023-02-13T13:06:49+00:00\" \/>\n<meta property=\"og:image\" content=\"https:\/\/alsik.dk\/wp-content\/uploads\/2019\/07\/spinning_terrasse-kopi-scaled.jpg\" \/>\n\t<meta property=\"og:image:width\" content=\"2452\" \/>\n\t<meta property=\"og:image:height\" content=\"2560\" \/>\n\t<meta property=\"og:image:type\" content=\"image\/jpeg\" \/>\n<meta name=\"twitter:card\" content=\"summary_large_image\" \/>\n<meta name=\"twitter:label1\" content=\"Est. reading time\" \/>\n\t<meta name=\"twitter:data1\" content=\"1 minute\" \/>\n<script type=\"application\/ld+json\" class=\"yoast-schema-graph\">{\"@context\":\"https:\/\/schema.org\",\"@graph\":[{\"@type\":\"WebPage\",\"@id\":\"https:\/\/alsik.dk\/en\/alsik-spa\/fitness-gym-yoga-studio\/group-workouts\/\",\"url\":\"https:\/\/alsik.dk\/en\/alsik-spa\/fitness-gym-yoga-studio\/group-workouts\/\",\"name\":\"Group workouts | Alsik Hotel &amp; Spa\",\"isPartOf\":{\"@id\":\"https:\/\/alsik.dk\/en\/#website\"},\"primaryImageOfPage\":{\"@id\":\"https:\/\/alsik.dk\/en\/alsik-spa\/fitness-gym-yoga-studio\/group-workouts\/#primaryimage\"},\"image\":{\"@id\":\"https:\/\/alsik.dk\/en\/alsik-spa\/fitness-gym-yoga-studio\/group-workouts\/#primaryimage\"},\"thumbnailUrl\":\"https:\/\/alsik.dk\/wp-content\/uploads\/2019\/07\/spinning_terrasse-kopi-scaled.jpg\",\"datePublished\":\"2019-07-02T09:03:37+00:00\",\"dateModified\":\"2023-02-13T13:06:49+00:00\",\"description\":\"All Alsik Spa fitness instructors are enthusiastic and devoted to inspiring you to do your very best. This is our workout groups.\",\"breadcrumb\":{\"@id\":\"https:\/\/alsik.dk\/en\/alsik-spa\/fitness-gym-yoga-studio\/group-workouts\/#breadcrumb\"},\"inLanguage\":\"en-US\",\"potentialAction\":[{\"@type\":\"ReadAction\",\"target\":[\"https:\/\/alsik.dk\/en\/alsik-spa\/fitness-gym-yoga-studio\/group-workouts\/\"]}]},{\"@type\":\"ImageObject\",\"inLanguage\":\"en-US\",\"@id\":\"https:\/\/alsik.dk\/en\/alsik-spa\/fitness-gym-yoga-studio\/group-workouts\/#primaryimage\",\"url\":\"https:\/\/alsik.dk\/wp-content\/uploads\/2019\/07\/spinning_terrasse-kopi-scaled.jpg\",\"contentUrl\":\"https:\/\/alsik.dk\/wp-content\/uploads\/2019\/07\/spinning_terrasse-kopi-scaled.jpg\",\"width\":2452,\"height\":2560},{\"@type\":\"BreadcrumbList\",\"@id\":\"https:\/\/alsik.dk\/en\/alsik-spa\/fitness-gym-yoga-studio\/group-workouts\/#breadcrumb\",\"itemListElement\":[{\"@type\":\"ListItem\",\"position\":1,\"name\":\"Hjem\",\"item\":\"https:\/\/alsik.dk\/en\/\"},{\"@type\":\"ListItem\",\"position\":2,\"name\":\"Experience Alsik Spa\",\"item\":\"https:\/\/alsik.dk\/en\/alsik-spa\/\"},{\"@type\":\"ListItem\",\"position\":3,\"name\":\"Fitness &#038; Memberships\",\"item\":\"https:\/\/alsik.dk\/en\/alsik-spa\/fitness-gym-yoga-studio\/\"},{\"@type\":\"ListItem\",\"position\":4,\"name\":\"Group workouts\"}]},{\"@type\":\"WebSite\",\"@id\":\"https:\/\/alsik.dk\/en\/#website\",\"url\":\"https:\/\/alsik.dk\/en\/\",\"name\":\"Alsik Hotel &amp; Spa\",\"description\":\"Alsik er et af Danmarks mest sp\u00e6ndende hoteller med stilfulde og topmoderne v\u00e6relser. Her venter en verden af luksuri\u00f8s og hyggelig. Oplev Danmarks st\u00f8rste spa med flere end 60 forskellige spa- og wellnessoplevelser fordelt p\u00e5 4.500 kvadratmeter og fire etager. Eller fork\u00e6l sanserne med gastronomi i s\u00e6rklasse i Alsiks tre restauranter.\",\"potentialAction\":[{\"@type\":\"SearchAction\",\"target\":{\"@type\":\"EntryPoint\",\"urlTemplate\":\"https:\/\/alsik.dk\/en\/?s={search_term_string}\"},\"query-input\":{\"@type\":\"PropertyValueSpecification\",\"valueRequired\":true,\"valueName\":\"search_term_string\"}}],\"inLanguage\":\"en-US\"}]}<\/script>\n<!-- \/ Yoast SEO plugin. -->","yoast_head_json":{"title":"Group workouts | Alsik Hotel &amp; Spa","description":"All Alsik Spa fitness instructors are enthusiastic and devoted to inspiring you to do your very best. This is our workout groups.","robots":{"index":"index","follow":"follow","max-snippet":"max-snippet:-1","max-image-preview":"max-image-preview:large","max-video-preview":"max-video-preview:-1"},"canonical":"https:\/\/alsik.dk\/en\/alsik-spa\/fitness-gym-yoga-studio\/group-workouts\/","og_locale":"en_US","og_type":"article","og_title":"Group workouts | Alsik Hotel &amp; Spa","og_description":"All Alsik Spa fitness instructors are enthusiastic and devoted to inspiring you to do your very best. This is our workout groups.","og_url":"https:\/\/alsik.dk\/en\/alsik-spa\/fitness-gym-yoga-studio\/group-workouts\/","og_site_name":"Alsik Hotel &amp; Spa","article_modified_time":"2023-02-13T13:06:49+00:00","og_image":[{"width":2452,"height":2560,"url":"https:\/\/alsik.dk\/wp-content\/uploads\/2019\/07\/spinning_terrasse-kopi-scaled.jpg","type":"image\/jpeg"}],"twitter_card":"summary_large_image","twitter_misc":{"Est. reading time":"1 minute"},"schema":{"@context":"https:\/\/schema.org","@graph":[{"@type":"WebPage","@id":"https:\/\/alsik.dk\/en\/alsik-spa\/fitness-gym-yoga-studio\/group-workouts\/","url":"https:\/\/alsik.dk\/en\/alsik-spa\/fitness-gym-yoga-studio\/group-workouts\/","name":"Group workouts | Alsik Hotel &amp; Spa","isPartOf":{"@id":"https:\/\/alsik.dk\/en\/#website"},"primaryImageOfPage":{"@id":"https:\/\/alsik.dk\/en\/alsik-spa\/fitness-gym-yoga-studio\/group-workouts\/#primaryimage"},"image":{"@id":"https:\/\/alsik.dk\/en\/alsik-spa\/fitness-gym-yoga-studio\/group-workouts\/#primaryimage"},"thumbnailUrl":"https:\/\/alsik.dk\/wp-content\/uploads\/2019\/07\/spinning_terrasse-kopi-scaled.jpg","datePublished":"2019-07-02T09:03:37+00:00","dateModified":"2023-02-13T13:06:49+00:00","description":"All Alsik Spa fitness instructors are enthusiastic and devoted to inspiring you to do your very best. This is our workout groups.","breadcrumb":{"@id":"https:\/\/alsik.dk\/en\/alsik-spa\/fitness-gym-yoga-studio\/group-workouts\/#breadcrumb"},"inLanguage":"en-US","potentialAction":[{"@type":"ReadAction","target":["https:\/\/alsik.dk\/en\/alsik-spa\/fitness-gym-yoga-studio\/group-workouts\/"]}]},{"@type":"ImageObject","inLanguage":"en-US","@id":"https:\/\/alsik.dk\/en\/alsik-spa\/fitness-gym-yoga-studio\/group-workouts\/#primaryimage","url":"https:\/\/alsik.dk\/wp-content\/uploads\/2019\/07\/spinning_terrasse-kopi-scaled.jpg","contentUrl":"https:\/\/alsik.dk\/wp-content\/uploads\/2019\/07\/spinning_terrasse-kopi-scaled.jpg","width":2452,"height":2560},{"@type":"BreadcrumbList","@id":"https:\/\/alsik.dk\/en\/alsik-spa\/fitness-gym-yoga-studio\/group-workouts\/#breadcrumb","itemListElement":[{"@type":"ListItem","position":1,"name":"Hjem","item":"https:\/\/alsik.dk\/en\/"},{"@type":"ListItem","position":2,"name":"Experience Alsik Spa","item":"https:\/\/alsik.dk\/en\/alsik-spa\/"},{"@type":"ListItem","position":3,"name":"Fitness &#038; Memberships","item":"https:\/\/alsik.dk\/en\/alsik-spa\/fitness-gym-yoga-studio\/"},{"@type":"ListItem","position":4,"name":"Group workouts"}]},{"@type":"WebSite","@id":"https:\/\/alsik.dk\/en\/#website","url":"https:\/\/alsik.dk\/en\/","name":"Alsik Hotel &amp; Spa","description":"Alsik er et af Danmarks mest sp\u00e6ndende hoteller med stilfulde og topmoderne v\u00e6relser. Her venter en verden af luksuri\u00f8s og hyggelig. Oplev Danmarks st\u00f8rste spa med flere end 60 forskellige spa- og wellnessoplevelser fordelt p\u00e5 4.500 kvadratmeter og fire etager. Eller fork\u00e6l sanserne med gastronomi i s\u00e6rklasse i Alsiks tre restauranter.","potentialAction":[{"@type":"SearchAction","target":{"@type":"EntryPoint","urlTemplate":"https:\/\/alsik.dk\/en\/?s={search_term_string}"},"query-input":{"@type":"PropertyValueSpecification","valueRequired":true,"valueName":"search_term_string"}}],"inLanguage":"en-US"}]}},"_links":{"self":[{"href":"https:\/\/alsik.dk\/en\/wp-json\/wp\/v2\/pages\/2916","targetHints":{"allow":["GET"]}}],"collection":[{"href":"https:\/\/alsik.dk\/en\/wp-json\/wp\/v2\/pages"}],"about":[{"href":"https:\/\/alsik.dk\/en\/wp-json\/wp\/v2\/types\/page"}],"author":[{"embeddable":true,"href":"https:\/\/alsik.dk\/en\/wp-json\/wp\/v2\/users\/7"}],"replies":[{"embeddable":true,"href":"https:\/\/alsik.dk\/en\/wp-json\/wp\/v2\/comments?post=2916"}],"version-history":[{"count":11,"href":"https:\/\/alsik.dk\/en\/wp-json\/wp\/v2\/pages\/2916\/revisions"}],"predecessor-version":[{"id":11736,"href":"https:\/\/alsik.dk\/en\/wp-json\/wp\/v2\/pages\/2916\/revisions\/11736"}],"up":[{"embeddable":true,"href":"https:\/\/alsik.dk\/en\/wp-json\/wp\/v2\/pages\/2909"}],"wp:featuredmedia":[{"embeddable":true,"href":"https:\/\/alsik.dk\/en\/wp-json\/wp\/v2\/media\/2918"}],"wp:attachment":[{"href":"https:\/\/alsik.dk\/en\/wp-json\/wp\/v2\/media?parent=2916"}],"wp:term":[{"taxonomy":"post_tag","embeddable":true,"href":"https:\/\/alsik.dk\/en\/wp-json\/wp\/v2\/tags?post=2916"}],"curies":[{"name":"wp","href":"https:\/\/api.w.org\/{rel}","templated":true}]}}