{"id":2924,"date":"2019-07-02T11:04:02","date_gmt":"2019-07-02T09:04:02","guid":{"rendered":"https:\/\/alsik.dk\/fitness-gym-yoga-studio\/yoga-mindfulness\/"},"modified":"2023-03-14T11:22:25","modified_gmt":"2023-03-14T10:22:25","slug":"yoga-mindfulness","status":"publish","type":"page","link":"https:\/\/alsik.dk\/en\/alsik-spa\/fitness-gym-yoga-studio\/yoga-mindfulness\/","title":{"rendered":"Yoga &#038; Mindfulness"},"content":{"rendered":"","protected":false},"excerpt":{"rendered":"<p>You can experience yoga and mindfulness in a unique setting at Alsik Spa. <\/p>\n","protected":false},"author":7,"featured_media":2926,"parent":2909,"menu_order":0,"comment_status":"closed","ping_status":"closed","template":"","meta":{"_acf_changed":false,"footnotes":""},"tags":[],"class_list":["post-2924","page","type-page","status-publish","has-post-thumbnail","hentry"],"acf":[],"yoast_head":"<!-- This site is optimized with the Yoast SEO plugin v24.3 - https:\/\/yoast.com\/wordpress\/plugins\/seo\/ -->\n<title>Yoga &amp; Mindfulness | Alsik Hotel &amp; Spa<\/title>\n<meta name=\"description\" content=\"Focus on heightening your awareness through calm and attentiveness and strengthen your body with gentle stretching and balanced breathing.\" \/>\n<meta name=\"robots\" content=\"index, follow, max-snippet:-1, max-image-preview:large, max-video-preview:-1\" \/>\n<link rel=\"canonical\" href=\"https:\/\/alsik.dk\/en\/alsik-spa\/fitness-gym-yoga-studio\/yoga-mindfulness\/\" \/>\n<meta property=\"og:locale\" content=\"en_US\" \/>\n<meta property=\"og:type\" content=\"article\" \/>\n<meta property=\"og:title\" content=\"Yoga &amp; Mindfulness | Alsik Hotel &amp; Spa\" \/>\n<meta property=\"og:description\" content=\"Focus on heightening your awareness through calm and attentiveness and strengthen your body with gentle stretching and balanced breathing.\" \/>\n<meta property=\"og:url\" content=\"https:\/\/alsik.dk\/en\/alsik-spa\/fitness-gym-yoga-studio\/yoga-mindfulness\/\" \/>\n<meta property=\"og:site_name\" content=\"Alsik Hotel &amp; Spa\" \/>\n<meta property=\"article:modified_time\" content=\"2023-03-14T10:22:25+00:00\" \/>\n<meta property=\"og:image\" content=\"https:\/\/alsik.dk\/wp-content\/uploads\/2019\/07\/skyhigh_yoga.jpg\" \/>\n\t<meta property=\"og:image:width\" content=\"1286\" \/>\n\t<meta property=\"og:image:height\" content=\"858\" \/>\n\t<meta property=\"og:image:type\" content=\"image\/jpeg\" \/>\n<meta name=\"twitter:card\" content=\"summary_large_image\" \/>\n<script type=\"application\/ld+json\" class=\"yoast-schema-graph\">{\"@context\":\"https:\/\/schema.org\",\"@graph\":[{\"@type\":\"WebPage\",\"@id\":\"https:\/\/alsik.dk\/en\/alsik-spa\/fitness-gym-yoga-studio\/yoga-mindfulness\/\",\"url\":\"https:\/\/alsik.dk\/en\/alsik-spa\/fitness-gym-yoga-studio\/yoga-mindfulness\/\",\"name\":\"Yoga & Mindfulness | Alsik Hotel &amp; Spa\",\"isPartOf\":{\"@id\":\"https:\/\/alsik.dk\/en\/#website\"},\"primaryImageOfPage\":{\"@id\":\"https:\/\/alsik.dk\/en\/alsik-spa\/fitness-gym-yoga-studio\/yoga-mindfulness\/#primaryimage\"},\"image\":{\"@id\":\"https:\/\/alsik.dk\/en\/alsik-spa\/fitness-gym-yoga-studio\/yoga-mindfulness\/#primaryimage\"},\"thumbnailUrl\":\"https:\/\/alsik.dk\/wp-content\/uploads\/2019\/07\/skyhigh_yoga.jpg\",\"datePublished\":\"2019-07-02T09:04:02+00:00\",\"dateModified\":\"2023-03-14T10:22:25+00:00\",\"description\":\"Focus on heightening your awareness through calm and attentiveness and strengthen your body with gentle stretching and balanced breathing.\",\"breadcrumb\":{\"@id\":\"https:\/\/alsik.dk\/en\/alsik-spa\/fitness-gym-yoga-studio\/yoga-mindfulness\/#breadcrumb\"},\"inLanguage\":\"en-US\",\"potentialAction\":[{\"@type\":\"ReadAction\",\"target\":[\"https:\/\/alsik.dk\/en\/alsik-spa\/fitness-gym-yoga-studio\/yoga-mindfulness\/\"]}]},{\"@type\":\"ImageObject\",\"inLanguage\":\"en-US\",\"@id\":\"https:\/\/alsik.dk\/en\/alsik-spa\/fitness-gym-yoga-studio\/yoga-mindfulness\/#primaryimage\",\"url\":\"https:\/\/alsik.dk\/wp-content\/uploads\/2019\/07\/skyhigh_yoga.jpg\",\"contentUrl\":\"https:\/\/alsik.dk\/wp-content\/uploads\/2019\/07\/skyhigh_yoga.jpg\",\"width\":1286,\"height\":858},{\"@type\":\"BreadcrumbList\",\"@id\":\"https:\/\/alsik.dk\/en\/alsik-spa\/fitness-gym-yoga-studio\/yoga-mindfulness\/#breadcrumb\",\"itemListElement\":[{\"@type\":\"ListItem\",\"position\":1,\"name\":\"Hjem\",\"item\":\"https:\/\/alsik.dk\/en\/\"},{\"@type\":\"ListItem\",\"position\":2,\"name\":\"Experience Alsik Spa\",\"item\":\"https:\/\/alsik.dk\/en\/alsik-spa\/\"},{\"@type\":\"ListItem\",\"position\":3,\"name\":\"Fitness &#038; Memberships\",\"item\":\"https:\/\/alsik.dk\/en\/alsik-spa\/fitness-gym-yoga-studio\/\"},{\"@type\":\"ListItem\",\"position\":4,\"name\":\"Yoga &#038; Mindfulness\"}]},{\"@type\":\"WebSite\",\"@id\":\"https:\/\/alsik.dk\/en\/#website\",\"url\":\"https:\/\/alsik.dk\/en\/\",\"name\":\"Alsik Hotel &amp; Spa\",\"description\":\"Alsik er et af Danmarks mest sp\u00e6ndende hoteller med stilfulde og topmoderne v\u00e6relser. Her venter en verden af luksuri\u00f8s og hyggelig. Oplev Danmarks st\u00f8rste spa med flere end 60 forskellige spa- og wellnessoplevelser fordelt p\u00e5 4.500 kvadratmeter og fire etager. Eller fork\u00e6l sanserne med gastronomi i s\u00e6rklasse i Alsiks tre restauranter.\",\"potentialAction\":[{\"@type\":\"SearchAction\",\"target\":{\"@type\":\"EntryPoint\",\"urlTemplate\":\"https:\/\/alsik.dk\/en\/?s={search_term_string}\"},\"query-input\":{\"@type\":\"PropertyValueSpecification\",\"valueRequired\":true,\"valueName\":\"search_term_string\"}}],\"inLanguage\":\"en-US\"}]}<\/script>\n<!-- \/ Yoast SEO plugin. -->","yoast_head_json":{"title":"Yoga & Mindfulness | Alsik Hotel &amp; Spa","description":"Focus on heightening your awareness through calm and attentiveness and strengthen your body with gentle stretching and balanced breathing.","robots":{"index":"index","follow":"follow","max-snippet":"max-snippet:-1","max-image-preview":"max-image-preview:large","max-video-preview":"max-video-preview:-1"},"canonical":"https:\/\/alsik.dk\/en\/alsik-spa\/fitness-gym-yoga-studio\/yoga-mindfulness\/","og_locale":"en_US","og_type":"article","og_title":"Yoga & Mindfulness | Alsik Hotel &amp; Spa","og_description":"Focus on heightening your awareness through calm and attentiveness and strengthen your body with gentle stretching and balanced breathing.","og_url":"https:\/\/alsik.dk\/en\/alsik-spa\/fitness-gym-yoga-studio\/yoga-mindfulness\/","og_site_name":"Alsik Hotel &amp; Spa","article_modified_time":"2023-03-14T10:22:25+00:00","og_image":[{"width":1286,"height":858,"url":"https:\/\/alsik.dk\/wp-content\/uploads\/2019\/07\/skyhigh_yoga.jpg","type":"image\/jpeg"}],"twitter_card":"summary_large_image","schema":{"@context":"https:\/\/schema.org","@graph":[{"@type":"WebPage","@id":"https:\/\/alsik.dk\/en\/alsik-spa\/fitness-gym-yoga-studio\/yoga-mindfulness\/","url":"https:\/\/alsik.dk\/en\/alsik-spa\/fitness-gym-yoga-studio\/yoga-mindfulness\/","name":"Yoga & Mindfulness | Alsik Hotel &amp; Spa","isPartOf":{"@id":"https:\/\/alsik.dk\/en\/#website"},"primaryImageOfPage":{"@id":"https:\/\/alsik.dk\/en\/alsik-spa\/fitness-gym-yoga-studio\/yoga-mindfulness\/#primaryimage"},"image":{"@id":"https:\/\/alsik.dk\/en\/alsik-spa\/fitness-gym-yoga-studio\/yoga-mindfulness\/#primaryimage"},"thumbnailUrl":"https:\/\/alsik.dk\/wp-content\/uploads\/2019\/07\/skyhigh_yoga.jpg","datePublished":"2019-07-02T09:04:02+00:00","dateModified":"2023-03-14T10:22:25+00:00","description":"Focus on heightening your awareness through calm and attentiveness and strengthen your body with gentle stretching and balanced breathing.","breadcrumb":{"@id":"https:\/\/alsik.dk\/en\/alsik-spa\/fitness-gym-yoga-studio\/yoga-mindfulness\/#breadcrumb"},"inLanguage":"en-US","potentialAction":[{"@type":"ReadAction","target":["https:\/\/alsik.dk\/en\/alsik-spa\/fitness-gym-yoga-studio\/yoga-mindfulness\/"]}]},{"@type":"ImageObject","inLanguage":"en-US","@id":"https:\/\/alsik.dk\/en\/alsik-spa\/fitness-gym-yoga-studio\/yoga-mindfulness\/#primaryimage","url":"https:\/\/alsik.dk\/wp-content\/uploads\/2019\/07\/skyhigh_yoga.jpg","contentUrl":"https:\/\/alsik.dk\/wp-content\/uploads\/2019\/07\/skyhigh_yoga.jpg","width":1286,"height":858},{"@type":"BreadcrumbList","@id":"https:\/\/alsik.dk\/en\/alsik-spa\/fitness-gym-yoga-studio\/yoga-mindfulness\/#breadcrumb","itemListElement":[{"@type":"ListItem","position":1,"name":"Hjem","item":"https:\/\/alsik.dk\/en\/"},{"@type":"ListItem","position":2,"name":"Experience Alsik Spa","item":"https:\/\/alsik.dk\/en\/alsik-spa\/"},{"@type":"ListItem","position":3,"name":"Fitness &#038; Memberships","item":"https:\/\/alsik.dk\/en\/alsik-spa\/fitness-gym-yoga-studio\/"},{"@type":"ListItem","position":4,"name":"Yoga &#038; Mindfulness"}]},{"@type":"WebSite","@id":"https:\/\/alsik.dk\/en\/#website","url":"https:\/\/alsik.dk\/en\/","name":"Alsik Hotel &amp; Spa","description":"Alsik er et af Danmarks mest sp\u00e6ndende hoteller med stilfulde og topmoderne v\u00e6relser. Her venter en verden af luksuri\u00f8s og hyggelig. Oplev Danmarks st\u00f8rste spa med flere end 60 forskellige spa- og wellnessoplevelser fordelt p\u00e5 4.500 kvadratmeter og fire etager. Eller fork\u00e6l sanserne med gastronomi i s\u00e6rklasse i Alsiks tre restauranter.","potentialAction":[{"@type":"SearchAction","target":{"@type":"EntryPoint","urlTemplate":"https:\/\/alsik.dk\/en\/?s={search_term_string}"},"query-input":{"@type":"PropertyValueSpecification","valueRequired":true,"valueName":"search_term_string"}}],"inLanguage":"en-US"}]}},"_links":{"self":[{"href":"https:\/\/alsik.dk\/en\/wp-json\/wp\/v2\/pages\/2924","targetHints":{"allow":["GET"]}}],"collection":[{"href":"https:\/\/alsik.dk\/en\/wp-json\/wp\/v2\/pages"}],"about":[{"href":"https:\/\/alsik.dk\/en\/wp-json\/wp\/v2\/types\/page"}],"author":[{"embeddable":true,"href":"https:\/\/alsik.dk\/en\/wp-json\/wp\/v2\/users\/7"}],"replies":[{"embeddable":true,"href":"https:\/\/alsik.dk\/en\/wp-json\/wp\/v2\/comments?post=2924"}],"version-history":[{"count":11,"href":"https:\/\/alsik.dk\/en\/wp-json\/wp\/v2\/pages\/2924\/revisions"}],"predecessor-version":[{"id":11927,"href":"https:\/\/alsik.dk\/en\/wp-json\/wp\/v2\/pages\/2924\/revisions\/11927"}],"up":[{"embeddable":true,"href":"https:\/\/alsik.dk\/en\/wp-json\/wp\/v2\/pages\/2909"}],"wp:featuredmedia":[{"embeddable":true,"href":"https:\/\/alsik.dk\/en\/wp-json\/wp\/v2\/media\/2926"}],"wp:attachment":[{"href":"https:\/\/alsik.dk\/en\/wp-json\/wp\/v2\/media?parent=2924"}],"wp:term":[{"taxonomy":"post_tag","embeddable":true,"href":"https:\/\/alsik.dk\/en\/wp-json\/wp\/v2\/tags?post=2924"}],"curies":[{"name":"wp","href":"https:\/\/api.w.org\/{rel}","templated":true}]}}