{"id":2940,"date":"2019-07-02T11:04:32","date_gmt":"2019-07-02T09:04:32","guid":{"rendered":"https:\/\/alsik.dk\/spa-for-boern-teenagere\/"},"modified":"2025-02-12T09:43:03","modified_gmt":"2025-02-12T08:43:03","slug":"spa-for-children-teenagers","status":"publish","type":"page","link":"https:\/\/alsik.dk\/en\/alsik-spa\/spa-for-children-teenagers\/","title":{"rendered":"SPA for children and teenagers"},"content":{"rendered":"<p>In Alsik Spa you will find unique areas and fantastic experiences for the entire family. We have reserved special time slots for family time in the Alsik Spa Pool &amp; Kids Pool.<\/p>\n<p>Children and teenagers aged 0-16 years (only applies to hotel guests) have access when accompanied by an adult during the time slots 7:00-8:00 &amp; 8:00-9:00 Monday-Sunday.<\/p>\n<p>During official holiday periods, also from 9:00 AM to 10:00 AM.<br \/>\nIn 2025, this applies to winter holiday (week 7), Easter holiday (April 12th &#8211; April 21st), summer holiday (July 1st &#8211; July 31st), autumn holiday (week 42), and the Christmas holiday (December 22th &#8211; December 31st).<\/p>\n<p><strong>Access details:<\/strong><\/p>\n<ul>\n<li>Children aged 0\u20136: Access to the Kids Pool.<\/li>\n<li>Children and teens aged 7\u201316: Access to the Alsik Spa Pool.<\/li>\n<\/ul>\n<p>Only one time slot can be booked per visit.<\/p>\n<p>&nbsp;<\/p>\n<p><strong>Price:<\/strong><\/p>\n<ul>\n<li>DKK 95 per person, DKK 190 total for one child and one adult.<\/li>\n<li>Additional adult: DKK 95.<\/li>\n<\/ul>\n<p>&nbsp;<\/p>\n","protected":false},"excerpt":{"rendered":"<p>Alsik Spa features unique areas and fantastic experiences for the whole family. The Kids and Teen areas are specially designed for creative games and pleasant interaction. <\/p>\n","protected":false},"author":7,"featured_media":2941,"parent":2834,"menu_order":0,"comment_status":"closed","ping_status":"closed","template":"","meta":{"_acf_changed":false,"footnotes":""},"tags":[],"class_list":["post-2940","page","type-page","status-publish","has-post-thumbnail","hentry"],"acf":[],"yoast_head":"<!-- This site is optimized with the Yoast SEO plugin v24.3 - https:\/\/yoast.com\/wordpress\/plugins\/seo\/ -->\n<title>SPA for children and teenagers | Alsik Hotel &amp; Spa<\/title>\n<meta name=\"description\" content=\"Alsik Spa features unique areas and fantastic experiences for the whole family. We have special timeslots for kids and teens.\" \/>\n<meta name=\"robots\" content=\"index, follow, max-snippet:-1, max-image-preview:large, max-video-preview:-1\" \/>\n<link rel=\"canonical\" href=\"https:\/\/alsik.dk\/en\/alsik-spa\/spa-for-children-teenagers\/\" \/>\n<meta property=\"og:locale\" content=\"en_US\" \/>\n<meta property=\"og:type\" content=\"article\" \/>\n<meta property=\"og:title\" content=\"SPA for children and teenagers | Alsik Hotel &amp; Spa\" \/>\n<meta property=\"og:description\" content=\"Alsik Spa features unique areas and fantastic experiences for the whole family. We have special timeslots for kids and teens.\" \/>\n<meta property=\"og:url\" content=\"https:\/\/alsik.dk\/en\/alsik-spa\/spa-for-children-teenagers\/\" \/>\n<meta property=\"og:site_name\" content=\"Alsik Hotel &amp; Spa\" \/>\n<meta property=\"article:modified_time\" content=\"2025-02-12T08:43:03+00:00\" \/>\n<meta property=\"og:image\" content=\"https:\/\/alsik.dk\/wp-content\/uploads\/2019\/07\/spa_kids_club-scaled.jpg\" \/>\n\t<meta property=\"og:image:width\" content=\"2560\" \/>\n\t<meta property=\"og:image:height\" content=\"1707\" \/>\n\t<meta property=\"og:image:type\" content=\"image\/jpeg\" \/>\n<meta name=\"twitter:card\" content=\"summary_large_image\" \/>\n<meta name=\"twitter:label1\" content=\"Est. reading time\" \/>\n\t<meta name=\"twitter:data1\" content=\"2 minutes\" \/>\n<script type=\"application\/ld+json\" class=\"yoast-schema-graph\">{\"@context\":\"https:\/\/schema.org\",\"@graph\":[{\"@type\":\"WebPage\",\"@id\":\"https:\/\/alsik.dk\/en\/alsik-spa\/spa-for-children-teenagers\/\",\"url\":\"https:\/\/alsik.dk\/en\/alsik-spa\/spa-for-children-teenagers\/\",\"name\":\"SPA for children and teenagers | Alsik Hotel &amp; Spa\",\"isPartOf\":{\"@id\":\"https:\/\/alsik.dk\/en\/#website\"},\"primaryImageOfPage\":{\"@id\":\"https:\/\/alsik.dk\/en\/alsik-spa\/spa-for-children-teenagers\/#primaryimage\"},\"image\":{\"@id\":\"https:\/\/alsik.dk\/en\/alsik-spa\/spa-for-children-teenagers\/#primaryimage\"},\"thumbnailUrl\":\"https:\/\/alsik.dk\/wp-content\/uploads\/2019\/07\/spa_kids_club-scaled.jpg\",\"datePublished\":\"2019-07-02T09:04:32+00:00\",\"dateModified\":\"2025-02-12T08:43:03+00:00\",\"description\":\"Alsik Spa features unique areas and fantastic experiences for the whole family. We have special timeslots for kids and teens.\",\"breadcrumb\":{\"@id\":\"https:\/\/alsik.dk\/en\/alsik-spa\/spa-for-children-teenagers\/#breadcrumb\"},\"inLanguage\":\"en-US\",\"potentialAction\":[{\"@type\":\"ReadAction\",\"target\":[\"https:\/\/alsik.dk\/en\/alsik-spa\/spa-for-children-teenagers\/\"]}]},{\"@type\":\"ImageObject\",\"inLanguage\":\"en-US\",\"@id\":\"https:\/\/alsik.dk\/en\/alsik-spa\/spa-for-children-teenagers\/#primaryimage\",\"url\":\"https:\/\/alsik.dk\/wp-content\/uploads\/2019\/07\/spa_kids_club-scaled.jpg\",\"contentUrl\":\"https:\/\/alsik.dk\/wp-content\/uploads\/2019\/07\/spa_kids_club-scaled.jpg\",\"width\":2560,\"height\":1707},{\"@type\":\"BreadcrumbList\",\"@id\":\"https:\/\/alsik.dk\/en\/alsik-spa\/spa-for-children-teenagers\/#breadcrumb\",\"itemListElement\":[{\"@type\":\"ListItem\",\"position\":1,\"name\":\"Hjem\",\"item\":\"https:\/\/alsik.dk\/en\/\"},{\"@type\":\"ListItem\",\"position\":2,\"name\":\"Experience Alsik Spa\",\"item\":\"https:\/\/alsik.dk\/en\/alsik-spa\/\"},{\"@type\":\"ListItem\",\"position\":3,\"name\":\"SPA for children and teenagers\"}]},{\"@type\":\"WebSite\",\"@id\":\"https:\/\/alsik.dk\/en\/#website\",\"url\":\"https:\/\/alsik.dk\/en\/\",\"name\":\"Alsik Hotel &amp; Spa\",\"description\":\"Alsik er et af Danmarks mest sp\u00e6ndende hoteller med stilfulde og topmoderne v\u00e6relser. Her venter en verden af luksuri\u00f8s og hyggelig. Oplev Danmarks st\u00f8rste spa med flere end 60 forskellige spa- og wellnessoplevelser fordelt p\u00e5 4.500 kvadratmeter og fire etager. Eller fork\u00e6l sanserne med gastronomi i s\u00e6rklasse i Alsiks tre restauranter.\",\"potentialAction\":[{\"@type\":\"SearchAction\",\"target\":{\"@type\":\"EntryPoint\",\"urlTemplate\":\"https:\/\/alsik.dk\/en\/?s={search_term_string}\"},\"query-input\":{\"@type\":\"PropertyValueSpecification\",\"valueRequired\":true,\"valueName\":\"search_term_string\"}}],\"inLanguage\":\"en-US\"}]}<\/script>\n<!-- \/ Yoast SEO plugin. -->","yoast_head_json":{"title":"SPA for children and teenagers | Alsik Hotel &amp; Spa","description":"Alsik Spa features unique areas and fantastic experiences for the whole family. We have special timeslots for kids and teens.","robots":{"index":"index","follow":"follow","max-snippet":"max-snippet:-1","max-image-preview":"max-image-preview:large","max-video-preview":"max-video-preview:-1"},"canonical":"https:\/\/alsik.dk\/en\/alsik-spa\/spa-for-children-teenagers\/","og_locale":"en_US","og_type":"article","og_title":"SPA for children and teenagers | Alsik Hotel &amp; Spa","og_description":"Alsik Spa features unique areas and fantastic experiences for the whole family. We have special timeslots for kids and teens.","og_url":"https:\/\/alsik.dk\/en\/alsik-spa\/spa-for-children-teenagers\/","og_site_name":"Alsik Hotel &amp; Spa","article_modified_time":"2025-02-12T08:43:03+00:00","og_image":[{"width":2560,"height":1707,"url":"https:\/\/alsik.dk\/wp-content\/uploads\/2019\/07\/spa_kids_club-scaled.jpg","type":"image\/jpeg"}],"twitter_card":"summary_large_image","twitter_misc":{"Est. reading time":"2 minutes"},"schema":{"@context":"https:\/\/schema.org","@graph":[{"@type":"WebPage","@id":"https:\/\/alsik.dk\/en\/alsik-spa\/spa-for-children-teenagers\/","url":"https:\/\/alsik.dk\/en\/alsik-spa\/spa-for-children-teenagers\/","name":"SPA for children and teenagers | Alsik Hotel &amp; Spa","isPartOf":{"@id":"https:\/\/alsik.dk\/en\/#website"},"primaryImageOfPage":{"@id":"https:\/\/alsik.dk\/en\/alsik-spa\/spa-for-children-teenagers\/#primaryimage"},"image":{"@id":"https:\/\/alsik.dk\/en\/alsik-spa\/spa-for-children-teenagers\/#primaryimage"},"thumbnailUrl":"https:\/\/alsik.dk\/wp-content\/uploads\/2019\/07\/spa_kids_club-scaled.jpg","datePublished":"2019-07-02T09:04:32+00:00","dateModified":"2025-02-12T08:43:03+00:00","description":"Alsik Spa features unique areas and fantastic experiences for the whole family. We have special timeslots for kids and teens.","breadcrumb":{"@id":"https:\/\/alsik.dk\/en\/alsik-spa\/spa-for-children-teenagers\/#breadcrumb"},"inLanguage":"en-US","potentialAction":[{"@type":"ReadAction","target":["https:\/\/alsik.dk\/en\/alsik-spa\/spa-for-children-teenagers\/"]}]},{"@type":"ImageObject","inLanguage":"en-US","@id":"https:\/\/alsik.dk\/en\/alsik-spa\/spa-for-children-teenagers\/#primaryimage","url":"https:\/\/alsik.dk\/wp-content\/uploads\/2019\/07\/spa_kids_club-scaled.jpg","contentUrl":"https:\/\/alsik.dk\/wp-content\/uploads\/2019\/07\/spa_kids_club-scaled.jpg","width":2560,"height":1707},{"@type":"BreadcrumbList","@id":"https:\/\/alsik.dk\/en\/alsik-spa\/spa-for-children-teenagers\/#breadcrumb","itemListElement":[{"@type":"ListItem","position":1,"name":"Hjem","item":"https:\/\/alsik.dk\/en\/"},{"@type":"ListItem","position":2,"name":"Experience Alsik Spa","item":"https:\/\/alsik.dk\/en\/alsik-spa\/"},{"@type":"ListItem","position":3,"name":"SPA for children and teenagers"}]},{"@type":"WebSite","@id":"https:\/\/alsik.dk\/en\/#website","url":"https:\/\/alsik.dk\/en\/","name":"Alsik Hotel &amp; Spa","description":"Alsik er et af Danmarks mest sp\u00e6ndende hoteller med stilfulde og topmoderne v\u00e6relser. Her venter en verden af luksuri\u00f8s og hyggelig. Oplev Danmarks st\u00f8rste spa med flere end 60 forskellige spa- og wellnessoplevelser fordelt p\u00e5 4.500 kvadratmeter og fire etager. Eller fork\u00e6l sanserne med gastronomi i s\u00e6rklasse i Alsiks tre restauranter.","potentialAction":[{"@type":"SearchAction","target":{"@type":"EntryPoint","urlTemplate":"https:\/\/alsik.dk\/en\/?s={search_term_string}"},"query-input":{"@type":"PropertyValueSpecification","valueRequired":true,"valueName":"search_term_string"}}],"inLanguage":"en-US"}]}},"_links":{"self":[{"href":"https:\/\/alsik.dk\/en\/wp-json\/wp\/v2\/pages\/2940","targetHints":{"allow":["GET"]}}],"collection":[{"href":"https:\/\/alsik.dk\/en\/wp-json\/wp\/v2\/pages"}],"about":[{"href":"https:\/\/alsik.dk\/en\/wp-json\/wp\/v2\/types\/page"}],"author":[{"embeddable":true,"href":"https:\/\/alsik.dk\/en\/wp-json\/wp\/v2\/users\/7"}],"replies":[{"embeddable":true,"href":"https:\/\/alsik.dk\/en\/wp-json\/wp\/v2\/comments?post=2940"}],"version-history":[{"count":29,"href":"https:\/\/alsik.dk\/en\/wp-json\/wp\/v2\/pages\/2940\/revisions"}],"predecessor-version":[{"id":15498,"href":"https:\/\/alsik.dk\/en\/wp-json\/wp\/v2\/pages\/2940\/revisions\/15498"}],"up":[{"embeddable":true,"href":"https:\/\/alsik.dk\/en\/wp-json\/wp\/v2\/pages\/2834"}],"wp:featuredmedia":[{"embeddable":true,"href":"https:\/\/alsik.dk\/en\/wp-json\/wp\/v2\/media\/2941"}],"wp:attachment":[{"href":"https:\/\/alsik.dk\/en\/wp-json\/wp\/v2\/media?parent=2940"}],"wp:term":[{"taxonomy":"post_tag","embeddable":true,"href":"https:\/\/alsik.dk\/en\/wp-json\/wp\/v2\/tags?post=2940"}],"curies":[{"name":"wp","href":"https:\/\/api.w.org\/{rel}","templated":true}]}}