{"id":2953,"date":"2019-07-02T11:05:27","date_gmt":"2019-07-02T09:05:27","guid":{"rendered":"https:\/\/alsik.dk\/medlemskaber\/"},"modified":"2025-02-05T17:04:15","modified_gmt":"2025-02-05T16:04:15","slug":"memberships","status":"publish","type":"page","link":"https:\/\/alsik.dk\/en\/alsik-spa\/memberships\/","title":{"rendered":"Memberships"},"content":{"rendered":"","protected":false},"excerpt":{"rendered":"<p>Alsik Spa offers Spa &#038; Fitness memberships focused on your health, physical and mental well-being and restoration to health. No matter if you need to relax and take a break from a busy everyday life or if you need help to achieve positive physical development, we are pleased to guide and help you in the right direction.<\/p>\n","protected":false},"author":7,"featured_media":15156,"parent":2834,"menu_order":0,"comment_status":"closed","ping_status":"closed","template":"","meta":{"_acf_changed":false,"footnotes":""},"tags":[],"class_list":["post-2953","page","type-page","status-publish","has-post-thumbnail","hentry"],"acf":[],"yoast_head":"<!-- This site is optimized with the Yoast SEO plugin v24.3 - https:\/\/yoast.com\/wordpress\/plugins\/seo\/ -->\n<title>Memberships | Alsik Hotel &amp; Spa<\/title>\n<meta name=\"description\" content=\"Alsik Spa offers Spa &amp; Fitness memberships focused on your health, physical and mental well-being and restoration to health.\" \/>\n<meta name=\"robots\" content=\"index, follow, max-snippet:-1, max-image-preview:large, max-video-preview:-1\" \/>\n<link rel=\"canonical\" href=\"https:\/\/alsik.dk\/en\/alsik-spa\/memberships\/\" \/>\n<meta property=\"og:locale\" content=\"en_US\" \/>\n<meta property=\"og:type\" content=\"article\" \/>\n<meta property=\"og:title\" content=\"Memberships | Alsik Hotel &amp; Spa\" \/>\n<meta property=\"og:description\" content=\"Alsik Spa offers Spa &amp; Fitness memberships focused on your health, physical and mental well-being and restoration to health.\" \/>\n<meta property=\"og:url\" content=\"https:\/\/alsik.dk\/en\/alsik-spa\/memberships\/\" \/>\n<meta property=\"og:site_name\" content=\"Alsik Hotel &amp; Spa\" \/>\n<meta property=\"article:modified_time\" content=\"2025-02-05T16:04:15+00:00\" \/>\n<meta property=\"og:image\" content=\"https:\/\/alsik.dk\/wp-content\/uploads\/2024\/11\/Brunch-3.jpg\" \/>\n\t<meta property=\"og:image:width\" content=\"1201\" \/>\n\t<meta property=\"og:image:height\" content=\"1800\" \/>\n\t<meta property=\"og:image:type\" content=\"image\/jpeg\" \/>\n<meta name=\"twitter:card\" content=\"summary_large_image\" \/>\n<meta name=\"twitter:label1\" content=\"Est. reading time\" \/>\n\t<meta name=\"twitter:data1\" content=\"1 minute\" \/>\n<script type=\"application\/ld+json\" class=\"yoast-schema-graph\">{\"@context\":\"https:\/\/schema.org\",\"@graph\":[{\"@type\":\"WebPage\",\"@id\":\"https:\/\/alsik.dk\/en\/alsik-spa\/memberships\/\",\"url\":\"https:\/\/alsik.dk\/en\/alsik-spa\/memberships\/\",\"name\":\"Memberships | Alsik Hotel &amp; Spa\",\"isPartOf\":{\"@id\":\"https:\/\/alsik.dk\/en\/#website\"},\"primaryImageOfPage\":{\"@id\":\"https:\/\/alsik.dk\/en\/alsik-spa\/memberships\/#primaryimage\"},\"image\":{\"@id\":\"https:\/\/alsik.dk\/en\/alsik-spa\/memberships\/#primaryimage\"},\"thumbnailUrl\":\"https:\/\/alsik.dk\/wp-content\/uploads\/2024\/11\/Brunch-3.jpg\",\"datePublished\":\"2019-07-02T09:05:27+00:00\",\"dateModified\":\"2025-02-05T16:04:15+00:00\",\"description\":\"Alsik Spa offers Spa & Fitness memberships focused on your health, physical and mental well-being and restoration to health.\",\"breadcrumb\":{\"@id\":\"https:\/\/alsik.dk\/en\/alsik-spa\/memberships\/#breadcrumb\"},\"inLanguage\":\"en-US\",\"potentialAction\":[{\"@type\":\"ReadAction\",\"target\":[\"https:\/\/alsik.dk\/en\/alsik-spa\/memberships\/\"]}]},{\"@type\":\"ImageObject\",\"inLanguage\":\"en-US\",\"@id\":\"https:\/\/alsik.dk\/en\/alsik-spa\/memberships\/#primaryimage\",\"url\":\"https:\/\/alsik.dk\/wp-content\/uploads\/2024\/11\/Brunch-3.jpg\",\"contentUrl\":\"https:\/\/alsik.dk\/wp-content\/uploads\/2024\/11\/Brunch-3.jpg\",\"width\":1201,\"height\":1800},{\"@type\":\"BreadcrumbList\",\"@id\":\"https:\/\/alsik.dk\/en\/alsik-spa\/memberships\/#breadcrumb\",\"itemListElement\":[{\"@type\":\"ListItem\",\"position\":1,\"name\":\"Hjem\",\"item\":\"https:\/\/alsik.dk\/en\/\"},{\"@type\":\"ListItem\",\"position\":2,\"name\":\"Experience Alsik Spa\",\"item\":\"https:\/\/alsik.dk\/en\/alsik-spa\/\"},{\"@type\":\"ListItem\",\"position\":3,\"name\":\"Memberships\"}]},{\"@type\":\"WebSite\",\"@id\":\"https:\/\/alsik.dk\/en\/#website\",\"url\":\"https:\/\/alsik.dk\/en\/\",\"name\":\"Alsik Hotel &amp; Spa\",\"description\":\"Alsik er et af Danmarks mest sp\u00e6ndende hoteller med stilfulde og topmoderne v\u00e6relser. Her venter en verden af luksuri\u00f8s og hyggelig. Oplev Danmarks st\u00f8rste spa med flere end 60 forskellige spa- og wellnessoplevelser fordelt p\u00e5 4.500 kvadratmeter og fire etager. Eller fork\u00e6l sanserne med gastronomi i s\u00e6rklasse i Alsiks tre restauranter.\",\"potentialAction\":[{\"@type\":\"SearchAction\",\"target\":{\"@type\":\"EntryPoint\",\"urlTemplate\":\"https:\/\/alsik.dk\/en\/?s={search_term_string}\"},\"query-input\":{\"@type\":\"PropertyValueSpecification\",\"valueRequired\":true,\"valueName\":\"search_term_string\"}}],\"inLanguage\":\"en-US\"}]}<\/script>\n<!-- \/ Yoast SEO plugin. -->","yoast_head_json":{"title":"Memberships | Alsik Hotel &amp; Spa","description":"Alsik Spa offers Spa & Fitness memberships focused on your health, physical and mental well-being and restoration to health.","robots":{"index":"index","follow":"follow","max-snippet":"max-snippet:-1","max-image-preview":"max-image-preview:large","max-video-preview":"max-video-preview:-1"},"canonical":"https:\/\/alsik.dk\/en\/alsik-spa\/memberships\/","og_locale":"en_US","og_type":"article","og_title":"Memberships | Alsik Hotel &amp; Spa","og_description":"Alsik Spa offers Spa & Fitness memberships focused on your health, physical and mental well-being and restoration to health.","og_url":"https:\/\/alsik.dk\/en\/alsik-spa\/memberships\/","og_site_name":"Alsik Hotel &amp; Spa","article_modified_time":"2025-02-05T16:04:15+00:00","og_image":[{"width":1201,"height":1800,"url":"https:\/\/alsik.dk\/wp-content\/uploads\/2024\/11\/Brunch-3.jpg","type":"image\/jpeg"}],"twitter_card":"summary_large_image","twitter_misc":{"Est. reading time":"1 minute"},"schema":{"@context":"https:\/\/schema.org","@graph":[{"@type":"WebPage","@id":"https:\/\/alsik.dk\/en\/alsik-spa\/memberships\/","url":"https:\/\/alsik.dk\/en\/alsik-spa\/memberships\/","name":"Memberships | Alsik Hotel &amp; Spa","isPartOf":{"@id":"https:\/\/alsik.dk\/en\/#website"},"primaryImageOfPage":{"@id":"https:\/\/alsik.dk\/en\/alsik-spa\/memberships\/#primaryimage"},"image":{"@id":"https:\/\/alsik.dk\/en\/alsik-spa\/memberships\/#primaryimage"},"thumbnailUrl":"https:\/\/alsik.dk\/wp-content\/uploads\/2024\/11\/Brunch-3.jpg","datePublished":"2019-07-02T09:05:27+00:00","dateModified":"2025-02-05T16:04:15+00:00","description":"Alsik Spa offers Spa & Fitness memberships focused on your health, physical and mental well-being and restoration to health.","breadcrumb":{"@id":"https:\/\/alsik.dk\/en\/alsik-spa\/memberships\/#breadcrumb"},"inLanguage":"en-US","potentialAction":[{"@type":"ReadAction","target":["https:\/\/alsik.dk\/en\/alsik-spa\/memberships\/"]}]},{"@type":"ImageObject","inLanguage":"en-US","@id":"https:\/\/alsik.dk\/en\/alsik-spa\/memberships\/#primaryimage","url":"https:\/\/alsik.dk\/wp-content\/uploads\/2024\/11\/Brunch-3.jpg","contentUrl":"https:\/\/alsik.dk\/wp-content\/uploads\/2024\/11\/Brunch-3.jpg","width":1201,"height":1800},{"@type":"BreadcrumbList","@id":"https:\/\/alsik.dk\/en\/alsik-spa\/memberships\/#breadcrumb","itemListElement":[{"@type":"ListItem","position":1,"name":"Hjem","item":"https:\/\/alsik.dk\/en\/"},{"@type":"ListItem","position":2,"name":"Experience Alsik Spa","item":"https:\/\/alsik.dk\/en\/alsik-spa\/"},{"@type":"ListItem","position":3,"name":"Memberships"}]},{"@type":"WebSite","@id":"https:\/\/alsik.dk\/en\/#website","url":"https:\/\/alsik.dk\/en\/","name":"Alsik Hotel &amp; Spa","description":"Alsik er et af Danmarks mest sp\u00e6ndende hoteller med stilfulde og topmoderne v\u00e6relser. Her venter en verden af luksuri\u00f8s og hyggelig. Oplev Danmarks st\u00f8rste spa med flere end 60 forskellige spa- og wellnessoplevelser fordelt p\u00e5 4.500 kvadratmeter og fire etager. Eller fork\u00e6l sanserne med gastronomi i s\u00e6rklasse i Alsiks tre restauranter.","potentialAction":[{"@type":"SearchAction","target":{"@type":"EntryPoint","urlTemplate":"https:\/\/alsik.dk\/en\/?s={search_term_string}"},"query-input":{"@type":"PropertyValueSpecification","valueRequired":true,"valueName":"search_term_string"}}],"inLanguage":"en-US"}]}},"_links":{"self":[{"href":"https:\/\/alsik.dk\/en\/wp-json\/wp\/v2\/pages\/2953","targetHints":{"allow":["GET"]}}],"collection":[{"href":"https:\/\/alsik.dk\/en\/wp-json\/wp\/v2\/pages"}],"about":[{"href":"https:\/\/alsik.dk\/en\/wp-json\/wp\/v2\/types\/page"}],"author":[{"embeddable":true,"href":"https:\/\/alsik.dk\/en\/wp-json\/wp\/v2\/users\/7"}],"replies":[{"embeddable":true,"href":"https:\/\/alsik.dk\/en\/wp-json\/wp\/v2\/comments?post=2953"}],"version-history":[{"count":14,"href":"https:\/\/alsik.dk\/en\/wp-json\/wp\/v2\/pages\/2953\/revisions"}],"predecessor-version":[{"id":15395,"href":"https:\/\/alsik.dk\/en\/wp-json\/wp\/v2\/pages\/2953\/revisions\/15395"}],"up":[{"embeddable":true,"href":"https:\/\/alsik.dk\/en\/wp-json\/wp\/v2\/pages\/2834"}],"wp:featuredmedia":[{"embeddable":true,"href":"https:\/\/alsik.dk\/en\/wp-json\/wp\/v2\/media\/15156"}],"wp:attachment":[{"href":"https:\/\/alsik.dk\/en\/wp-json\/wp\/v2\/media?parent=2953"}],"wp:term":[{"taxonomy":"post_tag","embeddable":true,"href":"https:\/\/alsik.dk\/en\/wp-json\/wp\/v2\/tags?post=2953"}],"curies":[{"name":"wp","href":"https:\/\/api.w.org\/{rel}","templated":true}]}}