{"id":2959,"date":"2019-07-04T16:29:22","date_gmt":"2019-07-04T14:29:22","guid":{"rendered":"https:\/\/alsik.dk\/alsiks-groenne-traad\/"},"modified":"2024-08-23T13:57:10","modified_gmt":"2024-08-23T11:57:10","slug":"alsiks-green-thread","status":"publish","type":"page","link":"https:\/\/alsik.dk\/en\/alsik-spa\/alsiks-green-thread\/","title":{"rendered":"Alsik Spa\u2019s common green thread"},"content":{"rendered":"<p>Alsik Spa maintains a natural balance \u2013 both physically and mentally \u2013 and we meticulously integrate sustainability and social responsibility into the Alsik Spa concept for our guests.<\/p>\n<p>We have created a unique setting focusing on classic spa experiences which help lay the groundwork for leading a life of health, strength and energy.<\/p>\n","protected":false},"excerpt":{"rendered":"<p>Alsik Spa maintains a natural balance \u2013 both physically and mentally \u2013 and we meticulously integrate sustainability and social responsibility into the Alsik Spa concept for our guests.<\/p>\n","protected":false},"author":7,"featured_media":0,"parent":2834,"menu_order":0,"comment_status":"closed","ping_status":"closed","template":"","meta":{"_acf_changed":false,"footnotes":""},"tags":[],"class_list":["post-2959","page","type-page","status-publish","hentry"],"acf":[],"yoast_head":"<!-- This site is optimized with the Yoast SEO plugin v24.3 - https:\/\/yoast.com\/wordpress\/plugins\/seo\/ -->\n<title>Alsik Spa\u2019s common green thread | Alsik Hotel &amp; Spa<\/title>\n<meta name=\"description\" content=\"Alsik Spa maintains a natural balance and we meticulously integrate sustainability and social responsibility into the Alsik Spa concept.\" \/>\n<meta name=\"robots\" content=\"index, follow, max-snippet:-1, max-image-preview:large, max-video-preview:-1\" \/>\n<link rel=\"canonical\" href=\"https:\/\/alsik.dk\/en\/alsik-spa\/alsiks-green-thread\/\" \/>\n<meta property=\"og:locale\" content=\"en_US\" \/>\n<meta property=\"og:type\" content=\"article\" \/>\n<meta property=\"og:title\" content=\"Alsik Spa\u2019s common green thread | Alsik Hotel &amp; Spa\" \/>\n<meta property=\"og:description\" content=\"Alsik Spa maintains a natural balance and we meticulously integrate sustainability and social responsibility into the Alsik Spa concept.\" \/>\n<meta property=\"og:url\" content=\"https:\/\/alsik.dk\/en\/alsik-spa\/alsiks-green-thread\/\" \/>\n<meta property=\"og:site_name\" content=\"Alsik Hotel &amp; Spa\" \/>\n<meta property=\"article:modified_time\" content=\"2024-08-23T11:57:10+00:00\" \/>\n<meta name=\"twitter:card\" content=\"summary_large_image\" \/>\n<meta name=\"twitter:label1\" content=\"Est. reading time\" \/>\n\t<meta name=\"twitter:data1\" content=\"1 minute\" \/>\n<script type=\"application\/ld+json\" class=\"yoast-schema-graph\">{\"@context\":\"https:\/\/schema.org\",\"@graph\":[{\"@type\":\"WebPage\",\"@id\":\"https:\/\/alsik.dk\/en\/alsik-spa\/alsiks-green-thread\/\",\"url\":\"https:\/\/alsik.dk\/en\/alsik-spa\/alsiks-green-thread\/\",\"name\":\"Alsik Spa\u2019s common green thread | Alsik Hotel &amp; Spa\",\"isPartOf\":{\"@id\":\"https:\/\/alsik.dk\/en\/#website\"},\"datePublished\":\"2019-07-04T14:29:22+00:00\",\"dateModified\":\"2024-08-23T11:57:10+00:00\",\"description\":\"Alsik Spa maintains a natural balance and we meticulously integrate sustainability and social responsibility into the Alsik Spa concept.\",\"breadcrumb\":{\"@id\":\"https:\/\/alsik.dk\/en\/alsik-spa\/alsiks-green-thread\/#breadcrumb\"},\"inLanguage\":\"en-US\",\"potentialAction\":[{\"@type\":\"ReadAction\",\"target\":[\"https:\/\/alsik.dk\/en\/alsik-spa\/alsiks-green-thread\/\"]}]},{\"@type\":\"BreadcrumbList\",\"@id\":\"https:\/\/alsik.dk\/en\/alsik-spa\/alsiks-green-thread\/#breadcrumb\",\"itemListElement\":[{\"@type\":\"ListItem\",\"position\":1,\"name\":\"Hjem\",\"item\":\"https:\/\/alsik.dk\/en\/\"},{\"@type\":\"ListItem\",\"position\":2,\"name\":\"Experience Alsik Spa\",\"item\":\"https:\/\/alsik.dk\/en\/alsik-spa\/\"},{\"@type\":\"ListItem\",\"position\":3,\"name\":\"Alsik Spa\u2019s common green thread\"}]},{\"@type\":\"WebSite\",\"@id\":\"https:\/\/alsik.dk\/en\/#website\",\"url\":\"https:\/\/alsik.dk\/en\/\",\"name\":\"Alsik Hotel &amp; Spa\",\"description\":\"Alsik er et af Danmarks mest sp\u00e6ndende hoteller med stilfulde og topmoderne v\u00e6relser. Her venter en verden af luksuri\u00f8s og hyggelig. Oplev Danmarks st\u00f8rste spa med flere end 60 forskellige spa- og wellnessoplevelser fordelt p\u00e5 4.500 kvadratmeter og fire etager. Eller fork\u00e6l sanserne med gastronomi i s\u00e6rklasse i Alsiks tre restauranter.\",\"potentialAction\":[{\"@type\":\"SearchAction\",\"target\":{\"@type\":\"EntryPoint\",\"urlTemplate\":\"https:\/\/alsik.dk\/en\/?s={search_term_string}\"},\"query-input\":{\"@type\":\"PropertyValueSpecification\",\"valueRequired\":true,\"valueName\":\"search_term_string\"}}],\"inLanguage\":\"en-US\"}]}<\/script>\n<!-- \/ Yoast SEO plugin. -->","yoast_head_json":{"title":"Alsik Spa\u2019s common green thread | Alsik Hotel &amp; Spa","description":"Alsik Spa maintains a natural balance and we meticulously integrate sustainability and social responsibility into the Alsik Spa concept.","robots":{"index":"index","follow":"follow","max-snippet":"max-snippet:-1","max-image-preview":"max-image-preview:large","max-video-preview":"max-video-preview:-1"},"canonical":"https:\/\/alsik.dk\/en\/alsik-spa\/alsiks-green-thread\/","og_locale":"en_US","og_type":"article","og_title":"Alsik Spa\u2019s common green thread | Alsik Hotel &amp; Spa","og_description":"Alsik Spa maintains a natural balance and we meticulously integrate sustainability and social responsibility into the Alsik Spa concept.","og_url":"https:\/\/alsik.dk\/en\/alsik-spa\/alsiks-green-thread\/","og_site_name":"Alsik Hotel &amp; Spa","article_modified_time":"2024-08-23T11:57:10+00:00","twitter_card":"summary_large_image","twitter_misc":{"Est. reading time":"1 minute"},"schema":{"@context":"https:\/\/schema.org","@graph":[{"@type":"WebPage","@id":"https:\/\/alsik.dk\/en\/alsik-spa\/alsiks-green-thread\/","url":"https:\/\/alsik.dk\/en\/alsik-spa\/alsiks-green-thread\/","name":"Alsik Spa\u2019s common green thread | Alsik Hotel &amp; Spa","isPartOf":{"@id":"https:\/\/alsik.dk\/en\/#website"},"datePublished":"2019-07-04T14:29:22+00:00","dateModified":"2024-08-23T11:57:10+00:00","description":"Alsik Spa maintains a natural balance and we meticulously integrate sustainability and social responsibility into the Alsik Spa concept.","breadcrumb":{"@id":"https:\/\/alsik.dk\/en\/alsik-spa\/alsiks-green-thread\/#breadcrumb"},"inLanguage":"en-US","potentialAction":[{"@type":"ReadAction","target":["https:\/\/alsik.dk\/en\/alsik-spa\/alsiks-green-thread\/"]}]},{"@type":"BreadcrumbList","@id":"https:\/\/alsik.dk\/en\/alsik-spa\/alsiks-green-thread\/#breadcrumb","itemListElement":[{"@type":"ListItem","position":1,"name":"Hjem","item":"https:\/\/alsik.dk\/en\/"},{"@type":"ListItem","position":2,"name":"Experience Alsik Spa","item":"https:\/\/alsik.dk\/en\/alsik-spa\/"},{"@type":"ListItem","position":3,"name":"Alsik Spa\u2019s common green thread"}]},{"@type":"WebSite","@id":"https:\/\/alsik.dk\/en\/#website","url":"https:\/\/alsik.dk\/en\/","name":"Alsik Hotel &amp; Spa","description":"Alsik er et af Danmarks mest sp\u00e6ndende hoteller med stilfulde og topmoderne v\u00e6relser. Her venter en verden af luksuri\u00f8s og hyggelig. Oplev Danmarks st\u00f8rste spa med flere end 60 forskellige spa- og wellnessoplevelser fordelt p\u00e5 4.500 kvadratmeter og fire etager. Eller fork\u00e6l sanserne med gastronomi i s\u00e6rklasse i Alsiks tre restauranter.","potentialAction":[{"@type":"SearchAction","target":{"@type":"EntryPoint","urlTemplate":"https:\/\/alsik.dk\/en\/?s={search_term_string}"},"query-input":{"@type":"PropertyValueSpecification","valueRequired":true,"valueName":"search_term_string"}}],"inLanguage":"en-US"}]}},"_links":{"self":[{"href":"https:\/\/alsik.dk\/en\/wp-json\/wp\/v2\/pages\/2959","targetHints":{"allow":["GET"]}}],"collection":[{"href":"https:\/\/alsik.dk\/en\/wp-json\/wp\/v2\/pages"}],"about":[{"href":"https:\/\/alsik.dk\/en\/wp-json\/wp\/v2\/types\/page"}],"author":[{"embeddable":true,"href":"https:\/\/alsik.dk\/en\/wp-json\/wp\/v2\/users\/7"}],"replies":[{"embeddable":true,"href":"https:\/\/alsik.dk\/en\/wp-json\/wp\/v2\/comments?post=2959"}],"version-history":[{"count":14,"href":"https:\/\/alsik.dk\/en\/wp-json\/wp\/v2\/pages\/2959\/revisions"}],"predecessor-version":[{"id":14241,"href":"https:\/\/alsik.dk\/en\/wp-json\/wp\/v2\/pages\/2959\/revisions\/14241"}],"up":[{"embeddable":true,"href":"https:\/\/alsik.dk\/en\/wp-json\/wp\/v2\/pages\/2834"}],"wp:attachment":[{"href":"https:\/\/alsik.dk\/en\/wp-json\/wp\/v2\/media?parent=2959"}],"wp:term":[{"taxonomy":"post_tag","embeddable":true,"href":"https:\/\/alsik.dk\/en\/wp-json\/wp\/v2\/tags?post=2959"}],"curies":[{"name":"wp","href":"https:\/\/api.w.org\/{rel}","templated":true}]}}