{"id":2976,"date":"2019-07-02T11:06:39","date_gmt":"2019-07-02T09:06:39","guid":{"rendered":"https:\/\/alsik.dk\/aabningstider\/"},"modified":"2026-03-23T10:16:56","modified_gmt":"2026-03-23T09:16:56","slug":"opening-hours","status":"publish","type":"page","link":"https:\/\/alsik.dk\/en\/alsik-spa\/opening-hours\/","title":{"rendered":"Opening hours"},"content":{"rendered":"<h3>SpaDay visitors<\/h3>\n<p>&nbsp;<\/p>\n<h4>Alsik Spa Pool and Alsik Nordic Spa<\/h4>\n<hr \/>\n<p>Alsik Spa Pool Monday \u2013 Sunday 7.30 am \u2013 8.30 pm<\/p>\n<hr \/>\n<div class=\"group w-full text-gray-800 dark:text-gray-100 border-b border-black\/10 dark:border-gray-900\/50 bg-gray-50 dark:bg-[#444654]\">\n<div class=\"flex p-4 gap-4 text-base md:gap-6 md:max-w-2xl lg:max-w-[38rem] xl:max-w-3xl md:py-6 lg:px-0 m-auto\">\n<div class=\"relative flex w-[calc(100%-50px)] flex-col gap-1 md:gap-3 lg:w-[calc(100%-115px)]\">\n<div class=\"flex flex-grow flex-col gap-3\">\n<div class=\"min-h-[20px] flex items-start overflow-x-auto whitespace-pre-wrap break-words flex-col gap-4\">\n<div class=\"markdown prose w-full break-words dark:prose-invert dark\">\n<p>Nordic Spa Monday &#8211; Sunday 10.30 am &#8211; 8.00 pm<\/p>\n<\/div>\n<\/div>\n<\/div>\n<\/div>\n<\/div>\n<\/div>\n<hr \/>\n<p>&nbsp;<\/p>\n<p>&nbsp;<\/p>\n<h4>Wellness and Treatments<\/h4>\n<hr \/>\n<p>Monday &#8211; Thursday &amp; Sunday 9 am \u2013 5 pm<\/p>\n<hr \/>\n<p>Friday &amp; Saturday 9 am \u2013 6 pm<\/p>\n<hr \/>\n<p>&nbsp;<\/p>\n<p>&nbsp;<\/p>\n<p>&nbsp;<\/p>\n<p><a role=\"button\" href=\"https:\/\/alsik.dk\/en\/alsik-spa\/spa-day-prices\/\">See prices and admission information here<\/a><\/p>\n","protected":false},"excerpt":{"rendered":"<p>SpaDay visitors &nbsp; Alsik Spa Pool and Alsik Nordic Spa Alsik Spa Pool Monday \u2013 Sunday 7.30 am \u2013 8.30 pm Nordic Spa Monday &#8211; Sunday 10.30 am &#8211; 8.00 pm &nbsp; &nbsp; Wellness and Treatments Monday &#8211; Thursday &amp; Sunday 9 am \u2013 5 pm Friday &amp; Saturday 9 am \u2013 6 pm &nbsp; <a href=\"https:\/\/alsik.dk\/en\/alsik-spa\/opening-hours\/\" class=\"more-link\">&#8230;<span class=\"screen-reader-text\">  Opening hours<\/span><\/a><\/p>\n","protected":false},"author":7,"featured_media":0,"parent":2834,"menu_order":0,"comment_status":"closed","ping_status":"closed","template":"","meta":{"_acf_changed":false,"footnotes":""},"tags":[],"class_list":["post-2976","page","type-page","status-publish","hentry"],"acf":[],"yoast_head":"<!-- This site is optimized with the Yoast SEO plugin v24.3 - https:\/\/yoast.com\/wordpress\/plugins\/seo\/ -->\n<title>Opening hours | Alsik Hotel &amp; Spa<\/title>\n<meta name=\"description\" content=\"Here you will find the opening hours of the various departments of Alsik Nordic Spa &amp; Wellness - including Alsik Spa Pool.\" \/>\n<meta name=\"robots\" content=\"index, follow, max-snippet:-1, max-image-preview:large, max-video-preview:-1\" \/>\n<link rel=\"canonical\" href=\"https:\/\/alsik.dk\/en\/alsik-spa\/opening-hours\/\" \/>\n<meta property=\"og:locale\" content=\"en_US\" \/>\n<meta property=\"og:type\" content=\"article\" \/>\n<meta property=\"og:title\" content=\"Opening hours | Alsik Hotel &amp; Spa\" \/>\n<meta property=\"og:description\" content=\"Here you will find the opening hours of the various departments of Alsik Nordic Spa &amp; Wellness - including Alsik Spa Pool.\" \/>\n<meta property=\"og:url\" content=\"https:\/\/alsik.dk\/en\/alsik-spa\/opening-hours\/\" \/>\n<meta property=\"og:site_name\" content=\"Alsik Hotel &amp; Spa\" \/>\n<meta property=\"article:modified_time\" content=\"2026-03-23T09:16:56+00:00\" \/>\n<meta name=\"twitter:card\" content=\"summary_large_image\" \/>\n<meta name=\"twitter:label1\" content=\"Est. reading time\" \/>\n\t<meta name=\"twitter:data1\" content=\"1 minute\" \/>\n<script type=\"application\/ld+json\" class=\"yoast-schema-graph\">{\"@context\":\"https:\/\/schema.org\",\"@graph\":[{\"@type\":\"WebPage\",\"@id\":\"https:\/\/alsik.dk\/en\/alsik-spa\/opening-hours\/\",\"url\":\"https:\/\/alsik.dk\/en\/alsik-spa\/opening-hours\/\",\"name\":\"Opening hours | Alsik Hotel &amp; Spa\",\"isPartOf\":{\"@id\":\"https:\/\/alsik.dk\/en\/#website\"},\"datePublished\":\"2019-07-02T09:06:39+00:00\",\"dateModified\":\"2026-03-23T09:16:56+00:00\",\"description\":\"Here you will find the opening hours of the various departments of Alsik Nordic Spa & Wellness - including Alsik Spa Pool.\",\"breadcrumb\":{\"@id\":\"https:\/\/alsik.dk\/en\/alsik-spa\/opening-hours\/#breadcrumb\"},\"inLanguage\":\"en-US\",\"potentialAction\":[{\"@type\":\"ReadAction\",\"target\":[\"https:\/\/alsik.dk\/en\/alsik-spa\/opening-hours\/\"]}]},{\"@type\":\"BreadcrumbList\",\"@id\":\"https:\/\/alsik.dk\/en\/alsik-spa\/opening-hours\/#breadcrumb\",\"itemListElement\":[{\"@type\":\"ListItem\",\"position\":1,\"name\":\"Hjem\",\"item\":\"https:\/\/alsik.dk\/en\/\"},{\"@type\":\"ListItem\",\"position\":2,\"name\":\"Experience Alsik Spa\",\"item\":\"https:\/\/alsik.dk\/en\/alsik-spa\/\"},{\"@type\":\"ListItem\",\"position\":3,\"name\":\"Opening hours\"}]},{\"@type\":\"WebSite\",\"@id\":\"https:\/\/alsik.dk\/en\/#website\",\"url\":\"https:\/\/alsik.dk\/en\/\",\"name\":\"Alsik Hotel &amp; Spa\",\"description\":\"Alsik er et af Danmarks mest sp\u00e6ndende hoteller med stilfulde og topmoderne v\u00e6relser. Her venter en verden af luksuri\u00f8s og hyggelig. Oplev Danmarks st\u00f8rste spa med flere end 60 forskellige spa- og wellnessoplevelser fordelt p\u00e5 4.500 kvadratmeter og fire etager. Eller fork\u00e6l sanserne med gastronomi i s\u00e6rklasse i Alsiks tre restauranter.\",\"potentialAction\":[{\"@type\":\"SearchAction\",\"target\":{\"@type\":\"EntryPoint\",\"urlTemplate\":\"https:\/\/alsik.dk\/en\/?s={search_term_string}\"},\"query-input\":{\"@type\":\"PropertyValueSpecification\",\"valueRequired\":true,\"valueName\":\"search_term_string\"}}],\"inLanguage\":\"en-US\"}]}<\/script>\n<!-- \/ Yoast SEO plugin. -->","yoast_head_json":{"title":"Opening hours | Alsik Hotel &amp; Spa","description":"Here you will find the opening hours of the various departments of Alsik Nordic Spa & Wellness - including Alsik Spa Pool.","robots":{"index":"index","follow":"follow","max-snippet":"max-snippet:-1","max-image-preview":"max-image-preview:large","max-video-preview":"max-video-preview:-1"},"canonical":"https:\/\/alsik.dk\/en\/alsik-spa\/opening-hours\/","og_locale":"en_US","og_type":"article","og_title":"Opening hours | Alsik Hotel &amp; Spa","og_description":"Here you will find the opening hours of the various departments of Alsik Nordic Spa & Wellness - including Alsik Spa Pool.","og_url":"https:\/\/alsik.dk\/en\/alsik-spa\/opening-hours\/","og_site_name":"Alsik Hotel &amp; Spa","article_modified_time":"2026-03-23T09:16:56+00:00","twitter_card":"summary_large_image","twitter_misc":{"Est. reading time":"1 minute"},"schema":{"@context":"https:\/\/schema.org","@graph":[{"@type":"WebPage","@id":"https:\/\/alsik.dk\/en\/alsik-spa\/opening-hours\/","url":"https:\/\/alsik.dk\/en\/alsik-spa\/opening-hours\/","name":"Opening hours | Alsik Hotel &amp; Spa","isPartOf":{"@id":"https:\/\/alsik.dk\/en\/#website"},"datePublished":"2019-07-02T09:06:39+00:00","dateModified":"2026-03-23T09:16:56+00:00","description":"Here you will find the opening hours of the various departments of Alsik Nordic Spa & Wellness - including Alsik Spa Pool.","breadcrumb":{"@id":"https:\/\/alsik.dk\/en\/alsik-spa\/opening-hours\/#breadcrumb"},"inLanguage":"en-US","potentialAction":[{"@type":"ReadAction","target":["https:\/\/alsik.dk\/en\/alsik-spa\/opening-hours\/"]}]},{"@type":"BreadcrumbList","@id":"https:\/\/alsik.dk\/en\/alsik-spa\/opening-hours\/#breadcrumb","itemListElement":[{"@type":"ListItem","position":1,"name":"Hjem","item":"https:\/\/alsik.dk\/en\/"},{"@type":"ListItem","position":2,"name":"Experience Alsik Spa","item":"https:\/\/alsik.dk\/en\/alsik-spa\/"},{"@type":"ListItem","position":3,"name":"Opening hours"}]},{"@type":"WebSite","@id":"https:\/\/alsik.dk\/en\/#website","url":"https:\/\/alsik.dk\/en\/","name":"Alsik Hotel &amp; Spa","description":"Alsik er et af Danmarks mest sp\u00e6ndende hoteller med stilfulde og topmoderne v\u00e6relser. Her venter en verden af luksuri\u00f8s og hyggelig. Oplev Danmarks st\u00f8rste spa med flere end 60 forskellige spa- og wellnessoplevelser fordelt p\u00e5 4.500 kvadratmeter og fire etager. Eller fork\u00e6l sanserne med gastronomi i s\u00e6rklasse i Alsiks tre restauranter.","potentialAction":[{"@type":"SearchAction","target":{"@type":"EntryPoint","urlTemplate":"https:\/\/alsik.dk\/en\/?s={search_term_string}"},"query-input":{"@type":"PropertyValueSpecification","valueRequired":true,"valueName":"search_term_string"}}],"inLanguage":"en-US"}]}},"_links":{"self":[{"href":"https:\/\/alsik.dk\/en\/wp-json\/wp\/v2\/pages\/2976","targetHints":{"allow":["GET"]}}],"collection":[{"href":"https:\/\/alsik.dk\/en\/wp-json\/wp\/v2\/pages"}],"about":[{"href":"https:\/\/alsik.dk\/en\/wp-json\/wp\/v2\/types\/page"}],"author":[{"embeddable":true,"href":"https:\/\/alsik.dk\/en\/wp-json\/wp\/v2\/users\/7"}],"replies":[{"embeddable":true,"href":"https:\/\/alsik.dk\/en\/wp-json\/wp\/v2\/comments?post=2976"}],"version-history":[{"count":53,"href":"https:\/\/alsik.dk\/en\/wp-json\/wp\/v2\/pages\/2976\/revisions"}],"predecessor-version":[{"id":17973,"href":"https:\/\/alsik.dk\/en\/wp-json\/wp\/v2\/pages\/2976\/revisions\/17973"}],"up":[{"embeddable":true,"href":"https:\/\/alsik.dk\/en\/wp-json\/wp\/v2\/pages\/2834"}],"wp:attachment":[{"href":"https:\/\/alsik.dk\/en\/wp-json\/wp\/v2\/media?parent=2976"}],"wp:term":[{"taxonomy":"post_tag","embeddable":true,"href":"https:\/\/alsik.dk\/en\/wp-json\/wp\/v2\/tags?post=2976"}],"curies":[{"name":"wp","href":"https:\/\/api.w.org\/{rel}","templated":true}]}}