{"id":2986,"date":"2019-07-04T16:29:40","date_gmt":"2019-07-04T14:29:40","guid":{"rendered":"https:\/\/alsik.dk\/spa-etikette\/"},"modified":"2026-01-12T08:22:27","modified_gmt":"2026-01-12T07:22:27","slug":"spa-etiquette","status":"publish","type":"page","link":"https:\/\/alsik.dk\/en\/alsik-spa\/spa-etiquette\/","title":{"rendered":"Spa etiquette"},"content":{"rendered":"<h4>Arrival time<\/h4>\n<p>To get the most out of your time with us, we kindly ask you to arrive at least 20 minutes before your treatment is scheduled to begin. This gives you plenty of time to check in and get ready for the treatment. If you arrive too late, it will be necessary to shorten the time of your treatment correspondingly.<\/p>\n<h4>Your health<\/h4>\n<p>We kindly ask you to inform your therapist of any facts about your health that could affect your treatment, such as hypertension or hypotension, allergies, active chemotherapy, recent surgery, or the like. In the Spa\u00a0 you can enjoy a beer or a glass of wine, but we advise against consuming alcohol before or immediately after your treatment, workout or class.<\/p>\n<h4>Pregnant women<\/h4>\n<p>Many of our treatments are suitable for pregnant women, but please tell our spa team what you feel comfortable doing or about special needs, so you can enjoy your stay with us as much as possible. We advise against prolonged stays in our hot saunas, steam baths or bubble baths.<\/p>\n<p>We advise you to wait until after your first trimester to book a treatment.<\/p>\n<h4>Dress<\/h4>\n<p>We kindly ask hotel guests to bring bathrobes and slippers from the room. Towels are handed out in the Spa Reception. Day guests will be provided a bathrobe, slippers and a towel at check-in. Nudity is only permitted in the saunas in the changing rooms.<\/p>\n<h4>Valuables<\/h4>\n<p>Please note that Alsik Spa is not responsible for personal belongings, and we advise against bringing valuables into the spa.<\/p>\n<h4>Children<\/h4>\n<p>Children and teens from 0 to 16 years old (for hotel guests only) can access the facilities during specific hours while accompanied by an adult.<\/p>\n<p><a href=\"https:\/\/alsik.dk\/en\/alsik-spa\/spa-for-children-teenagers\/\">See times and prices here<\/a><\/p>\n<p>Kids aged 0 to 6 have access to the Kids Pool, while those from 7 to 16 can use the Alsik Spa Pool. Each booking is limited to one time slot. Children&#8217;s slippers and bathrobes are available at the Spa reception.<\/p>\n<p>Note that children under 16 must always be accompanied by an adult, and our Nordic Spa is restricted to adults aged 18 and above.<\/p>\n<p>&nbsp;<\/p>\n<h4>Digital-free zones<\/h4>\n<p>To maximise your stay with us, the Wellness and Treatment floors and the lounge areas are all digital-free zones.<\/p>\n<h4>Cancellation<\/h4>\n<p>The treatment you book is reserved specifically for you. Therefore, we charge a cancellation fee of the full price if a treatment is cancelled less than 12 hours before the scheduled treatment time.<\/p>\n<p>The same applies to booked spa timeslots, events and paid group workouts. Cancellations can be made on tel. +45 74 20 35 00 or\u00a0mail <a href=\"mailto:alsiknordicspa@alsik-hotel.dk\">alsiknordicspa@alsik-hotel.dk<\/a><\/p>\n<h4>Smoking<\/h4>\n<p>Alsik Spa, including the outdoor spa-area, is a non-smoking area. There is a smoking area outside the main entrance.<\/p>\n<p><strong>Behavior in the spa<\/strong><\/p>\n<p>In Alsik Nordisk Spa &amp; Wellness, every detail is taken care of to create the perfect sensory experience for you. We therefore appeal to you, as a guest, to show consideration for other guests during your visit. In order to ensure that all guests have a good and pleasant experience, we reserve the right to refuse or expel guests who exhibit inappropriate behavior &#8211; both towards other spa guests or towards our staff.<\/p>\n<p>&nbsp;<\/p>\n","protected":false},"excerpt":{"rendered":"<p>Arrival time To get the most out of your time with us, we kindly ask you to arrive at least 20 minutes before your treatment is scheduled to begin. This gives you plenty of time to check in and get ready for the treatment. If you arrive too late, it will be necessary to shorten <a href=\"https:\/\/alsik.dk\/en\/alsik-spa\/spa-etiquette\/\" class=\"more-link\">&#8230;<span class=\"screen-reader-text\">  Spa etiquette<\/span><\/a><\/p>\n","protected":false},"author":7,"featured_media":0,"parent":2834,"menu_order":0,"comment_status":"closed","ping_status":"closed","template":"","meta":{"_acf_changed":false,"footnotes":""},"tags":[],"class_list":["post-2986","page","type-page","status-publish","hentry"],"acf":[],"yoast_head":"<!-- This site is optimized with the Yoast SEO plugin v24.3 - https:\/\/yoast.com\/wordpress\/plugins\/seo\/ -->\n<title>Spa etiquette | Alsik Hotel &amp; Spa<\/title>\n<meta name=\"description\" content=\"Please respect our guidelines for visiting Alsik Nordic Spa &amp; Wellness, so we can create a safe and cozy environment for all visitors.\" \/>\n<meta name=\"robots\" content=\"index, follow, max-snippet:-1, max-image-preview:large, max-video-preview:-1\" \/>\n<link rel=\"canonical\" href=\"https:\/\/alsik.dk\/en\/alsik-spa\/spa-etiquette\/\" \/>\n<meta property=\"og:locale\" content=\"en_US\" \/>\n<meta property=\"og:type\" content=\"article\" \/>\n<meta property=\"og:title\" content=\"Spa etiquette | Alsik Hotel &amp; Spa\" \/>\n<meta property=\"og:description\" content=\"Please respect our guidelines for visiting Alsik Nordic Spa &amp; Wellness, so we can create a safe and cozy environment for all visitors.\" \/>\n<meta property=\"og:url\" content=\"https:\/\/alsik.dk\/en\/alsik-spa\/spa-etiquette\/\" \/>\n<meta property=\"og:site_name\" content=\"Alsik Hotel &amp; Spa\" \/>\n<meta property=\"article:modified_time\" content=\"2026-01-12T07:22:27+00:00\" \/>\n<meta name=\"twitter:card\" content=\"summary_large_image\" \/>\n<meta name=\"twitter:label1\" content=\"Est. reading time\" \/>\n\t<meta name=\"twitter:data1\" content=\"3 minutes\" \/>\n<script type=\"application\/ld+json\" class=\"yoast-schema-graph\">{\"@context\":\"https:\/\/schema.org\",\"@graph\":[{\"@type\":\"WebPage\",\"@id\":\"https:\/\/alsik.dk\/en\/alsik-spa\/spa-etiquette\/\",\"url\":\"https:\/\/alsik.dk\/en\/alsik-spa\/spa-etiquette\/\",\"name\":\"Spa etiquette | Alsik Hotel &amp; Spa\",\"isPartOf\":{\"@id\":\"https:\/\/alsik.dk\/en\/#website\"},\"datePublished\":\"2019-07-04T14:29:40+00:00\",\"dateModified\":\"2026-01-12T07:22:27+00:00\",\"description\":\"Please respect our guidelines for visiting Alsik Nordic Spa & Wellness, so we can create a safe and cozy environment for all visitors.\",\"breadcrumb\":{\"@id\":\"https:\/\/alsik.dk\/en\/alsik-spa\/spa-etiquette\/#breadcrumb\"},\"inLanguage\":\"en-US\",\"potentialAction\":[{\"@type\":\"ReadAction\",\"target\":[\"https:\/\/alsik.dk\/en\/alsik-spa\/spa-etiquette\/\"]}]},{\"@type\":\"BreadcrumbList\",\"@id\":\"https:\/\/alsik.dk\/en\/alsik-spa\/spa-etiquette\/#breadcrumb\",\"itemListElement\":[{\"@type\":\"ListItem\",\"position\":1,\"name\":\"Hjem\",\"item\":\"https:\/\/alsik.dk\/en\/\"},{\"@type\":\"ListItem\",\"position\":2,\"name\":\"Experience Alsik Spa\",\"item\":\"https:\/\/alsik.dk\/en\/alsik-spa\/\"},{\"@type\":\"ListItem\",\"position\":3,\"name\":\"Spa etiquette\"}]},{\"@type\":\"WebSite\",\"@id\":\"https:\/\/alsik.dk\/en\/#website\",\"url\":\"https:\/\/alsik.dk\/en\/\",\"name\":\"Alsik Hotel &amp; Spa\",\"description\":\"Alsik er et af Danmarks mest sp\u00e6ndende hoteller med stilfulde og topmoderne v\u00e6relser. Her venter en verden af luksuri\u00f8s og hyggelig. Oplev Danmarks st\u00f8rste spa med flere end 60 forskellige spa- og wellnessoplevelser fordelt p\u00e5 4.500 kvadratmeter og fire etager. Eller fork\u00e6l sanserne med gastronomi i s\u00e6rklasse i Alsiks tre restauranter.\",\"potentialAction\":[{\"@type\":\"SearchAction\",\"target\":{\"@type\":\"EntryPoint\",\"urlTemplate\":\"https:\/\/alsik.dk\/en\/?s={search_term_string}\"},\"query-input\":{\"@type\":\"PropertyValueSpecification\",\"valueRequired\":true,\"valueName\":\"search_term_string\"}}],\"inLanguage\":\"en-US\"}]}<\/script>\n<!-- \/ Yoast SEO plugin. -->","yoast_head_json":{"title":"Spa etiquette | Alsik Hotel &amp; Spa","description":"Please respect our guidelines for visiting Alsik Nordic Spa & Wellness, so we can create a safe and cozy environment for all visitors.","robots":{"index":"index","follow":"follow","max-snippet":"max-snippet:-1","max-image-preview":"max-image-preview:large","max-video-preview":"max-video-preview:-1"},"canonical":"https:\/\/alsik.dk\/en\/alsik-spa\/spa-etiquette\/","og_locale":"en_US","og_type":"article","og_title":"Spa etiquette | Alsik Hotel &amp; Spa","og_description":"Please respect our guidelines for visiting Alsik Nordic Spa & Wellness, so we can create a safe and cozy environment for all visitors.","og_url":"https:\/\/alsik.dk\/en\/alsik-spa\/spa-etiquette\/","og_site_name":"Alsik Hotel &amp; Spa","article_modified_time":"2026-01-12T07:22:27+00:00","twitter_card":"summary_large_image","twitter_misc":{"Est. reading time":"3 minutes"},"schema":{"@context":"https:\/\/schema.org","@graph":[{"@type":"WebPage","@id":"https:\/\/alsik.dk\/en\/alsik-spa\/spa-etiquette\/","url":"https:\/\/alsik.dk\/en\/alsik-spa\/spa-etiquette\/","name":"Spa etiquette | Alsik Hotel &amp; Spa","isPartOf":{"@id":"https:\/\/alsik.dk\/en\/#website"},"datePublished":"2019-07-04T14:29:40+00:00","dateModified":"2026-01-12T07:22:27+00:00","description":"Please respect our guidelines for visiting Alsik Nordic Spa & Wellness, so we can create a safe and cozy environment for all visitors.","breadcrumb":{"@id":"https:\/\/alsik.dk\/en\/alsik-spa\/spa-etiquette\/#breadcrumb"},"inLanguage":"en-US","potentialAction":[{"@type":"ReadAction","target":["https:\/\/alsik.dk\/en\/alsik-spa\/spa-etiquette\/"]}]},{"@type":"BreadcrumbList","@id":"https:\/\/alsik.dk\/en\/alsik-spa\/spa-etiquette\/#breadcrumb","itemListElement":[{"@type":"ListItem","position":1,"name":"Hjem","item":"https:\/\/alsik.dk\/en\/"},{"@type":"ListItem","position":2,"name":"Experience Alsik Spa","item":"https:\/\/alsik.dk\/en\/alsik-spa\/"},{"@type":"ListItem","position":3,"name":"Spa etiquette"}]},{"@type":"WebSite","@id":"https:\/\/alsik.dk\/en\/#website","url":"https:\/\/alsik.dk\/en\/","name":"Alsik Hotel &amp; Spa","description":"Alsik er et af Danmarks mest sp\u00e6ndende hoteller med stilfulde og topmoderne v\u00e6relser. Her venter en verden af luksuri\u00f8s og hyggelig. Oplev Danmarks st\u00f8rste spa med flere end 60 forskellige spa- og wellnessoplevelser fordelt p\u00e5 4.500 kvadratmeter og fire etager. Eller fork\u00e6l sanserne med gastronomi i s\u00e6rklasse i Alsiks tre restauranter.","potentialAction":[{"@type":"SearchAction","target":{"@type":"EntryPoint","urlTemplate":"https:\/\/alsik.dk\/en\/?s={search_term_string}"},"query-input":{"@type":"PropertyValueSpecification","valueRequired":true,"valueName":"search_term_string"}}],"inLanguage":"en-US"}]}},"_links":{"self":[{"href":"https:\/\/alsik.dk\/en\/wp-json\/wp\/v2\/pages\/2986","targetHints":{"allow":["GET"]}}],"collection":[{"href":"https:\/\/alsik.dk\/en\/wp-json\/wp\/v2\/pages"}],"about":[{"href":"https:\/\/alsik.dk\/en\/wp-json\/wp\/v2\/types\/page"}],"author":[{"embeddable":true,"href":"https:\/\/alsik.dk\/en\/wp-json\/wp\/v2\/users\/7"}],"replies":[{"embeddable":true,"href":"https:\/\/alsik.dk\/en\/wp-json\/wp\/v2\/comments?post=2986"}],"version-history":[{"count":15,"href":"https:\/\/alsik.dk\/en\/wp-json\/wp\/v2\/pages\/2986\/revisions"}],"predecessor-version":[{"id":17479,"href":"https:\/\/alsik.dk\/en\/wp-json\/wp\/v2\/pages\/2986\/revisions\/17479"}],"up":[{"embeddable":true,"href":"https:\/\/alsik.dk\/en\/wp-json\/wp\/v2\/pages\/2834"}],"wp:attachment":[{"href":"https:\/\/alsik.dk\/en\/wp-json\/wp\/v2\/media?parent=2986"}],"wp:term":[{"taxonomy":"post_tag","embeddable":true,"href":"https:\/\/alsik.dk\/en\/wp-json\/wp\/v2\/tags?post=2986"}],"curies":[{"name":"wp","href":"https:\/\/api.w.org\/{rel}","templated":true}]}}