{"id":2992,"date":"2019-07-02T11:01:15","date_gmt":"2019-07-02T09:01:15","guid":{"rendered":"https:\/\/alsik.dk\/oplev-alsik-spa\/alsik-spa-pool\/"},"modified":"2025-09-29T10:24:11","modified_gmt":"2025-09-29T08:24:11","slug":"alsik-spa-pool","status":"publish","type":"page","link":"https:\/\/alsik.dk\/en\/alsik-spa\/alsik-spa-pool\/","title":{"rendered":"Experience Alsik Spa Pool"},"content":{"rendered":"<p>Begin your journey with sauna and experience showers, the northern lights in the Aurora Cave and feel the calming effect of the Fire Lounge. Our patio features our Outdoor Infinity Saltwater Pool with unique views across Alssund.<\/p>\n<p>Enjoy Alsik Spa Pool with family and friends or someone dearest to you.<\/p>\n","protected":false},"excerpt":{"rendered":"<p>You will immediately notice the unusual calm, relaxing atmosphere of Alsik Spa Pool where natural elements of light, water and heat create a harmonious, balanced setting.<\/p>\n","protected":false},"author":7,"featured_media":15084,"parent":2834,"menu_order":0,"comment_status":"closed","ping_status":"closed","template":"","meta":{"_acf_changed":false,"footnotes":""},"tags":[],"class_list":["post-2992","page","type-page","status-publish","has-post-thumbnail","hentry"],"acf":[],"yoast_head":"<!-- This site is optimized with the Yoast SEO plugin v24.3 - https:\/\/yoast.com\/wordpress\/plugins\/seo\/ -->\n<title>Experience Alsik Spa Pool | Alsik Hotel &amp; Spa<\/title>\n<meta name=\"description\" content=\"Enjoy the calm, relaxing atmosphere of Alsik Spa Pool where natural elements of light, water and heat create a harmonious, balanced setting.\" \/>\n<meta name=\"robots\" content=\"index, follow, max-snippet:-1, max-image-preview:large, max-video-preview:-1\" \/>\n<link rel=\"canonical\" href=\"https:\/\/alsik.dk\/en\/alsik-spa\/alsik-spa-pool\/\" \/>\n<meta property=\"og:locale\" content=\"en_US\" \/>\n<meta property=\"og:type\" content=\"article\" \/>\n<meta property=\"og:title\" content=\"Experience Alsik Spa Pool | Alsik Hotel &amp; Spa\" \/>\n<meta property=\"og:description\" content=\"Enjoy the calm, relaxing atmosphere of Alsik Spa Pool where natural elements of light, water and heat create a harmonious, balanced setting.\" \/>\n<meta property=\"og:url\" content=\"https:\/\/alsik.dk\/en\/alsik-spa\/alsik-spa-pool\/\" \/>\n<meta property=\"og:site_name\" content=\"Alsik Hotel &amp; Spa\" \/>\n<meta property=\"article:modified_time\" content=\"2025-09-29T08:24:11+00:00\" \/>\n<meta property=\"og:image\" content=\"https:\/\/alsik.dk\/wp-content\/uploads\/2025\/01\/Alsik-spa-pool-3.jpg\" \/>\n\t<meta property=\"og:image:width\" content=\"1800\" \/>\n\t<meta property=\"og:image:height\" content=\"1201\" \/>\n\t<meta property=\"og:image:type\" content=\"image\/jpeg\" \/>\n<meta name=\"twitter:card\" content=\"summary_large_image\" \/>\n<meta name=\"twitter:label1\" content=\"Est. reading time\" \/>\n\t<meta name=\"twitter:data1\" content=\"1 minute\" \/>\n<script type=\"application\/ld+json\" class=\"yoast-schema-graph\">{\"@context\":\"https:\/\/schema.org\",\"@graph\":[{\"@type\":\"WebPage\",\"@id\":\"https:\/\/alsik.dk\/en\/alsik-spa\/alsik-spa-pool\/\",\"url\":\"https:\/\/alsik.dk\/en\/alsik-spa\/alsik-spa-pool\/\",\"name\":\"Experience Alsik Spa Pool | Alsik Hotel &amp; Spa\",\"isPartOf\":{\"@id\":\"https:\/\/alsik.dk\/en\/#website\"},\"primaryImageOfPage\":{\"@id\":\"https:\/\/alsik.dk\/en\/alsik-spa\/alsik-spa-pool\/#primaryimage\"},\"image\":{\"@id\":\"https:\/\/alsik.dk\/en\/alsik-spa\/alsik-spa-pool\/#primaryimage\"},\"thumbnailUrl\":\"https:\/\/alsik.dk\/wp-content\/uploads\/2025\/01\/Alsik-spa-pool-3.jpg\",\"datePublished\":\"2019-07-02T09:01:15+00:00\",\"dateModified\":\"2025-09-29T08:24:11+00:00\",\"description\":\"Enjoy the calm, relaxing atmosphere of Alsik Spa Pool where natural elements of light, water and heat create a harmonious, balanced setting.\",\"breadcrumb\":{\"@id\":\"https:\/\/alsik.dk\/en\/alsik-spa\/alsik-spa-pool\/#breadcrumb\"},\"inLanguage\":\"en-US\",\"potentialAction\":[{\"@type\":\"ReadAction\",\"target\":[\"https:\/\/alsik.dk\/en\/alsik-spa\/alsik-spa-pool\/\"]}]},{\"@type\":\"ImageObject\",\"inLanguage\":\"en-US\",\"@id\":\"https:\/\/alsik.dk\/en\/alsik-spa\/alsik-spa-pool\/#primaryimage\",\"url\":\"https:\/\/alsik.dk\/wp-content\/uploads\/2025\/01\/Alsik-spa-pool-3.jpg\",\"contentUrl\":\"https:\/\/alsik.dk\/wp-content\/uploads\/2025\/01\/Alsik-spa-pool-3.jpg\",\"width\":1800,\"height\":1201},{\"@type\":\"BreadcrumbList\",\"@id\":\"https:\/\/alsik.dk\/en\/alsik-spa\/alsik-spa-pool\/#breadcrumb\",\"itemListElement\":[{\"@type\":\"ListItem\",\"position\":1,\"name\":\"Hjem\",\"item\":\"https:\/\/alsik.dk\/en\/\"},{\"@type\":\"ListItem\",\"position\":2,\"name\":\"Experience Alsik Spa\",\"item\":\"https:\/\/alsik.dk\/en\/alsik-spa\/\"},{\"@type\":\"ListItem\",\"position\":3,\"name\":\"Experience Alsik Spa Pool\"}]},{\"@type\":\"WebSite\",\"@id\":\"https:\/\/alsik.dk\/en\/#website\",\"url\":\"https:\/\/alsik.dk\/en\/\",\"name\":\"Alsik Hotel &amp; Spa\",\"description\":\"Alsik er et af Danmarks mest sp\u00e6ndende hoteller med stilfulde og topmoderne v\u00e6relser. Her venter en verden af luksuri\u00f8s og hyggelig. Oplev Danmarks st\u00f8rste spa med flere end 60 forskellige spa- og wellnessoplevelser fordelt p\u00e5 4.500 kvadratmeter og fire etager. Eller fork\u00e6l sanserne med gastronomi i s\u00e6rklasse i Alsiks tre restauranter.\",\"potentialAction\":[{\"@type\":\"SearchAction\",\"target\":{\"@type\":\"EntryPoint\",\"urlTemplate\":\"https:\/\/alsik.dk\/en\/?s={search_term_string}\"},\"query-input\":{\"@type\":\"PropertyValueSpecification\",\"valueRequired\":true,\"valueName\":\"search_term_string\"}}],\"inLanguage\":\"en-US\"}]}<\/script>\n<!-- \/ Yoast SEO plugin. -->","yoast_head_json":{"title":"Experience Alsik Spa Pool | Alsik Hotel &amp; Spa","description":"Enjoy the calm, relaxing atmosphere of Alsik Spa Pool where natural elements of light, water and heat create a harmonious, balanced setting.","robots":{"index":"index","follow":"follow","max-snippet":"max-snippet:-1","max-image-preview":"max-image-preview:large","max-video-preview":"max-video-preview:-1"},"canonical":"https:\/\/alsik.dk\/en\/alsik-spa\/alsik-spa-pool\/","og_locale":"en_US","og_type":"article","og_title":"Experience Alsik Spa Pool | Alsik Hotel &amp; Spa","og_description":"Enjoy the calm, relaxing atmosphere of Alsik Spa Pool where natural elements of light, water and heat create a harmonious, balanced setting.","og_url":"https:\/\/alsik.dk\/en\/alsik-spa\/alsik-spa-pool\/","og_site_name":"Alsik Hotel &amp; Spa","article_modified_time":"2025-09-29T08:24:11+00:00","og_image":[{"width":1800,"height":1201,"url":"https:\/\/alsik.dk\/wp-content\/uploads\/2025\/01\/Alsik-spa-pool-3.jpg","type":"image\/jpeg"}],"twitter_card":"summary_large_image","twitter_misc":{"Est. reading time":"1 minute"},"schema":{"@context":"https:\/\/schema.org","@graph":[{"@type":"WebPage","@id":"https:\/\/alsik.dk\/en\/alsik-spa\/alsik-spa-pool\/","url":"https:\/\/alsik.dk\/en\/alsik-spa\/alsik-spa-pool\/","name":"Experience Alsik Spa Pool | Alsik Hotel &amp; Spa","isPartOf":{"@id":"https:\/\/alsik.dk\/en\/#website"},"primaryImageOfPage":{"@id":"https:\/\/alsik.dk\/en\/alsik-spa\/alsik-spa-pool\/#primaryimage"},"image":{"@id":"https:\/\/alsik.dk\/en\/alsik-spa\/alsik-spa-pool\/#primaryimage"},"thumbnailUrl":"https:\/\/alsik.dk\/wp-content\/uploads\/2025\/01\/Alsik-spa-pool-3.jpg","datePublished":"2019-07-02T09:01:15+00:00","dateModified":"2025-09-29T08:24:11+00:00","description":"Enjoy the calm, relaxing atmosphere of Alsik Spa Pool where natural elements of light, water and heat create a harmonious, balanced setting.","breadcrumb":{"@id":"https:\/\/alsik.dk\/en\/alsik-spa\/alsik-spa-pool\/#breadcrumb"},"inLanguage":"en-US","potentialAction":[{"@type":"ReadAction","target":["https:\/\/alsik.dk\/en\/alsik-spa\/alsik-spa-pool\/"]}]},{"@type":"ImageObject","inLanguage":"en-US","@id":"https:\/\/alsik.dk\/en\/alsik-spa\/alsik-spa-pool\/#primaryimage","url":"https:\/\/alsik.dk\/wp-content\/uploads\/2025\/01\/Alsik-spa-pool-3.jpg","contentUrl":"https:\/\/alsik.dk\/wp-content\/uploads\/2025\/01\/Alsik-spa-pool-3.jpg","width":1800,"height":1201},{"@type":"BreadcrumbList","@id":"https:\/\/alsik.dk\/en\/alsik-spa\/alsik-spa-pool\/#breadcrumb","itemListElement":[{"@type":"ListItem","position":1,"name":"Hjem","item":"https:\/\/alsik.dk\/en\/"},{"@type":"ListItem","position":2,"name":"Experience Alsik Spa","item":"https:\/\/alsik.dk\/en\/alsik-spa\/"},{"@type":"ListItem","position":3,"name":"Experience Alsik Spa Pool"}]},{"@type":"WebSite","@id":"https:\/\/alsik.dk\/en\/#website","url":"https:\/\/alsik.dk\/en\/","name":"Alsik Hotel &amp; Spa","description":"Alsik er et af Danmarks mest sp\u00e6ndende hoteller med stilfulde og topmoderne v\u00e6relser. Her venter en verden af luksuri\u00f8s og hyggelig. Oplev Danmarks st\u00f8rste spa med flere end 60 forskellige spa- og wellnessoplevelser fordelt p\u00e5 4.500 kvadratmeter og fire etager. Eller fork\u00e6l sanserne med gastronomi i s\u00e6rklasse i Alsiks tre restauranter.","potentialAction":[{"@type":"SearchAction","target":{"@type":"EntryPoint","urlTemplate":"https:\/\/alsik.dk\/en\/?s={search_term_string}"},"query-input":{"@type":"PropertyValueSpecification","valueRequired":true,"valueName":"search_term_string"}}],"inLanguage":"en-US"}]}},"_links":{"self":[{"href":"https:\/\/alsik.dk\/en\/wp-json\/wp\/v2\/pages\/2992","targetHints":{"allow":["GET"]}}],"collection":[{"href":"https:\/\/alsik.dk\/en\/wp-json\/wp\/v2\/pages"}],"about":[{"href":"https:\/\/alsik.dk\/en\/wp-json\/wp\/v2\/types\/page"}],"author":[{"embeddable":true,"href":"https:\/\/alsik.dk\/en\/wp-json\/wp\/v2\/users\/7"}],"replies":[{"embeddable":true,"href":"https:\/\/alsik.dk\/en\/wp-json\/wp\/v2\/comments?post=2992"}],"version-history":[{"count":24,"href":"https:\/\/alsik.dk\/en\/wp-json\/wp\/v2\/pages\/2992\/revisions"}],"predecessor-version":[{"id":16699,"href":"https:\/\/alsik.dk\/en\/wp-json\/wp\/v2\/pages\/2992\/revisions\/16699"}],"up":[{"embeddable":true,"href":"https:\/\/alsik.dk\/en\/wp-json\/wp\/v2\/pages\/2834"}],"wp:featuredmedia":[{"embeddable":true,"href":"https:\/\/alsik.dk\/en\/wp-json\/wp\/v2\/media\/15084"}],"wp:attachment":[{"href":"https:\/\/alsik.dk\/en\/wp-json\/wp\/v2\/media?parent=2992"}],"wp:term":[{"taxonomy":"post_tag","embeddable":true,"href":"https:\/\/alsik.dk\/en\/wp-json\/wp\/v2\/tags?post=2992"}],"curies":[{"name":"wp","href":"https:\/\/api.w.org\/{rel}","templated":true}]}}