{"id":3010,"date":"2019-07-02T11:01:53","date_gmt":"2019-07-02T09:01:53","guid":{"rendered":"https:\/\/alsik.dk\/experience-alsik-spa\/alsik-nordisk-spa\/"},"modified":"2026-03-16T08:45:00","modified_gmt":"2026-03-16T07:45:00","slug":"alsik-nordic-spa","status":"publish","type":"page","link":"https:\/\/alsik.dk\/en\/alsik-spa\/alsik-nordic-spa\/","title":{"rendered":"Alsik Nordic Spa"},"content":{"rendered":"<p data-start=\"138\" data-end=\"418\">If you would like your spa experience to be something truly special, we recommend adding access to Alsik Nordic Spa, located on the floor above the Alsik Spa Pool. Here, you enter a world of sensory experiences where the pace slows and there is time for relaxation and reflection.<\/p>\n<p data-start=\"420\" data-end=\"691\">Move through a series of rituals, each designed to help bring body and mind into balance. Among the experiences, you will find the Herbal Sauna with delightful aromas, a lounge with infrared chairs, two different steam baths, and a Panorama Sauna with views over Alssund.<\/p>\n<p data-start=\"693\" data-end=\"737\">A unique experience found only at Alsik Spa.<\/p>\n<p data-start=\"739\" data-end=\"760\">Age limit: 16+ years.<\/p>\n<p data-start=\"762\" data-end=\"825\" data-is-last-node=\"\" data-is-only-node=\"\">Access to Alsik Nordic Spa can be added for DKK 195 per person<\/p>\n","protected":false},"excerpt":{"rendered":"<p>Embark on a journey through the elements of the Nordic nature in our Nordic section on the 1st floor.<\/p>\n","protected":false},"author":7,"featured_media":15140,"parent":2834,"menu_order":0,"comment_status":"closed","ping_status":"closed","template":"","meta":{"_acf_changed":false,"footnotes":""},"tags":[],"class_list":["post-3010","page","type-page","status-publish","has-post-thumbnail","hentry"],"acf":[],"yoast_head":"<!-- This site is optimized with the Yoast SEO plugin v24.3 - https:\/\/yoast.com\/wordpress\/plugins\/seo\/ -->\n<title>Alsik Nordic Spa | Alsik Hotel &amp; Spa<\/title>\n<meta name=\"description\" content=\"If you would like your spa experience to be something truly special, we recommend adding access to Alsik Nordic Spa, located on the floor above the Alsik Spa Pool. Here, you enter a world of sensory experiences where the pace slows and there is time for relaxation and reflection. Move through a series of rituals, each designed to help bring body and mind into balance. Among the experiences, you will find the Herbal Sauna with delightful aromas, a lounge with infrared chairs, two different steam baths, and a Panorama Sauna with views over Alssund.\" \/>\n<meta name=\"robots\" content=\"index, follow, max-snippet:-1, max-image-preview:large, max-video-preview:-1\" \/>\n<link rel=\"canonical\" href=\"https:\/\/alsik.dk\/en\/alsik-spa\/alsik-nordic-spa\/\" \/>\n<meta property=\"og:locale\" content=\"en_US\" \/>\n<meta property=\"og:type\" content=\"article\" \/>\n<meta property=\"og:title\" content=\"Alsik Nordic Spa | Alsik Hotel &amp; Spa\" \/>\n<meta property=\"og:description\" content=\"If you would like your spa experience to be something truly special, we recommend adding access to Alsik Nordic Spa, located on the floor above the Alsik Spa Pool. Here, you enter a world of sensory experiences where the pace slows and there is time for relaxation and reflection. Move through a series of rituals, each designed to help bring body and mind into balance. Among the experiences, you will find the Herbal Sauna with delightful aromas, a lounge with infrared chairs, two different steam baths, and a Panorama Sauna with views over Alssund.\" \/>\n<meta property=\"og:url\" content=\"https:\/\/alsik.dk\/en\/alsik-spa\/alsik-nordic-spa\/\" \/>\n<meta property=\"og:site_name\" content=\"Alsik Hotel &amp; Spa\" \/>\n<meta property=\"article:modified_time\" content=\"2026-03-16T07:45:00+00:00\" \/>\n<meta property=\"og:image\" content=\"https:\/\/alsik.dk\/wp-content\/uploads\/2025\/01\/Nordisk-10.jpg\" \/>\n\t<meta property=\"og:image:width\" content=\"1800\" \/>\n\t<meta property=\"og:image:height\" content=\"1201\" \/>\n\t<meta property=\"og:image:type\" content=\"image\/jpeg\" \/>\n<meta name=\"twitter:card\" content=\"summary_large_image\" \/>\n<meta name=\"twitter:label1\" content=\"Est. reading time\" \/>\n\t<meta name=\"twitter:data1\" content=\"1 minute\" \/>\n<script type=\"application\/ld+json\" class=\"yoast-schema-graph\">{\"@context\":\"https:\/\/schema.org\",\"@graph\":[{\"@type\":\"WebPage\",\"@id\":\"https:\/\/alsik.dk\/en\/alsik-spa\/alsik-nordic-spa\/\",\"url\":\"https:\/\/alsik.dk\/en\/alsik-spa\/alsik-nordic-spa\/\",\"name\":\"Alsik Nordic Spa | Alsik Hotel &amp; Spa\",\"isPartOf\":{\"@id\":\"https:\/\/alsik.dk\/en\/#website\"},\"primaryImageOfPage\":{\"@id\":\"https:\/\/alsik.dk\/en\/alsik-spa\/alsik-nordic-spa\/#primaryimage\"},\"image\":{\"@id\":\"https:\/\/alsik.dk\/en\/alsik-spa\/alsik-nordic-spa\/#primaryimage\"},\"thumbnailUrl\":\"https:\/\/alsik.dk\/wp-content\/uploads\/2025\/01\/Nordisk-10.jpg\",\"datePublished\":\"2019-07-02T09:01:53+00:00\",\"dateModified\":\"2026-03-16T07:45:00+00:00\",\"description\":\"If you would like your spa experience to be something truly special, we recommend adding access to Alsik Nordic Spa, located on the floor above the Alsik Spa Pool. Here, you enter a world of sensory experiences where the pace slows and there is time for relaxation and reflection. Move through a series of rituals, each designed to help bring body and mind into balance. Among the experiences, you will find the Herbal Sauna with delightful aromas, a lounge with infrared chairs, two different steam baths, and a Panorama Sauna with views over Alssund.\",\"breadcrumb\":{\"@id\":\"https:\/\/alsik.dk\/en\/alsik-spa\/alsik-nordic-spa\/#breadcrumb\"},\"inLanguage\":\"en-US\",\"potentialAction\":[{\"@type\":\"ReadAction\",\"target\":[\"https:\/\/alsik.dk\/en\/alsik-spa\/alsik-nordic-spa\/\"]}]},{\"@type\":\"ImageObject\",\"inLanguage\":\"en-US\",\"@id\":\"https:\/\/alsik.dk\/en\/alsik-spa\/alsik-nordic-spa\/#primaryimage\",\"url\":\"https:\/\/alsik.dk\/wp-content\/uploads\/2025\/01\/Nordisk-10.jpg\",\"contentUrl\":\"https:\/\/alsik.dk\/wp-content\/uploads\/2025\/01\/Nordisk-10.jpg\",\"width\":1800,\"height\":1201},{\"@type\":\"BreadcrumbList\",\"@id\":\"https:\/\/alsik.dk\/en\/alsik-spa\/alsik-nordic-spa\/#breadcrumb\",\"itemListElement\":[{\"@type\":\"ListItem\",\"position\":1,\"name\":\"Hjem\",\"item\":\"https:\/\/alsik.dk\/en\/\"},{\"@type\":\"ListItem\",\"position\":2,\"name\":\"Experience Alsik Spa\",\"item\":\"https:\/\/alsik.dk\/en\/alsik-spa\/\"},{\"@type\":\"ListItem\",\"position\":3,\"name\":\"Alsik Nordic Spa\"}]},{\"@type\":\"WebSite\",\"@id\":\"https:\/\/alsik.dk\/en\/#website\",\"url\":\"https:\/\/alsik.dk\/en\/\",\"name\":\"Alsik Hotel &amp; Spa\",\"description\":\"Alsik er et af Danmarks mest sp\u00e6ndende hoteller med stilfulde og topmoderne v\u00e6relser. Her venter en verden af luksuri\u00f8s og hyggelig. Oplev Danmarks st\u00f8rste spa med flere end 60 forskellige spa- og wellnessoplevelser fordelt p\u00e5 4.500 kvadratmeter og fire etager. Eller fork\u00e6l sanserne med gastronomi i s\u00e6rklasse i Alsiks tre restauranter.\",\"potentialAction\":[{\"@type\":\"SearchAction\",\"target\":{\"@type\":\"EntryPoint\",\"urlTemplate\":\"https:\/\/alsik.dk\/en\/?s={search_term_string}\"},\"query-input\":{\"@type\":\"PropertyValueSpecification\",\"valueRequired\":true,\"valueName\":\"search_term_string\"}}],\"inLanguage\":\"en-US\"}]}<\/script>\n<!-- \/ Yoast SEO plugin. -->","yoast_head_json":{"title":"Alsik Nordic Spa | Alsik Hotel &amp; Spa","description":"If you would like your spa experience to be something truly special, we recommend adding access to Alsik Nordic Spa, located on the floor above the Alsik Spa Pool. Here, you enter a world of sensory experiences where the pace slows and there is time for relaxation and reflection. Move through a series of rituals, each designed to help bring body and mind into balance. Among the experiences, you will find the Herbal Sauna with delightful aromas, a lounge with infrared chairs, two different steam baths, and a Panorama Sauna with views over Alssund.","robots":{"index":"index","follow":"follow","max-snippet":"max-snippet:-1","max-image-preview":"max-image-preview:large","max-video-preview":"max-video-preview:-1"},"canonical":"https:\/\/alsik.dk\/en\/alsik-spa\/alsik-nordic-spa\/","og_locale":"en_US","og_type":"article","og_title":"Alsik Nordic Spa | Alsik Hotel &amp; Spa","og_description":"If you would like your spa experience to be something truly special, we recommend adding access to Alsik Nordic Spa, located on the floor above the Alsik Spa Pool. Here, you enter a world of sensory experiences where the pace slows and there is time for relaxation and reflection. Move through a series of rituals, each designed to help bring body and mind into balance. Among the experiences, you will find the Herbal Sauna with delightful aromas, a lounge with infrared chairs, two different steam baths, and a Panorama Sauna with views over Alssund.","og_url":"https:\/\/alsik.dk\/en\/alsik-spa\/alsik-nordic-spa\/","og_site_name":"Alsik Hotel &amp; Spa","article_modified_time":"2026-03-16T07:45:00+00:00","og_image":[{"width":1800,"height":1201,"url":"https:\/\/alsik.dk\/wp-content\/uploads\/2025\/01\/Nordisk-10.jpg","type":"image\/jpeg"}],"twitter_card":"summary_large_image","twitter_misc":{"Est. reading time":"1 minute"},"schema":{"@context":"https:\/\/schema.org","@graph":[{"@type":"WebPage","@id":"https:\/\/alsik.dk\/en\/alsik-spa\/alsik-nordic-spa\/","url":"https:\/\/alsik.dk\/en\/alsik-spa\/alsik-nordic-spa\/","name":"Alsik Nordic Spa | Alsik Hotel &amp; Spa","isPartOf":{"@id":"https:\/\/alsik.dk\/en\/#website"},"primaryImageOfPage":{"@id":"https:\/\/alsik.dk\/en\/alsik-spa\/alsik-nordic-spa\/#primaryimage"},"image":{"@id":"https:\/\/alsik.dk\/en\/alsik-spa\/alsik-nordic-spa\/#primaryimage"},"thumbnailUrl":"https:\/\/alsik.dk\/wp-content\/uploads\/2025\/01\/Nordisk-10.jpg","datePublished":"2019-07-02T09:01:53+00:00","dateModified":"2026-03-16T07:45:00+00:00","description":"If you would like your spa experience to be something truly special, we recommend adding access to Alsik Nordic Spa, located on the floor above the Alsik Spa Pool. Here, you enter a world of sensory experiences where the pace slows and there is time for relaxation and reflection. Move through a series of rituals, each designed to help bring body and mind into balance. Among the experiences, you will find the Herbal Sauna with delightful aromas, a lounge with infrared chairs, two different steam baths, and a Panorama Sauna with views over Alssund.","breadcrumb":{"@id":"https:\/\/alsik.dk\/en\/alsik-spa\/alsik-nordic-spa\/#breadcrumb"},"inLanguage":"en-US","potentialAction":[{"@type":"ReadAction","target":["https:\/\/alsik.dk\/en\/alsik-spa\/alsik-nordic-spa\/"]}]},{"@type":"ImageObject","inLanguage":"en-US","@id":"https:\/\/alsik.dk\/en\/alsik-spa\/alsik-nordic-spa\/#primaryimage","url":"https:\/\/alsik.dk\/wp-content\/uploads\/2025\/01\/Nordisk-10.jpg","contentUrl":"https:\/\/alsik.dk\/wp-content\/uploads\/2025\/01\/Nordisk-10.jpg","width":1800,"height":1201},{"@type":"BreadcrumbList","@id":"https:\/\/alsik.dk\/en\/alsik-spa\/alsik-nordic-spa\/#breadcrumb","itemListElement":[{"@type":"ListItem","position":1,"name":"Hjem","item":"https:\/\/alsik.dk\/en\/"},{"@type":"ListItem","position":2,"name":"Experience Alsik Spa","item":"https:\/\/alsik.dk\/en\/alsik-spa\/"},{"@type":"ListItem","position":3,"name":"Alsik Nordic Spa"}]},{"@type":"WebSite","@id":"https:\/\/alsik.dk\/en\/#website","url":"https:\/\/alsik.dk\/en\/","name":"Alsik Hotel &amp; Spa","description":"Alsik er et af Danmarks mest sp\u00e6ndende hoteller med stilfulde og topmoderne v\u00e6relser. Her venter en verden af luksuri\u00f8s og hyggelig. Oplev Danmarks st\u00f8rste spa med flere end 60 forskellige spa- og wellnessoplevelser fordelt p\u00e5 4.500 kvadratmeter og fire etager. Eller fork\u00e6l sanserne med gastronomi i s\u00e6rklasse i Alsiks tre restauranter.","potentialAction":[{"@type":"SearchAction","target":{"@type":"EntryPoint","urlTemplate":"https:\/\/alsik.dk\/en\/?s={search_term_string}"},"query-input":{"@type":"PropertyValueSpecification","valueRequired":true,"valueName":"search_term_string"}}],"inLanguage":"en-US"}]}},"_links":{"self":[{"href":"https:\/\/alsik.dk\/en\/wp-json\/wp\/v2\/pages\/3010","targetHints":{"allow":["GET"]}}],"collection":[{"href":"https:\/\/alsik.dk\/en\/wp-json\/wp\/v2\/pages"}],"about":[{"href":"https:\/\/alsik.dk\/en\/wp-json\/wp\/v2\/types\/page"}],"author":[{"embeddable":true,"href":"https:\/\/alsik.dk\/en\/wp-json\/wp\/v2\/users\/7"}],"replies":[{"embeddable":true,"href":"https:\/\/alsik.dk\/en\/wp-json\/wp\/v2\/comments?post=3010"}],"version-history":[{"count":19,"href":"https:\/\/alsik.dk\/en\/wp-json\/wp\/v2\/pages\/3010\/revisions"}],"predecessor-version":[{"id":17888,"href":"https:\/\/alsik.dk\/en\/wp-json\/wp\/v2\/pages\/3010\/revisions\/17888"}],"up":[{"embeddable":true,"href":"https:\/\/alsik.dk\/en\/wp-json\/wp\/v2\/pages\/2834"}],"wp:featuredmedia":[{"embeddable":true,"href":"https:\/\/alsik.dk\/en\/wp-json\/wp\/v2\/media\/15140"}],"wp:attachment":[{"href":"https:\/\/alsik.dk\/en\/wp-json\/wp\/v2\/media?parent=3010"}],"wp:term":[{"taxonomy":"post_tag","embeddable":true,"href":"https:\/\/alsik.dk\/en\/wp-json\/wp\/v2\/tags?post=3010"}],"curies":[{"name":"wp","href":"https:\/\/api.w.org\/{rel}","templated":true}]}}