{"id":4076,"date":"2019-08-16T13:38:55","date_gmt":"2019-08-16T11:38:55","guid":{"rendered":"https:\/\/alsik.dk\/cookiepolitik\/"},"modified":"2024-01-26T10:35:42","modified_gmt":"2024-01-26T09:35:42","slug":"cookie-policy","status":"publish","type":"page","link":"https:\/\/alsik.dk\/en\/cookie-policy\/","title":{"rendered":"Cookie policy"},"content":{"rendered":"<p><script id=\"CookieDeclaration\" src=\"https:\/\/consent.cookiebot.com\/e72605d0-dbc8-478d-a8a8-136ee1755a89\/cd.js\" type=\"text\/javascript\" async><\/script><\/p>\n","protected":false},"excerpt":{"rendered":"","protected":false},"author":7,"featured_media":0,"parent":0,"menu_order":0,"comment_status":"closed","ping_status":"closed","template":"","meta":{"_acf_changed":false,"footnotes":""},"tags":[],"class_list":["post-4076","page","type-page","status-publish","hentry"],"acf":[],"yoast_head":"<!-- This site is optimized with the Yoast SEO plugin v24.3 - https:\/\/yoast.com\/wordpress\/plugins\/seo\/ -->\n<title>Cookie policy | Alsik Hotel &amp; Spa<\/title>\n<meta name=\"description\" content=\"Alsik Steigenberger Hotel and Spa uses cookies to remember your settings, statistics and to personalize content and ads.\" \/>\n<meta name=\"robots\" content=\"index, follow, max-snippet:-1, max-image-preview:large, max-video-preview:-1\" \/>\n<link rel=\"canonical\" href=\"https:\/\/alsik.dk\/en\/cookie-policy\/\" \/>\n<meta property=\"og:locale\" content=\"en_US\" \/>\n<meta property=\"og:type\" content=\"article\" \/>\n<meta property=\"og:title\" content=\"Cookie policy | Alsik Hotel &amp; Spa\" \/>\n<meta property=\"og:description\" content=\"Alsik Steigenberger Hotel and Spa uses cookies to remember your settings, statistics and to personalize content and ads.\" \/>\n<meta property=\"og:url\" content=\"https:\/\/alsik.dk\/en\/cookie-policy\/\" \/>\n<meta property=\"og:site_name\" content=\"Alsik Hotel &amp; Spa\" \/>\n<meta property=\"article:modified_time\" content=\"2024-01-26T09:35:42+00:00\" \/>\n<meta name=\"twitter:card\" content=\"summary_large_image\" \/>\n<script type=\"application\/ld+json\" class=\"yoast-schema-graph\">{\"@context\":\"https:\/\/schema.org\",\"@graph\":[{\"@type\":\"WebPage\",\"@id\":\"https:\/\/alsik.dk\/en\/cookie-policy\/\",\"url\":\"https:\/\/alsik.dk\/en\/cookie-policy\/\",\"name\":\"Cookie policy | Alsik Hotel &amp; Spa\",\"isPartOf\":{\"@id\":\"https:\/\/alsik.dk\/en\/#website\"},\"datePublished\":\"2019-08-16T11:38:55+00:00\",\"dateModified\":\"2024-01-26T09:35:42+00:00\",\"description\":\"Alsik Steigenberger Hotel and Spa uses cookies to remember your settings, statistics and to personalize content and ads.\",\"breadcrumb\":{\"@id\":\"https:\/\/alsik.dk\/en\/cookie-policy\/#breadcrumb\"},\"inLanguage\":\"en-US\",\"potentialAction\":[{\"@type\":\"ReadAction\",\"target\":[\"https:\/\/alsik.dk\/en\/cookie-policy\/\"]}]},{\"@type\":\"BreadcrumbList\",\"@id\":\"https:\/\/alsik.dk\/en\/cookie-policy\/#breadcrumb\",\"itemListElement\":[{\"@type\":\"ListItem\",\"position\":1,\"name\":\"Hjem\",\"item\":\"https:\/\/alsik.dk\/en\/\"},{\"@type\":\"ListItem\",\"position\":2,\"name\":\"Cookie policy\"}]},{\"@type\":\"WebSite\",\"@id\":\"https:\/\/alsik.dk\/en\/#website\",\"url\":\"https:\/\/alsik.dk\/en\/\",\"name\":\"Alsik Hotel &amp; Spa\",\"description\":\"Alsik er et af Danmarks mest sp\u00e6ndende hoteller med stilfulde og topmoderne v\u00e6relser. Her venter en verden af luksuri\u00f8s og hyggelig. Oplev Danmarks st\u00f8rste spa med flere end 60 forskellige spa- og wellnessoplevelser fordelt p\u00e5 4.500 kvadratmeter og fire etager. Eller fork\u00e6l sanserne med gastronomi i s\u00e6rklasse i Alsiks tre restauranter.\",\"potentialAction\":[{\"@type\":\"SearchAction\",\"target\":{\"@type\":\"EntryPoint\",\"urlTemplate\":\"https:\/\/alsik.dk\/en\/?s={search_term_string}\"},\"query-input\":{\"@type\":\"PropertyValueSpecification\",\"valueRequired\":true,\"valueName\":\"search_term_string\"}}],\"inLanguage\":\"en-US\"}]}<\/script>\n<!-- \/ Yoast SEO plugin. -->","yoast_head_json":{"title":"Cookie policy | Alsik Hotel &amp; Spa","description":"Alsik Steigenberger Hotel and Spa uses cookies to remember your settings, statistics and to personalize content and ads.","robots":{"index":"index","follow":"follow","max-snippet":"max-snippet:-1","max-image-preview":"max-image-preview:large","max-video-preview":"max-video-preview:-1"},"canonical":"https:\/\/alsik.dk\/en\/cookie-policy\/","og_locale":"en_US","og_type":"article","og_title":"Cookie policy | Alsik Hotel &amp; Spa","og_description":"Alsik Steigenberger Hotel and Spa uses cookies to remember your settings, statistics and to personalize content and ads.","og_url":"https:\/\/alsik.dk\/en\/cookie-policy\/","og_site_name":"Alsik Hotel &amp; Spa","article_modified_time":"2024-01-26T09:35:42+00:00","twitter_card":"summary_large_image","schema":{"@context":"https:\/\/schema.org","@graph":[{"@type":"WebPage","@id":"https:\/\/alsik.dk\/en\/cookie-policy\/","url":"https:\/\/alsik.dk\/en\/cookie-policy\/","name":"Cookie policy | Alsik Hotel &amp; Spa","isPartOf":{"@id":"https:\/\/alsik.dk\/en\/#website"},"datePublished":"2019-08-16T11:38:55+00:00","dateModified":"2024-01-26T09:35:42+00:00","description":"Alsik Steigenberger Hotel and Spa uses cookies to remember your settings, statistics and to personalize content and ads.","breadcrumb":{"@id":"https:\/\/alsik.dk\/en\/cookie-policy\/#breadcrumb"},"inLanguage":"en-US","potentialAction":[{"@type":"ReadAction","target":["https:\/\/alsik.dk\/en\/cookie-policy\/"]}]},{"@type":"BreadcrumbList","@id":"https:\/\/alsik.dk\/en\/cookie-policy\/#breadcrumb","itemListElement":[{"@type":"ListItem","position":1,"name":"Hjem","item":"https:\/\/alsik.dk\/en\/"},{"@type":"ListItem","position":2,"name":"Cookie policy"}]},{"@type":"WebSite","@id":"https:\/\/alsik.dk\/en\/#website","url":"https:\/\/alsik.dk\/en\/","name":"Alsik Hotel &amp; Spa","description":"Alsik er et af Danmarks mest sp\u00e6ndende hoteller med stilfulde og topmoderne v\u00e6relser. Her venter en verden af luksuri\u00f8s og hyggelig. Oplev Danmarks st\u00f8rste spa med flere end 60 forskellige spa- og wellnessoplevelser fordelt p\u00e5 4.500 kvadratmeter og fire etager. Eller fork\u00e6l sanserne med gastronomi i s\u00e6rklasse i Alsiks tre restauranter.","potentialAction":[{"@type":"SearchAction","target":{"@type":"EntryPoint","urlTemplate":"https:\/\/alsik.dk\/en\/?s={search_term_string}"},"query-input":{"@type":"PropertyValueSpecification","valueRequired":true,"valueName":"search_term_string"}}],"inLanguage":"en-US"}]}},"_links":{"self":[{"href":"https:\/\/alsik.dk\/en\/wp-json\/wp\/v2\/pages\/4076","targetHints":{"allow":["GET"]}}],"collection":[{"href":"https:\/\/alsik.dk\/en\/wp-json\/wp\/v2\/pages"}],"about":[{"href":"https:\/\/alsik.dk\/en\/wp-json\/wp\/v2\/types\/page"}],"author":[{"embeddable":true,"href":"https:\/\/alsik.dk\/en\/wp-json\/wp\/v2\/users\/7"}],"replies":[{"embeddable":true,"href":"https:\/\/alsik.dk\/en\/wp-json\/wp\/v2\/comments?post=4076"}],"version-history":[{"count":3,"href":"https:\/\/alsik.dk\/en\/wp-json\/wp\/v2\/pages\/4076\/revisions"}],"predecessor-version":[{"id":13221,"href":"https:\/\/alsik.dk\/en\/wp-json\/wp\/v2\/pages\/4076\/revisions\/13221"}],"wp:attachment":[{"href":"https:\/\/alsik.dk\/en\/wp-json\/wp\/v2\/media?parent=4076"}],"wp:term":[{"taxonomy":"post_tag","embeddable":true,"href":"https:\/\/alsik.dk\/en\/wp-json\/wp\/v2\/tags?post=4076"}],"curies":[{"name":"wp","href":"https:\/\/api.w.org\/{rel}","templated":true}]}}