{"id":4119,"date":"2019-07-05T07:32:48","date_gmt":"2019-07-05T05:32:48","guid":{"rendered":"https:\/\/alsik.dk\/kontakt\/"},"modified":"2026-02-23T10:08:58","modified_gmt":"2026-02-23T09:08:58","slug":"contact","status":"publish","type":"page","link":"https:\/\/alsik.dk\/en\/contact\/","title":{"rendered":"Contact &#038; parking information"},"content":{"rendered":"<h3>Hotel &amp; restaurants<\/h3>\n<p><a href=\"tel:004574203000\">Tel. +45 74 20 30 00<\/a><\/p>\n<div class=\"footer-col\">\n<div class=\"textwidget\"><a href=\"mailto:info@alsik.dk\">info@alsik.dk<\/a><\/div>\n<\/div>\n<p>&nbsp;<\/p>\n<h3>Alsik Spa<\/h3>\n<p><a href=\"tel:004574203500\">Tel. +45 74 20 35 00<\/a><\/p>\n<p><a href=\"mailto:alsikspa@alsik.dk\">alsikspa@alsik.dk<\/a><\/p>\n<p>&nbsp;<\/p>\n<h3>Address<\/h3>\n<p>N\u00f8rre Havnegade 21-25<br \/>\nDK-6400 S\u00f8nderborg<\/p>\n","protected":false},"excerpt":{"rendered":"<p>Hotel &amp; restaurants Tel. +45 74 20 30 00 info@alsik.dk &nbsp; Alsik Spa Tel. +45 74 20 35 00 alsikspa@alsik.dk &nbsp; Address N\u00f8rre Havnegade 21-25 DK-6400 S\u00f8nderborg<\/p>\n","protected":false},"author":7,"featured_media":0,"parent":0,"menu_order":0,"comment_status":"closed","ping_status":"closed","template":"","meta":{"_acf_changed":false,"footnotes":""},"tags":[],"class_list":["post-4119","page","type-page","status-publish","hentry"],"acf":[],"yoast_head":"<!-- This site is optimized with the Yoast SEO plugin v24.3 - https:\/\/yoast.com\/wordpress\/plugins\/seo\/ -->\n<title>Contact &amp; parking information | Alsik Hotel &amp; Spa<\/title>\n<meta name=\"description\" content=\"Find your directions to Alsik Hotel &amp; Spa and information about parkering. Feel free to contact us if you have any questions.\" \/>\n<meta name=\"robots\" content=\"index, follow, max-snippet:-1, max-image-preview:large, max-video-preview:-1\" \/>\n<link rel=\"canonical\" href=\"https:\/\/alsik.dk\/en\/contact\/\" \/>\n<meta property=\"og:locale\" content=\"en_US\" \/>\n<meta property=\"og:type\" content=\"article\" \/>\n<meta property=\"og:title\" content=\"Contact &amp; parking information | Alsik Hotel &amp; Spa\" \/>\n<meta property=\"og:description\" content=\"Find your directions to Alsik Hotel &amp; Spa and information about parkering. Feel free to contact us if you have any questions.\" \/>\n<meta property=\"og:url\" content=\"https:\/\/alsik.dk\/en\/contact\/\" \/>\n<meta property=\"og:site_name\" content=\"Alsik Hotel &amp; Spa\" \/>\n<meta property=\"article:modified_time\" content=\"2026-02-23T09:08:58+00:00\" \/>\n<meta name=\"twitter:card\" content=\"summary_large_image\" \/>\n<meta name=\"twitter:label1\" content=\"Est. reading time\" \/>\n\t<meta name=\"twitter:data1\" content=\"1 minute\" \/>\n<script type=\"application\/ld+json\" class=\"yoast-schema-graph\">{\"@context\":\"https:\/\/schema.org\",\"@graph\":[{\"@type\":\"WebPage\",\"@id\":\"https:\/\/alsik.dk\/en\/contact\/\",\"url\":\"https:\/\/alsik.dk\/en\/contact\/\",\"name\":\"Contact & parking information | Alsik Hotel &amp; Spa\",\"isPartOf\":{\"@id\":\"https:\/\/alsik.dk\/en\/#website\"},\"datePublished\":\"2019-07-05T05:32:48+00:00\",\"dateModified\":\"2026-02-23T09:08:58+00:00\",\"description\":\"Find your directions to Alsik Hotel & Spa and information about parkering. Feel free to contact us if you have any questions.\",\"breadcrumb\":{\"@id\":\"https:\/\/alsik.dk\/en\/contact\/#breadcrumb\"},\"inLanguage\":\"en-US\",\"potentialAction\":[{\"@type\":\"ReadAction\",\"target\":[\"https:\/\/alsik.dk\/en\/contact\/\"]}]},{\"@type\":\"BreadcrumbList\",\"@id\":\"https:\/\/alsik.dk\/en\/contact\/#breadcrumb\",\"itemListElement\":[{\"@type\":\"ListItem\",\"position\":1,\"name\":\"Hjem\",\"item\":\"https:\/\/alsik.dk\/en\/\"},{\"@type\":\"ListItem\",\"position\":2,\"name\":\"Contact &#038; parking information\"}]},{\"@type\":\"WebSite\",\"@id\":\"https:\/\/alsik.dk\/en\/#website\",\"url\":\"https:\/\/alsik.dk\/en\/\",\"name\":\"Alsik Hotel &amp; Spa\",\"description\":\"Alsik er et af Danmarks mest sp\u00e6ndende hoteller med stilfulde og topmoderne v\u00e6relser. Her venter en verden af luksuri\u00f8s og hyggelig. Oplev Danmarks st\u00f8rste spa med flere end 60 forskellige spa- og wellnessoplevelser fordelt p\u00e5 4.500 kvadratmeter og fire etager. Eller fork\u00e6l sanserne med gastronomi i s\u00e6rklasse i Alsiks tre restauranter.\",\"potentialAction\":[{\"@type\":\"SearchAction\",\"target\":{\"@type\":\"EntryPoint\",\"urlTemplate\":\"https:\/\/alsik.dk\/en\/?s={search_term_string}\"},\"query-input\":{\"@type\":\"PropertyValueSpecification\",\"valueRequired\":true,\"valueName\":\"search_term_string\"}}],\"inLanguage\":\"en-US\"}]}<\/script>\n<!-- \/ Yoast SEO plugin. -->","yoast_head_json":{"title":"Contact & parking information | Alsik Hotel &amp; Spa","description":"Find your directions to Alsik Hotel & Spa and information about parkering. Feel free to contact us if you have any questions.","robots":{"index":"index","follow":"follow","max-snippet":"max-snippet:-1","max-image-preview":"max-image-preview:large","max-video-preview":"max-video-preview:-1"},"canonical":"https:\/\/alsik.dk\/en\/contact\/","og_locale":"en_US","og_type":"article","og_title":"Contact & parking information | Alsik Hotel &amp; Spa","og_description":"Find your directions to Alsik Hotel & Spa and information about parkering. Feel free to contact us if you have any questions.","og_url":"https:\/\/alsik.dk\/en\/contact\/","og_site_name":"Alsik Hotel &amp; Spa","article_modified_time":"2026-02-23T09:08:58+00:00","twitter_card":"summary_large_image","twitter_misc":{"Est. reading time":"1 minute"},"schema":{"@context":"https:\/\/schema.org","@graph":[{"@type":"WebPage","@id":"https:\/\/alsik.dk\/en\/contact\/","url":"https:\/\/alsik.dk\/en\/contact\/","name":"Contact & parking information | Alsik Hotel &amp; Spa","isPartOf":{"@id":"https:\/\/alsik.dk\/en\/#website"},"datePublished":"2019-07-05T05:32:48+00:00","dateModified":"2026-02-23T09:08:58+00:00","description":"Find your directions to Alsik Hotel & Spa and information about parkering. Feel free to contact us if you have any questions.","breadcrumb":{"@id":"https:\/\/alsik.dk\/en\/contact\/#breadcrumb"},"inLanguage":"en-US","potentialAction":[{"@type":"ReadAction","target":["https:\/\/alsik.dk\/en\/contact\/"]}]},{"@type":"BreadcrumbList","@id":"https:\/\/alsik.dk\/en\/contact\/#breadcrumb","itemListElement":[{"@type":"ListItem","position":1,"name":"Hjem","item":"https:\/\/alsik.dk\/en\/"},{"@type":"ListItem","position":2,"name":"Contact &#038; parking information"}]},{"@type":"WebSite","@id":"https:\/\/alsik.dk\/en\/#website","url":"https:\/\/alsik.dk\/en\/","name":"Alsik Hotel &amp; Spa","description":"Alsik er et af Danmarks mest sp\u00e6ndende hoteller med stilfulde og topmoderne v\u00e6relser. Her venter en verden af luksuri\u00f8s og hyggelig. Oplev Danmarks st\u00f8rste spa med flere end 60 forskellige spa- og wellnessoplevelser fordelt p\u00e5 4.500 kvadratmeter og fire etager. Eller fork\u00e6l sanserne med gastronomi i s\u00e6rklasse i Alsiks tre restauranter.","potentialAction":[{"@type":"SearchAction","target":{"@type":"EntryPoint","urlTemplate":"https:\/\/alsik.dk\/en\/?s={search_term_string}"},"query-input":{"@type":"PropertyValueSpecification","valueRequired":true,"valueName":"search_term_string"}}],"inLanguage":"en-US"}]}},"_links":{"self":[{"href":"https:\/\/alsik.dk\/en\/wp-json\/wp\/v2\/pages\/4119","targetHints":{"allow":["GET"]}}],"collection":[{"href":"https:\/\/alsik.dk\/en\/wp-json\/wp\/v2\/pages"}],"about":[{"href":"https:\/\/alsik.dk\/en\/wp-json\/wp\/v2\/types\/page"}],"author":[{"embeddable":true,"href":"https:\/\/alsik.dk\/en\/wp-json\/wp\/v2\/users\/7"}],"replies":[{"embeddable":true,"href":"https:\/\/alsik.dk\/en\/wp-json\/wp\/v2\/comments?post=4119"}],"version-history":[{"count":21,"href":"https:\/\/alsik.dk\/en\/wp-json\/wp\/v2\/pages\/4119\/revisions"}],"predecessor-version":[{"id":17739,"href":"https:\/\/alsik.dk\/en\/wp-json\/wp\/v2\/pages\/4119\/revisions\/17739"}],"wp:attachment":[{"href":"https:\/\/alsik.dk\/en\/wp-json\/wp\/v2\/media?parent=4119"}],"wp:term":[{"taxonomy":"post_tag","embeddable":true,"href":"https:\/\/alsik.dk\/en\/wp-json\/wp\/v2\/tags?post=4119"}],"curies":[{"name":"wp","href":"https:\/\/api.w.org\/{rel}","templated":true}]}}