{"id":4931,"date":"2020-09-09T08:49:28","date_gmt":"2020-09-09T06:49:28","guid":{"rendered":"http:\/\/alsik.dk\/?page_id=4931"},"modified":"2025-08-12T15:01:05","modified_gmt":"2025-08-12T13:01:05","slug":"behind-the-scenes-at-alsik","status":"publish","type":"page","link":"https:\/\/alsik.dk\/en\/behind-the-scenes-at-alsik\/","title":{"rendered":"Behind the scenes at Alsik"},"content":{"rendered":"<p>The hotel is beautifully situated along S\u00f8nderborg\u2019s lovely old waterfront where modern architecture, innovative construction and impressive works of art interact with its historical presence, the pace of the city and the unique landscapes along Flensburg Fjord.<\/p>\n<p><iframe loading=\"lazy\" title=\"A taste of Alsik\" src=\"https:\/\/player.vimeo.com\/video\/453970246?dnt=1&amp;app_id=122963\" width=\"1778\" height=\"1000\" frameborder=\"0\" allow=\"autoplay; fullscreen; picture-in-picture; clipboard-write; encrypted-media; web-share\" referrerpolicy=\"strict-origin-when-cross-origin\"><\/iframe><\/p>\n","protected":false},"excerpt":{"rendered":"<p>Covering 24,800 square metres and standing 70 metres tall with 19 floors, Alsik is the biggest hotel in the Danish-German borderlands and one of the biggest hotels in Denmark. <\/p>\n","protected":false},"author":7,"featured_media":4841,"parent":0,"menu_order":0,"comment_status":"closed","ping_status":"closed","template":"","meta":{"_acf_changed":false,"footnotes":""},"tags":[],"class_list":["post-4931","page","type-page","status-publish","has-post-thumbnail","hentry"],"acf":[],"yoast_head":"<!-- This site is optimized with the Yoast SEO plugin v24.3 - https:\/\/yoast.com\/wordpress\/plugins\/seo\/ -->\n<title>Behind the scenes at Alsik | Alsik Hotel &amp; Spa<\/title>\n<meta name=\"description\" content=\"Covering 24,800 square metres and standing 70 metres tall with 19 floors, Alsik is one of the biggest hotels in Denmark.\" \/>\n<meta name=\"robots\" content=\"index, follow, max-snippet:-1, max-image-preview:large, max-video-preview:-1\" \/>\n<link rel=\"canonical\" href=\"https:\/\/alsik.dk\/en\/behind-the-scenes-at-alsik\/\" \/>\n<meta property=\"og:locale\" content=\"en_US\" \/>\n<meta property=\"og:type\" content=\"article\" \/>\n<meta property=\"og:title\" content=\"Behind the scenes at Alsik | Alsik Hotel &amp; Spa\" \/>\n<meta property=\"og:description\" content=\"Covering 24,800 square metres and standing 70 metres tall with 19 floors, Alsik is one of the biggest hotels in Denmark.\" \/>\n<meta property=\"og:url\" content=\"https:\/\/alsik.dk\/en\/behind-the-scenes-at-alsik\/\" \/>\n<meta property=\"og:site_name\" content=\"Alsik Hotel &amp; Spa\" \/>\n<meta property=\"article:modified_time\" content=\"2025-08-12T13:01:05+00:00\" \/>\n<meta property=\"og:image\" content=\"https:\/\/alsik.dk\/wp-content\/uploads\/2020\/09\/alsik_udenfor-web.jpg\" \/>\n\t<meta property=\"og:image:width\" content=\"1313\" \/>\n\t<meta property=\"og:image:height\" content=\"876\" \/>\n\t<meta property=\"og:image:type\" content=\"image\/jpeg\" \/>\n<meta name=\"twitter:card\" content=\"summary_large_image\" \/>\n<meta name=\"twitter:label1\" content=\"Est. reading time\" \/>\n\t<meta name=\"twitter:data1\" content=\"1 minute\" \/>\n<script type=\"application\/ld+json\" class=\"yoast-schema-graph\">{\"@context\":\"https:\/\/schema.org\",\"@graph\":[{\"@type\":\"WebPage\",\"@id\":\"https:\/\/alsik.dk\/en\/behind-the-scenes-at-alsik\/\",\"url\":\"https:\/\/alsik.dk\/en\/behind-the-scenes-at-alsik\/\",\"name\":\"Behind the scenes at Alsik | Alsik Hotel &amp; Spa\",\"isPartOf\":{\"@id\":\"https:\/\/alsik.dk\/en\/#website\"},\"primaryImageOfPage\":{\"@id\":\"https:\/\/alsik.dk\/en\/behind-the-scenes-at-alsik\/#primaryimage\"},\"image\":{\"@id\":\"https:\/\/alsik.dk\/en\/behind-the-scenes-at-alsik\/#primaryimage\"},\"thumbnailUrl\":\"https:\/\/alsik.dk\/wp-content\/uploads\/2020\/09\/alsik_udenfor-web.jpg\",\"datePublished\":\"2020-09-09T06:49:28+00:00\",\"dateModified\":\"2025-08-12T13:01:05+00:00\",\"description\":\"Covering 24,800 square metres and standing 70 metres tall with 19 floors, Alsik is one of the biggest hotels in Denmark.\",\"breadcrumb\":{\"@id\":\"https:\/\/alsik.dk\/en\/behind-the-scenes-at-alsik\/#breadcrumb\"},\"inLanguage\":\"en-US\",\"potentialAction\":[{\"@type\":\"ReadAction\",\"target\":[\"https:\/\/alsik.dk\/en\/behind-the-scenes-at-alsik\/\"]}]},{\"@type\":\"ImageObject\",\"inLanguage\":\"en-US\",\"@id\":\"https:\/\/alsik.dk\/en\/behind-the-scenes-at-alsik\/#primaryimage\",\"url\":\"https:\/\/alsik.dk\/wp-content\/uploads\/2020\/09\/alsik_udenfor-web.jpg\",\"contentUrl\":\"https:\/\/alsik.dk\/wp-content\/uploads\/2020\/09\/alsik_udenfor-web.jpg\",\"width\":1313,\"height\":876,\"caption\":\"Hotellet udenfor\"},{\"@type\":\"BreadcrumbList\",\"@id\":\"https:\/\/alsik.dk\/en\/behind-the-scenes-at-alsik\/#breadcrumb\",\"itemListElement\":[{\"@type\":\"ListItem\",\"position\":1,\"name\":\"Hjem\",\"item\":\"https:\/\/alsik.dk\/en\/\"},{\"@type\":\"ListItem\",\"position\":2,\"name\":\"Behind the scenes at Alsik\"}]},{\"@type\":\"WebSite\",\"@id\":\"https:\/\/alsik.dk\/en\/#website\",\"url\":\"https:\/\/alsik.dk\/en\/\",\"name\":\"Alsik Hotel &amp; Spa\",\"description\":\"Alsik er et af Danmarks mest sp\u00e6ndende hoteller med stilfulde og topmoderne v\u00e6relser. Her venter en verden af luksuri\u00f8s og hyggelig. Oplev Danmarks st\u00f8rste spa med flere end 60 forskellige spa- og wellnessoplevelser fordelt p\u00e5 4.500 kvadratmeter og fire etager. Eller fork\u00e6l sanserne med gastronomi i s\u00e6rklasse i Alsiks tre restauranter.\",\"potentialAction\":[{\"@type\":\"SearchAction\",\"target\":{\"@type\":\"EntryPoint\",\"urlTemplate\":\"https:\/\/alsik.dk\/en\/?s={search_term_string}\"},\"query-input\":{\"@type\":\"PropertyValueSpecification\",\"valueRequired\":true,\"valueName\":\"search_term_string\"}}],\"inLanguage\":\"en-US\"}]}<\/script>\n<!-- \/ Yoast SEO plugin. -->","yoast_head_json":{"title":"Behind the scenes at Alsik | Alsik Hotel &amp; Spa","description":"Covering 24,800 square metres and standing 70 metres tall with 19 floors, Alsik is one of the biggest hotels in Denmark.","robots":{"index":"index","follow":"follow","max-snippet":"max-snippet:-1","max-image-preview":"max-image-preview:large","max-video-preview":"max-video-preview:-1"},"canonical":"https:\/\/alsik.dk\/en\/behind-the-scenes-at-alsik\/","og_locale":"en_US","og_type":"article","og_title":"Behind the scenes at Alsik | Alsik Hotel &amp; Spa","og_description":"Covering 24,800 square metres and standing 70 metres tall with 19 floors, Alsik is one of the biggest hotels in Denmark.","og_url":"https:\/\/alsik.dk\/en\/behind-the-scenes-at-alsik\/","og_site_name":"Alsik Hotel &amp; Spa","article_modified_time":"2025-08-12T13:01:05+00:00","og_image":[{"width":1313,"height":876,"url":"https:\/\/alsik.dk\/wp-content\/uploads\/2020\/09\/alsik_udenfor-web.jpg","type":"image\/jpeg"}],"twitter_card":"summary_large_image","twitter_misc":{"Est. reading time":"1 minute"},"schema":{"@context":"https:\/\/schema.org","@graph":[{"@type":"WebPage","@id":"https:\/\/alsik.dk\/en\/behind-the-scenes-at-alsik\/","url":"https:\/\/alsik.dk\/en\/behind-the-scenes-at-alsik\/","name":"Behind the scenes at Alsik | Alsik Hotel &amp; Spa","isPartOf":{"@id":"https:\/\/alsik.dk\/en\/#website"},"primaryImageOfPage":{"@id":"https:\/\/alsik.dk\/en\/behind-the-scenes-at-alsik\/#primaryimage"},"image":{"@id":"https:\/\/alsik.dk\/en\/behind-the-scenes-at-alsik\/#primaryimage"},"thumbnailUrl":"https:\/\/alsik.dk\/wp-content\/uploads\/2020\/09\/alsik_udenfor-web.jpg","datePublished":"2020-09-09T06:49:28+00:00","dateModified":"2025-08-12T13:01:05+00:00","description":"Covering 24,800 square metres and standing 70 metres tall with 19 floors, Alsik is one of the biggest hotels in Denmark.","breadcrumb":{"@id":"https:\/\/alsik.dk\/en\/behind-the-scenes-at-alsik\/#breadcrumb"},"inLanguage":"en-US","potentialAction":[{"@type":"ReadAction","target":["https:\/\/alsik.dk\/en\/behind-the-scenes-at-alsik\/"]}]},{"@type":"ImageObject","inLanguage":"en-US","@id":"https:\/\/alsik.dk\/en\/behind-the-scenes-at-alsik\/#primaryimage","url":"https:\/\/alsik.dk\/wp-content\/uploads\/2020\/09\/alsik_udenfor-web.jpg","contentUrl":"https:\/\/alsik.dk\/wp-content\/uploads\/2020\/09\/alsik_udenfor-web.jpg","width":1313,"height":876,"caption":"Hotellet udenfor"},{"@type":"BreadcrumbList","@id":"https:\/\/alsik.dk\/en\/behind-the-scenes-at-alsik\/#breadcrumb","itemListElement":[{"@type":"ListItem","position":1,"name":"Hjem","item":"https:\/\/alsik.dk\/en\/"},{"@type":"ListItem","position":2,"name":"Behind the scenes at Alsik"}]},{"@type":"WebSite","@id":"https:\/\/alsik.dk\/en\/#website","url":"https:\/\/alsik.dk\/en\/","name":"Alsik Hotel &amp; Spa","description":"Alsik er et af Danmarks mest sp\u00e6ndende hoteller med stilfulde og topmoderne v\u00e6relser. Her venter en verden af luksuri\u00f8s og hyggelig. Oplev Danmarks st\u00f8rste spa med flere end 60 forskellige spa- og wellnessoplevelser fordelt p\u00e5 4.500 kvadratmeter og fire etager. Eller fork\u00e6l sanserne med gastronomi i s\u00e6rklasse i Alsiks tre restauranter.","potentialAction":[{"@type":"SearchAction","target":{"@type":"EntryPoint","urlTemplate":"https:\/\/alsik.dk\/en\/?s={search_term_string}"},"query-input":{"@type":"PropertyValueSpecification","valueRequired":true,"valueName":"search_term_string"}}],"inLanguage":"en-US"}]}},"_links":{"self":[{"href":"https:\/\/alsik.dk\/en\/wp-json\/wp\/v2\/pages\/4931","targetHints":{"allow":["GET"]}}],"collection":[{"href":"https:\/\/alsik.dk\/en\/wp-json\/wp\/v2\/pages"}],"about":[{"href":"https:\/\/alsik.dk\/en\/wp-json\/wp\/v2\/types\/page"}],"author":[{"embeddable":true,"href":"https:\/\/alsik.dk\/en\/wp-json\/wp\/v2\/users\/7"}],"replies":[{"embeddable":true,"href":"https:\/\/alsik.dk\/en\/wp-json\/wp\/v2\/comments?post=4931"}],"version-history":[{"count":15,"href":"https:\/\/alsik.dk\/en\/wp-json\/wp\/v2\/pages\/4931\/revisions"}],"predecessor-version":[{"id":16396,"href":"https:\/\/alsik.dk\/en\/wp-json\/wp\/v2\/pages\/4931\/revisions\/16396"}],"wp:featuredmedia":[{"embeddable":true,"href":"https:\/\/alsik.dk\/en\/wp-json\/wp\/v2\/media\/4841"}],"wp:attachment":[{"href":"https:\/\/alsik.dk\/en\/wp-json\/wp\/v2\/media?parent=4931"}],"wp:term":[{"taxonomy":"post_tag","embeddable":true,"href":"https:\/\/alsik.dk\/en\/wp-json\/wp\/v2\/tags?post=4931"}],"curies":[{"name":"wp","href":"https:\/\/api.w.org\/{rel}","templated":true}]}}