{"id":4973,"date":"2020-09-09T09:27:49","date_gmt":"2020-09-09T07:27:49","guid":{"rendered":"http:\/\/alsik.dk\/?page_id=4973"},"modified":"2023-06-06T15:42:13","modified_gmt":"2023-06-06T13:42:13","slug":"rooms-suites","status":"publish","type":"page","link":"https:\/\/alsik.dk\/en\/rooms-suites\/","title":{"rendered":"Rooms &#038; Suites"},"content":{"rendered":"<h2>Comfortable, pleasant Nordic elegance<\/h2>\n<p>The large full-length windows give your room a fantastic lighting effect and unique views across Alssund, the charming waterfront and the town of S\u00f8nderborg. Enjoy the views as you settle down into beautiful, comfortable furniture, exemplifying the very best of Scandinavian design traditions. Experience how the interior design harmoniously links the beautiful stylistically consistent features and natural materials with modern functionality, comfort and cosiness.<\/p>\n<p>Alsik\u2019s 190 rooms and suites range from 25 m\u00b2 to 103 m\u00b2, and there are several different room types for you to choose from:<\/p>\n","protected":false},"excerpt":{"rendered":"<p>Alsik\u2019s rooms provide a unique combination of comfort, cosiness and Nordic elegance.<\/p>\n","protected":false},"author":7,"featured_media":4963,"parent":0,"menu_order":0,"comment_status":"closed","ping_status":"closed","template":"","meta":{"_acf_changed":false,"footnotes":""},"tags":[],"class_list":["post-4973","page","type-page","status-publish","has-post-thumbnail","hentry"],"acf":[],"yoast_head":"<!-- This site is optimized with the Yoast SEO plugin v24.3 - https:\/\/yoast.com\/wordpress\/plugins\/seo\/ -->\n<title>Rooms &amp; Suites | Alsik Hotel &amp; Spa<\/title>\n<meta name=\"description\" content=\"All the rooms at Alsik Hotel &amp; Spa provide a unique combination of comfort, cosiness and Nordic elegance and modern amenities.\" \/>\n<meta name=\"robots\" content=\"index, follow, max-snippet:-1, max-image-preview:large, max-video-preview:-1\" \/>\n<link rel=\"canonical\" href=\"https:\/\/alsik.dk\/en\/rooms-suites\/\" \/>\n<meta property=\"og:locale\" content=\"en_US\" \/>\n<meta property=\"og:type\" content=\"article\" \/>\n<meta property=\"og:title\" content=\"Rooms &amp; Suites | Alsik Hotel &amp; Spa\" \/>\n<meta property=\"og:description\" content=\"All the rooms at Alsik Hotel &amp; Spa provide a unique combination of comfort, cosiness and Nordic elegance and modern amenities.\" \/>\n<meta property=\"og:url\" content=\"https:\/\/alsik.dk\/en\/rooms-suites\/\" \/>\n<meta property=\"og:site_name\" content=\"Alsik Hotel &amp; Spa\" \/>\n<meta property=\"article:modified_time\" content=\"2023-06-06T13:42:13+00:00\" \/>\n<meta property=\"og:image\" content=\"https:\/\/alsik.dk\/wp-content\/uploads\/2020\/09\/bmc-udsigt-1920x500-1.jpg\" \/>\n\t<meta property=\"og:image:width\" content=\"1920\" \/>\n\t<meta property=\"og:image:height\" content=\"500\" \/>\n\t<meta property=\"og:image:type\" content=\"image\/jpeg\" \/>\n<meta name=\"twitter:card\" content=\"summary_large_image\" \/>\n<meta name=\"twitter:label1\" content=\"Est. reading time\" \/>\n\t<meta name=\"twitter:data1\" content=\"1 minute\" \/>\n<script type=\"application\/ld+json\" class=\"yoast-schema-graph\">{\"@context\":\"https:\/\/schema.org\",\"@graph\":[{\"@type\":\"WebPage\",\"@id\":\"https:\/\/alsik.dk\/en\/rooms-suites\/\",\"url\":\"https:\/\/alsik.dk\/en\/rooms-suites\/\",\"name\":\"Rooms & Suites | Alsik Hotel &amp; Spa\",\"isPartOf\":{\"@id\":\"https:\/\/alsik.dk\/en\/#website\"},\"primaryImageOfPage\":{\"@id\":\"https:\/\/alsik.dk\/en\/rooms-suites\/#primaryimage\"},\"image\":{\"@id\":\"https:\/\/alsik.dk\/en\/rooms-suites\/#primaryimage\"},\"thumbnailUrl\":\"https:\/\/alsik.dk\/wp-content\/uploads\/2020\/09\/bmc-udsigt-1920x500-1.jpg\",\"datePublished\":\"2020-09-09T07:27:49+00:00\",\"dateModified\":\"2023-06-06T13:42:13+00:00\",\"description\":\"All the rooms at Alsik Hotel & Spa provide a unique combination of comfort, cosiness and Nordic elegance and modern amenities.\",\"breadcrumb\":{\"@id\":\"https:\/\/alsik.dk\/en\/rooms-suites\/#breadcrumb\"},\"inLanguage\":\"en-US\",\"potentialAction\":[{\"@type\":\"ReadAction\",\"target\":[\"https:\/\/alsik.dk\/en\/rooms-suites\/\"]}]},{\"@type\":\"ImageObject\",\"inLanguage\":\"en-US\",\"@id\":\"https:\/\/alsik.dk\/en\/rooms-suites\/#primaryimage\",\"url\":\"https:\/\/alsik.dk\/wp-content\/uploads\/2020\/09\/bmc-udsigt-1920x500-1.jpg\",\"contentUrl\":\"https:\/\/alsik.dk\/wp-content\/uploads\/2020\/09\/bmc-udsigt-1920x500-1.jpg\",\"width\":1920,\"height\":500},{\"@type\":\"BreadcrumbList\",\"@id\":\"https:\/\/alsik.dk\/en\/rooms-suites\/#breadcrumb\",\"itemListElement\":[{\"@type\":\"ListItem\",\"position\":1,\"name\":\"Hjem\",\"item\":\"https:\/\/alsik.dk\/en\/\"},{\"@type\":\"ListItem\",\"position\":2,\"name\":\"Rooms &#038; Suites\"}]},{\"@type\":\"WebSite\",\"@id\":\"https:\/\/alsik.dk\/en\/#website\",\"url\":\"https:\/\/alsik.dk\/en\/\",\"name\":\"Alsik Hotel &amp; Spa\",\"description\":\"Alsik er et af Danmarks mest sp\u00e6ndende hoteller med stilfulde og topmoderne v\u00e6relser. Her venter en verden af luksuri\u00f8s og hyggelig. Oplev Danmarks st\u00f8rste spa med flere end 60 forskellige spa- og wellnessoplevelser fordelt p\u00e5 4.500 kvadratmeter og fire etager. Eller fork\u00e6l sanserne med gastronomi i s\u00e6rklasse i Alsiks tre restauranter.\",\"potentialAction\":[{\"@type\":\"SearchAction\",\"target\":{\"@type\":\"EntryPoint\",\"urlTemplate\":\"https:\/\/alsik.dk\/en\/?s={search_term_string}\"},\"query-input\":{\"@type\":\"PropertyValueSpecification\",\"valueRequired\":true,\"valueName\":\"search_term_string\"}}],\"inLanguage\":\"en-US\"}]}<\/script>\n<!-- \/ Yoast SEO plugin. -->","yoast_head_json":{"title":"Rooms & Suites | Alsik Hotel &amp; Spa","description":"All the rooms at Alsik Hotel & Spa provide a unique combination of comfort, cosiness and Nordic elegance and modern amenities.","robots":{"index":"index","follow":"follow","max-snippet":"max-snippet:-1","max-image-preview":"max-image-preview:large","max-video-preview":"max-video-preview:-1"},"canonical":"https:\/\/alsik.dk\/en\/rooms-suites\/","og_locale":"en_US","og_type":"article","og_title":"Rooms & Suites | Alsik Hotel &amp; Spa","og_description":"All the rooms at Alsik Hotel & Spa provide a unique combination of comfort, cosiness and Nordic elegance and modern amenities.","og_url":"https:\/\/alsik.dk\/en\/rooms-suites\/","og_site_name":"Alsik Hotel &amp; Spa","article_modified_time":"2023-06-06T13:42:13+00:00","og_image":[{"width":1920,"height":500,"url":"https:\/\/alsik.dk\/wp-content\/uploads\/2020\/09\/bmc-udsigt-1920x500-1.jpg","type":"image\/jpeg"}],"twitter_card":"summary_large_image","twitter_misc":{"Est. reading time":"1 minute"},"schema":{"@context":"https:\/\/schema.org","@graph":[{"@type":"WebPage","@id":"https:\/\/alsik.dk\/en\/rooms-suites\/","url":"https:\/\/alsik.dk\/en\/rooms-suites\/","name":"Rooms & Suites | Alsik Hotel &amp; Spa","isPartOf":{"@id":"https:\/\/alsik.dk\/en\/#website"},"primaryImageOfPage":{"@id":"https:\/\/alsik.dk\/en\/rooms-suites\/#primaryimage"},"image":{"@id":"https:\/\/alsik.dk\/en\/rooms-suites\/#primaryimage"},"thumbnailUrl":"https:\/\/alsik.dk\/wp-content\/uploads\/2020\/09\/bmc-udsigt-1920x500-1.jpg","datePublished":"2020-09-09T07:27:49+00:00","dateModified":"2023-06-06T13:42:13+00:00","description":"All the rooms at Alsik Hotel & Spa provide a unique combination of comfort, cosiness and Nordic elegance and modern amenities.","breadcrumb":{"@id":"https:\/\/alsik.dk\/en\/rooms-suites\/#breadcrumb"},"inLanguage":"en-US","potentialAction":[{"@type":"ReadAction","target":["https:\/\/alsik.dk\/en\/rooms-suites\/"]}]},{"@type":"ImageObject","inLanguage":"en-US","@id":"https:\/\/alsik.dk\/en\/rooms-suites\/#primaryimage","url":"https:\/\/alsik.dk\/wp-content\/uploads\/2020\/09\/bmc-udsigt-1920x500-1.jpg","contentUrl":"https:\/\/alsik.dk\/wp-content\/uploads\/2020\/09\/bmc-udsigt-1920x500-1.jpg","width":1920,"height":500},{"@type":"BreadcrumbList","@id":"https:\/\/alsik.dk\/en\/rooms-suites\/#breadcrumb","itemListElement":[{"@type":"ListItem","position":1,"name":"Hjem","item":"https:\/\/alsik.dk\/en\/"},{"@type":"ListItem","position":2,"name":"Rooms &#038; Suites"}]},{"@type":"WebSite","@id":"https:\/\/alsik.dk\/en\/#website","url":"https:\/\/alsik.dk\/en\/","name":"Alsik Hotel &amp; Spa","description":"Alsik er et af Danmarks mest sp\u00e6ndende hoteller med stilfulde og topmoderne v\u00e6relser. Her venter en verden af luksuri\u00f8s og hyggelig. Oplev Danmarks st\u00f8rste spa med flere end 60 forskellige spa- og wellnessoplevelser fordelt p\u00e5 4.500 kvadratmeter og fire etager. Eller fork\u00e6l sanserne med gastronomi i s\u00e6rklasse i Alsiks tre restauranter.","potentialAction":[{"@type":"SearchAction","target":{"@type":"EntryPoint","urlTemplate":"https:\/\/alsik.dk\/en\/?s={search_term_string}"},"query-input":{"@type":"PropertyValueSpecification","valueRequired":true,"valueName":"search_term_string"}}],"inLanguage":"en-US"}]}},"_links":{"self":[{"href":"https:\/\/alsik.dk\/en\/wp-json\/wp\/v2\/pages\/4973","targetHints":{"allow":["GET"]}}],"collection":[{"href":"https:\/\/alsik.dk\/en\/wp-json\/wp\/v2\/pages"}],"about":[{"href":"https:\/\/alsik.dk\/en\/wp-json\/wp\/v2\/types\/page"}],"author":[{"embeddable":true,"href":"https:\/\/alsik.dk\/en\/wp-json\/wp\/v2\/users\/7"}],"replies":[{"embeddable":true,"href":"https:\/\/alsik.dk\/en\/wp-json\/wp\/v2\/comments?post=4973"}],"version-history":[{"count":7,"href":"https:\/\/alsik.dk\/en\/wp-json\/wp\/v2\/pages\/4973\/revisions"}],"predecessor-version":[{"id":12313,"href":"https:\/\/alsik.dk\/en\/wp-json\/wp\/v2\/pages\/4973\/revisions\/12313"}],"wp:featuredmedia":[{"embeddable":true,"href":"https:\/\/alsik.dk\/en\/wp-json\/wp\/v2\/media\/4963"}],"wp:attachment":[{"href":"https:\/\/alsik.dk\/en\/wp-json\/wp\/v2\/media?parent=4973"}],"wp:term":[{"taxonomy":"post_tag","embeddable":true,"href":"https:\/\/alsik.dk\/en\/wp-json\/wp\/v2\/tags?post=4973"}],"curies":[{"name":"wp","href":"https:\/\/api.w.org\/{rel}","templated":true}]}}