{"id":5155,"date":"2020-09-09T13:33:55","date_gmt":"2020-09-09T11:33:55","guid":{"rendered":"http:\/\/alsik.dk\/?page_id=5155"},"modified":"2025-08-12T15:06:32","modified_gmt":"2025-08-12T13:06:32","slug":"alsiks-connecting-green-thread","status":"publish","type":"page","link":"https:\/\/alsik.dk\/en\/behind-the-scenes-at-alsik\/alsiks-connecting-green-thread\/","title":{"rendered":"Alsik\u2019s connecting green thread"},"content":{"rendered":"<p>The S\u00f8nderborg area seeks complete carbon neutrality by 2029 \u2013 20 years ahead of the rest of Denmark. S\u00f8nderborg\u2019s vision is called Project Zero, and the local government, business community and residents have been ambitiously working to make the vision a reality since 2007.<\/p>\n<p>Alsik is both part of Project Zero and a demonstration venue for the unique clean-tech expertise of the S\u00f8nderborg area. Accordingly, the construction of the hotel has been a visionary green construction project with ambitious sustainability goals ever since it was initially conceived and designed.<\/p>\n","protected":false},"excerpt":{"rendered":"<p>The S\u00f8nderborg area seeks complete carbon neutrality by 2029 \u2013 20 years ahead of the rest of Denmark. S\u00f8nderborg\u2019s vision is called Project Zero, and the local government, business community and residents have been ambitiously working to make the vision a reality since 2007.<\/p>\n","protected":false},"author":7,"featured_media":4932,"parent":4931,"menu_order":0,"comment_status":"closed","ping_status":"closed","template":"","meta":{"_acf_changed":false,"footnotes":""},"tags":[],"class_list":["post-5155","page","type-page","status-publish","has-post-thumbnail","hentry"],"acf":[],"yoast_head":"<!-- This site is optimized with the Yoast SEO plugin v24.3 - https:\/\/yoast.com\/wordpress\/plugins\/seo\/ -->\n<title>Alsik\u2019s connecting green thread | Alsik Hotel &amp; Spa<\/title>\n<meta name=\"description\" content=\"Alsik is a demonstration venue for the unique clean-tech expertise of the S\u00f8nderborg area with ambitious sustainability goals.\" \/>\n<meta name=\"robots\" content=\"index, follow, max-snippet:-1, max-image-preview:large, max-video-preview:-1\" \/>\n<link rel=\"canonical\" href=\"https:\/\/alsik.dk\/en\/behind-the-scenes-at-alsik\/alsiks-connecting-green-thread\/\" \/>\n<meta property=\"og:locale\" content=\"en_US\" \/>\n<meta property=\"og:type\" content=\"article\" \/>\n<meta property=\"og:title\" content=\"Alsik\u2019s connecting green thread | Alsik Hotel &amp; Spa\" \/>\n<meta property=\"og:description\" content=\"Alsik is a demonstration venue for the unique clean-tech expertise of the S\u00f8nderborg area with ambitious sustainability goals.\" \/>\n<meta property=\"og:url\" content=\"https:\/\/alsik.dk\/en\/behind-the-scenes-at-alsik\/alsiks-connecting-green-thread\/\" \/>\n<meta property=\"og:site_name\" content=\"Alsik Hotel &amp; Spa\" \/>\n<meta property=\"article:modified_time\" content=\"2025-08-12T13:06:32+00:00\" \/>\n<meta property=\"og:image\" content=\"https:\/\/alsik.dk\/wp-content\/uploads\/2020\/09\/WBJWW2728_72dpi.jpg\" \/>\n\t<meta property=\"og:image:width\" content=\"1154\" \/>\n\t<meta property=\"og:image:height\" content=\"769\" \/>\n\t<meta property=\"og:image:type\" content=\"image\/jpeg\" \/>\n<meta name=\"twitter:card\" content=\"summary_large_image\" \/>\n<meta name=\"twitter:label1\" content=\"Est. reading time\" \/>\n\t<meta name=\"twitter:data1\" content=\"1 minute\" \/>\n<script type=\"application\/ld+json\" class=\"yoast-schema-graph\">{\"@context\":\"https:\/\/schema.org\",\"@graph\":[{\"@type\":\"WebPage\",\"@id\":\"https:\/\/alsik.dk\/en\/behind-the-scenes-at-alsik\/alsiks-connecting-green-thread\/\",\"url\":\"https:\/\/alsik.dk\/en\/behind-the-scenes-at-alsik\/alsiks-connecting-green-thread\/\",\"name\":\"Alsik\u2019s connecting green thread | Alsik Hotel &amp; Spa\",\"isPartOf\":{\"@id\":\"https:\/\/alsik.dk\/en\/#website\"},\"primaryImageOfPage\":{\"@id\":\"https:\/\/alsik.dk\/en\/behind-the-scenes-at-alsik\/alsiks-connecting-green-thread\/#primaryimage\"},\"image\":{\"@id\":\"https:\/\/alsik.dk\/en\/behind-the-scenes-at-alsik\/alsiks-connecting-green-thread\/#primaryimage\"},\"thumbnailUrl\":\"https:\/\/alsik.dk\/wp-content\/uploads\/2020\/09\/WBJWW2728_72dpi.jpg\",\"datePublished\":\"2020-09-09T11:33:55+00:00\",\"dateModified\":\"2025-08-12T13:06:32+00:00\",\"description\":\"Alsik is a demonstration venue for the unique clean-tech expertise of the S\u00f8nderborg area with ambitious sustainability goals.\",\"breadcrumb\":{\"@id\":\"https:\/\/alsik.dk\/en\/behind-the-scenes-at-alsik\/alsiks-connecting-green-thread\/#breadcrumb\"},\"inLanguage\":\"en-US\",\"potentialAction\":[{\"@type\":\"ReadAction\",\"target\":[\"https:\/\/alsik.dk\/en\/behind-the-scenes-at-alsik\/alsiks-connecting-green-thread\/\"]}]},{\"@type\":\"ImageObject\",\"inLanguage\":\"en-US\",\"@id\":\"https:\/\/alsik.dk\/en\/behind-the-scenes-at-alsik\/alsiks-connecting-green-thread\/#primaryimage\",\"url\":\"https:\/\/alsik.dk\/wp-content\/uploads\/2020\/09\/WBJWW2728_72dpi.jpg\",\"contentUrl\":\"https:\/\/alsik.dk\/wp-content\/uploads\/2020\/09\/WBJWW2728_72dpi.jpg\",\"width\":1154,\"height\":769,\"caption\":\"T\u00e6t p\u00e5 vandet\"},{\"@type\":\"BreadcrumbList\",\"@id\":\"https:\/\/alsik.dk\/en\/behind-the-scenes-at-alsik\/alsiks-connecting-green-thread\/#breadcrumb\",\"itemListElement\":[{\"@type\":\"ListItem\",\"position\":1,\"name\":\"Hjem\",\"item\":\"https:\/\/alsik.dk\/en\/\"},{\"@type\":\"ListItem\",\"position\":2,\"name\":\"Behind the scenes at Alsik\",\"item\":\"https:\/\/alsik.dk\/en\/behind-the-scenes-at-alsik\/\"},{\"@type\":\"ListItem\",\"position\":3,\"name\":\"Alsik\u2019s connecting green thread\"}]},{\"@type\":\"WebSite\",\"@id\":\"https:\/\/alsik.dk\/en\/#website\",\"url\":\"https:\/\/alsik.dk\/en\/\",\"name\":\"Alsik Hotel &amp; Spa\",\"description\":\"Alsik er et af Danmarks mest sp\u00e6ndende hoteller med stilfulde og topmoderne v\u00e6relser. Her venter en verden af luksuri\u00f8s og hyggelig. Oplev Danmarks st\u00f8rste spa med flere end 60 forskellige spa- og wellnessoplevelser fordelt p\u00e5 4.500 kvadratmeter og fire etager. Eller fork\u00e6l sanserne med gastronomi i s\u00e6rklasse i Alsiks tre restauranter.\",\"potentialAction\":[{\"@type\":\"SearchAction\",\"target\":{\"@type\":\"EntryPoint\",\"urlTemplate\":\"https:\/\/alsik.dk\/en\/?s={search_term_string}\"},\"query-input\":{\"@type\":\"PropertyValueSpecification\",\"valueRequired\":true,\"valueName\":\"search_term_string\"}}],\"inLanguage\":\"en-US\"}]}<\/script>\n<!-- \/ Yoast SEO plugin. -->","yoast_head_json":{"title":"Alsik\u2019s connecting green thread | Alsik Hotel &amp; Spa","description":"Alsik is a demonstration venue for the unique clean-tech expertise of the S\u00f8nderborg area with ambitious sustainability goals.","robots":{"index":"index","follow":"follow","max-snippet":"max-snippet:-1","max-image-preview":"max-image-preview:large","max-video-preview":"max-video-preview:-1"},"canonical":"https:\/\/alsik.dk\/en\/behind-the-scenes-at-alsik\/alsiks-connecting-green-thread\/","og_locale":"en_US","og_type":"article","og_title":"Alsik\u2019s connecting green thread | Alsik Hotel &amp; Spa","og_description":"Alsik is a demonstration venue for the unique clean-tech expertise of the S\u00f8nderborg area with ambitious sustainability goals.","og_url":"https:\/\/alsik.dk\/en\/behind-the-scenes-at-alsik\/alsiks-connecting-green-thread\/","og_site_name":"Alsik Hotel &amp; Spa","article_modified_time":"2025-08-12T13:06:32+00:00","og_image":[{"width":1154,"height":769,"url":"https:\/\/alsik.dk\/wp-content\/uploads\/2020\/09\/WBJWW2728_72dpi.jpg","type":"image\/jpeg"}],"twitter_card":"summary_large_image","twitter_misc":{"Est. reading time":"1 minute"},"schema":{"@context":"https:\/\/schema.org","@graph":[{"@type":"WebPage","@id":"https:\/\/alsik.dk\/en\/behind-the-scenes-at-alsik\/alsiks-connecting-green-thread\/","url":"https:\/\/alsik.dk\/en\/behind-the-scenes-at-alsik\/alsiks-connecting-green-thread\/","name":"Alsik\u2019s connecting green thread | Alsik Hotel &amp; Spa","isPartOf":{"@id":"https:\/\/alsik.dk\/en\/#website"},"primaryImageOfPage":{"@id":"https:\/\/alsik.dk\/en\/behind-the-scenes-at-alsik\/alsiks-connecting-green-thread\/#primaryimage"},"image":{"@id":"https:\/\/alsik.dk\/en\/behind-the-scenes-at-alsik\/alsiks-connecting-green-thread\/#primaryimage"},"thumbnailUrl":"https:\/\/alsik.dk\/wp-content\/uploads\/2020\/09\/WBJWW2728_72dpi.jpg","datePublished":"2020-09-09T11:33:55+00:00","dateModified":"2025-08-12T13:06:32+00:00","description":"Alsik is a demonstration venue for the unique clean-tech expertise of the S\u00f8nderborg area with ambitious sustainability goals.","breadcrumb":{"@id":"https:\/\/alsik.dk\/en\/behind-the-scenes-at-alsik\/alsiks-connecting-green-thread\/#breadcrumb"},"inLanguage":"en-US","potentialAction":[{"@type":"ReadAction","target":["https:\/\/alsik.dk\/en\/behind-the-scenes-at-alsik\/alsiks-connecting-green-thread\/"]}]},{"@type":"ImageObject","inLanguage":"en-US","@id":"https:\/\/alsik.dk\/en\/behind-the-scenes-at-alsik\/alsiks-connecting-green-thread\/#primaryimage","url":"https:\/\/alsik.dk\/wp-content\/uploads\/2020\/09\/WBJWW2728_72dpi.jpg","contentUrl":"https:\/\/alsik.dk\/wp-content\/uploads\/2020\/09\/WBJWW2728_72dpi.jpg","width":1154,"height":769,"caption":"T\u00e6t p\u00e5 vandet"},{"@type":"BreadcrumbList","@id":"https:\/\/alsik.dk\/en\/behind-the-scenes-at-alsik\/alsiks-connecting-green-thread\/#breadcrumb","itemListElement":[{"@type":"ListItem","position":1,"name":"Hjem","item":"https:\/\/alsik.dk\/en\/"},{"@type":"ListItem","position":2,"name":"Behind the scenes at Alsik","item":"https:\/\/alsik.dk\/en\/behind-the-scenes-at-alsik\/"},{"@type":"ListItem","position":3,"name":"Alsik\u2019s connecting green thread"}]},{"@type":"WebSite","@id":"https:\/\/alsik.dk\/en\/#website","url":"https:\/\/alsik.dk\/en\/","name":"Alsik Hotel &amp; Spa","description":"Alsik er et af Danmarks mest sp\u00e6ndende hoteller med stilfulde og topmoderne v\u00e6relser. Her venter en verden af luksuri\u00f8s og hyggelig. Oplev Danmarks st\u00f8rste spa med flere end 60 forskellige spa- og wellnessoplevelser fordelt p\u00e5 4.500 kvadratmeter og fire etager. Eller fork\u00e6l sanserne med gastronomi i s\u00e6rklasse i Alsiks tre restauranter.","potentialAction":[{"@type":"SearchAction","target":{"@type":"EntryPoint","urlTemplate":"https:\/\/alsik.dk\/en\/?s={search_term_string}"},"query-input":{"@type":"PropertyValueSpecification","valueRequired":true,"valueName":"search_term_string"}}],"inLanguage":"en-US"}]}},"_links":{"self":[{"href":"https:\/\/alsik.dk\/en\/wp-json\/wp\/v2\/pages\/5155","targetHints":{"allow":["GET"]}}],"collection":[{"href":"https:\/\/alsik.dk\/en\/wp-json\/wp\/v2\/pages"}],"about":[{"href":"https:\/\/alsik.dk\/en\/wp-json\/wp\/v2\/types\/page"}],"author":[{"embeddable":true,"href":"https:\/\/alsik.dk\/en\/wp-json\/wp\/v2\/users\/7"}],"replies":[{"embeddable":true,"href":"https:\/\/alsik.dk\/en\/wp-json\/wp\/v2\/comments?post=5155"}],"version-history":[{"count":5,"href":"https:\/\/alsik.dk\/en\/wp-json\/wp\/v2\/pages\/5155\/revisions"}],"predecessor-version":[{"id":16400,"href":"https:\/\/alsik.dk\/en\/wp-json\/wp\/v2\/pages\/5155\/revisions\/16400"}],"up":[{"embeddable":true,"href":"https:\/\/alsik.dk\/en\/wp-json\/wp\/v2\/pages\/4931"}],"wp:featuredmedia":[{"embeddable":true,"href":"https:\/\/alsik.dk\/en\/wp-json\/wp\/v2\/media\/4932"}],"wp:attachment":[{"href":"https:\/\/alsik.dk\/en\/wp-json\/wp\/v2\/media?parent=5155"}],"wp:term":[{"taxonomy":"post_tag","embeddable":true,"href":"https:\/\/alsik.dk\/en\/wp-json\/wp\/v2\/tags?post=5155"}],"curies":[{"name":"wp","href":"https:\/\/api.w.org\/{rel}","templated":true}]}}