{"id":5168,"date":"2020-09-09T13:45:24","date_gmt":"2020-09-09T11:45:24","guid":{"rendered":"http:\/\/alsik.dk\/?page_id=5168"},"modified":"2021-10-22T10:16:10","modified_gmt":"2021-10-22T08:16:10","slug":"the-history-of-alsiks-logo-a-tiny-flower-of-enormous-significance","status":"publish","type":"page","link":"https:\/\/alsik.dk\/en\/behind-the-scenes-at-alsik\/the-history-of-alsiks-logo-a-tiny-flower-of-enormous-significance\/","title":{"rendered":"The history of Alsik\u2019s logo: A tiny flower of enormous significance"},"content":{"rendered":"<p>Alsik\u2019s logo was inspired by the lovely alsike clover. Although the clover seems diminutive, its delicate roots and tiny corollas once laid the groundwork for a transformational upheaval.<\/p>\n<p>There was a time when it transformed Denmark into a leading exporter of agricultural products and brought new niche productions in its wake. Even today, the tiny clover with its vast abilities is an indispensable part of a sustainable food production, which is why the alsike clover truly deserves this deeply symbolic meaning.<\/p>\n","protected":false},"excerpt":{"rendered":"<p>Alsik\u2019s logo was inspired by the lovely alsike clover. Although the clover seems diminutive, its delicate roots and tiny corollas once laid the groundwork for a transformational upheaval. <\/p>\n","protected":false},"author":7,"featured_media":5149,"parent":4931,"menu_order":0,"comment_status":"closed","ping_status":"closed","template":"","meta":{"_acf_changed":false,"footnotes":""},"tags":[],"class_list":["post-5168","page","type-page","status-publish","has-post-thumbnail","hentry"],"acf":[],"yoast_head":"<!-- This site is optimized with the Yoast SEO plugin v24.3 - https:\/\/yoast.com\/wordpress\/plugins\/seo\/ -->\n<title>The history of Alsik\u2019s logo | Alsik Hotel &amp; Spa<\/title>\n<meta name=\"description\" content=\"Alsik\u2019s logo was inspired by the Alsike clover. Both the name and logo of Alsik embrace the beautiful clover\u2019s symbolism and qualities.\" \/>\n<meta name=\"robots\" content=\"index, follow, max-snippet:-1, max-image-preview:large, max-video-preview:-1\" \/>\n<link rel=\"canonical\" href=\"https:\/\/alsik.dk\/en\/behind-the-scenes-at-alsik\/the-history-of-alsiks-logo-a-tiny-flower-of-enormous-significance\/\" \/>\n<meta property=\"og:locale\" content=\"en_US\" \/>\n<meta property=\"og:type\" content=\"article\" \/>\n<meta property=\"og:title\" content=\"The history of Alsik\u2019s logo | Alsik Hotel &amp; Spa\" \/>\n<meta property=\"og:description\" content=\"Alsik\u2019s logo was inspired by the Alsike clover. Both the name and logo of Alsik embrace the beautiful clover\u2019s symbolism and qualities.\" \/>\n<meta property=\"og:url\" content=\"https:\/\/alsik.dk\/en\/behind-the-scenes-at-alsik\/the-history-of-alsiks-logo-a-tiny-flower-of-enormous-significance\/\" \/>\n<meta property=\"og:site_name\" content=\"Alsik Hotel &amp; Spa\" \/>\n<meta property=\"article:modified_time\" content=\"2021-10-22T08:16:10+00:00\" \/>\n<meta property=\"og:image\" content=\"https:\/\/alsik.dk\/wp-content\/uploads\/2020\/09\/WBJWW1235-scaled.jpg\" \/>\n\t<meta property=\"og:image:width\" content=\"2560\" \/>\n\t<meta property=\"og:image:height\" content=\"1706\" \/>\n\t<meta property=\"og:image:type\" content=\"image\/jpeg\" \/>\n<meta name=\"twitter:card\" content=\"summary_large_image\" \/>\n<script type=\"application\/ld+json\" class=\"yoast-schema-graph\">{\"@context\":\"https:\/\/schema.org\",\"@graph\":[{\"@type\":\"WebPage\",\"@id\":\"https:\/\/alsik.dk\/en\/behind-the-scenes-at-alsik\/the-history-of-alsiks-logo-a-tiny-flower-of-enormous-significance\/\",\"url\":\"https:\/\/alsik.dk\/en\/behind-the-scenes-at-alsik\/the-history-of-alsiks-logo-a-tiny-flower-of-enormous-significance\/\",\"name\":\"The history of Alsik\u2019s logo | Alsik Hotel &amp; Spa\",\"isPartOf\":{\"@id\":\"https:\/\/alsik.dk\/en\/#website\"},\"primaryImageOfPage\":{\"@id\":\"https:\/\/alsik.dk\/en\/behind-the-scenes-at-alsik\/the-history-of-alsiks-logo-a-tiny-flower-of-enormous-significance\/#primaryimage\"},\"image\":{\"@id\":\"https:\/\/alsik.dk\/en\/behind-the-scenes-at-alsik\/the-history-of-alsiks-logo-a-tiny-flower-of-enormous-significance\/#primaryimage\"},\"thumbnailUrl\":\"https:\/\/alsik.dk\/wp-content\/uploads\/2020\/09\/WBJWW1235-scaled.jpg\",\"datePublished\":\"2020-09-09T11:45:24+00:00\",\"dateModified\":\"2021-10-22T08:16:10+00:00\",\"description\":\"Alsik\u2019s logo was inspired by the Alsike clover. Both the name and logo of Alsik embrace the beautiful clover\u2019s symbolism and qualities.\",\"breadcrumb\":{\"@id\":\"https:\/\/alsik.dk\/en\/behind-the-scenes-at-alsik\/the-history-of-alsiks-logo-a-tiny-flower-of-enormous-significance\/#breadcrumb\"},\"inLanguage\":\"en-US\",\"potentialAction\":[{\"@type\":\"ReadAction\",\"target\":[\"https:\/\/alsik.dk\/en\/behind-the-scenes-at-alsik\/the-history-of-alsiks-logo-a-tiny-flower-of-enormous-significance\/\"]}]},{\"@type\":\"ImageObject\",\"inLanguage\":\"en-US\",\"@id\":\"https:\/\/alsik.dk\/en\/behind-the-scenes-at-alsik\/the-history-of-alsiks-logo-a-tiny-flower-of-enormous-significance\/#primaryimage\",\"url\":\"https:\/\/alsik.dk\/wp-content\/uploads\/2020\/09\/WBJWW1235-scaled.jpg\",\"contentUrl\":\"https:\/\/alsik.dk\/wp-content\/uploads\/2020\/09\/WBJWW1235-scaled.jpg\",\"width\":2560,\"height\":1706,\"caption\":\"Alsik blomster\"},{\"@type\":\"BreadcrumbList\",\"@id\":\"https:\/\/alsik.dk\/en\/behind-the-scenes-at-alsik\/the-history-of-alsiks-logo-a-tiny-flower-of-enormous-significance\/#breadcrumb\",\"itemListElement\":[{\"@type\":\"ListItem\",\"position\":1,\"name\":\"Hjem\",\"item\":\"https:\/\/alsik.dk\/en\/\"},{\"@type\":\"ListItem\",\"position\":2,\"name\":\"Behind the scenes at Alsik\",\"item\":\"https:\/\/alsik.dk\/en\/behind-the-scenes-at-alsik\/\"},{\"@type\":\"ListItem\",\"position\":3,\"name\":\"The history of Alsik\u2019s logo: A tiny flower of enormous significance\"}]},{\"@type\":\"WebSite\",\"@id\":\"https:\/\/alsik.dk\/en\/#website\",\"url\":\"https:\/\/alsik.dk\/en\/\",\"name\":\"Alsik Hotel &amp; Spa\",\"description\":\"Alsik er et af Danmarks mest sp\u00e6ndende hoteller med stilfulde og topmoderne v\u00e6relser. Her venter en verden af luksuri\u00f8s og hyggelig. Oplev Danmarks st\u00f8rste spa med flere end 60 forskellige spa- og wellnessoplevelser fordelt p\u00e5 4.500 kvadratmeter og fire etager. Eller fork\u00e6l sanserne med gastronomi i s\u00e6rklasse i Alsiks tre restauranter.\",\"potentialAction\":[{\"@type\":\"SearchAction\",\"target\":{\"@type\":\"EntryPoint\",\"urlTemplate\":\"https:\/\/alsik.dk\/en\/?s={search_term_string}\"},\"query-input\":{\"@type\":\"PropertyValueSpecification\",\"valueRequired\":true,\"valueName\":\"search_term_string\"}}],\"inLanguage\":\"en-US\"}]}<\/script>\n<!-- \/ Yoast SEO plugin. -->","yoast_head_json":{"title":"The history of Alsik\u2019s logo | Alsik Hotel &amp; Spa","description":"Alsik\u2019s logo was inspired by the Alsike clover. Both the name and logo of Alsik embrace the beautiful clover\u2019s symbolism and qualities.","robots":{"index":"index","follow":"follow","max-snippet":"max-snippet:-1","max-image-preview":"max-image-preview:large","max-video-preview":"max-video-preview:-1"},"canonical":"https:\/\/alsik.dk\/en\/behind-the-scenes-at-alsik\/the-history-of-alsiks-logo-a-tiny-flower-of-enormous-significance\/","og_locale":"en_US","og_type":"article","og_title":"The history of Alsik\u2019s logo | Alsik Hotel &amp; Spa","og_description":"Alsik\u2019s logo was inspired by the Alsike clover. Both the name and logo of Alsik embrace the beautiful clover\u2019s symbolism and qualities.","og_url":"https:\/\/alsik.dk\/en\/behind-the-scenes-at-alsik\/the-history-of-alsiks-logo-a-tiny-flower-of-enormous-significance\/","og_site_name":"Alsik Hotel &amp; Spa","article_modified_time":"2021-10-22T08:16:10+00:00","og_image":[{"width":2560,"height":1706,"url":"https:\/\/alsik.dk\/wp-content\/uploads\/2020\/09\/WBJWW1235-scaled.jpg","type":"image\/jpeg"}],"twitter_card":"summary_large_image","schema":{"@context":"https:\/\/schema.org","@graph":[{"@type":"WebPage","@id":"https:\/\/alsik.dk\/en\/behind-the-scenes-at-alsik\/the-history-of-alsiks-logo-a-tiny-flower-of-enormous-significance\/","url":"https:\/\/alsik.dk\/en\/behind-the-scenes-at-alsik\/the-history-of-alsiks-logo-a-tiny-flower-of-enormous-significance\/","name":"The history of Alsik\u2019s logo | Alsik Hotel &amp; Spa","isPartOf":{"@id":"https:\/\/alsik.dk\/en\/#website"},"primaryImageOfPage":{"@id":"https:\/\/alsik.dk\/en\/behind-the-scenes-at-alsik\/the-history-of-alsiks-logo-a-tiny-flower-of-enormous-significance\/#primaryimage"},"image":{"@id":"https:\/\/alsik.dk\/en\/behind-the-scenes-at-alsik\/the-history-of-alsiks-logo-a-tiny-flower-of-enormous-significance\/#primaryimage"},"thumbnailUrl":"https:\/\/alsik.dk\/wp-content\/uploads\/2020\/09\/WBJWW1235-scaled.jpg","datePublished":"2020-09-09T11:45:24+00:00","dateModified":"2021-10-22T08:16:10+00:00","description":"Alsik\u2019s logo was inspired by the Alsike clover. Both the name and logo of Alsik embrace the beautiful clover\u2019s symbolism and qualities.","breadcrumb":{"@id":"https:\/\/alsik.dk\/en\/behind-the-scenes-at-alsik\/the-history-of-alsiks-logo-a-tiny-flower-of-enormous-significance\/#breadcrumb"},"inLanguage":"en-US","potentialAction":[{"@type":"ReadAction","target":["https:\/\/alsik.dk\/en\/behind-the-scenes-at-alsik\/the-history-of-alsiks-logo-a-tiny-flower-of-enormous-significance\/"]}]},{"@type":"ImageObject","inLanguage":"en-US","@id":"https:\/\/alsik.dk\/en\/behind-the-scenes-at-alsik\/the-history-of-alsiks-logo-a-tiny-flower-of-enormous-significance\/#primaryimage","url":"https:\/\/alsik.dk\/wp-content\/uploads\/2020\/09\/WBJWW1235-scaled.jpg","contentUrl":"https:\/\/alsik.dk\/wp-content\/uploads\/2020\/09\/WBJWW1235-scaled.jpg","width":2560,"height":1706,"caption":"Alsik blomster"},{"@type":"BreadcrumbList","@id":"https:\/\/alsik.dk\/en\/behind-the-scenes-at-alsik\/the-history-of-alsiks-logo-a-tiny-flower-of-enormous-significance\/#breadcrumb","itemListElement":[{"@type":"ListItem","position":1,"name":"Hjem","item":"https:\/\/alsik.dk\/en\/"},{"@type":"ListItem","position":2,"name":"Behind the scenes at Alsik","item":"https:\/\/alsik.dk\/en\/behind-the-scenes-at-alsik\/"},{"@type":"ListItem","position":3,"name":"The history of Alsik\u2019s logo: A tiny flower of enormous significance"}]},{"@type":"WebSite","@id":"https:\/\/alsik.dk\/en\/#website","url":"https:\/\/alsik.dk\/en\/","name":"Alsik Hotel &amp; Spa","description":"Alsik er et af Danmarks mest sp\u00e6ndende hoteller med stilfulde og topmoderne v\u00e6relser. Her venter en verden af luksuri\u00f8s og hyggelig. Oplev Danmarks st\u00f8rste spa med flere end 60 forskellige spa- og wellnessoplevelser fordelt p\u00e5 4.500 kvadratmeter og fire etager. Eller fork\u00e6l sanserne med gastronomi i s\u00e6rklasse i Alsiks tre restauranter.","potentialAction":[{"@type":"SearchAction","target":{"@type":"EntryPoint","urlTemplate":"https:\/\/alsik.dk\/en\/?s={search_term_string}"},"query-input":{"@type":"PropertyValueSpecification","valueRequired":true,"valueName":"search_term_string"}}],"inLanguage":"en-US"}]}},"_links":{"self":[{"href":"https:\/\/alsik.dk\/en\/wp-json\/wp\/v2\/pages\/5168","targetHints":{"allow":["GET"]}}],"collection":[{"href":"https:\/\/alsik.dk\/en\/wp-json\/wp\/v2\/pages"}],"about":[{"href":"https:\/\/alsik.dk\/en\/wp-json\/wp\/v2\/types\/page"}],"author":[{"embeddable":true,"href":"https:\/\/alsik.dk\/en\/wp-json\/wp\/v2\/users\/7"}],"replies":[{"embeddable":true,"href":"https:\/\/alsik.dk\/en\/wp-json\/wp\/v2\/comments?post=5168"}],"version-history":[{"count":2,"href":"https:\/\/alsik.dk\/en\/wp-json\/wp\/v2\/pages\/5168\/revisions"}],"predecessor-version":[{"id":9287,"href":"https:\/\/alsik.dk\/en\/wp-json\/wp\/v2\/pages\/5168\/revisions\/9287"}],"up":[{"embeddable":true,"href":"https:\/\/alsik.dk\/en\/wp-json\/wp\/v2\/pages\/4931"}],"wp:featuredmedia":[{"embeddable":true,"href":"https:\/\/alsik.dk\/en\/wp-json\/wp\/v2\/media\/5149"}],"wp:attachment":[{"href":"https:\/\/alsik.dk\/en\/wp-json\/wp\/v2\/media?parent=5168"}],"wp:term":[{"taxonomy":"post_tag","embeddable":true,"href":"https:\/\/alsik.dk\/en\/wp-json\/wp\/v2\/tags?post=5168"}],"curies":[{"name":"wp","href":"https:\/\/api.w.org\/{rel}","templated":true}]}}