{"id":5192,"date":"2020-09-09T14:28:19","date_gmt":"2020-09-09T12:28:19","guid":{"rendered":"http:\/\/alsik.dk\/?page_id=5192"},"modified":"2024-02-13T16:13:09","modified_gmt":"2024-02-13T15:13:09","slug":"alsik-suite","status":"publish","type":"page","link":"https:\/\/alsik.dk\/en\/rooms-suites\/alsik-suite\/","title":{"rendered":"Alsik Suite &#8211; a luxurious experience"},"content":{"rendered":"<p>Alsik\u2019s suites are an experience in a class of their own. These large luxurious suites are situated near the top of Alsik with unrivalled views across Alssund, Flensburg Fjord and the S\u00f8nderborg area.<\/p>\n<p>From this lofty perspective on the city\u2019s pulsating life, the profusion of white sails dotting the waters and the bustling activities along the waterfront, guests get a sense of the unique duality of a big city surrounded by scenic splendour in the heart of the borderlands. The horizon stretches into the distance, as the sun sinks slowly over the oscillating waves, golden fields and green forests.<\/p>\n","protected":false},"excerpt":{"rendered":"<p>Alsik\u2019s suites are an experience in a class of their own. These large luxurious suites are situated near the top of Alsik with unrivalled views across Alssund, Flensburg Fjord and the S\u00f8nderborg area. <\/p>\n","protected":false},"author":7,"featured_media":5121,"parent":4973,"menu_order":0,"comment_status":"closed","ping_status":"closed","template":"","meta":{"_acf_changed":false,"footnotes":""},"tags":[],"class_list":["post-5192","page","type-page","status-publish","has-post-thumbnail","hentry"],"acf":[],"yoast_head":"<!-- This site is optimized with the Yoast SEO plugin v24.3 - https:\/\/yoast.com\/wordpress\/plugins\/seo\/ -->\n<title>Alsik Suite - a luxurious experience | Alsik Hotel &amp; Spa<\/title>\n<meta name=\"description\" content=\"Alsik&#039;s large luxurious suites are situated near the top of Alsik with unrivalled views across the S\u00f8nderborg area.\" \/>\n<meta name=\"robots\" content=\"index, follow, max-snippet:-1, max-image-preview:large, max-video-preview:-1\" \/>\n<link rel=\"canonical\" href=\"https:\/\/alsik.dk\/en\/rooms-suites\/alsik-suite\/\" \/>\n<meta property=\"og:locale\" content=\"en_US\" \/>\n<meta property=\"og:type\" content=\"article\" \/>\n<meta property=\"og:title\" content=\"Alsik Suite - a luxurious experience | Alsik Hotel &amp; Spa\" \/>\n<meta property=\"og:description\" content=\"Alsik&#039;s large luxurious suites are situated near the top of Alsik with unrivalled views across the S\u00f8nderborg area.\" \/>\n<meta property=\"og:url\" content=\"https:\/\/alsik.dk\/en\/rooms-suites\/alsik-suite\/\" \/>\n<meta property=\"og:site_name\" content=\"Alsik Hotel &amp; Spa\" \/>\n<meta property=\"article:modified_time\" content=\"2024-02-13T15:13:09+00:00\" \/>\n<meta property=\"og:image\" content=\"https:\/\/alsik.dk\/wp-content\/uploads\/2020\/09\/SHR_Alsik_Room_BMCSuite_Bed-scaled.jpg\" \/>\n\t<meta property=\"og:image:width\" content=\"2560\" \/>\n\t<meta property=\"og:image:height\" content=\"1707\" \/>\n\t<meta property=\"og:image:type\" content=\"image\/jpeg\" \/>\n<meta name=\"twitter:card\" content=\"summary_large_image\" \/>\n<meta name=\"twitter:label1\" content=\"Est. reading time\" \/>\n\t<meta name=\"twitter:data1\" content=\"1 minute\" \/>\n<script type=\"application\/ld+json\" class=\"yoast-schema-graph\">{\"@context\":\"https:\/\/schema.org\",\"@graph\":[{\"@type\":\"WebPage\",\"@id\":\"https:\/\/alsik.dk\/en\/rooms-suites\/alsik-suite\/\",\"url\":\"https:\/\/alsik.dk\/en\/rooms-suites\/alsik-suite\/\",\"name\":\"Alsik Suite - a luxurious experience | Alsik Hotel &amp; Spa\",\"isPartOf\":{\"@id\":\"https:\/\/alsik.dk\/en\/#website\"},\"primaryImageOfPage\":{\"@id\":\"https:\/\/alsik.dk\/en\/rooms-suites\/alsik-suite\/#primaryimage\"},\"image\":{\"@id\":\"https:\/\/alsik.dk\/en\/rooms-suites\/alsik-suite\/#primaryimage\"},\"thumbnailUrl\":\"https:\/\/alsik.dk\/wp-content\/uploads\/2020\/09\/SHR_Alsik_Room_BMCSuite_Bed-scaled.jpg\",\"datePublished\":\"2020-09-09T12:28:19+00:00\",\"dateModified\":\"2024-02-13T15:13:09+00:00\",\"description\":\"Alsik's large luxurious suites are situated near the top of Alsik with unrivalled views across the S\u00f8nderborg area.\",\"breadcrumb\":{\"@id\":\"https:\/\/alsik.dk\/en\/rooms-suites\/alsik-suite\/#breadcrumb\"},\"inLanguage\":\"en-US\",\"potentialAction\":[{\"@type\":\"ReadAction\",\"target\":[\"https:\/\/alsik.dk\/en\/rooms-suites\/alsik-suite\/\"]}]},{\"@type\":\"ImageObject\",\"inLanguage\":\"en-US\",\"@id\":\"https:\/\/alsik.dk\/en\/rooms-suites\/alsik-suite\/#primaryimage\",\"url\":\"https:\/\/alsik.dk\/wp-content\/uploads\/2020\/09\/SHR_Alsik_Room_BMCSuite_Bed-scaled.jpg\",\"contentUrl\":\"https:\/\/alsik.dk\/wp-content\/uploads\/2020\/09\/SHR_Alsik_Room_BMCSuite_Bed-scaled.jpg\",\"width\":2560,\"height\":1707,\"caption\":\"Alsik Suite\"},{\"@type\":\"BreadcrumbList\",\"@id\":\"https:\/\/alsik.dk\/en\/rooms-suites\/alsik-suite\/#breadcrumb\",\"itemListElement\":[{\"@type\":\"ListItem\",\"position\":1,\"name\":\"Hjem\",\"item\":\"https:\/\/alsik.dk\/en\/\"},{\"@type\":\"ListItem\",\"position\":2,\"name\":\"Rooms &#038; Suites\",\"item\":\"https:\/\/alsik.dk\/en\/rooms-suites\/\"},{\"@type\":\"ListItem\",\"position\":3,\"name\":\"Alsik Suite &#8211; a luxurious experience\"}]},{\"@type\":\"WebSite\",\"@id\":\"https:\/\/alsik.dk\/en\/#website\",\"url\":\"https:\/\/alsik.dk\/en\/\",\"name\":\"Alsik Hotel &amp; Spa\",\"description\":\"Alsik er et af Danmarks mest sp\u00e6ndende hoteller med stilfulde og topmoderne v\u00e6relser. Her venter en verden af luksuri\u00f8s og hyggelig. Oplev Danmarks st\u00f8rste spa med flere end 60 forskellige spa- og wellnessoplevelser fordelt p\u00e5 4.500 kvadratmeter og fire etager. Eller fork\u00e6l sanserne med gastronomi i s\u00e6rklasse i Alsiks tre restauranter.\",\"potentialAction\":[{\"@type\":\"SearchAction\",\"target\":{\"@type\":\"EntryPoint\",\"urlTemplate\":\"https:\/\/alsik.dk\/en\/?s={search_term_string}\"},\"query-input\":{\"@type\":\"PropertyValueSpecification\",\"valueRequired\":true,\"valueName\":\"search_term_string\"}}],\"inLanguage\":\"en-US\"}]}<\/script>\n<!-- \/ Yoast SEO plugin. -->","yoast_head_json":{"title":"Alsik Suite - a luxurious experience | Alsik Hotel &amp; Spa","description":"Alsik's large luxurious suites are situated near the top of Alsik with unrivalled views across the S\u00f8nderborg area.","robots":{"index":"index","follow":"follow","max-snippet":"max-snippet:-1","max-image-preview":"max-image-preview:large","max-video-preview":"max-video-preview:-1"},"canonical":"https:\/\/alsik.dk\/en\/rooms-suites\/alsik-suite\/","og_locale":"en_US","og_type":"article","og_title":"Alsik Suite - a luxurious experience | Alsik Hotel &amp; Spa","og_description":"Alsik's large luxurious suites are situated near the top of Alsik with unrivalled views across the S\u00f8nderborg area.","og_url":"https:\/\/alsik.dk\/en\/rooms-suites\/alsik-suite\/","og_site_name":"Alsik Hotel &amp; Spa","article_modified_time":"2024-02-13T15:13:09+00:00","og_image":[{"width":2560,"height":1707,"url":"https:\/\/alsik.dk\/wp-content\/uploads\/2020\/09\/SHR_Alsik_Room_BMCSuite_Bed-scaled.jpg","type":"image\/jpeg"}],"twitter_card":"summary_large_image","twitter_misc":{"Est. reading time":"1 minute"},"schema":{"@context":"https:\/\/schema.org","@graph":[{"@type":"WebPage","@id":"https:\/\/alsik.dk\/en\/rooms-suites\/alsik-suite\/","url":"https:\/\/alsik.dk\/en\/rooms-suites\/alsik-suite\/","name":"Alsik Suite - a luxurious experience | Alsik Hotel &amp; Spa","isPartOf":{"@id":"https:\/\/alsik.dk\/en\/#website"},"primaryImageOfPage":{"@id":"https:\/\/alsik.dk\/en\/rooms-suites\/alsik-suite\/#primaryimage"},"image":{"@id":"https:\/\/alsik.dk\/en\/rooms-suites\/alsik-suite\/#primaryimage"},"thumbnailUrl":"https:\/\/alsik.dk\/wp-content\/uploads\/2020\/09\/SHR_Alsik_Room_BMCSuite_Bed-scaled.jpg","datePublished":"2020-09-09T12:28:19+00:00","dateModified":"2024-02-13T15:13:09+00:00","description":"Alsik's large luxurious suites are situated near the top of Alsik with unrivalled views across the S\u00f8nderborg area.","breadcrumb":{"@id":"https:\/\/alsik.dk\/en\/rooms-suites\/alsik-suite\/#breadcrumb"},"inLanguage":"en-US","potentialAction":[{"@type":"ReadAction","target":["https:\/\/alsik.dk\/en\/rooms-suites\/alsik-suite\/"]}]},{"@type":"ImageObject","inLanguage":"en-US","@id":"https:\/\/alsik.dk\/en\/rooms-suites\/alsik-suite\/#primaryimage","url":"https:\/\/alsik.dk\/wp-content\/uploads\/2020\/09\/SHR_Alsik_Room_BMCSuite_Bed-scaled.jpg","contentUrl":"https:\/\/alsik.dk\/wp-content\/uploads\/2020\/09\/SHR_Alsik_Room_BMCSuite_Bed-scaled.jpg","width":2560,"height":1707,"caption":"Alsik Suite"},{"@type":"BreadcrumbList","@id":"https:\/\/alsik.dk\/en\/rooms-suites\/alsik-suite\/#breadcrumb","itemListElement":[{"@type":"ListItem","position":1,"name":"Hjem","item":"https:\/\/alsik.dk\/en\/"},{"@type":"ListItem","position":2,"name":"Rooms &#038; Suites","item":"https:\/\/alsik.dk\/en\/rooms-suites\/"},{"@type":"ListItem","position":3,"name":"Alsik Suite &#8211; a luxurious experience"}]},{"@type":"WebSite","@id":"https:\/\/alsik.dk\/en\/#website","url":"https:\/\/alsik.dk\/en\/","name":"Alsik Hotel &amp; Spa","description":"Alsik er et af Danmarks mest sp\u00e6ndende hoteller med stilfulde og topmoderne v\u00e6relser. Her venter en verden af luksuri\u00f8s og hyggelig. Oplev Danmarks st\u00f8rste spa med flere end 60 forskellige spa- og wellnessoplevelser fordelt p\u00e5 4.500 kvadratmeter og fire etager. Eller fork\u00e6l sanserne med gastronomi i s\u00e6rklasse i Alsiks tre restauranter.","potentialAction":[{"@type":"SearchAction","target":{"@type":"EntryPoint","urlTemplate":"https:\/\/alsik.dk\/en\/?s={search_term_string}"},"query-input":{"@type":"PropertyValueSpecification","valueRequired":true,"valueName":"search_term_string"}}],"inLanguage":"en-US"}]}},"_links":{"self":[{"href":"https:\/\/alsik.dk\/en\/wp-json\/wp\/v2\/pages\/5192","targetHints":{"allow":["GET"]}}],"collection":[{"href":"https:\/\/alsik.dk\/en\/wp-json\/wp\/v2\/pages"}],"about":[{"href":"https:\/\/alsik.dk\/en\/wp-json\/wp\/v2\/types\/page"}],"author":[{"embeddable":true,"href":"https:\/\/alsik.dk\/en\/wp-json\/wp\/v2\/users\/7"}],"replies":[{"embeddable":true,"href":"https:\/\/alsik.dk\/en\/wp-json\/wp\/v2\/comments?post=5192"}],"version-history":[{"count":6,"href":"https:\/\/alsik.dk\/en\/wp-json\/wp\/v2\/pages\/5192\/revisions"}],"predecessor-version":[{"id":13296,"href":"https:\/\/alsik.dk\/en\/wp-json\/wp\/v2\/pages\/5192\/revisions\/13296"}],"up":[{"embeddable":true,"href":"https:\/\/alsik.dk\/en\/wp-json\/wp\/v2\/pages\/4973"}],"wp:featuredmedia":[{"embeddable":true,"href":"https:\/\/alsik.dk\/en\/wp-json\/wp\/v2\/media\/5121"}],"wp:attachment":[{"href":"https:\/\/alsik.dk\/en\/wp-json\/wp\/v2\/media?parent=5192"}],"wp:term":[{"taxonomy":"post_tag","embeddable":true,"href":"https:\/\/alsik.dk\/en\/wp-json\/wp\/v2\/tags?post=5192"}],"curies":[{"name":"wp","href":"https:\/\/api.w.org\/{rel}","templated":true}]}}