{"id":5253,"date":"2020-09-09T15:13:33","date_gmt":"2020-09-09T13:13:33","guid":{"rendered":"http:\/\/alsik.dk\/?page_id=5253"},"modified":"2025-11-20T13:25:51","modified_gmt":"2025-11-20T12:25:51","slug":"gastronomy","status":"publish","type":"page","link":"https:\/\/alsik.dk\/en\/gastronomy\/","title":{"rendered":"Gastronomy in a class of its own"},"content":{"rendered":"<p>There are two restaurants at Alsik Hotel &amp; Spa: Restaurant Alsik and Syttende. Each offers its own unique cuisine and character, but they share a deep love for local South Jutland ingredients and skilled craftsmanship. The hotel is also home to Freia Bar &amp; Lounge \u2013 the perfect place for an aperitif or a relaxed drink.<\/p>\n<h4><strong>We advise you to always book a table<\/strong><\/h4>\n<p>Alsik\u2019s restaurants are very popular and often fully booked. If you know that you want to dine at one of the hotel\u2019s restaurants during your stay, we advise you to book a table at the same time you book a room, so you won\u2019t be turned away.<\/p>\n","protected":false},"excerpt":{"rendered":"<p>Alsik features two restaurants: Alsik and Syttende, where you can expect gastronomic experiences in a class of their own. <\/p>\n","protected":false},"author":7,"featured_media":4983,"parent":0,"menu_order":0,"comment_status":"closed","ping_status":"closed","template":"","meta":{"_acf_changed":false,"footnotes":""},"tags":[],"class_list":["post-5253","page","type-page","status-publish","has-post-thumbnail","hentry"],"acf":[],"yoast_head":"<!-- This site is optimized with the Yoast SEO plugin v24.3 - https:\/\/yoast.com\/wordpress\/plugins\/seo\/ -->\n<title>Gastronomy in a class of its own | Alsik Hotel &amp; Spa<\/title>\n<meta name=\"description\" content=\"Alsik Hotel &amp; Spa features two restaurants: Alsik and Syttende, where you can expect gastronomic experiences in a class of their own.\" \/>\n<meta name=\"robots\" content=\"index, follow, max-snippet:-1, max-image-preview:large, max-video-preview:-1\" \/>\n<link rel=\"canonical\" href=\"https:\/\/alsik.dk\/en\/gastronomy\/\" \/>\n<meta property=\"og:locale\" content=\"en_US\" \/>\n<meta property=\"og:type\" content=\"article\" \/>\n<meta property=\"og:title\" content=\"Gastronomy in a class of its own | Alsik Hotel &amp; Spa\" \/>\n<meta property=\"og:description\" content=\"Alsik Hotel &amp; Spa features two restaurants: Alsik and Syttende, where you can expect gastronomic experiences in a class of their own.\" \/>\n<meta property=\"og:url\" content=\"https:\/\/alsik.dk\/en\/gastronomy\/\" \/>\n<meta property=\"og:site_name\" content=\"Alsik Hotel &amp; Spa\" \/>\n<meta property=\"article:modified_time\" content=\"2025-11-20T12:25:51+00:00\" \/>\n<meta property=\"og:image\" content=\"https:\/\/alsik.dk\/wp-content\/uploads\/2020\/09\/dessert2.jpg\" \/>\n\t<meta property=\"og:image:width\" content=\"1284\" \/>\n\t<meta property=\"og:image:height\" content=\"856\" \/>\n\t<meta property=\"og:image:type\" content=\"image\/jpeg\" \/>\n<meta name=\"twitter:card\" content=\"summary_large_image\" \/>\n<meta name=\"twitter:label1\" content=\"Est. reading time\" \/>\n\t<meta name=\"twitter:data1\" content=\"1 minute\" \/>\n<script type=\"application\/ld+json\" class=\"yoast-schema-graph\">{\"@context\":\"https:\/\/schema.org\",\"@graph\":[{\"@type\":\"WebPage\",\"@id\":\"https:\/\/alsik.dk\/en\/gastronomy\/\",\"url\":\"https:\/\/alsik.dk\/en\/gastronomy\/\",\"name\":\"Gastronomy in a class of its own | Alsik Hotel &amp; Spa\",\"isPartOf\":{\"@id\":\"https:\/\/alsik.dk\/en\/#website\"},\"primaryImageOfPage\":{\"@id\":\"https:\/\/alsik.dk\/en\/gastronomy\/#primaryimage\"},\"image\":{\"@id\":\"https:\/\/alsik.dk\/en\/gastronomy\/#primaryimage\"},\"thumbnailUrl\":\"https:\/\/alsik.dk\/wp-content\/uploads\/2020\/09\/dessert2.jpg\",\"datePublished\":\"2020-09-09T13:13:33+00:00\",\"dateModified\":\"2025-11-20T12:25:51+00:00\",\"description\":\"Alsik Hotel & Spa features two restaurants: Alsik and Syttende, where you can expect gastronomic experiences in a class of their own.\",\"breadcrumb\":{\"@id\":\"https:\/\/alsik.dk\/en\/gastronomy\/#breadcrumb\"},\"inLanguage\":\"en-US\",\"potentialAction\":[{\"@type\":\"ReadAction\",\"target\":[\"https:\/\/alsik.dk\/en\/gastronomy\/\"]}]},{\"@type\":\"ImageObject\",\"inLanguage\":\"en-US\",\"@id\":\"https:\/\/alsik.dk\/en\/gastronomy\/#primaryimage\",\"url\":\"https:\/\/alsik.dk\/wp-content\/uploads\/2020\/09\/dessert2.jpg\",\"contentUrl\":\"https:\/\/alsik.dk\/wp-content\/uploads\/2020\/09\/dessert2.jpg\",\"width\":1284,\"height\":856,\"caption\":\"Dessert\"},{\"@type\":\"BreadcrumbList\",\"@id\":\"https:\/\/alsik.dk\/en\/gastronomy\/#breadcrumb\",\"itemListElement\":[{\"@type\":\"ListItem\",\"position\":1,\"name\":\"Hjem\",\"item\":\"https:\/\/alsik.dk\/en\/\"},{\"@type\":\"ListItem\",\"position\":2,\"name\":\"Gastronomy in a class of its own\"}]},{\"@type\":\"WebSite\",\"@id\":\"https:\/\/alsik.dk\/en\/#website\",\"url\":\"https:\/\/alsik.dk\/en\/\",\"name\":\"Alsik Hotel &amp; Spa\",\"description\":\"Alsik er et af Danmarks mest sp\u00e6ndende hoteller med stilfulde og topmoderne v\u00e6relser. Her venter en verden af luksuri\u00f8s og hyggelig. Oplev Danmarks st\u00f8rste spa med flere end 60 forskellige spa- og wellnessoplevelser fordelt p\u00e5 4.500 kvadratmeter og fire etager. Eller fork\u00e6l sanserne med gastronomi i s\u00e6rklasse i Alsiks tre restauranter.\",\"potentialAction\":[{\"@type\":\"SearchAction\",\"target\":{\"@type\":\"EntryPoint\",\"urlTemplate\":\"https:\/\/alsik.dk\/en\/?s={search_term_string}\"},\"query-input\":{\"@type\":\"PropertyValueSpecification\",\"valueRequired\":true,\"valueName\":\"search_term_string\"}}],\"inLanguage\":\"en-US\"}]}<\/script>\n<!-- \/ Yoast SEO plugin. -->","yoast_head_json":{"title":"Gastronomy in a class of its own | Alsik Hotel &amp; Spa","description":"Alsik Hotel & Spa features two restaurants: Alsik and Syttende, where you can expect gastronomic experiences in a class of their own.","robots":{"index":"index","follow":"follow","max-snippet":"max-snippet:-1","max-image-preview":"max-image-preview:large","max-video-preview":"max-video-preview:-1"},"canonical":"https:\/\/alsik.dk\/en\/gastronomy\/","og_locale":"en_US","og_type":"article","og_title":"Gastronomy in a class of its own | Alsik Hotel &amp; Spa","og_description":"Alsik Hotel & Spa features two restaurants: Alsik and Syttende, where you can expect gastronomic experiences in a class of their own.","og_url":"https:\/\/alsik.dk\/en\/gastronomy\/","og_site_name":"Alsik Hotel &amp; Spa","article_modified_time":"2025-11-20T12:25:51+00:00","og_image":[{"width":1284,"height":856,"url":"https:\/\/alsik.dk\/wp-content\/uploads\/2020\/09\/dessert2.jpg","type":"image\/jpeg"}],"twitter_card":"summary_large_image","twitter_misc":{"Est. reading time":"1 minute"},"schema":{"@context":"https:\/\/schema.org","@graph":[{"@type":"WebPage","@id":"https:\/\/alsik.dk\/en\/gastronomy\/","url":"https:\/\/alsik.dk\/en\/gastronomy\/","name":"Gastronomy in a class of its own | Alsik Hotel &amp; Spa","isPartOf":{"@id":"https:\/\/alsik.dk\/en\/#website"},"primaryImageOfPage":{"@id":"https:\/\/alsik.dk\/en\/gastronomy\/#primaryimage"},"image":{"@id":"https:\/\/alsik.dk\/en\/gastronomy\/#primaryimage"},"thumbnailUrl":"https:\/\/alsik.dk\/wp-content\/uploads\/2020\/09\/dessert2.jpg","datePublished":"2020-09-09T13:13:33+00:00","dateModified":"2025-11-20T12:25:51+00:00","description":"Alsik Hotel & Spa features two restaurants: Alsik and Syttende, where you can expect gastronomic experiences in a class of their own.","breadcrumb":{"@id":"https:\/\/alsik.dk\/en\/gastronomy\/#breadcrumb"},"inLanguage":"en-US","potentialAction":[{"@type":"ReadAction","target":["https:\/\/alsik.dk\/en\/gastronomy\/"]}]},{"@type":"ImageObject","inLanguage":"en-US","@id":"https:\/\/alsik.dk\/en\/gastronomy\/#primaryimage","url":"https:\/\/alsik.dk\/wp-content\/uploads\/2020\/09\/dessert2.jpg","contentUrl":"https:\/\/alsik.dk\/wp-content\/uploads\/2020\/09\/dessert2.jpg","width":1284,"height":856,"caption":"Dessert"},{"@type":"BreadcrumbList","@id":"https:\/\/alsik.dk\/en\/gastronomy\/#breadcrumb","itemListElement":[{"@type":"ListItem","position":1,"name":"Hjem","item":"https:\/\/alsik.dk\/en\/"},{"@type":"ListItem","position":2,"name":"Gastronomy in a class of its own"}]},{"@type":"WebSite","@id":"https:\/\/alsik.dk\/en\/#website","url":"https:\/\/alsik.dk\/en\/","name":"Alsik Hotel &amp; Spa","description":"Alsik er et af Danmarks mest sp\u00e6ndende hoteller med stilfulde og topmoderne v\u00e6relser. Her venter en verden af luksuri\u00f8s og hyggelig. Oplev Danmarks st\u00f8rste spa med flere end 60 forskellige spa- og wellnessoplevelser fordelt p\u00e5 4.500 kvadratmeter og fire etager. Eller fork\u00e6l sanserne med gastronomi i s\u00e6rklasse i Alsiks tre restauranter.","potentialAction":[{"@type":"SearchAction","target":{"@type":"EntryPoint","urlTemplate":"https:\/\/alsik.dk\/en\/?s={search_term_string}"},"query-input":{"@type":"PropertyValueSpecification","valueRequired":true,"valueName":"search_term_string"}}],"inLanguage":"en-US"}]}},"_links":{"self":[{"href":"https:\/\/alsik.dk\/en\/wp-json\/wp\/v2\/pages\/5253","targetHints":{"allow":["GET"]}}],"collection":[{"href":"https:\/\/alsik.dk\/en\/wp-json\/wp\/v2\/pages"}],"about":[{"href":"https:\/\/alsik.dk\/en\/wp-json\/wp\/v2\/types\/page"}],"author":[{"embeddable":true,"href":"https:\/\/alsik.dk\/en\/wp-json\/wp\/v2\/users\/7"}],"replies":[{"embeddable":true,"href":"https:\/\/alsik.dk\/en\/wp-json\/wp\/v2\/comments?post=5253"}],"version-history":[{"count":11,"href":"https:\/\/alsik.dk\/en\/wp-json\/wp\/v2\/pages\/5253\/revisions"}],"predecessor-version":[{"id":17030,"href":"https:\/\/alsik.dk\/en\/wp-json\/wp\/v2\/pages\/5253\/revisions\/17030"}],"wp:featuredmedia":[{"embeddable":true,"href":"https:\/\/alsik.dk\/en\/wp-json\/wp\/v2\/media\/4983"}],"wp:attachment":[{"href":"https:\/\/alsik.dk\/en\/wp-json\/wp\/v2\/media?parent=5253"}],"wp:term":[{"taxonomy":"post_tag","embeddable":true,"href":"https:\/\/alsik.dk\/en\/wp-json\/wp\/v2\/tags?post=5253"}],"curies":[{"name":"wp","href":"https:\/\/api.w.org\/{rel}","templated":true}]}}