{"id":5295,"date":"2020-09-10T08:28:51","date_gmt":"2020-09-10T06:28:51","guid":{"rendered":"http:\/\/alsik.dk\/?page_id=5295"},"modified":"2026-03-09T11:38:43","modified_gmt":"2026-03-09T10:38:43","slug":"restaurant-alsik","status":"publish","type":"page","link":"https:\/\/alsik.dk\/en\/gastronomy\/restaurant-alsik\/","title":{"rendered":"Welcome to Restaurant Alsik"},"content":{"rendered":"<p>At Restaurant Alsik, we pamper your whole family with renowned, beloved dishes from all over the world.<\/p>\n<p>Alsik\u2019s cuisine features the best tastes of the whole world. The restaurant is inspired by original recipes from multiple continents, elegantly combined with quality local produce.<\/p>\n<h4>We advise you to always book a table<\/h4>\n<p>Restaurant Alsik is very popular and often fully booked. If you know that you want to dine at Alsik during your stay, we advise you to book a table at the same time you book a room, so you won\u2019t be turned away.<\/p>\n<p>If your party consists of more than five people, please note that the menu must be pre-ordered at least 24 hours in advance and the menu should be for the entire group. Please contact us:<\/p>\n<p><a href=\"mailto: aschippmann@alsik-hotel.dk;tjoergensen@alsik-hotel.dk\">Send mail<\/a><\/p>\n","protected":false},"excerpt":{"rendered":"<p>Restaurant Alsik serves exquisite, tantalising dishes from world cuisine. You can enjoy some of your favourite, most familiar dishes from all over the world.<\/p>\n","protected":false},"author":7,"featured_media":8318,"parent":5253,"menu_order":0,"comment_status":"closed","ping_status":"closed","template":"","meta":{"_acf_changed":false,"footnotes":""},"tags":[],"class_list":["post-5295","page","type-page","status-publish","has-post-thumbnail","hentry"],"acf":[],"yoast_head":"<!-- This site is optimized with the Yoast SEO plugin v24.3 - https:\/\/yoast.com\/wordpress\/plugins\/seo\/ -->\n<title>Welcome to Restaurant Alsik | Alsik Hotel &amp; Spa<\/title>\n<meta name=\"description\" content=\"At Restaurant Alsik, we pamper your whole family with renowned, beloved dishes from all over the world. Please book your table in advance.\" \/>\n<meta name=\"robots\" content=\"index, follow, max-snippet:-1, max-image-preview:large, max-video-preview:-1\" \/>\n<link rel=\"canonical\" href=\"https:\/\/alsik.dk\/en\/gastronomy\/restaurant-alsik\/\" \/>\n<meta property=\"og:locale\" content=\"en_US\" \/>\n<meta property=\"og:type\" content=\"article\" \/>\n<meta property=\"og:title\" content=\"Welcome to Restaurant Alsik | Alsik Hotel &amp; Spa\" \/>\n<meta property=\"og:description\" content=\"At Restaurant Alsik, we pamper your whole family with renowned, beloved dishes from all over the world. Please book your table in advance.\" \/>\n<meta property=\"og:url\" content=\"https:\/\/alsik.dk\/en\/gastronomy\/restaurant-alsik\/\" \/>\n<meta property=\"og:site_name\" content=\"Alsik Hotel &amp; Spa\" \/>\n<meta property=\"article:modified_time\" content=\"2026-03-09T10:38:43+00:00\" \/>\n<meta property=\"og:image\" content=\"https:\/\/alsik.dk\/wp-content\/uploads\/2021\/05\/Alsik_menu_maj_2021-57_web-scaled.jpg\" \/>\n\t<meta property=\"og:image:width\" content=\"2560\" \/>\n\t<meta property=\"og:image:height\" content=\"1707\" \/>\n\t<meta property=\"og:image:type\" content=\"image\/jpeg\" \/>\n<meta name=\"twitter:card\" content=\"summary_large_image\" \/>\n<meta name=\"twitter:label1\" content=\"Est. reading time\" \/>\n\t<meta name=\"twitter:data1\" content=\"1 minute\" \/>\n<script type=\"application\/ld+json\" class=\"yoast-schema-graph\">{\"@context\":\"https:\/\/schema.org\",\"@graph\":[{\"@type\":\"WebPage\",\"@id\":\"https:\/\/alsik.dk\/en\/gastronomy\/restaurant-alsik\/\",\"url\":\"https:\/\/alsik.dk\/en\/gastronomy\/restaurant-alsik\/\",\"name\":\"Welcome to Restaurant Alsik | Alsik Hotel &amp; Spa\",\"isPartOf\":{\"@id\":\"https:\/\/alsik.dk\/en\/#website\"},\"primaryImageOfPage\":{\"@id\":\"https:\/\/alsik.dk\/en\/gastronomy\/restaurant-alsik\/#primaryimage\"},\"image\":{\"@id\":\"https:\/\/alsik.dk\/en\/gastronomy\/restaurant-alsik\/#primaryimage\"},\"thumbnailUrl\":\"https:\/\/alsik.dk\/wp-content\/uploads\/2021\/05\/Alsik_menu_maj_2021-57_web-scaled.jpg\",\"datePublished\":\"2020-09-10T06:28:51+00:00\",\"dateModified\":\"2026-03-09T10:38:43+00:00\",\"description\":\"At Restaurant Alsik, we pamper your whole family with renowned, beloved dishes from all over the world. Please book your table in advance.\",\"breadcrumb\":{\"@id\":\"https:\/\/alsik.dk\/en\/gastronomy\/restaurant-alsik\/#breadcrumb\"},\"inLanguage\":\"en-US\",\"potentialAction\":[{\"@type\":\"ReadAction\",\"target\":[\"https:\/\/alsik.dk\/en\/gastronomy\/restaurant-alsik\/\"]}]},{\"@type\":\"ImageObject\",\"inLanguage\":\"en-US\",\"@id\":\"https:\/\/alsik.dk\/en\/gastronomy\/restaurant-alsik\/#primaryimage\",\"url\":\"https:\/\/alsik.dk\/wp-content\/uploads\/2021\/05\/Alsik_menu_maj_2021-57_web-scaled.jpg\",\"contentUrl\":\"https:\/\/alsik.dk\/wp-content\/uploads\/2021\/05\/Alsik_menu_maj_2021-57_web-scaled.jpg\",\"width\":2560,\"height\":1707,\"caption\":\"Udsigten fra Restaurant Alsik i maj 2021\"},{\"@type\":\"BreadcrumbList\",\"@id\":\"https:\/\/alsik.dk\/en\/gastronomy\/restaurant-alsik\/#breadcrumb\",\"itemListElement\":[{\"@type\":\"ListItem\",\"position\":1,\"name\":\"Hjem\",\"item\":\"https:\/\/alsik.dk\/en\/\"},{\"@type\":\"ListItem\",\"position\":2,\"name\":\"Gastronomy in a class of its own\",\"item\":\"https:\/\/alsik.dk\/en\/gastronomy\/\"},{\"@type\":\"ListItem\",\"position\":3,\"name\":\"Welcome to Restaurant Alsik\"}]},{\"@type\":\"WebSite\",\"@id\":\"https:\/\/alsik.dk\/en\/#website\",\"url\":\"https:\/\/alsik.dk\/en\/\",\"name\":\"Alsik Hotel &amp; Spa\",\"description\":\"Alsik er et af Danmarks mest sp\u00e6ndende hoteller med stilfulde og topmoderne v\u00e6relser. Her venter en verden af luksuri\u00f8s og hyggelig. Oplev Danmarks st\u00f8rste spa med flere end 60 forskellige spa- og wellnessoplevelser fordelt p\u00e5 4.500 kvadratmeter og fire etager. Eller fork\u00e6l sanserne med gastronomi i s\u00e6rklasse i Alsiks tre restauranter.\",\"potentialAction\":[{\"@type\":\"SearchAction\",\"target\":{\"@type\":\"EntryPoint\",\"urlTemplate\":\"https:\/\/alsik.dk\/en\/?s={search_term_string}\"},\"query-input\":{\"@type\":\"PropertyValueSpecification\",\"valueRequired\":true,\"valueName\":\"search_term_string\"}}],\"inLanguage\":\"en-US\"}]}<\/script>\n<!-- \/ Yoast SEO plugin. -->","yoast_head_json":{"title":"Welcome to Restaurant Alsik | Alsik Hotel &amp; Spa","description":"At Restaurant Alsik, we pamper your whole family with renowned, beloved dishes from all over the world. Please book your table in advance.","robots":{"index":"index","follow":"follow","max-snippet":"max-snippet:-1","max-image-preview":"max-image-preview:large","max-video-preview":"max-video-preview:-1"},"canonical":"https:\/\/alsik.dk\/en\/gastronomy\/restaurant-alsik\/","og_locale":"en_US","og_type":"article","og_title":"Welcome to Restaurant Alsik | Alsik Hotel &amp; Spa","og_description":"At Restaurant Alsik, we pamper your whole family with renowned, beloved dishes from all over the world. Please book your table in advance.","og_url":"https:\/\/alsik.dk\/en\/gastronomy\/restaurant-alsik\/","og_site_name":"Alsik Hotel &amp; Spa","article_modified_time":"2026-03-09T10:38:43+00:00","og_image":[{"width":2560,"height":1707,"url":"https:\/\/alsik.dk\/wp-content\/uploads\/2021\/05\/Alsik_menu_maj_2021-57_web-scaled.jpg","type":"image\/jpeg"}],"twitter_card":"summary_large_image","twitter_misc":{"Est. reading time":"1 minute"},"schema":{"@context":"https:\/\/schema.org","@graph":[{"@type":"WebPage","@id":"https:\/\/alsik.dk\/en\/gastronomy\/restaurant-alsik\/","url":"https:\/\/alsik.dk\/en\/gastronomy\/restaurant-alsik\/","name":"Welcome to Restaurant Alsik | Alsik Hotel &amp; Spa","isPartOf":{"@id":"https:\/\/alsik.dk\/en\/#website"},"primaryImageOfPage":{"@id":"https:\/\/alsik.dk\/en\/gastronomy\/restaurant-alsik\/#primaryimage"},"image":{"@id":"https:\/\/alsik.dk\/en\/gastronomy\/restaurant-alsik\/#primaryimage"},"thumbnailUrl":"https:\/\/alsik.dk\/wp-content\/uploads\/2021\/05\/Alsik_menu_maj_2021-57_web-scaled.jpg","datePublished":"2020-09-10T06:28:51+00:00","dateModified":"2026-03-09T10:38:43+00:00","description":"At Restaurant Alsik, we pamper your whole family with renowned, beloved dishes from all over the world. Please book your table in advance.","breadcrumb":{"@id":"https:\/\/alsik.dk\/en\/gastronomy\/restaurant-alsik\/#breadcrumb"},"inLanguage":"en-US","potentialAction":[{"@type":"ReadAction","target":["https:\/\/alsik.dk\/en\/gastronomy\/restaurant-alsik\/"]}]},{"@type":"ImageObject","inLanguage":"en-US","@id":"https:\/\/alsik.dk\/en\/gastronomy\/restaurant-alsik\/#primaryimage","url":"https:\/\/alsik.dk\/wp-content\/uploads\/2021\/05\/Alsik_menu_maj_2021-57_web-scaled.jpg","contentUrl":"https:\/\/alsik.dk\/wp-content\/uploads\/2021\/05\/Alsik_menu_maj_2021-57_web-scaled.jpg","width":2560,"height":1707,"caption":"Udsigten fra Restaurant Alsik i maj 2021"},{"@type":"BreadcrumbList","@id":"https:\/\/alsik.dk\/en\/gastronomy\/restaurant-alsik\/#breadcrumb","itemListElement":[{"@type":"ListItem","position":1,"name":"Hjem","item":"https:\/\/alsik.dk\/en\/"},{"@type":"ListItem","position":2,"name":"Gastronomy in a class of its own","item":"https:\/\/alsik.dk\/en\/gastronomy\/"},{"@type":"ListItem","position":3,"name":"Welcome to Restaurant Alsik"}]},{"@type":"WebSite","@id":"https:\/\/alsik.dk\/en\/#website","url":"https:\/\/alsik.dk\/en\/","name":"Alsik Hotel &amp; Spa","description":"Alsik er et af Danmarks mest sp\u00e6ndende hoteller med stilfulde og topmoderne v\u00e6relser. Her venter en verden af luksuri\u00f8s og hyggelig. Oplev Danmarks st\u00f8rste spa med flere end 60 forskellige spa- og wellnessoplevelser fordelt p\u00e5 4.500 kvadratmeter og fire etager. Eller fork\u00e6l sanserne med gastronomi i s\u00e6rklasse i Alsiks tre restauranter.","potentialAction":[{"@type":"SearchAction","target":{"@type":"EntryPoint","urlTemplate":"https:\/\/alsik.dk\/en\/?s={search_term_string}"},"query-input":{"@type":"PropertyValueSpecification","valueRequired":true,"valueName":"search_term_string"}}],"inLanguage":"en-US"}]}},"_links":{"self":[{"href":"https:\/\/alsik.dk\/en\/wp-json\/wp\/v2\/pages\/5295","targetHints":{"allow":["GET"]}}],"collection":[{"href":"https:\/\/alsik.dk\/en\/wp-json\/wp\/v2\/pages"}],"about":[{"href":"https:\/\/alsik.dk\/en\/wp-json\/wp\/v2\/types\/page"}],"author":[{"embeddable":true,"href":"https:\/\/alsik.dk\/en\/wp-json\/wp\/v2\/users\/7"}],"replies":[{"embeddable":true,"href":"https:\/\/alsik.dk\/en\/wp-json\/wp\/v2\/comments?post=5295"}],"version-history":[{"count":16,"href":"https:\/\/alsik.dk\/en\/wp-json\/wp\/v2\/pages\/5295\/revisions"}],"predecessor-version":[{"id":17848,"href":"https:\/\/alsik.dk\/en\/wp-json\/wp\/v2\/pages\/5295\/revisions\/17848"}],"up":[{"embeddable":true,"href":"https:\/\/alsik.dk\/en\/wp-json\/wp\/v2\/pages\/5253"}],"wp:featuredmedia":[{"embeddable":true,"href":"https:\/\/alsik.dk\/en\/wp-json\/wp\/v2\/media\/8318"}],"wp:attachment":[{"href":"https:\/\/alsik.dk\/en\/wp-json\/wp\/v2\/media?parent=5295"}],"wp:term":[{"taxonomy":"post_tag","embeddable":true,"href":"https:\/\/alsik.dk\/en\/wp-json\/wp\/v2\/tags?post=5295"}],"curies":[{"name":"wp","href":"https:\/\/api.w.org\/{rel}","templated":true}]}}