{"id":5383,"date":"2020-09-10T13:56:06","date_gmt":"2020-09-10T11:56:06","guid":{"rendered":"http:\/\/alsik.dk\/?page_id=5383"},"modified":"2025-11-25T14:36:27","modified_gmt":"2025-11-25T13:36:27","slug":"syttende","status":"publish","type":"page","link":"https:\/\/alsik.dk\/en\/gastronomy\/syttende\/","title":{"rendered":"Welcome to Syttende"},"content":{"rendered":"<p>Syttende resonates with the most exquisite produce we could find. Every single ingredient is carefully selected, no matter where in the world it comes from. We are not limited by any dogmas but solely focus on the cr\u00e8me de la cr\u00e8me of produce, admixed with masterly craftsmanship.<\/p>\n<p>Syttende combines superb ingredients, tastes and traditions from all over the world with exquisite local produce. Yet although we gather inspiration and produce from every corner of the earth, we are firmly rooted in the South Jutland soil at the same time. This is the focal point of our world \u2013 from the vast, foaming sea and flat salt-marsh landscape of the west to the meandering fjords, deep subglacial stream trenches and fertile topsoil of the east. From the unspoilt diversity of wildlife and countryside that has made South Jutland self-sufficient for centuries.<\/p>\n","protected":false},"excerpt":{"rendered":"<p>Syttende resonates with the most exquisite produce we could find. Every single ingredient is carefully selected, no matter where in the world it comes from. We are not limited by any dogmas but solely focus on the cr\u00e8me de la cr\u00e8me of produce, admixed with masterly craftsmanship.<\/p>\n","protected":false},"author":7,"featured_media":17065,"parent":5253,"menu_order":0,"comment_status":"closed","ping_status":"closed","template":"","meta":{"_acf_changed":false,"footnotes":""},"tags":[],"class_list":["post-5383","page","type-page","status-publish","has-post-thumbnail","hentry"],"acf":[],"yoast_head":"<!-- This site is optimized with the Yoast SEO plugin v24.3 - https:\/\/yoast.com\/wordpress\/plugins\/seo\/ -->\n<title>Welcome to Syttende | Michelin Restaurant in S\u00f8nderborg<\/title>\n<meta name=\"description\" content=\"Syttende resonates with the most exquisite produce we could find. Experience the top restaurant at the top of Alsik.\" \/>\n<meta name=\"robots\" content=\"index, follow, max-snippet:-1, max-image-preview:large, max-video-preview:-1\" \/>\n<link rel=\"canonical\" href=\"https:\/\/alsik.dk\/en\/gastronomy\/syttende\/\" \/>\n<meta property=\"og:locale\" content=\"en_US\" \/>\n<meta property=\"og:type\" content=\"article\" \/>\n<meta property=\"og:title\" content=\"Welcome to Syttende | Michelin Restaurant in S\u00f8nderborg\" \/>\n<meta property=\"og:description\" content=\"Syttende resonates with the most exquisite produce we could find. Experience the top restaurant at the top of Alsik.\" \/>\n<meta property=\"og:url\" content=\"https:\/\/alsik.dk\/en\/gastronomy\/syttende\/\" \/>\n<meta property=\"og:site_name\" content=\"Alsik Hotel &amp; Spa\" \/>\n<meta property=\"article:modified_time\" content=\"2025-11-25T13:36:27+00:00\" \/>\n<meta property=\"og:image\" content=\"https:\/\/alsik.dk\/wp-content\/uploads\/2025\/11\/syttende-2025-1.jpg\" \/>\n\t<meta property=\"og:image:width\" content=\"1068\" \/>\n\t<meta property=\"og:image:height\" content=\"1600\" \/>\n\t<meta property=\"og:image:type\" content=\"image\/jpeg\" \/>\n<meta name=\"twitter:card\" content=\"summary_large_image\" \/>\n<meta name=\"twitter:label1\" content=\"Est. reading time\" \/>\n\t<meta name=\"twitter:data1\" content=\"1 minute\" \/>\n<script type=\"application\/ld+json\" class=\"yoast-schema-graph\">{\"@context\":\"https:\/\/schema.org\",\"@graph\":[{\"@type\":\"WebPage\",\"@id\":\"https:\/\/alsik.dk\/en\/gastronomy\/syttende\/\",\"url\":\"https:\/\/alsik.dk\/en\/gastronomy\/syttende\/\",\"name\":\"Welcome to Syttende | Michelin Restaurant in S\u00f8nderborg\",\"isPartOf\":{\"@id\":\"https:\/\/alsik.dk\/en\/#website\"},\"primaryImageOfPage\":{\"@id\":\"https:\/\/alsik.dk\/en\/gastronomy\/syttende\/#primaryimage\"},\"image\":{\"@id\":\"https:\/\/alsik.dk\/en\/gastronomy\/syttende\/#primaryimage\"},\"thumbnailUrl\":\"https:\/\/alsik.dk\/wp-content\/uploads\/2025\/11\/syttende-2025-1.jpg\",\"datePublished\":\"2020-09-10T11:56:06+00:00\",\"dateModified\":\"2025-11-25T13:36:27+00:00\",\"description\":\"Syttende resonates with the most exquisite produce we could find. Experience the top restaurant at the top of Alsik.\",\"breadcrumb\":{\"@id\":\"https:\/\/alsik.dk\/en\/gastronomy\/syttende\/#breadcrumb\"},\"inLanguage\":\"en-US\",\"potentialAction\":[{\"@type\":\"ReadAction\",\"target\":[\"https:\/\/alsik.dk\/en\/gastronomy\/syttende\/\"]}]},{\"@type\":\"ImageObject\",\"inLanguage\":\"en-US\",\"@id\":\"https:\/\/alsik.dk\/en\/gastronomy\/syttende\/#primaryimage\",\"url\":\"https:\/\/alsik.dk\/wp-content\/uploads\/2025\/11\/syttende-2025-1.jpg\",\"contentUrl\":\"https:\/\/alsik.dk\/wp-content\/uploads\/2025\/11\/syttende-2025-1.jpg\",\"width\":1068,\"height\":1600},{\"@type\":\"BreadcrumbList\",\"@id\":\"https:\/\/alsik.dk\/en\/gastronomy\/syttende\/#breadcrumb\",\"itemListElement\":[{\"@type\":\"ListItem\",\"position\":1,\"name\":\"Hjem\",\"item\":\"https:\/\/alsik.dk\/en\/\"},{\"@type\":\"ListItem\",\"position\":2,\"name\":\"Gastronomy in a class of its own\",\"item\":\"https:\/\/alsik.dk\/en\/gastronomy\/\"},{\"@type\":\"ListItem\",\"position\":3,\"name\":\"Welcome to Syttende\"}]},{\"@type\":\"WebSite\",\"@id\":\"https:\/\/alsik.dk\/en\/#website\",\"url\":\"https:\/\/alsik.dk\/en\/\",\"name\":\"Alsik Hotel &amp; Spa\",\"description\":\"Alsik er et af Danmarks mest sp\u00e6ndende hoteller med stilfulde og topmoderne v\u00e6relser. Her venter en verden af luksuri\u00f8s og hyggelig. Oplev Danmarks st\u00f8rste spa med flere end 60 forskellige spa- og wellnessoplevelser fordelt p\u00e5 4.500 kvadratmeter og fire etager. Eller fork\u00e6l sanserne med gastronomi i s\u00e6rklasse i Alsiks tre restauranter.\",\"potentialAction\":[{\"@type\":\"SearchAction\",\"target\":{\"@type\":\"EntryPoint\",\"urlTemplate\":\"https:\/\/alsik.dk\/en\/?s={search_term_string}\"},\"query-input\":{\"@type\":\"PropertyValueSpecification\",\"valueRequired\":true,\"valueName\":\"search_term_string\"}}],\"inLanguage\":\"en-US\"}]}<\/script>\n<!-- \/ Yoast SEO plugin. -->","yoast_head_json":{"title":"Welcome to Syttende | Michelin Restaurant in S\u00f8nderborg","description":"Syttende resonates with the most exquisite produce we could find. Experience the top restaurant at the top of Alsik.","robots":{"index":"index","follow":"follow","max-snippet":"max-snippet:-1","max-image-preview":"max-image-preview:large","max-video-preview":"max-video-preview:-1"},"canonical":"https:\/\/alsik.dk\/en\/gastronomy\/syttende\/","og_locale":"en_US","og_type":"article","og_title":"Welcome to Syttende | Michelin Restaurant in S\u00f8nderborg","og_description":"Syttende resonates with the most exquisite produce we could find. Experience the top restaurant at the top of Alsik.","og_url":"https:\/\/alsik.dk\/en\/gastronomy\/syttende\/","og_site_name":"Alsik Hotel &amp; Spa","article_modified_time":"2025-11-25T13:36:27+00:00","og_image":[{"width":1068,"height":1600,"url":"https:\/\/alsik.dk\/wp-content\/uploads\/2025\/11\/syttende-2025-1.jpg","type":"image\/jpeg"}],"twitter_card":"summary_large_image","twitter_misc":{"Est. reading time":"1 minute"},"schema":{"@context":"https:\/\/schema.org","@graph":[{"@type":"WebPage","@id":"https:\/\/alsik.dk\/en\/gastronomy\/syttende\/","url":"https:\/\/alsik.dk\/en\/gastronomy\/syttende\/","name":"Welcome to Syttende | Michelin Restaurant in S\u00f8nderborg","isPartOf":{"@id":"https:\/\/alsik.dk\/en\/#website"},"primaryImageOfPage":{"@id":"https:\/\/alsik.dk\/en\/gastronomy\/syttende\/#primaryimage"},"image":{"@id":"https:\/\/alsik.dk\/en\/gastronomy\/syttende\/#primaryimage"},"thumbnailUrl":"https:\/\/alsik.dk\/wp-content\/uploads\/2025\/11\/syttende-2025-1.jpg","datePublished":"2020-09-10T11:56:06+00:00","dateModified":"2025-11-25T13:36:27+00:00","description":"Syttende resonates with the most exquisite produce we could find. Experience the top restaurant at the top of Alsik.","breadcrumb":{"@id":"https:\/\/alsik.dk\/en\/gastronomy\/syttende\/#breadcrumb"},"inLanguage":"en-US","potentialAction":[{"@type":"ReadAction","target":["https:\/\/alsik.dk\/en\/gastronomy\/syttende\/"]}]},{"@type":"ImageObject","inLanguage":"en-US","@id":"https:\/\/alsik.dk\/en\/gastronomy\/syttende\/#primaryimage","url":"https:\/\/alsik.dk\/wp-content\/uploads\/2025\/11\/syttende-2025-1.jpg","contentUrl":"https:\/\/alsik.dk\/wp-content\/uploads\/2025\/11\/syttende-2025-1.jpg","width":1068,"height":1600},{"@type":"BreadcrumbList","@id":"https:\/\/alsik.dk\/en\/gastronomy\/syttende\/#breadcrumb","itemListElement":[{"@type":"ListItem","position":1,"name":"Hjem","item":"https:\/\/alsik.dk\/en\/"},{"@type":"ListItem","position":2,"name":"Gastronomy in a class of its own","item":"https:\/\/alsik.dk\/en\/gastronomy\/"},{"@type":"ListItem","position":3,"name":"Welcome to Syttende"}]},{"@type":"WebSite","@id":"https:\/\/alsik.dk\/en\/#website","url":"https:\/\/alsik.dk\/en\/","name":"Alsik Hotel &amp; Spa","description":"Alsik er et af Danmarks mest sp\u00e6ndende hoteller med stilfulde og topmoderne v\u00e6relser. Her venter en verden af luksuri\u00f8s og hyggelig. Oplev Danmarks st\u00f8rste spa med flere end 60 forskellige spa- og wellnessoplevelser fordelt p\u00e5 4.500 kvadratmeter og fire etager. Eller fork\u00e6l sanserne med gastronomi i s\u00e6rklasse i Alsiks tre restauranter.","potentialAction":[{"@type":"SearchAction","target":{"@type":"EntryPoint","urlTemplate":"https:\/\/alsik.dk\/en\/?s={search_term_string}"},"query-input":{"@type":"PropertyValueSpecification","valueRequired":true,"valueName":"search_term_string"}}],"inLanguage":"en-US"}]}},"_links":{"self":[{"href":"https:\/\/alsik.dk\/en\/wp-json\/wp\/v2\/pages\/5383","targetHints":{"allow":["GET"]}}],"collection":[{"href":"https:\/\/alsik.dk\/en\/wp-json\/wp\/v2\/pages"}],"about":[{"href":"https:\/\/alsik.dk\/en\/wp-json\/wp\/v2\/types\/page"}],"author":[{"embeddable":true,"href":"https:\/\/alsik.dk\/en\/wp-json\/wp\/v2\/users\/7"}],"replies":[{"embeddable":true,"href":"https:\/\/alsik.dk\/en\/wp-json\/wp\/v2\/comments?post=5383"}],"version-history":[{"count":5,"href":"https:\/\/alsik.dk\/en\/wp-json\/wp\/v2\/pages\/5383\/revisions"}],"predecessor-version":[{"id":17076,"href":"https:\/\/alsik.dk\/en\/wp-json\/wp\/v2\/pages\/5383\/revisions\/17076"}],"up":[{"embeddable":true,"href":"https:\/\/alsik.dk\/en\/wp-json\/wp\/v2\/pages\/5253"}],"wp:featuredmedia":[{"embeddable":true,"href":"https:\/\/alsik.dk\/en\/wp-json\/wp\/v2\/media\/17065"}],"wp:attachment":[{"href":"https:\/\/alsik.dk\/en\/wp-json\/wp\/v2\/media?parent=5383"}],"wp:term":[{"taxonomy":"post_tag","embeddable":true,"href":"https:\/\/alsik.dk\/en\/wp-json\/wp\/v2\/tags?post=5383"}],"curies":[{"name":"wp","href":"https:\/\/api.w.org\/{rel}","templated":true}]}}