{"id":5426,"date":"2020-09-10T16:28:07","date_gmt":"2020-09-10T14:28:07","guid":{"rendered":"http:\/\/alsik.dk\/?page_id=5426"},"modified":"2024-03-04T14:54:18","modified_gmt":"2024-03-04T13:54:18","slug":"meetings-events","status":"publish","type":"page","link":"https:\/\/alsik.dk\/en\/meetings-events\/","title":{"rendered":"Meetings &#038; Events"},"content":{"rendered":"<h2>Your business event is in the best hands at Alsik<\/h2>\n<p>As an ultramodern, exclusive meeting and conference hotel, we have considered every single detail to ensure that your participants have unique experiences, which will enhance the success of your professional event in every possible way.<\/p>\n","protected":false},"excerpt":{"rendered":"<p>At Alsik, we have created a perfect setting for your event, no matter if this involves single-day meetings, creative workshops, trade fairs, major business events or conferences lasting several days.<\/p>\n","protected":false},"author":7,"featured_media":5421,"parent":0,"menu_order":0,"comment_status":"closed","ping_status":"closed","template":"","meta":{"_acf_changed":false,"footnotes":""},"tags":[],"class_list":["post-5426","page","type-page","status-publish","has-post-thumbnail","hentry"],"acf":[],"yoast_head":"<!-- This site is optimized with the Yoast SEO plugin v24.3 - https:\/\/yoast.com\/wordpress\/plugins\/seo\/ -->\n<title>Meetings &amp; Events | Alsik Hotel &amp; Spa<\/title>\n<meta name=\"description\" content=\"Alsik is the perfect setting for your single-day meetings, creative workshops, major business events or conferences lasting several days.\" \/>\n<meta name=\"robots\" content=\"index, follow, max-snippet:-1, max-image-preview:large, max-video-preview:-1\" \/>\n<link rel=\"canonical\" href=\"https:\/\/alsik.dk\/en\/meetings-events\/\" \/>\n<meta property=\"og:locale\" content=\"en_US\" \/>\n<meta property=\"og:type\" content=\"article\" \/>\n<meta property=\"og:title\" content=\"Meetings &amp; Events | Alsik Hotel &amp; Spa\" \/>\n<meta property=\"og:description\" content=\"Alsik is the perfect setting for your single-day meetings, creative workshops, major business events or conferences lasting several days.\" \/>\n<meta property=\"og:url\" content=\"https:\/\/alsik.dk\/en\/meetings-events\/\" \/>\n<meta property=\"og:site_name\" content=\"Alsik Hotel &amp; Spa\" \/>\n<meta property=\"article:modified_time\" content=\"2024-03-04T13:54:18+00:00\" \/>\n<meta property=\"og:image\" content=\"https:\/\/alsik.dk\/wp-content\/uploads\/2020\/09\/konference2-1-scaled.jpg\" \/>\n\t<meta property=\"og:image:width\" content=\"2560\" \/>\n\t<meta property=\"og:image:height\" content=\"1707\" \/>\n\t<meta property=\"og:image:type\" content=\"image\/jpeg\" \/>\n<meta name=\"twitter:card\" content=\"summary_large_image\" \/>\n<meta name=\"twitter:label1\" content=\"Est. reading time\" \/>\n\t<meta name=\"twitter:data1\" content=\"1 minute\" \/>\n<script type=\"application\/ld+json\" class=\"yoast-schema-graph\">{\"@context\":\"https:\/\/schema.org\",\"@graph\":[{\"@type\":\"WebPage\",\"@id\":\"https:\/\/alsik.dk\/en\/meetings-events\/\",\"url\":\"https:\/\/alsik.dk\/en\/meetings-events\/\",\"name\":\"Meetings & Events | Alsik Hotel &amp; Spa\",\"isPartOf\":{\"@id\":\"https:\/\/alsik.dk\/en\/#website\"},\"primaryImageOfPage\":{\"@id\":\"https:\/\/alsik.dk\/en\/meetings-events\/#primaryimage\"},\"image\":{\"@id\":\"https:\/\/alsik.dk\/en\/meetings-events\/#primaryimage\"},\"thumbnailUrl\":\"https:\/\/alsik.dk\/wp-content\/uploads\/2020\/09\/konference2-1-scaled.jpg\",\"datePublished\":\"2020-09-10T14:28:07+00:00\",\"dateModified\":\"2024-03-04T13:54:18+00:00\",\"description\":\"Alsik is the perfect setting for your single-day meetings, creative workshops, major business events or conferences lasting several days.\",\"breadcrumb\":{\"@id\":\"https:\/\/alsik.dk\/en\/meetings-events\/#breadcrumb\"},\"inLanguage\":\"en-US\",\"potentialAction\":[{\"@type\":\"ReadAction\",\"target\":[\"https:\/\/alsik.dk\/en\/meetings-events\/\"]}]},{\"@type\":\"ImageObject\",\"inLanguage\":\"en-US\",\"@id\":\"https:\/\/alsik.dk\/en\/meetings-events\/#primaryimage\",\"url\":\"https:\/\/alsik.dk\/wp-content\/uploads\/2020\/09\/konference2-1-scaled.jpg\",\"contentUrl\":\"https:\/\/alsik.dk\/wp-content\/uploads\/2020\/09\/konference2-1-scaled.jpg\",\"width\":2560,\"height\":1707,\"caption\":\"Konference\"},{\"@type\":\"BreadcrumbList\",\"@id\":\"https:\/\/alsik.dk\/en\/meetings-events\/#breadcrumb\",\"itemListElement\":[{\"@type\":\"ListItem\",\"position\":1,\"name\":\"Hjem\",\"item\":\"https:\/\/alsik.dk\/en\/\"},{\"@type\":\"ListItem\",\"position\":2,\"name\":\"Meetings &#038; Events\"}]},{\"@type\":\"WebSite\",\"@id\":\"https:\/\/alsik.dk\/en\/#website\",\"url\":\"https:\/\/alsik.dk\/en\/\",\"name\":\"Alsik Hotel &amp; Spa\",\"description\":\"Alsik er et af Danmarks mest sp\u00e6ndende hoteller med stilfulde og topmoderne v\u00e6relser. Her venter en verden af luksuri\u00f8s og hyggelig. Oplev Danmarks st\u00f8rste spa med flere end 60 forskellige spa- og wellnessoplevelser fordelt p\u00e5 4.500 kvadratmeter og fire etager. Eller fork\u00e6l sanserne med gastronomi i s\u00e6rklasse i Alsiks tre restauranter.\",\"potentialAction\":[{\"@type\":\"SearchAction\",\"target\":{\"@type\":\"EntryPoint\",\"urlTemplate\":\"https:\/\/alsik.dk\/en\/?s={search_term_string}\"},\"query-input\":{\"@type\":\"PropertyValueSpecification\",\"valueRequired\":true,\"valueName\":\"search_term_string\"}}],\"inLanguage\":\"en-US\"}]}<\/script>\n<!-- \/ Yoast SEO plugin. -->","yoast_head_json":{"title":"Meetings & Events | Alsik Hotel &amp; Spa","description":"Alsik is the perfect setting for your single-day meetings, creative workshops, major business events or conferences lasting several days.","robots":{"index":"index","follow":"follow","max-snippet":"max-snippet:-1","max-image-preview":"max-image-preview:large","max-video-preview":"max-video-preview:-1"},"canonical":"https:\/\/alsik.dk\/en\/meetings-events\/","og_locale":"en_US","og_type":"article","og_title":"Meetings & Events | Alsik Hotel &amp; Spa","og_description":"Alsik is the perfect setting for your single-day meetings, creative workshops, major business events or conferences lasting several days.","og_url":"https:\/\/alsik.dk\/en\/meetings-events\/","og_site_name":"Alsik Hotel &amp; Spa","article_modified_time":"2024-03-04T13:54:18+00:00","og_image":[{"width":2560,"height":1707,"url":"https:\/\/alsik.dk\/wp-content\/uploads\/2020\/09\/konference2-1-scaled.jpg","type":"image\/jpeg"}],"twitter_card":"summary_large_image","twitter_misc":{"Est. reading time":"1 minute"},"schema":{"@context":"https:\/\/schema.org","@graph":[{"@type":"WebPage","@id":"https:\/\/alsik.dk\/en\/meetings-events\/","url":"https:\/\/alsik.dk\/en\/meetings-events\/","name":"Meetings & Events | Alsik Hotel &amp; Spa","isPartOf":{"@id":"https:\/\/alsik.dk\/en\/#website"},"primaryImageOfPage":{"@id":"https:\/\/alsik.dk\/en\/meetings-events\/#primaryimage"},"image":{"@id":"https:\/\/alsik.dk\/en\/meetings-events\/#primaryimage"},"thumbnailUrl":"https:\/\/alsik.dk\/wp-content\/uploads\/2020\/09\/konference2-1-scaled.jpg","datePublished":"2020-09-10T14:28:07+00:00","dateModified":"2024-03-04T13:54:18+00:00","description":"Alsik is the perfect setting for your single-day meetings, creative workshops, major business events or conferences lasting several days.","breadcrumb":{"@id":"https:\/\/alsik.dk\/en\/meetings-events\/#breadcrumb"},"inLanguage":"en-US","potentialAction":[{"@type":"ReadAction","target":["https:\/\/alsik.dk\/en\/meetings-events\/"]}]},{"@type":"ImageObject","inLanguage":"en-US","@id":"https:\/\/alsik.dk\/en\/meetings-events\/#primaryimage","url":"https:\/\/alsik.dk\/wp-content\/uploads\/2020\/09\/konference2-1-scaled.jpg","contentUrl":"https:\/\/alsik.dk\/wp-content\/uploads\/2020\/09\/konference2-1-scaled.jpg","width":2560,"height":1707,"caption":"Konference"},{"@type":"BreadcrumbList","@id":"https:\/\/alsik.dk\/en\/meetings-events\/#breadcrumb","itemListElement":[{"@type":"ListItem","position":1,"name":"Hjem","item":"https:\/\/alsik.dk\/en\/"},{"@type":"ListItem","position":2,"name":"Meetings &#038; Events"}]},{"@type":"WebSite","@id":"https:\/\/alsik.dk\/en\/#website","url":"https:\/\/alsik.dk\/en\/","name":"Alsik Hotel &amp; Spa","description":"Alsik er et af Danmarks mest sp\u00e6ndende hoteller med stilfulde og topmoderne v\u00e6relser. Her venter en verden af luksuri\u00f8s og hyggelig. Oplev Danmarks st\u00f8rste spa med flere end 60 forskellige spa- og wellnessoplevelser fordelt p\u00e5 4.500 kvadratmeter og fire etager. Eller fork\u00e6l sanserne med gastronomi i s\u00e6rklasse i Alsiks tre restauranter.","potentialAction":[{"@type":"SearchAction","target":{"@type":"EntryPoint","urlTemplate":"https:\/\/alsik.dk\/en\/?s={search_term_string}"},"query-input":{"@type":"PropertyValueSpecification","valueRequired":true,"valueName":"search_term_string"}}],"inLanguage":"en-US"}]}},"_links":{"self":[{"href":"https:\/\/alsik.dk\/en\/wp-json\/wp\/v2\/pages\/5426","targetHints":{"allow":["GET"]}}],"collection":[{"href":"https:\/\/alsik.dk\/en\/wp-json\/wp\/v2\/pages"}],"about":[{"href":"https:\/\/alsik.dk\/en\/wp-json\/wp\/v2\/types\/page"}],"author":[{"embeddable":true,"href":"https:\/\/alsik.dk\/en\/wp-json\/wp\/v2\/users\/7"}],"replies":[{"embeddable":true,"href":"https:\/\/alsik.dk\/en\/wp-json\/wp\/v2\/comments?post=5426"}],"version-history":[{"count":8,"href":"https:\/\/alsik.dk\/en\/wp-json\/wp\/v2\/pages\/5426\/revisions"}],"predecessor-version":[{"id":13469,"href":"https:\/\/alsik.dk\/en\/wp-json\/wp\/v2\/pages\/5426\/revisions\/13469"}],"wp:featuredmedia":[{"embeddable":true,"href":"https:\/\/alsik.dk\/en\/wp-json\/wp\/v2\/media\/5421"}],"wp:attachment":[{"href":"https:\/\/alsik.dk\/en\/wp-json\/wp\/v2\/media?parent=5426"}],"wp:term":[{"taxonomy":"post_tag","embeddable":true,"href":"https:\/\/alsik.dk\/en\/wp-json\/wp\/v2\/tags?post=5426"}],"curies":[{"name":"wp","href":"https:\/\/api.w.org\/{rel}","templated":true}]}}