{"id":5467,"date":"2020-09-11T12:22:20","date_gmt":"2020-09-11T10:22:20","guid":{"rendered":"http:\/\/alsik.dk\/?page_id=5467"},"modified":"2024-03-04T14:26:01","modified_gmt":"2024-03-04T13:26:01","slug":"rooms-and-facilities","status":"publish","type":"page","link":"https:\/\/alsik.dk\/en\/meetings-events\/rooms-and-facilities\/","title":{"rendered":"Rooms and facilities"},"content":{"rendered":"<p>As a newly built, ultramodern meeting and conference hotel, Alsik offers a comprehensive, flexible business area that can be meticulously tailored to meet your needs and embodies the very latest in conference and meeting technology.<\/p>\n<h3>Flexible, inviting meeting and conference rooms<\/h3>\n<p>The conference area itself covers 1,500\u00a0m<sup>2<\/sup>, which enables meetings and conferences of every size and set-up. The area includes nine specially-designed conference and meeting rooms as well as an exclusive boardroom. The two biggest conference rooms can be joined into one room covering 372 m<sup>2<\/sup>, accommodating roughly 300 participants. The room opens directly onto a large inviting patio overlooking Alssund.<\/p>\n","protected":false},"excerpt":{"rendered":"<p>Alsik\u2019s event and conference area (covering 1,500 m2) features nine conference and meeting rooms, and an exclusive boardroom. Needless to say, the entire area is equipped with state-of-the-art IT and entertainment technology with undreamt-of possibilities for being integrated into a successful event flow.<\/p>\n","protected":false},"author":7,"featured_media":5446,"parent":5426,"menu_order":0,"comment_status":"closed","ping_status":"closed","template":"","meta":{"_acf_changed":false,"footnotes":""},"tags":[],"class_list":["post-5467","page","type-page","status-publish","has-post-thumbnail","hentry"],"acf":[],"yoast_head":"<!-- This site is optimized with the Yoast SEO plugin v24.3 - https:\/\/yoast.com\/wordpress\/plugins\/seo\/ -->\n<title>Rooms and facilities | Alsik Hotel &amp; Spa<\/title>\n<meta name=\"description\" content=\"Alsik\u2019s event and conference area (covering 1,500 m2) features nine conference and meeting rooms, and an exclusive boardroom.\" \/>\n<meta name=\"robots\" content=\"index, follow, max-snippet:-1, max-image-preview:large, max-video-preview:-1\" \/>\n<link rel=\"canonical\" href=\"https:\/\/alsik.dk\/en\/meetings-events\/rooms-and-facilities\/\" \/>\n<meta property=\"og:locale\" content=\"en_US\" \/>\n<meta property=\"og:type\" content=\"article\" \/>\n<meta property=\"og:title\" content=\"Rooms and facilities | Alsik Hotel &amp; Spa\" \/>\n<meta property=\"og:description\" content=\"Alsik\u2019s event and conference area (covering 1,500 m2) features nine conference and meeting rooms, and an exclusive boardroom.\" \/>\n<meta property=\"og:url\" content=\"https:\/\/alsik.dk\/en\/meetings-events\/rooms-and-facilities\/\" \/>\n<meta property=\"og:site_name\" content=\"Alsik Hotel &amp; Spa\" \/>\n<meta property=\"article:modified_time\" content=\"2024-03-04T13:26:01+00:00\" \/>\n<meta property=\"og:image\" content=\"https:\/\/alsik.dk\/wp-content\/uploads\/2020\/09\/konference4-scaled.jpg\" \/>\n\t<meta property=\"og:image:width\" content=\"2560\" \/>\n\t<meta property=\"og:image:height\" content=\"1707\" \/>\n\t<meta property=\"og:image:type\" content=\"image\/jpeg\" \/>\n<meta name=\"twitter:card\" content=\"summary_large_image\" \/>\n<meta name=\"twitter:label1\" content=\"Est. reading time\" \/>\n\t<meta name=\"twitter:data1\" content=\"1 minute\" \/>\n<script type=\"application\/ld+json\" class=\"yoast-schema-graph\">{\"@context\":\"https:\/\/schema.org\",\"@graph\":[{\"@type\":\"WebPage\",\"@id\":\"https:\/\/alsik.dk\/en\/meetings-events\/rooms-and-facilities\/\",\"url\":\"https:\/\/alsik.dk\/en\/meetings-events\/rooms-and-facilities\/\",\"name\":\"Rooms and facilities | Alsik Hotel &amp; Spa\",\"isPartOf\":{\"@id\":\"https:\/\/alsik.dk\/en\/#website\"},\"primaryImageOfPage\":{\"@id\":\"https:\/\/alsik.dk\/en\/meetings-events\/rooms-and-facilities\/#primaryimage\"},\"image\":{\"@id\":\"https:\/\/alsik.dk\/en\/meetings-events\/rooms-and-facilities\/#primaryimage\"},\"thumbnailUrl\":\"https:\/\/alsik.dk\/wp-content\/uploads\/2020\/09\/konference4-scaled.jpg\",\"datePublished\":\"2020-09-11T10:22:20+00:00\",\"dateModified\":\"2024-03-04T13:26:01+00:00\",\"description\":\"Alsik\u2019s event and conference area (covering 1,500 m2) features nine conference and meeting rooms, and an exclusive boardroom.\",\"breadcrumb\":{\"@id\":\"https:\/\/alsik.dk\/en\/meetings-events\/rooms-and-facilities\/#breadcrumb\"},\"inLanguage\":\"en-US\",\"potentialAction\":[{\"@type\":\"ReadAction\",\"target\":[\"https:\/\/alsik.dk\/en\/meetings-events\/rooms-and-facilities\/\"]}]},{\"@type\":\"ImageObject\",\"inLanguage\":\"en-US\",\"@id\":\"https:\/\/alsik.dk\/en\/meetings-events\/rooms-and-facilities\/#primaryimage\",\"url\":\"https:\/\/alsik.dk\/wp-content\/uploads\/2020\/09\/konference4-scaled.jpg\",\"contentUrl\":\"https:\/\/alsik.dk\/wp-content\/uploads\/2020\/09\/konference4-scaled.jpg\",\"width\":2560,\"height\":1707,\"caption\":\"Lokaler og faciliteter\"},{\"@type\":\"BreadcrumbList\",\"@id\":\"https:\/\/alsik.dk\/en\/meetings-events\/rooms-and-facilities\/#breadcrumb\",\"itemListElement\":[{\"@type\":\"ListItem\",\"position\":1,\"name\":\"Hjem\",\"item\":\"https:\/\/alsik.dk\/en\/\"},{\"@type\":\"ListItem\",\"position\":2,\"name\":\"Meetings &#038; Events\",\"item\":\"https:\/\/alsik.dk\/en\/meetings-events\/\"},{\"@type\":\"ListItem\",\"position\":3,\"name\":\"Rooms and facilities\"}]},{\"@type\":\"WebSite\",\"@id\":\"https:\/\/alsik.dk\/en\/#website\",\"url\":\"https:\/\/alsik.dk\/en\/\",\"name\":\"Alsik Hotel &amp; Spa\",\"description\":\"Alsik er et af Danmarks mest sp\u00e6ndende hoteller med stilfulde og topmoderne v\u00e6relser. Her venter en verden af luksuri\u00f8s og hyggelig. Oplev Danmarks st\u00f8rste spa med flere end 60 forskellige spa- og wellnessoplevelser fordelt p\u00e5 4.500 kvadratmeter og fire etager. Eller fork\u00e6l sanserne med gastronomi i s\u00e6rklasse i Alsiks tre restauranter.\",\"potentialAction\":[{\"@type\":\"SearchAction\",\"target\":{\"@type\":\"EntryPoint\",\"urlTemplate\":\"https:\/\/alsik.dk\/en\/?s={search_term_string}\"},\"query-input\":{\"@type\":\"PropertyValueSpecification\",\"valueRequired\":true,\"valueName\":\"search_term_string\"}}],\"inLanguage\":\"en-US\"}]}<\/script>\n<!-- \/ Yoast SEO plugin. -->","yoast_head_json":{"title":"Rooms and facilities | Alsik Hotel &amp; Spa","description":"Alsik\u2019s event and conference area (covering 1,500 m2) features nine conference and meeting rooms, and an exclusive boardroom.","robots":{"index":"index","follow":"follow","max-snippet":"max-snippet:-1","max-image-preview":"max-image-preview:large","max-video-preview":"max-video-preview:-1"},"canonical":"https:\/\/alsik.dk\/en\/meetings-events\/rooms-and-facilities\/","og_locale":"en_US","og_type":"article","og_title":"Rooms and facilities | Alsik Hotel &amp; Spa","og_description":"Alsik\u2019s event and conference area (covering 1,500 m2) features nine conference and meeting rooms, and an exclusive boardroom.","og_url":"https:\/\/alsik.dk\/en\/meetings-events\/rooms-and-facilities\/","og_site_name":"Alsik Hotel &amp; Spa","article_modified_time":"2024-03-04T13:26:01+00:00","og_image":[{"width":2560,"height":1707,"url":"https:\/\/alsik.dk\/wp-content\/uploads\/2020\/09\/konference4-scaled.jpg","type":"image\/jpeg"}],"twitter_card":"summary_large_image","twitter_misc":{"Est. reading time":"1 minute"},"schema":{"@context":"https:\/\/schema.org","@graph":[{"@type":"WebPage","@id":"https:\/\/alsik.dk\/en\/meetings-events\/rooms-and-facilities\/","url":"https:\/\/alsik.dk\/en\/meetings-events\/rooms-and-facilities\/","name":"Rooms and facilities | Alsik Hotel &amp; Spa","isPartOf":{"@id":"https:\/\/alsik.dk\/en\/#website"},"primaryImageOfPage":{"@id":"https:\/\/alsik.dk\/en\/meetings-events\/rooms-and-facilities\/#primaryimage"},"image":{"@id":"https:\/\/alsik.dk\/en\/meetings-events\/rooms-and-facilities\/#primaryimage"},"thumbnailUrl":"https:\/\/alsik.dk\/wp-content\/uploads\/2020\/09\/konference4-scaled.jpg","datePublished":"2020-09-11T10:22:20+00:00","dateModified":"2024-03-04T13:26:01+00:00","description":"Alsik\u2019s event and conference area (covering 1,500 m2) features nine conference and meeting rooms, and an exclusive boardroom.","breadcrumb":{"@id":"https:\/\/alsik.dk\/en\/meetings-events\/rooms-and-facilities\/#breadcrumb"},"inLanguage":"en-US","potentialAction":[{"@type":"ReadAction","target":["https:\/\/alsik.dk\/en\/meetings-events\/rooms-and-facilities\/"]}]},{"@type":"ImageObject","inLanguage":"en-US","@id":"https:\/\/alsik.dk\/en\/meetings-events\/rooms-and-facilities\/#primaryimage","url":"https:\/\/alsik.dk\/wp-content\/uploads\/2020\/09\/konference4-scaled.jpg","contentUrl":"https:\/\/alsik.dk\/wp-content\/uploads\/2020\/09\/konference4-scaled.jpg","width":2560,"height":1707,"caption":"Lokaler og faciliteter"},{"@type":"BreadcrumbList","@id":"https:\/\/alsik.dk\/en\/meetings-events\/rooms-and-facilities\/#breadcrumb","itemListElement":[{"@type":"ListItem","position":1,"name":"Hjem","item":"https:\/\/alsik.dk\/en\/"},{"@type":"ListItem","position":2,"name":"Meetings &#038; Events","item":"https:\/\/alsik.dk\/en\/meetings-events\/"},{"@type":"ListItem","position":3,"name":"Rooms and facilities"}]},{"@type":"WebSite","@id":"https:\/\/alsik.dk\/en\/#website","url":"https:\/\/alsik.dk\/en\/","name":"Alsik Hotel &amp; Spa","description":"Alsik er et af Danmarks mest sp\u00e6ndende hoteller med stilfulde og topmoderne v\u00e6relser. Her venter en verden af luksuri\u00f8s og hyggelig. Oplev Danmarks st\u00f8rste spa med flere end 60 forskellige spa- og wellnessoplevelser fordelt p\u00e5 4.500 kvadratmeter og fire etager. Eller fork\u00e6l sanserne med gastronomi i s\u00e6rklasse i Alsiks tre restauranter.","potentialAction":[{"@type":"SearchAction","target":{"@type":"EntryPoint","urlTemplate":"https:\/\/alsik.dk\/en\/?s={search_term_string}"},"query-input":{"@type":"PropertyValueSpecification","valueRequired":true,"valueName":"search_term_string"}}],"inLanguage":"en-US"}]}},"_links":{"self":[{"href":"https:\/\/alsik.dk\/en\/wp-json\/wp\/v2\/pages\/5467","targetHints":{"allow":["GET"]}}],"collection":[{"href":"https:\/\/alsik.dk\/en\/wp-json\/wp\/v2\/pages"}],"about":[{"href":"https:\/\/alsik.dk\/en\/wp-json\/wp\/v2\/types\/page"}],"author":[{"embeddable":true,"href":"https:\/\/alsik.dk\/en\/wp-json\/wp\/v2\/users\/7"}],"replies":[{"embeddable":true,"href":"https:\/\/alsik.dk\/en\/wp-json\/wp\/v2\/comments?post=5467"}],"version-history":[{"count":11,"href":"https:\/\/alsik.dk\/en\/wp-json\/wp\/v2\/pages\/5467\/revisions"}],"predecessor-version":[{"id":13468,"href":"https:\/\/alsik.dk\/en\/wp-json\/wp\/v2\/pages\/5467\/revisions\/13468"}],"up":[{"embeddable":true,"href":"https:\/\/alsik.dk\/en\/wp-json\/wp\/v2\/pages\/5426"}],"wp:featuredmedia":[{"embeddable":true,"href":"https:\/\/alsik.dk\/en\/wp-json\/wp\/v2\/media\/5446"}],"wp:attachment":[{"href":"https:\/\/alsik.dk\/en\/wp-json\/wp\/v2\/media?parent=5467"}],"wp:term":[{"taxonomy":"post_tag","embeddable":true,"href":"https:\/\/alsik.dk\/en\/wp-json\/wp\/v2\/tags?post=5467"}],"curies":[{"name":"wp","href":"https:\/\/api.w.org\/{rel}","templated":true}]}}