{"id":5492,"date":"2020-09-11T12:43:11","date_gmt":"2020-09-11T10:43:11","guid":{"rendered":"http:\/\/alsik.dk\/?page_id=5492"},"modified":"2026-01-08T10:46:16","modified_gmt":"2026-01-08T09:46:16","slug":"meeting-packages","status":"publish","type":"page","link":"https:\/\/alsik.dk\/en\/meetings-events\/meeting-packages\/","title":{"rendered":"Meeting packages"},"content":{"rendered":"<p>Your Alsik event will have both visions and views.<\/p>\n<p>Alsik is situated at the gateway to Europe, but only 35 minutes from Copenhagen. This is where we have created a perfect setting for your event, no matter if it involves single-day meetings, trade fairs, major events or several-day conferences. We have meticulously prepared everything down to the last detail to ensure an outstanding experience with a unique opportunity to combine business and pleasure.<\/p>\n","protected":false},"excerpt":{"rendered":"<p>Alsik provides the perfect setting for your event, no matter if this involves single-day meetings, trade fairs, major events or several-day conferences.<\/p>\n","protected":false},"author":7,"featured_media":5482,"parent":5426,"menu_order":0,"comment_status":"closed","ping_status":"closed","template":"","meta":{"_acf_changed":false,"footnotes":""},"tags":[],"class_list":["post-5492","page","type-page","status-publish","has-post-thumbnail","hentry"],"acf":[],"yoast_head":"<!-- This site is optimized with the Yoast SEO plugin v24.3 - https:\/\/yoast.com\/wordpress\/plugins\/seo\/ -->\n<title>Meeting packages | Alsik Hotel &amp; Spa<\/title>\n<meta name=\"description\" content=\"Alsik provides the perfect setting for your single-day meetings, trade fairs, major events or several-day conferences.\" \/>\n<meta name=\"robots\" content=\"index, follow, max-snippet:-1, max-image-preview:large, max-video-preview:-1\" \/>\n<link rel=\"canonical\" href=\"https:\/\/alsik.dk\/en\/meetings-events\/meeting-packages\/\" \/>\n<meta property=\"og:locale\" content=\"en_US\" \/>\n<meta property=\"og:type\" content=\"article\" \/>\n<meta property=\"og:title\" content=\"Meeting packages | Alsik Hotel &amp; Spa\" \/>\n<meta property=\"og:description\" content=\"Alsik provides the perfect setting for your single-day meetings, trade fairs, major events or several-day conferences.\" \/>\n<meta property=\"og:url\" content=\"https:\/\/alsik.dk\/en\/meetings-events\/meeting-packages\/\" \/>\n<meta property=\"og:site_name\" content=\"Alsik Hotel &amp; Spa\" \/>\n<meta property=\"article:modified_time\" content=\"2026-01-08T09:46:16+00:00\" \/>\n<meta property=\"og:image\" content=\"https:\/\/alsik.dk\/wp-content\/uploads\/2020\/09\/ALISKKON_EDIT14of29.jpg\" \/>\n\t<meta property=\"og:image:width\" content=\"1024\" \/>\n\t<meta property=\"og:image:height\" content=\"683\" \/>\n\t<meta property=\"og:image:type\" content=\"image\/jpeg\" \/>\n<meta name=\"twitter:card\" content=\"summary_large_image\" \/>\n<meta name=\"twitter:label1\" content=\"Est. reading time\" \/>\n\t<meta name=\"twitter:data1\" content=\"1 minute\" \/>\n<script type=\"application\/ld+json\" class=\"yoast-schema-graph\">{\"@context\":\"https:\/\/schema.org\",\"@graph\":[{\"@type\":\"WebPage\",\"@id\":\"https:\/\/alsik.dk\/en\/meetings-events\/meeting-packages\/\",\"url\":\"https:\/\/alsik.dk\/en\/meetings-events\/meeting-packages\/\",\"name\":\"Meeting packages | Alsik Hotel &amp; Spa\",\"isPartOf\":{\"@id\":\"https:\/\/alsik.dk\/en\/#website\"},\"primaryImageOfPage\":{\"@id\":\"https:\/\/alsik.dk\/en\/meetings-events\/meeting-packages\/#primaryimage\"},\"image\":{\"@id\":\"https:\/\/alsik.dk\/en\/meetings-events\/meeting-packages\/#primaryimage\"},\"thumbnailUrl\":\"https:\/\/alsik.dk\/wp-content\/uploads\/2020\/09\/ALISKKON_EDIT14of29.jpg\",\"datePublished\":\"2020-09-11T10:43:11+00:00\",\"dateModified\":\"2026-01-08T09:46:16+00:00\",\"description\":\"Alsik provides the perfect setting for your single-day meetings, trade fairs, major events or several-day conferences.\",\"breadcrumb\":{\"@id\":\"https:\/\/alsik.dk\/en\/meetings-events\/meeting-packages\/#breadcrumb\"},\"inLanguage\":\"en-US\",\"potentialAction\":[{\"@type\":\"ReadAction\",\"target\":[\"https:\/\/alsik.dk\/en\/meetings-events\/meeting-packages\/\"]}]},{\"@type\":\"ImageObject\",\"inLanguage\":\"en-US\",\"@id\":\"https:\/\/alsik.dk\/en\/meetings-events\/meeting-packages\/#primaryimage\",\"url\":\"https:\/\/alsik.dk\/wp-content\/uploads\/2020\/09\/ALISKKON_EDIT14of29.jpg\",\"contentUrl\":\"https:\/\/alsik.dk\/wp-content\/uploads\/2020\/09\/ALISKKON_EDIT14of29.jpg\",\"width\":1024,\"height\":683,\"caption\":\"m\u00f8der og konferencer\"},{\"@type\":\"BreadcrumbList\",\"@id\":\"https:\/\/alsik.dk\/en\/meetings-events\/meeting-packages\/#breadcrumb\",\"itemListElement\":[{\"@type\":\"ListItem\",\"position\":1,\"name\":\"Hjem\",\"item\":\"https:\/\/alsik.dk\/en\/\"},{\"@type\":\"ListItem\",\"position\":2,\"name\":\"Meetings &#038; Events\",\"item\":\"https:\/\/alsik.dk\/en\/meetings-events\/\"},{\"@type\":\"ListItem\",\"position\":3,\"name\":\"Meeting packages\"}]},{\"@type\":\"WebSite\",\"@id\":\"https:\/\/alsik.dk\/en\/#website\",\"url\":\"https:\/\/alsik.dk\/en\/\",\"name\":\"Alsik Hotel &amp; Spa\",\"description\":\"Alsik er et af Danmarks mest sp\u00e6ndende hoteller med stilfulde og topmoderne v\u00e6relser. Her venter en verden af luksuri\u00f8s og hyggelig. Oplev Danmarks st\u00f8rste spa med flere end 60 forskellige spa- og wellnessoplevelser fordelt p\u00e5 4.500 kvadratmeter og fire etager. Eller fork\u00e6l sanserne med gastronomi i s\u00e6rklasse i Alsiks tre restauranter.\",\"potentialAction\":[{\"@type\":\"SearchAction\",\"target\":{\"@type\":\"EntryPoint\",\"urlTemplate\":\"https:\/\/alsik.dk\/en\/?s={search_term_string}\"},\"query-input\":{\"@type\":\"PropertyValueSpecification\",\"valueRequired\":true,\"valueName\":\"search_term_string\"}}],\"inLanguage\":\"en-US\"}]}<\/script>\n<!-- \/ Yoast SEO plugin. -->","yoast_head_json":{"title":"Meeting packages | Alsik Hotel &amp; Spa","description":"Alsik provides the perfect setting for your single-day meetings, trade fairs, major events or several-day conferences.","robots":{"index":"index","follow":"follow","max-snippet":"max-snippet:-1","max-image-preview":"max-image-preview:large","max-video-preview":"max-video-preview:-1"},"canonical":"https:\/\/alsik.dk\/en\/meetings-events\/meeting-packages\/","og_locale":"en_US","og_type":"article","og_title":"Meeting packages | Alsik Hotel &amp; Spa","og_description":"Alsik provides the perfect setting for your single-day meetings, trade fairs, major events or several-day conferences.","og_url":"https:\/\/alsik.dk\/en\/meetings-events\/meeting-packages\/","og_site_name":"Alsik Hotel &amp; Spa","article_modified_time":"2026-01-08T09:46:16+00:00","og_image":[{"width":1024,"height":683,"url":"https:\/\/alsik.dk\/wp-content\/uploads\/2020\/09\/ALISKKON_EDIT14of29.jpg","type":"image\/jpeg"}],"twitter_card":"summary_large_image","twitter_misc":{"Est. reading time":"1 minute"},"schema":{"@context":"https:\/\/schema.org","@graph":[{"@type":"WebPage","@id":"https:\/\/alsik.dk\/en\/meetings-events\/meeting-packages\/","url":"https:\/\/alsik.dk\/en\/meetings-events\/meeting-packages\/","name":"Meeting packages | Alsik Hotel &amp; Spa","isPartOf":{"@id":"https:\/\/alsik.dk\/en\/#website"},"primaryImageOfPage":{"@id":"https:\/\/alsik.dk\/en\/meetings-events\/meeting-packages\/#primaryimage"},"image":{"@id":"https:\/\/alsik.dk\/en\/meetings-events\/meeting-packages\/#primaryimage"},"thumbnailUrl":"https:\/\/alsik.dk\/wp-content\/uploads\/2020\/09\/ALISKKON_EDIT14of29.jpg","datePublished":"2020-09-11T10:43:11+00:00","dateModified":"2026-01-08T09:46:16+00:00","description":"Alsik provides the perfect setting for your single-day meetings, trade fairs, major events or several-day conferences.","breadcrumb":{"@id":"https:\/\/alsik.dk\/en\/meetings-events\/meeting-packages\/#breadcrumb"},"inLanguage":"en-US","potentialAction":[{"@type":"ReadAction","target":["https:\/\/alsik.dk\/en\/meetings-events\/meeting-packages\/"]}]},{"@type":"ImageObject","inLanguage":"en-US","@id":"https:\/\/alsik.dk\/en\/meetings-events\/meeting-packages\/#primaryimage","url":"https:\/\/alsik.dk\/wp-content\/uploads\/2020\/09\/ALISKKON_EDIT14of29.jpg","contentUrl":"https:\/\/alsik.dk\/wp-content\/uploads\/2020\/09\/ALISKKON_EDIT14of29.jpg","width":1024,"height":683,"caption":"m\u00f8der og konferencer"},{"@type":"BreadcrumbList","@id":"https:\/\/alsik.dk\/en\/meetings-events\/meeting-packages\/#breadcrumb","itemListElement":[{"@type":"ListItem","position":1,"name":"Hjem","item":"https:\/\/alsik.dk\/en\/"},{"@type":"ListItem","position":2,"name":"Meetings &#038; Events","item":"https:\/\/alsik.dk\/en\/meetings-events\/"},{"@type":"ListItem","position":3,"name":"Meeting packages"}]},{"@type":"WebSite","@id":"https:\/\/alsik.dk\/en\/#website","url":"https:\/\/alsik.dk\/en\/","name":"Alsik Hotel &amp; Spa","description":"Alsik er et af Danmarks mest sp\u00e6ndende hoteller med stilfulde og topmoderne v\u00e6relser. Her venter en verden af luksuri\u00f8s og hyggelig. Oplev Danmarks st\u00f8rste spa med flere end 60 forskellige spa- og wellnessoplevelser fordelt p\u00e5 4.500 kvadratmeter og fire etager. Eller fork\u00e6l sanserne med gastronomi i s\u00e6rklasse i Alsiks tre restauranter.","potentialAction":[{"@type":"SearchAction","target":{"@type":"EntryPoint","urlTemplate":"https:\/\/alsik.dk\/en\/?s={search_term_string}"},"query-input":{"@type":"PropertyValueSpecification","valueRequired":true,"valueName":"search_term_string"}}],"inLanguage":"en-US"}]}},"_links":{"self":[{"href":"https:\/\/alsik.dk\/en\/wp-json\/wp\/v2\/pages\/5492","targetHints":{"allow":["GET"]}}],"collection":[{"href":"https:\/\/alsik.dk\/en\/wp-json\/wp\/v2\/pages"}],"about":[{"href":"https:\/\/alsik.dk\/en\/wp-json\/wp\/v2\/types\/page"}],"author":[{"embeddable":true,"href":"https:\/\/alsik.dk\/en\/wp-json\/wp\/v2\/users\/7"}],"replies":[{"embeddable":true,"href":"https:\/\/alsik.dk\/en\/wp-json\/wp\/v2\/comments?post=5492"}],"version-history":[{"count":21,"href":"https:\/\/alsik.dk\/en\/wp-json\/wp\/v2\/pages\/5492\/revisions"}],"predecessor-version":[{"id":17461,"href":"https:\/\/alsik.dk\/en\/wp-json\/wp\/v2\/pages\/5492\/revisions\/17461"}],"up":[{"embeddable":true,"href":"https:\/\/alsik.dk\/en\/wp-json\/wp\/v2\/pages\/5426"}],"wp:featuredmedia":[{"embeddable":true,"href":"https:\/\/alsik.dk\/en\/wp-json\/wp\/v2\/media\/5482"}],"wp:attachment":[{"href":"https:\/\/alsik.dk\/en\/wp-json\/wp\/v2\/media?parent=5492"}],"wp:term":[{"taxonomy":"post_tag","embeddable":true,"href":"https:\/\/alsik.dk\/en\/wp-json\/wp\/v2\/tags?post=5492"}],"curies":[{"name":"wp","href":"https:\/\/api.w.org\/{rel}","templated":true}]}}