{"id":5518,"date":"2020-09-11T13:02:06","date_gmt":"2020-09-11T11:02:06","guid":{"rendered":"http:\/\/alsik.dk\/?page_id=5518"},"modified":"2025-04-28T10:56:15","modified_gmt":"2025-04-28T08:56:15","slug":"high-calibre-catering","status":"publish","type":"page","link":"https:\/\/alsik.dk\/en\/meetings-events\/high-calibre-catering\/","title":{"rendered":"High-calibre catering"},"content":{"rendered":"<p>Catering is a crucial element of any successful business event, whether this is a half-day working meeting, a confidential meeting in Alsik\u2019s exclusive boardroom, a conference lasting several days or something else entirely.<\/p>\n<p>Regardless of the type and length of your event, we are ready and waiting to provide the finishing culinary touch that will help create a perfect overall impression of a successful event.<\/p>\n","protected":false},"excerpt":{"rendered":"<p>Throughout your event our expert team of chefs will be ready during every single break, lunch and dinner to provide an exquisite culinary experience.<\/p>\n","protected":false},"author":7,"featured_media":5508,"parent":5426,"menu_order":0,"comment_status":"closed","ping_status":"closed","template":"","meta":{"_acf_changed":false,"footnotes":""},"tags":[],"class_list":["post-5518","page","type-page","status-publish","has-post-thumbnail","hentry"],"acf":[],"yoast_head":"<!-- This site is optimized with the Yoast SEO plugin v24.3 - https:\/\/yoast.com\/wordpress\/plugins\/seo\/ -->\n<title>High-calibre catering | Alsik Hotel &amp; Spa<\/title>\n<meta name=\"description\" content=\"Throughout your event, Jesper Koch, Alsik\u2019s acclaimed chef de cuisine, and his expert team of cooks will provide an culinary experience.\" \/>\n<meta name=\"robots\" content=\"index, follow, max-snippet:-1, max-image-preview:large, max-video-preview:-1\" \/>\n<link rel=\"canonical\" href=\"https:\/\/alsik.dk\/en\/meetings-events\/high-calibre-catering\/\" \/>\n<meta property=\"og:locale\" content=\"en_US\" \/>\n<meta property=\"og:type\" content=\"article\" \/>\n<meta property=\"og:title\" content=\"High-calibre catering | Alsik Hotel &amp; Spa\" \/>\n<meta property=\"og:description\" content=\"Throughout your event, Jesper Koch, Alsik\u2019s acclaimed chef de cuisine, and his expert team of cooks will provide an culinary experience.\" \/>\n<meta property=\"og:url\" content=\"https:\/\/alsik.dk\/en\/meetings-events\/high-calibre-catering\/\" \/>\n<meta property=\"og:site_name\" content=\"Alsik Hotel &amp; Spa\" \/>\n<meta property=\"article:modified_time\" content=\"2025-04-28T08:56:15+00:00\" \/>\n<meta property=\"og:image\" content=\"https:\/\/alsik.dk\/wp-content\/uploads\/2020\/09\/smoerrebroed2.jpg\" \/>\n\t<meta property=\"og:image:width\" content=\"1682\" \/>\n\t<meta property=\"og:image:height\" content=\"2523\" \/>\n\t<meta property=\"og:image:type\" content=\"image\/jpeg\" \/>\n<meta name=\"twitter:card\" content=\"summary_large_image\" \/>\n<meta name=\"twitter:label1\" content=\"Est. reading time\" \/>\n\t<meta name=\"twitter:data1\" content=\"1 minute\" \/>\n<script type=\"application\/ld+json\" class=\"yoast-schema-graph\">{\"@context\":\"https:\/\/schema.org\",\"@graph\":[{\"@type\":\"WebPage\",\"@id\":\"https:\/\/alsik.dk\/en\/meetings-events\/high-calibre-catering\/\",\"url\":\"https:\/\/alsik.dk\/en\/meetings-events\/high-calibre-catering\/\",\"name\":\"High-calibre catering | Alsik Hotel &amp; Spa\",\"isPartOf\":{\"@id\":\"https:\/\/alsik.dk\/en\/#website\"},\"primaryImageOfPage\":{\"@id\":\"https:\/\/alsik.dk\/en\/meetings-events\/high-calibre-catering\/#primaryimage\"},\"image\":{\"@id\":\"https:\/\/alsik.dk\/en\/meetings-events\/high-calibre-catering\/#primaryimage\"},\"thumbnailUrl\":\"https:\/\/alsik.dk\/wp-content\/uploads\/2020\/09\/smoerrebroed2.jpg\",\"datePublished\":\"2020-09-11T11:02:06+00:00\",\"dateModified\":\"2025-04-28T08:56:15+00:00\",\"description\":\"Throughout your event, Jesper Koch, Alsik\u2019s acclaimed chef de cuisine, and his expert team of cooks will provide an culinary experience.\",\"breadcrumb\":{\"@id\":\"https:\/\/alsik.dk\/en\/meetings-events\/high-calibre-catering\/#breadcrumb\"},\"inLanguage\":\"en-US\",\"potentialAction\":[{\"@type\":\"ReadAction\",\"target\":[\"https:\/\/alsik.dk\/en\/meetings-events\/high-calibre-catering\/\"]}]},{\"@type\":\"ImageObject\",\"inLanguage\":\"en-US\",\"@id\":\"https:\/\/alsik.dk\/en\/meetings-events\/high-calibre-catering\/#primaryimage\",\"url\":\"https:\/\/alsik.dk\/wp-content\/uploads\/2020\/09\/smoerrebroed2.jpg\",\"contentUrl\":\"https:\/\/alsik.dk\/wp-content\/uploads\/2020\/09\/smoerrebroed2.jpg\",\"width\":1682,\"height\":2523,\"caption\":\"Sm\u00f8rrebr\u00f8d\"},{\"@type\":\"BreadcrumbList\",\"@id\":\"https:\/\/alsik.dk\/en\/meetings-events\/high-calibre-catering\/#breadcrumb\",\"itemListElement\":[{\"@type\":\"ListItem\",\"position\":1,\"name\":\"Hjem\",\"item\":\"https:\/\/alsik.dk\/en\/\"},{\"@type\":\"ListItem\",\"position\":2,\"name\":\"Meetings &#038; Events\",\"item\":\"https:\/\/alsik.dk\/en\/meetings-events\/\"},{\"@type\":\"ListItem\",\"position\":3,\"name\":\"High-calibre catering\"}]},{\"@type\":\"WebSite\",\"@id\":\"https:\/\/alsik.dk\/en\/#website\",\"url\":\"https:\/\/alsik.dk\/en\/\",\"name\":\"Alsik Hotel &amp; Spa\",\"description\":\"Alsik er et af Danmarks mest sp\u00e6ndende hoteller med stilfulde og topmoderne v\u00e6relser. Her venter en verden af luksuri\u00f8s og hyggelig. Oplev Danmarks st\u00f8rste spa med flere end 60 forskellige spa- og wellnessoplevelser fordelt p\u00e5 4.500 kvadratmeter og fire etager. Eller fork\u00e6l sanserne med gastronomi i s\u00e6rklasse i Alsiks tre restauranter.\",\"potentialAction\":[{\"@type\":\"SearchAction\",\"target\":{\"@type\":\"EntryPoint\",\"urlTemplate\":\"https:\/\/alsik.dk\/en\/?s={search_term_string}\"},\"query-input\":{\"@type\":\"PropertyValueSpecification\",\"valueRequired\":true,\"valueName\":\"search_term_string\"}}],\"inLanguage\":\"en-US\"}]}<\/script>\n<!-- \/ Yoast SEO plugin. -->","yoast_head_json":{"title":"High-calibre catering | Alsik Hotel &amp; Spa","description":"Throughout your event, Jesper Koch, Alsik\u2019s acclaimed chef de cuisine, and his expert team of cooks will provide an culinary experience.","robots":{"index":"index","follow":"follow","max-snippet":"max-snippet:-1","max-image-preview":"max-image-preview:large","max-video-preview":"max-video-preview:-1"},"canonical":"https:\/\/alsik.dk\/en\/meetings-events\/high-calibre-catering\/","og_locale":"en_US","og_type":"article","og_title":"High-calibre catering | Alsik Hotel &amp; Spa","og_description":"Throughout your event, Jesper Koch, Alsik\u2019s acclaimed chef de cuisine, and his expert team of cooks will provide an culinary experience.","og_url":"https:\/\/alsik.dk\/en\/meetings-events\/high-calibre-catering\/","og_site_name":"Alsik Hotel &amp; Spa","article_modified_time":"2025-04-28T08:56:15+00:00","og_image":[{"width":1682,"height":2523,"url":"https:\/\/alsik.dk\/wp-content\/uploads\/2020\/09\/smoerrebroed2.jpg","type":"image\/jpeg"}],"twitter_card":"summary_large_image","twitter_misc":{"Est. reading time":"1 minute"},"schema":{"@context":"https:\/\/schema.org","@graph":[{"@type":"WebPage","@id":"https:\/\/alsik.dk\/en\/meetings-events\/high-calibre-catering\/","url":"https:\/\/alsik.dk\/en\/meetings-events\/high-calibre-catering\/","name":"High-calibre catering | Alsik Hotel &amp; Spa","isPartOf":{"@id":"https:\/\/alsik.dk\/en\/#website"},"primaryImageOfPage":{"@id":"https:\/\/alsik.dk\/en\/meetings-events\/high-calibre-catering\/#primaryimage"},"image":{"@id":"https:\/\/alsik.dk\/en\/meetings-events\/high-calibre-catering\/#primaryimage"},"thumbnailUrl":"https:\/\/alsik.dk\/wp-content\/uploads\/2020\/09\/smoerrebroed2.jpg","datePublished":"2020-09-11T11:02:06+00:00","dateModified":"2025-04-28T08:56:15+00:00","description":"Throughout your event, Jesper Koch, Alsik\u2019s acclaimed chef de cuisine, and his expert team of cooks will provide an culinary experience.","breadcrumb":{"@id":"https:\/\/alsik.dk\/en\/meetings-events\/high-calibre-catering\/#breadcrumb"},"inLanguage":"en-US","potentialAction":[{"@type":"ReadAction","target":["https:\/\/alsik.dk\/en\/meetings-events\/high-calibre-catering\/"]}]},{"@type":"ImageObject","inLanguage":"en-US","@id":"https:\/\/alsik.dk\/en\/meetings-events\/high-calibre-catering\/#primaryimage","url":"https:\/\/alsik.dk\/wp-content\/uploads\/2020\/09\/smoerrebroed2.jpg","contentUrl":"https:\/\/alsik.dk\/wp-content\/uploads\/2020\/09\/smoerrebroed2.jpg","width":1682,"height":2523,"caption":"Sm\u00f8rrebr\u00f8d"},{"@type":"BreadcrumbList","@id":"https:\/\/alsik.dk\/en\/meetings-events\/high-calibre-catering\/#breadcrumb","itemListElement":[{"@type":"ListItem","position":1,"name":"Hjem","item":"https:\/\/alsik.dk\/en\/"},{"@type":"ListItem","position":2,"name":"Meetings &#038; Events","item":"https:\/\/alsik.dk\/en\/meetings-events\/"},{"@type":"ListItem","position":3,"name":"High-calibre catering"}]},{"@type":"WebSite","@id":"https:\/\/alsik.dk\/en\/#website","url":"https:\/\/alsik.dk\/en\/","name":"Alsik Hotel &amp; Spa","description":"Alsik er et af Danmarks mest sp\u00e6ndende hoteller med stilfulde og topmoderne v\u00e6relser. Her venter en verden af luksuri\u00f8s og hyggelig. Oplev Danmarks st\u00f8rste spa med flere end 60 forskellige spa- og wellnessoplevelser fordelt p\u00e5 4.500 kvadratmeter og fire etager. Eller fork\u00e6l sanserne med gastronomi i s\u00e6rklasse i Alsiks tre restauranter.","potentialAction":[{"@type":"SearchAction","target":{"@type":"EntryPoint","urlTemplate":"https:\/\/alsik.dk\/en\/?s={search_term_string}"},"query-input":{"@type":"PropertyValueSpecification","valueRequired":true,"valueName":"search_term_string"}}],"inLanguage":"en-US"}]}},"_links":{"self":[{"href":"https:\/\/alsik.dk\/en\/wp-json\/wp\/v2\/pages\/5518","targetHints":{"allow":["GET"]}}],"collection":[{"href":"https:\/\/alsik.dk\/en\/wp-json\/wp\/v2\/pages"}],"about":[{"href":"https:\/\/alsik.dk\/en\/wp-json\/wp\/v2\/types\/page"}],"author":[{"embeddable":true,"href":"https:\/\/alsik.dk\/en\/wp-json\/wp\/v2\/users\/7"}],"replies":[{"embeddable":true,"href":"https:\/\/alsik.dk\/en\/wp-json\/wp\/v2\/comments?post=5518"}],"version-history":[{"count":11,"href":"https:\/\/alsik.dk\/en\/wp-json\/wp\/v2\/pages\/5518\/revisions"}],"predecessor-version":[{"id":15893,"href":"https:\/\/alsik.dk\/en\/wp-json\/wp\/v2\/pages\/5518\/revisions\/15893"}],"up":[{"embeddable":true,"href":"https:\/\/alsik.dk\/en\/wp-json\/wp\/v2\/pages\/5426"}],"wp:featuredmedia":[{"embeddable":true,"href":"https:\/\/alsik.dk\/en\/wp-json\/wp\/v2\/media\/5508"}],"wp:attachment":[{"href":"https:\/\/alsik.dk\/en\/wp-json\/wp\/v2\/media?parent=5518"}],"wp:term":[{"taxonomy":"post_tag","embeddable":true,"href":"https:\/\/alsik.dk\/en\/wp-json\/wp\/v2\/tags?post=5518"}],"curies":[{"name":"wp","href":"https:\/\/api.w.org\/{rel}","templated":true}]}}