{"id":5533,"date":"2020-09-11T13:38:57","date_gmt":"2020-09-11T11:38:57","guid":{"rendered":"http:\/\/alsik.dk\/?page_id=5533"},"modified":"2025-09-11T15:18:22","modified_gmt":"2025-09-11T13:18:22","slug":"combine-business-and-pleasure","status":"publish","type":"page","link":"https:\/\/alsik.dk\/en\/meetings-events\/combine-business-and-pleasure\/","title":{"rendered":"Combine business and pleasure"},"content":{"rendered":"<p>As home to Denmark\u2019s biggest spa and with a unique location on the S\u00f8nderborg waterfront at the heart of the Danish\u2013German borderlands, pleasure is not just an Alsian concept, but a reality comprising undreamt-of possibilities for your meeting and conference participants.<\/p>\n<p>This applies to both the business event itself, after a long busy event day or when the stay is extended by a few days (as part of your business\u2019s employee care policy), to enable spouse, family or friends to join in.<\/p>\n","protected":false},"excerpt":{"rendered":"<p>When body and soul need to relax during or after the day\u2019s events, Alsik Nordic Spa &#038; Wellness awaits with more than 60 different spa and wellness experiences, as well as a fitness and gym studio. Similarly, it is possible to integrate mindfulness exercises and yoga into your programme.<\/p>\n","protected":false},"author":7,"featured_media":16612,"parent":5426,"menu_order":0,"comment_status":"closed","ping_status":"closed","template":"","meta":{"_acf_changed":false,"footnotes":""},"tags":[],"class_list":["post-5533","page","type-page","status-publish","has-post-thumbnail","hentry"],"acf":[],"yoast_head":"<!-- This site is optimized with the Yoast SEO plugin v24.3 - https:\/\/yoast.com\/wordpress\/plugins\/seo\/ -->\n<title>Combine business and pleasure | Alsik Hotel &amp; Spa<\/title>\n<meta name=\"description\" content=\"When body and soul need to relax after the day\u2019s events, Alsik Nordic Spa &amp; Wellness awaits with many different spa and wellness experiences.\" \/>\n<meta name=\"robots\" content=\"index, follow, max-snippet:-1, max-image-preview:large, max-video-preview:-1\" \/>\n<link rel=\"canonical\" href=\"https:\/\/alsik.dk\/en\/meetings-events\/combine-business-and-pleasure\/\" \/>\n<meta property=\"og:locale\" content=\"en_US\" \/>\n<meta property=\"og:type\" content=\"article\" \/>\n<meta property=\"og:title\" content=\"Combine business and pleasure | Alsik Hotel &amp; Spa\" \/>\n<meta property=\"og:description\" content=\"When body and soul need to relax after the day\u2019s events, Alsik Nordic Spa &amp; Wellness awaits with many different spa and wellness experiences.\" \/>\n<meta property=\"og:url\" content=\"https:\/\/alsik.dk\/en\/meetings-events\/combine-business-and-pleasure\/\" \/>\n<meta property=\"og:site_name\" content=\"Alsik Hotel &amp; Spa\" \/>\n<meta property=\"article:modified_time\" content=\"2025-09-11T13:18:22+00:00\" \/>\n<meta property=\"og:image\" content=\"https:\/\/alsik.dk\/wp-content\/uploads\/2025\/09\/yoga-paa-alsiks-terrasse.jpg\" \/>\n\t<meta property=\"og:image:width\" content=\"1600\" \/>\n\t<meta property=\"og:image:height\" content=\"1067\" \/>\n\t<meta property=\"og:image:type\" content=\"image\/jpeg\" \/>\n<meta name=\"twitter:card\" content=\"summary_large_image\" \/>\n<meta name=\"twitter:label1\" content=\"Est. reading time\" \/>\n\t<meta name=\"twitter:data1\" content=\"1 minute\" \/>\n<script type=\"application\/ld+json\" class=\"yoast-schema-graph\">{\"@context\":\"https:\/\/schema.org\",\"@graph\":[{\"@type\":\"WebPage\",\"@id\":\"https:\/\/alsik.dk\/en\/meetings-events\/combine-business-and-pleasure\/\",\"url\":\"https:\/\/alsik.dk\/en\/meetings-events\/combine-business-and-pleasure\/\",\"name\":\"Combine business and pleasure | Alsik Hotel &amp; Spa\",\"isPartOf\":{\"@id\":\"https:\/\/alsik.dk\/en\/#website\"},\"primaryImageOfPage\":{\"@id\":\"https:\/\/alsik.dk\/en\/meetings-events\/combine-business-and-pleasure\/#primaryimage\"},\"image\":{\"@id\":\"https:\/\/alsik.dk\/en\/meetings-events\/combine-business-and-pleasure\/#primaryimage\"},\"thumbnailUrl\":\"https:\/\/alsik.dk\/wp-content\/uploads\/2025\/09\/yoga-paa-alsiks-terrasse.jpg\",\"datePublished\":\"2020-09-11T11:38:57+00:00\",\"dateModified\":\"2025-09-11T13:18:22+00:00\",\"description\":\"When body and soul need to relax after the day\u2019s events, Alsik Nordic Spa & Wellness awaits with many different spa and wellness experiences.\",\"breadcrumb\":{\"@id\":\"https:\/\/alsik.dk\/en\/meetings-events\/combine-business-and-pleasure\/#breadcrumb\"},\"inLanguage\":\"en-US\",\"potentialAction\":[{\"@type\":\"ReadAction\",\"target\":[\"https:\/\/alsik.dk\/en\/meetings-events\/combine-business-and-pleasure\/\"]}]},{\"@type\":\"ImageObject\",\"inLanguage\":\"en-US\",\"@id\":\"https:\/\/alsik.dk\/en\/meetings-events\/combine-business-and-pleasure\/#primaryimage\",\"url\":\"https:\/\/alsik.dk\/wp-content\/uploads\/2025\/09\/yoga-paa-alsiks-terrasse.jpg\",\"contentUrl\":\"https:\/\/alsik.dk\/wp-content\/uploads\/2025\/09\/yoga-paa-alsiks-terrasse.jpg\",\"width\":1600,\"height\":1067,\"caption\":\"Yoga p\u00e5 terrassen\"},{\"@type\":\"BreadcrumbList\",\"@id\":\"https:\/\/alsik.dk\/en\/meetings-events\/combine-business-and-pleasure\/#breadcrumb\",\"itemListElement\":[{\"@type\":\"ListItem\",\"position\":1,\"name\":\"Hjem\",\"item\":\"https:\/\/alsik.dk\/en\/\"},{\"@type\":\"ListItem\",\"position\":2,\"name\":\"Meetings &#038; Events\",\"item\":\"https:\/\/alsik.dk\/en\/meetings-events\/\"},{\"@type\":\"ListItem\",\"position\":3,\"name\":\"Combine business and pleasure\"}]},{\"@type\":\"WebSite\",\"@id\":\"https:\/\/alsik.dk\/en\/#website\",\"url\":\"https:\/\/alsik.dk\/en\/\",\"name\":\"Alsik Hotel &amp; Spa\",\"description\":\"Alsik er et af Danmarks mest sp\u00e6ndende hoteller med stilfulde og topmoderne v\u00e6relser. Her venter en verden af luksuri\u00f8s og hyggelig. Oplev Danmarks st\u00f8rste spa med flere end 60 forskellige spa- og wellnessoplevelser fordelt p\u00e5 4.500 kvadratmeter og fire etager. Eller fork\u00e6l sanserne med gastronomi i s\u00e6rklasse i Alsiks tre restauranter.\",\"potentialAction\":[{\"@type\":\"SearchAction\",\"target\":{\"@type\":\"EntryPoint\",\"urlTemplate\":\"https:\/\/alsik.dk\/en\/?s={search_term_string}\"},\"query-input\":{\"@type\":\"PropertyValueSpecification\",\"valueRequired\":true,\"valueName\":\"search_term_string\"}}],\"inLanguage\":\"en-US\"}]}<\/script>\n<!-- \/ Yoast SEO plugin. -->","yoast_head_json":{"title":"Combine business and pleasure | Alsik Hotel &amp; Spa","description":"When body and soul need to relax after the day\u2019s events, Alsik Nordic Spa & Wellness awaits with many different spa and wellness experiences.","robots":{"index":"index","follow":"follow","max-snippet":"max-snippet:-1","max-image-preview":"max-image-preview:large","max-video-preview":"max-video-preview:-1"},"canonical":"https:\/\/alsik.dk\/en\/meetings-events\/combine-business-and-pleasure\/","og_locale":"en_US","og_type":"article","og_title":"Combine business and pleasure | Alsik Hotel &amp; Spa","og_description":"When body and soul need to relax after the day\u2019s events, Alsik Nordic Spa & Wellness awaits with many different spa and wellness experiences.","og_url":"https:\/\/alsik.dk\/en\/meetings-events\/combine-business-and-pleasure\/","og_site_name":"Alsik Hotel &amp; Spa","article_modified_time":"2025-09-11T13:18:22+00:00","og_image":[{"width":1600,"height":1067,"url":"https:\/\/alsik.dk\/wp-content\/uploads\/2025\/09\/yoga-paa-alsiks-terrasse.jpg","type":"image\/jpeg"}],"twitter_card":"summary_large_image","twitter_misc":{"Est. reading time":"1 minute"},"schema":{"@context":"https:\/\/schema.org","@graph":[{"@type":"WebPage","@id":"https:\/\/alsik.dk\/en\/meetings-events\/combine-business-and-pleasure\/","url":"https:\/\/alsik.dk\/en\/meetings-events\/combine-business-and-pleasure\/","name":"Combine business and pleasure | Alsik Hotel &amp; Spa","isPartOf":{"@id":"https:\/\/alsik.dk\/en\/#website"},"primaryImageOfPage":{"@id":"https:\/\/alsik.dk\/en\/meetings-events\/combine-business-and-pleasure\/#primaryimage"},"image":{"@id":"https:\/\/alsik.dk\/en\/meetings-events\/combine-business-and-pleasure\/#primaryimage"},"thumbnailUrl":"https:\/\/alsik.dk\/wp-content\/uploads\/2025\/09\/yoga-paa-alsiks-terrasse.jpg","datePublished":"2020-09-11T11:38:57+00:00","dateModified":"2025-09-11T13:18:22+00:00","description":"When body and soul need to relax after the day\u2019s events, Alsik Nordic Spa & Wellness awaits with many different spa and wellness experiences.","breadcrumb":{"@id":"https:\/\/alsik.dk\/en\/meetings-events\/combine-business-and-pleasure\/#breadcrumb"},"inLanguage":"en-US","potentialAction":[{"@type":"ReadAction","target":["https:\/\/alsik.dk\/en\/meetings-events\/combine-business-and-pleasure\/"]}]},{"@type":"ImageObject","inLanguage":"en-US","@id":"https:\/\/alsik.dk\/en\/meetings-events\/combine-business-and-pleasure\/#primaryimage","url":"https:\/\/alsik.dk\/wp-content\/uploads\/2025\/09\/yoga-paa-alsiks-terrasse.jpg","contentUrl":"https:\/\/alsik.dk\/wp-content\/uploads\/2025\/09\/yoga-paa-alsiks-terrasse.jpg","width":1600,"height":1067,"caption":"Yoga p\u00e5 terrassen"},{"@type":"BreadcrumbList","@id":"https:\/\/alsik.dk\/en\/meetings-events\/combine-business-and-pleasure\/#breadcrumb","itemListElement":[{"@type":"ListItem","position":1,"name":"Hjem","item":"https:\/\/alsik.dk\/en\/"},{"@type":"ListItem","position":2,"name":"Meetings &#038; Events","item":"https:\/\/alsik.dk\/en\/meetings-events\/"},{"@type":"ListItem","position":3,"name":"Combine business and pleasure"}]},{"@type":"WebSite","@id":"https:\/\/alsik.dk\/en\/#website","url":"https:\/\/alsik.dk\/en\/","name":"Alsik Hotel &amp; Spa","description":"Alsik er et af Danmarks mest sp\u00e6ndende hoteller med stilfulde og topmoderne v\u00e6relser. Her venter en verden af luksuri\u00f8s og hyggelig. Oplev Danmarks st\u00f8rste spa med flere end 60 forskellige spa- og wellnessoplevelser fordelt p\u00e5 4.500 kvadratmeter og fire etager. Eller fork\u00e6l sanserne med gastronomi i s\u00e6rklasse i Alsiks tre restauranter.","potentialAction":[{"@type":"SearchAction","target":{"@type":"EntryPoint","urlTemplate":"https:\/\/alsik.dk\/en\/?s={search_term_string}"},"query-input":{"@type":"PropertyValueSpecification","valueRequired":true,"valueName":"search_term_string"}}],"inLanguage":"en-US"}]}},"_links":{"self":[{"href":"https:\/\/alsik.dk\/en\/wp-json\/wp\/v2\/pages\/5533","targetHints":{"allow":["GET"]}}],"collection":[{"href":"https:\/\/alsik.dk\/en\/wp-json\/wp\/v2\/pages"}],"about":[{"href":"https:\/\/alsik.dk\/en\/wp-json\/wp\/v2\/types\/page"}],"author":[{"embeddable":true,"href":"https:\/\/alsik.dk\/en\/wp-json\/wp\/v2\/users\/7"}],"replies":[{"embeddable":true,"href":"https:\/\/alsik.dk\/en\/wp-json\/wp\/v2\/comments?post=5533"}],"version-history":[{"count":9,"href":"https:\/\/alsik.dk\/en\/wp-json\/wp\/v2\/pages\/5533\/revisions"}],"predecessor-version":[{"id":16615,"href":"https:\/\/alsik.dk\/en\/wp-json\/wp\/v2\/pages\/5533\/revisions\/16615"}],"up":[{"embeddable":true,"href":"https:\/\/alsik.dk\/en\/wp-json\/wp\/v2\/pages\/5426"}],"wp:featuredmedia":[{"embeddable":true,"href":"https:\/\/alsik.dk\/en\/wp-json\/wp\/v2\/media\/16612"}],"wp:attachment":[{"href":"https:\/\/alsik.dk\/en\/wp-json\/wp\/v2\/media?parent=5533"}],"wp:term":[{"taxonomy":"post_tag","embeddable":true,"href":"https:\/\/alsik.dk\/en\/wp-json\/wp\/v2\/tags?post=5533"}],"curies":[{"name":"wp","href":"https:\/\/api.w.org\/{rel}","templated":true}]}}