{"id":5556,"date":"2020-09-11T14:01:57","date_gmt":"2020-09-11T12:01:57","guid":{"rendered":"http:\/\/alsik.dk\/?page_id=5556"},"modified":"2021-11-01T14:14:59","modified_gmt":"2021-11-01T13:14:59","slug":"perfectly-located-with-many-options","status":"publish","type":"page","link":"https:\/\/alsik.dk\/en\/meetings-events\/perfectly-located-with-many-options\/","title":{"rendered":"Perfectly located with many options"},"content":{"rendered":"<h3>The Gateway to Europe<\/h3>\n<p>Alsik and S\u00f8nderborg are ideally situated at the gateway to Europe where Scandinavia and continental Europe meet and intertwine. Major urban areas such as Flensburg, Hamburg and Kiel are close neighbours, while the well-developed infrastructure provides short distances to other metropolitan areas such as Berlin and Copenhagen.<\/p>\n","protected":false},"excerpt":{"rendered":"<p>Getting to Alsik in the heart of the Danish\u2013German borderlands is easy. Brand-new opportunities and refreshing inspiration await you in magnificent surroundings.<\/p>\n","protected":false},"author":7,"featured_media":5546,"parent":5426,"menu_order":0,"comment_status":"closed","ping_status":"closed","template":"","meta":{"_acf_changed":false,"footnotes":""},"tags":[],"class_list":["post-5556","page","type-page","status-publish","has-post-thumbnail","hentry"],"acf":[],"yoast_head":"<!-- This site is optimized with the Yoast SEO plugin v24.3 - https:\/\/yoast.com\/wordpress\/plugins\/seo\/ -->\n<title>Perfectly located with many options | Alsik Hotel &amp; Spa<\/title>\n<meta name=\"description\" content=\"Getting to Alsik in the heart of the Danish\u2013German borderlands is easy. Refreshing inspiration await you in magnificent surroundings.\" \/>\n<meta name=\"robots\" content=\"index, follow, max-snippet:-1, max-image-preview:large, max-video-preview:-1\" \/>\n<link rel=\"canonical\" href=\"https:\/\/alsik.dk\/en\/meetings-events\/perfectly-located-with-many-options\/\" \/>\n<meta property=\"og:locale\" content=\"en_US\" \/>\n<meta property=\"og:type\" content=\"article\" \/>\n<meta property=\"og:title\" content=\"Perfectly located with many options | Alsik Hotel &amp; Spa\" \/>\n<meta property=\"og:description\" content=\"Getting to Alsik in the heart of the Danish\u2013German borderlands is easy. Refreshing inspiration await you in magnificent surroundings.\" \/>\n<meta property=\"og:url\" content=\"https:\/\/alsik.dk\/en\/meetings-events\/perfectly-located-with-many-options\/\" \/>\n<meta property=\"og:site_name\" content=\"Alsik Hotel &amp; Spa\" \/>\n<meta property=\"article:modified_time\" content=\"2021-11-01T13:14:59+00:00\" \/>\n<meta property=\"og:image\" content=\"https:\/\/alsik.dk\/wp-content\/uploads\/2020\/09\/alsie_express_fly-scaled.jpg\" \/>\n\t<meta property=\"og:image:width\" content=\"2560\" \/>\n\t<meta property=\"og:image:height\" content=\"1706\" \/>\n\t<meta property=\"og:image:type\" content=\"image\/jpeg\" \/>\n<meta name=\"twitter:card\" content=\"summary_large_image\" \/>\n<script type=\"application\/ld+json\" class=\"yoast-schema-graph\">{\"@context\":\"https:\/\/schema.org\",\"@graph\":[{\"@type\":\"WebPage\",\"@id\":\"https:\/\/alsik.dk\/en\/meetings-events\/perfectly-located-with-many-options\/\",\"url\":\"https:\/\/alsik.dk\/en\/meetings-events\/perfectly-located-with-many-options\/\",\"name\":\"Perfectly located with many options | Alsik Hotel &amp; Spa\",\"isPartOf\":{\"@id\":\"https:\/\/alsik.dk\/en\/#website\"},\"primaryImageOfPage\":{\"@id\":\"https:\/\/alsik.dk\/en\/meetings-events\/perfectly-located-with-many-options\/#primaryimage\"},\"image\":{\"@id\":\"https:\/\/alsik.dk\/en\/meetings-events\/perfectly-located-with-many-options\/#primaryimage\"},\"thumbnailUrl\":\"https:\/\/alsik.dk\/wp-content\/uploads\/2020\/09\/alsie_express_fly-scaled.jpg\",\"datePublished\":\"2020-09-11T12:01:57+00:00\",\"dateModified\":\"2021-11-01T13:14:59+00:00\",\"description\":\"Getting to Alsik in the heart of the Danish\u2013German borderlands is easy. Refreshing inspiration await you in magnificent surroundings.\",\"breadcrumb\":{\"@id\":\"https:\/\/alsik.dk\/en\/meetings-events\/perfectly-located-with-many-options\/#breadcrumb\"},\"inLanguage\":\"en-US\",\"potentialAction\":[{\"@type\":\"ReadAction\",\"target\":[\"https:\/\/alsik.dk\/en\/meetings-events\/perfectly-located-with-many-options\/\"]}]},{\"@type\":\"ImageObject\",\"inLanguage\":\"en-US\",\"@id\":\"https:\/\/alsik.dk\/en\/meetings-events\/perfectly-located-with-many-options\/#primaryimage\",\"url\":\"https:\/\/alsik.dk\/wp-content\/uploads\/2020\/09\/alsie_express_fly-scaled.jpg\",\"contentUrl\":\"https:\/\/alsik.dk\/wp-content\/uploads\/2020\/09\/alsie_express_fly-scaled.jpg\",\"width\":2560,\"height\":1706,\"caption\":\"Alsie Express\"},{\"@type\":\"BreadcrumbList\",\"@id\":\"https:\/\/alsik.dk\/en\/meetings-events\/perfectly-located-with-many-options\/#breadcrumb\",\"itemListElement\":[{\"@type\":\"ListItem\",\"position\":1,\"name\":\"Hjem\",\"item\":\"https:\/\/alsik.dk\/en\/\"},{\"@type\":\"ListItem\",\"position\":2,\"name\":\"Meetings &#038; Events\",\"item\":\"https:\/\/alsik.dk\/en\/meetings-events\/\"},{\"@type\":\"ListItem\",\"position\":3,\"name\":\"Perfectly located with many options\"}]},{\"@type\":\"WebSite\",\"@id\":\"https:\/\/alsik.dk\/en\/#website\",\"url\":\"https:\/\/alsik.dk\/en\/\",\"name\":\"Alsik Hotel &amp; Spa\",\"description\":\"Alsik er et af Danmarks mest sp\u00e6ndende hoteller med stilfulde og topmoderne v\u00e6relser. Her venter en verden af luksuri\u00f8s og hyggelig. Oplev Danmarks st\u00f8rste spa med flere end 60 forskellige spa- og wellnessoplevelser fordelt p\u00e5 4.500 kvadratmeter og fire etager. Eller fork\u00e6l sanserne med gastronomi i s\u00e6rklasse i Alsiks tre restauranter.\",\"potentialAction\":[{\"@type\":\"SearchAction\",\"target\":{\"@type\":\"EntryPoint\",\"urlTemplate\":\"https:\/\/alsik.dk\/en\/?s={search_term_string}\"},\"query-input\":{\"@type\":\"PropertyValueSpecification\",\"valueRequired\":true,\"valueName\":\"search_term_string\"}}],\"inLanguage\":\"en-US\"}]}<\/script>\n<!-- \/ Yoast SEO plugin. -->","yoast_head_json":{"title":"Perfectly located with many options | Alsik Hotel &amp; Spa","description":"Getting to Alsik in the heart of the Danish\u2013German borderlands is easy. Refreshing inspiration await you in magnificent surroundings.","robots":{"index":"index","follow":"follow","max-snippet":"max-snippet:-1","max-image-preview":"max-image-preview:large","max-video-preview":"max-video-preview:-1"},"canonical":"https:\/\/alsik.dk\/en\/meetings-events\/perfectly-located-with-many-options\/","og_locale":"en_US","og_type":"article","og_title":"Perfectly located with many options | Alsik Hotel &amp; Spa","og_description":"Getting to Alsik in the heart of the Danish\u2013German borderlands is easy. Refreshing inspiration await you in magnificent surroundings.","og_url":"https:\/\/alsik.dk\/en\/meetings-events\/perfectly-located-with-many-options\/","og_site_name":"Alsik Hotel &amp; Spa","article_modified_time":"2021-11-01T13:14:59+00:00","og_image":[{"width":2560,"height":1706,"url":"https:\/\/alsik.dk\/wp-content\/uploads\/2020\/09\/alsie_express_fly-scaled.jpg","type":"image\/jpeg"}],"twitter_card":"summary_large_image","schema":{"@context":"https:\/\/schema.org","@graph":[{"@type":"WebPage","@id":"https:\/\/alsik.dk\/en\/meetings-events\/perfectly-located-with-many-options\/","url":"https:\/\/alsik.dk\/en\/meetings-events\/perfectly-located-with-many-options\/","name":"Perfectly located with many options | Alsik Hotel &amp; Spa","isPartOf":{"@id":"https:\/\/alsik.dk\/en\/#website"},"primaryImageOfPage":{"@id":"https:\/\/alsik.dk\/en\/meetings-events\/perfectly-located-with-many-options\/#primaryimage"},"image":{"@id":"https:\/\/alsik.dk\/en\/meetings-events\/perfectly-located-with-many-options\/#primaryimage"},"thumbnailUrl":"https:\/\/alsik.dk\/wp-content\/uploads\/2020\/09\/alsie_express_fly-scaled.jpg","datePublished":"2020-09-11T12:01:57+00:00","dateModified":"2021-11-01T13:14:59+00:00","description":"Getting to Alsik in the heart of the Danish\u2013German borderlands is easy. Refreshing inspiration await you in magnificent surroundings.","breadcrumb":{"@id":"https:\/\/alsik.dk\/en\/meetings-events\/perfectly-located-with-many-options\/#breadcrumb"},"inLanguage":"en-US","potentialAction":[{"@type":"ReadAction","target":["https:\/\/alsik.dk\/en\/meetings-events\/perfectly-located-with-many-options\/"]}]},{"@type":"ImageObject","inLanguage":"en-US","@id":"https:\/\/alsik.dk\/en\/meetings-events\/perfectly-located-with-many-options\/#primaryimage","url":"https:\/\/alsik.dk\/wp-content\/uploads\/2020\/09\/alsie_express_fly-scaled.jpg","contentUrl":"https:\/\/alsik.dk\/wp-content\/uploads\/2020\/09\/alsie_express_fly-scaled.jpg","width":2560,"height":1706,"caption":"Alsie Express"},{"@type":"BreadcrumbList","@id":"https:\/\/alsik.dk\/en\/meetings-events\/perfectly-located-with-many-options\/#breadcrumb","itemListElement":[{"@type":"ListItem","position":1,"name":"Hjem","item":"https:\/\/alsik.dk\/en\/"},{"@type":"ListItem","position":2,"name":"Meetings &#038; Events","item":"https:\/\/alsik.dk\/en\/meetings-events\/"},{"@type":"ListItem","position":3,"name":"Perfectly located with many options"}]},{"@type":"WebSite","@id":"https:\/\/alsik.dk\/en\/#website","url":"https:\/\/alsik.dk\/en\/","name":"Alsik Hotel &amp; Spa","description":"Alsik er et af Danmarks mest sp\u00e6ndende hoteller med stilfulde og topmoderne v\u00e6relser. Her venter en verden af luksuri\u00f8s og hyggelig. Oplev Danmarks st\u00f8rste spa med flere end 60 forskellige spa- og wellnessoplevelser fordelt p\u00e5 4.500 kvadratmeter og fire etager. Eller fork\u00e6l sanserne med gastronomi i s\u00e6rklasse i Alsiks tre restauranter.","potentialAction":[{"@type":"SearchAction","target":{"@type":"EntryPoint","urlTemplate":"https:\/\/alsik.dk\/en\/?s={search_term_string}"},"query-input":{"@type":"PropertyValueSpecification","valueRequired":true,"valueName":"search_term_string"}}],"inLanguage":"en-US"}]}},"_links":{"self":[{"href":"https:\/\/alsik.dk\/en\/wp-json\/wp\/v2\/pages\/5556","targetHints":{"allow":["GET"]}}],"collection":[{"href":"https:\/\/alsik.dk\/en\/wp-json\/wp\/v2\/pages"}],"about":[{"href":"https:\/\/alsik.dk\/en\/wp-json\/wp\/v2\/types\/page"}],"author":[{"embeddable":true,"href":"https:\/\/alsik.dk\/en\/wp-json\/wp\/v2\/users\/7"}],"replies":[{"embeddable":true,"href":"https:\/\/alsik.dk\/en\/wp-json\/wp\/v2\/comments?post=5556"}],"version-history":[{"count":5,"href":"https:\/\/alsik.dk\/en\/wp-json\/wp\/v2\/pages\/5556\/revisions"}],"predecessor-version":[{"id":6695,"href":"https:\/\/alsik.dk\/en\/wp-json\/wp\/v2\/pages\/5556\/revisions\/6695"}],"up":[{"embeddable":true,"href":"https:\/\/alsik.dk\/en\/wp-json\/wp\/v2\/pages\/5426"}],"wp:featuredmedia":[{"embeddable":true,"href":"https:\/\/alsik.dk\/en\/wp-json\/wp\/v2\/media\/5546"}],"wp:attachment":[{"href":"https:\/\/alsik.dk\/en\/wp-json\/wp\/v2\/media?parent=5556"}],"wp:term":[{"taxonomy":"post_tag","embeddable":true,"href":"https:\/\/alsik.dk\/en\/wp-json\/wp\/v2\/tags?post=5556"}],"curies":[{"name":"wp","href":"https:\/\/api.w.org\/{rel}","templated":true}]}}