{"id":5567,"date":"2020-09-11T14:18:39","date_gmt":"2020-09-11T12:18:39","guid":{"rendered":"http:\/\/alsik.dk\/?page_id=5567"},"modified":"2026-04-07T10:46:57","modified_gmt":"2026-04-07T08:46:57","slug":"special-stays","status":"publish","type":"page","link":"https:\/\/alsik.dk\/en\/special-stays\/","title":{"rendered":"Enjoy a special stay at Alsik"},"content":{"rendered":"","protected":false},"excerpt":{"rendered":"<p>A world of experiences awaits you at Alsik. Take a couple of days off with someone you hold dear and indulge yourselves with a unique stay at Alsik. Explore our splendid stay packages and find something to meet your specific needs and fulfil your dreams.<\/p>\n","protected":false},"author":7,"featured_media":14219,"parent":0,"menu_order":0,"comment_status":"closed","ping_status":"closed","template":"","meta":{"_acf_changed":false,"footnotes":""},"tags":[],"class_list":["post-5567","page","type-page","status-publish","has-post-thumbnail","hentry"],"acf":[],"yoast_head":"<!-- This site is optimized with the Yoast SEO plugin v24.3 - https:\/\/yoast.com\/wordpress\/plugins\/seo\/ -->\n<title>Enjoy a special stay at Alsik Hotel &amp; Spa<\/title>\n<meta name=\"description\" content=\"Explore Alsiks splendid stay packages and find something to meet your specific needs and fulfil your dreams.\" \/>\n<meta name=\"robots\" content=\"index, follow, max-snippet:-1, max-image-preview:large, max-video-preview:-1\" \/>\n<link rel=\"canonical\" href=\"https:\/\/alsik.dk\/en\/special-stays\/\" \/>\n<meta property=\"og:locale\" content=\"en_US\" \/>\n<meta property=\"og:type\" content=\"article\" \/>\n<meta property=\"og:title\" content=\"Enjoy a special stay at Alsik Hotel &amp; Spa\" \/>\n<meta property=\"og:description\" content=\"Explore Alsiks splendid stay packages and find something to meet your specific needs and fulfil your dreams.\" \/>\n<meta property=\"og:url\" content=\"https:\/\/alsik.dk\/en\/special-stays\/\" \/>\n<meta property=\"og:site_name\" content=\"Alsik Hotel &amp; Spa\" \/>\n<meta property=\"article:modified_time\" content=\"2026-04-07T08:46:57+00:00\" \/>\n<meta property=\"og:image\" content=\"https:\/\/alsik.dk\/wp-content\/uploads\/2024\/08\/ALSIKAUGUST2021-58.jpg\" \/>\n\t<meta property=\"og:image:width\" content=\"2040\" \/>\n\t<meta property=\"og:image:height\" content=\"1359\" \/>\n\t<meta property=\"og:image:type\" content=\"image\/jpeg\" \/>\n<meta name=\"twitter:card\" content=\"summary_large_image\" \/>\n<meta name=\"twitter:label1\" content=\"Est. reading time\" \/>\n\t<meta name=\"twitter:data1\" content=\"1 minute\" \/>\n<script type=\"application\/ld+json\" class=\"yoast-schema-graph\">{\"@context\":\"https:\/\/schema.org\",\"@graph\":[{\"@type\":\"WebPage\",\"@id\":\"https:\/\/alsik.dk\/en\/special-stays\/\",\"url\":\"https:\/\/alsik.dk\/en\/special-stays\/\",\"name\":\"Enjoy a special stay at Alsik Hotel & Spa\",\"isPartOf\":{\"@id\":\"https:\/\/alsik.dk\/en\/#website\"},\"primaryImageOfPage\":{\"@id\":\"https:\/\/alsik.dk\/en\/special-stays\/#primaryimage\"},\"image\":{\"@id\":\"https:\/\/alsik.dk\/en\/special-stays\/#primaryimage\"},\"thumbnailUrl\":\"https:\/\/alsik.dk\/wp-content\/uploads\/2024\/08\/ALSIKAUGUST2021-58.jpg\",\"datePublished\":\"2020-09-11T12:18:39+00:00\",\"dateModified\":\"2026-04-07T08:46:57+00:00\",\"description\":\"Explore Alsiks splendid stay packages and find something to meet your specific needs and fulfil your dreams.\",\"breadcrumb\":{\"@id\":\"https:\/\/alsik.dk\/en\/special-stays\/#breadcrumb\"},\"inLanguage\":\"en-US\",\"potentialAction\":[{\"@type\":\"ReadAction\",\"target\":[\"https:\/\/alsik.dk\/en\/special-stays\/\"]}]},{\"@type\":\"ImageObject\",\"inLanguage\":\"en-US\",\"@id\":\"https:\/\/alsik.dk\/en\/special-stays\/#primaryimage\",\"url\":\"https:\/\/alsik.dk\/wp-content\/uploads\/2024\/08\/ALSIKAUGUST2021-58.jpg\",\"contentUrl\":\"https:\/\/alsik.dk\/wp-content\/uploads\/2024\/08\/ALSIKAUGUST2021-58.jpg\",\"width\":2040,\"height\":1359,\"caption\":\"Alsik Hotel\"},{\"@type\":\"BreadcrumbList\",\"@id\":\"https:\/\/alsik.dk\/en\/special-stays\/#breadcrumb\",\"itemListElement\":[{\"@type\":\"ListItem\",\"position\":1,\"name\":\"Hjem\",\"item\":\"https:\/\/alsik.dk\/en\/\"},{\"@type\":\"ListItem\",\"position\":2,\"name\":\"Enjoy a special stay at Alsik\"}]},{\"@type\":\"WebSite\",\"@id\":\"https:\/\/alsik.dk\/en\/#website\",\"url\":\"https:\/\/alsik.dk\/en\/\",\"name\":\"Alsik Hotel &amp; Spa\",\"description\":\"Alsik er et af Danmarks mest sp\u00e6ndende hoteller med stilfulde og topmoderne v\u00e6relser. Her venter en verden af luksuri\u00f8s og hyggelig. Oplev Danmarks st\u00f8rste spa med flere end 60 forskellige spa- og wellnessoplevelser fordelt p\u00e5 4.500 kvadratmeter og fire etager. Eller fork\u00e6l sanserne med gastronomi i s\u00e6rklasse i Alsiks tre restauranter.\",\"potentialAction\":[{\"@type\":\"SearchAction\",\"target\":{\"@type\":\"EntryPoint\",\"urlTemplate\":\"https:\/\/alsik.dk\/en\/?s={search_term_string}\"},\"query-input\":{\"@type\":\"PropertyValueSpecification\",\"valueRequired\":true,\"valueName\":\"search_term_string\"}}],\"inLanguage\":\"en-US\"}]}<\/script>\n<!-- \/ Yoast SEO plugin. -->","yoast_head_json":{"title":"Enjoy a special stay at Alsik Hotel & Spa","description":"Explore Alsiks splendid stay packages and find something to meet your specific needs and fulfil your dreams.","robots":{"index":"index","follow":"follow","max-snippet":"max-snippet:-1","max-image-preview":"max-image-preview:large","max-video-preview":"max-video-preview:-1"},"canonical":"https:\/\/alsik.dk\/en\/special-stays\/","og_locale":"en_US","og_type":"article","og_title":"Enjoy a special stay at Alsik Hotel & Spa","og_description":"Explore Alsiks splendid stay packages and find something to meet your specific needs and fulfil your dreams.","og_url":"https:\/\/alsik.dk\/en\/special-stays\/","og_site_name":"Alsik Hotel &amp; Spa","article_modified_time":"2026-04-07T08:46:57+00:00","og_image":[{"width":2040,"height":1359,"url":"https:\/\/alsik.dk\/wp-content\/uploads\/2024\/08\/ALSIKAUGUST2021-58.jpg","type":"image\/jpeg"}],"twitter_card":"summary_large_image","twitter_misc":{"Est. reading time":"1 minute"},"schema":{"@context":"https:\/\/schema.org","@graph":[{"@type":"WebPage","@id":"https:\/\/alsik.dk\/en\/special-stays\/","url":"https:\/\/alsik.dk\/en\/special-stays\/","name":"Enjoy a special stay at Alsik Hotel & Spa","isPartOf":{"@id":"https:\/\/alsik.dk\/en\/#website"},"primaryImageOfPage":{"@id":"https:\/\/alsik.dk\/en\/special-stays\/#primaryimage"},"image":{"@id":"https:\/\/alsik.dk\/en\/special-stays\/#primaryimage"},"thumbnailUrl":"https:\/\/alsik.dk\/wp-content\/uploads\/2024\/08\/ALSIKAUGUST2021-58.jpg","datePublished":"2020-09-11T12:18:39+00:00","dateModified":"2026-04-07T08:46:57+00:00","description":"Explore Alsiks splendid stay packages and find something to meet your specific needs and fulfil your dreams.","breadcrumb":{"@id":"https:\/\/alsik.dk\/en\/special-stays\/#breadcrumb"},"inLanguage":"en-US","potentialAction":[{"@type":"ReadAction","target":["https:\/\/alsik.dk\/en\/special-stays\/"]}]},{"@type":"ImageObject","inLanguage":"en-US","@id":"https:\/\/alsik.dk\/en\/special-stays\/#primaryimage","url":"https:\/\/alsik.dk\/wp-content\/uploads\/2024\/08\/ALSIKAUGUST2021-58.jpg","contentUrl":"https:\/\/alsik.dk\/wp-content\/uploads\/2024\/08\/ALSIKAUGUST2021-58.jpg","width":2040,"height":1359,"caption":"Alsik Hotel"},{"@type":"BreadcrumbList","@id":"https:\/\/alsik.dk\/en\/special-stays\/#breadcrumb","itemListElement":[{"@type":"ListItem","position":1,"name":"Hjem","item":"https:\/\/alsik.dk\/en\/"},{"@type":"ListItem","position":2,"name":"Enjoy a special stay at Alsik"}]},{"@type":"WebSite","@id":"https:\/\/alsik.dk\/en\/#website","url":"https:\/\/alsik.dk\/en\/","name":"Alsik Hotel &amp; Spa","description":"Alsik er et af Danmarks mest sp\u00e6ndende hoteller med stilfulde og topmoderne v\u00e6relser. Her venter en verden af luksuri\u00f8s og hyggelig. Oplev Danmarks st\u00f8rste spa med flere end 60 forskellige spa- og wellnessoplevelser fordelt p\u00e5 4.500 kvadratmeter og fire etager. Eller fork\u00e6l sanserne med gastronomi i s\u00e6rklasse i Alsiks tre restauranter.","potentialAction":[{"@type":"SearchAction","target":{"@type":"EntryPoint","urlTemplate":"https:\/\/alsik.dk\/en\/?s={search_term_string}"},"query-input":{"@type":"PropertyValueSpecification","valueRequired":true,"valueName":"search_term_string"}}],"inLanguage":"en-US"}]}},"_links":{"self":[{"href":"https:\/\/alsik.dk\/en\/wp-json\/wp\/v2\/pages\/5567","targetHints":{"allow":["GET"]}}],"collection":[{"href":"https:\/\/alsik.dk\/en\/wp-json\/wp\/v2\/pages"}],"about":[{"href":"https:\/\/alsik.dk\/en\/wp-json\/wp\/v2\/types\/page"}],"author":[{"embeddable":true,"href":"https:\/\/alsik.dk\/en\/wp-json\/wp\/v2\/users\/7"}],"replies":[{"embeddable":true,"href":"https:\/\/alsik.dk\/en\/wp-json\/wp\/v2\/comments?post=5567"}],"version-history":[{"count":65,"href":"https:\/\/alsik.dk\/en\/wp-json\/wp\/v2\/pages\/5567\/revisions"}],"predecessor-version":[{"id":18139,"href":"https:\/\/alsik.dk\/en\/wp-json\/wp\/v2\/pages\/5567\/revisions\/18139"}],"wp:featuredmedia":[{"embeddable":true,"href":"https:\/\/alsik.dk\/en\/wp-json\/wp\/v2\/media\/14219"}],"wp:attachment":[{"href":"https:\/\/alsik.dk\/en\/wp-json\/wp\/v2\/media?parent=5567"}],"wp:term":[{"taxonomy":"post_tag","embeddable":true,"href":"https:\/\/alsik.dk\/en\/wp-json\/wp\/v2\/tags?post=5567"}],"curies":[{"name":"wp","href":"https:\/\/api.w.org\/{rel}","templated":true}]}}