{"id":5623,"date":"2020-09-14T13:09:56","date_gmt":"2020-09-14T11:09:56","guid":{"rendered":"http:\/\/alsik.dk\/?page_id=5623"},"modified":"2025-06-10T14:44:31","modified_gmt":"2025-06-10T12:44:31","slug":"soenderborg","status":"publish","type":"page","link":"https:\/\/alsik.dk\/en\/soenderborg\/","title":{"rendered":"Explore S\u00f8nderborg and South Jutland"},"content":{"rendered":"<p>At Alsik, we recommend starting with a trip up to the hotel\u2019s 16th floor where you will find the lookout platform \u201cPoint of View\u201d. From here, you can enjoy the unrivalled views across S\u00f8nderborg and get a good sense of the town, the coast and scenic landscapes. You can book your free ticket to Point of View right here:<\/p>\n<p><a href=\"http:\/\/www.alsikpov.dk\" target=\"_blank\" rel=\"noopener noreferrer\">Book ticket<\/a><\/p>\n<p>&nbsp;<\/p>\n<p>After this, it\u2019s just a matter of venturing forth and exploring.<\/p>\n<p>For a complete overall experience of S\u00f8nderborg, we recommend S\u00f8nderborg\u2019s unique features also known as &#8220;The S\u00f8nderborg Seven&#8221;.<\/p>\n<p>&nbsp;<\/p>\n","protected":false},"excerpt":{"rendered":"<p>There is always something new to experience in S\u00f8nderborg and it is sometimes difficult to choose from among the many options. <\/p>\n","protected":false},"author":7,"featured_media":5576,"parent":0,"menu_order":0,"comment_status":"closed","ping_status":"closed","template":"","meta":{"_acf_changed":false,"footnotes":""},"tags":[],"class_list":["post-5623","page","type-page","status-publish","has-post-thumbnail","hentry"],"acf":[],"yoast_head":"<!-- This site is optimized with the Yoast SEO plugin v24.3 - https:\/\/yoast.com\/wordpress\/plugins\/seo\/ -->\n<title>Explore S\u00f8nderborg and South Jutland | Alsik Hotel &amp; Spa<\/title>\n<meta name=\"description\" content=\"Welcome to S\u00f8nderborg where great experiences await. Here is something for everyone: Nature, history, culture, shopping, and fun activities for the whole family.\" \/>\n<meta name=\"robots\" content=\"index, follow, max-snippet:-1, max-image-preview:large, max-video-preview:-1\" \/>\n<link rel=\"canonical\" href=\"https:\/\/alsik.dk\/en\/soenderborg\/\" \/>\n<meta property=\"og:locale\" content=\"en_US\" \/>\n<meta property=\"og:type\" content=\"article\" \/>\n<meta property=\"og:title\" content=\"Explore S\u00f8nderborg and South Jutland | Alsik Hotel &amp; Spa\" \/>\n<meta property=\"og:description\" content=\"Welcome to S\u00f8nderborg where great experiences await. Here is something for everyone: Nature, history, culture, shopping, and fun activities for the whole family.\" \/>\n<meta property=\"og:url\" content=\"https:\/\/alsik.dk\/en\/soenderborg\/\" \/>\n<meta property=\"og:site_name\" content=\"Alsik Hotel &amp; Spa\" \/>\n<meta property=\"article:modified_time\" content=\"2025-06-10T12:44:31+00:00\" \/>\n<meta property=\"og:image\" content=\"https:\/\/alsik.dk\/wp-content\/uploads\/2020\/09\/point_of_view_aften-scaled.jpg\" \/>\n\t<meta property=\"og:image:width\" content=\"2560\" \/>\n\t<meta property=\"og:image:height\" content=\"1707\" \/>\n\t<meta property=\"og:image:type\" content=\"image\/jpeg\" \/>\n<meta name=\"twitter:card\" content=\"summary_large_image\" \/>\n<meta name=\"twitter:label1\" content=\"Est. reading time\" \/>\n\t<meta name=\"twitter:data1\" content=\"1 minute\" \/>\n<script type=\"application\/ld+json\" class=\"yoast-schema-graph\">{\"@context\":\"https:\/\/schema.org\",\"@graph\":[{\"@type\":\"WebPage\",\"@id\":\"https:\/\/alsik.dk\/en\/soenderborg\/\",\"url\":\"https:\/\/alsik.dk\/en\/soenderborg\/\",\"name\":\"Explore S\u00f8nderborg and South Jutland | Alsik Hotel &amp; Spa\",\"isPartOf\":{\"@id\":\"https:\/\/alsik.dk\/en\/#website\"},\"primaryImageOfPage\":{\"@id\":\"https:\/\/alsik.dk\/en\/soenderborg\/#primaryimage\"},\"image\":{\"@id\":\"https:\/\/alsik.dk\/en\/soenderborg\/#primaryimage\"},\"thumbnailUrl\":\"https:\/\/alsik.dk\/wp-content\/uploads\/2020\/09\/point_of_view_aften-scaled.jpg\",\"datePublished\":\"2020-09-14T11:09:56+00:00\",\"dateModified\":\"2025-06-10T12:44:31+00:00\",\"description\":\"Welcome to S\u00f8nderborg where great experiences await. Here is something for everyone: Nature, history, culture, shopping, and fun activities for the whole family.\",\"breadcrumb\":{\"@id\":\"https:\/\/alsik.dk\/en\/soenderborg\/#breadcrumb\"},\"inLanguage\":\"en-US\",\"potentialAction\":[{\"@type\":\"ReadAction\",\"target\":[\"https:\/\/alsik.dk\/en\/soenderborg\/\"]}]},{\"@type\":\"ImageObject\",\"inLanguage\":\"en-US\",\"@id\":\"https:\/\/alsik.dk\/en\/soenderborg\/#primaryimage\",\"url\":\"https:\/\/alsik.dk\/wp-content\/uploads\/2020\/09\/point_of_view_aften-scaled.jpg\",\"contentUrl\":\"https:\/\/alsik.dk\/wp-content\/uploads\/2020\/09\/point_of_view_aften-scaled.jpg\",\"width\":2560,\"height\":1707,\"caption\":\"Point of View aften\"},{\"@type\":\"BreadcrumbList\",\"@id\":\"https:\/\/alsik.dk\/en\/soenderborg\/#breadcrumb\",\"itemListElement\":[{\"@type\":\"ListItem\",\"position\":1,\"name\":\"Hjem\",\"item\":\"https:\/\/alsik.dk\/en\/\"},{\"@type\":\"ListItem\",\"position\":2,\"name\":\"Explore S\u00f8nderborg and South Jutland\"}]},{\"@type\":\"WebSite\",\"@id\":\"https:\/\/alsik.dk\/en\/#website\",\"url\":\"https:\/\/alsik.dk\/en\/\",\"name\":\"Alsik Hotel &amp; Spa\",\"description\":\"Alsik er et af Danmarks mest sp\u00e6ndende hoteller med stilfulde og topmoderne v\u00e6relser. Her venter en verden af luksuri\u00f8s og hyggelig. Oplev Danmarks st\u00f8rste spa med flere end 60 forskellige spa- og wellnessoplevelser fordelt p\u00e5 4.500 kvadratmeter og fire etager. Eller fork\u00e6l sanserne med gastronomi i s\u00e6rklasse i Alsiks tre restauranter.\",\"potentialAction\":[{\"@type\":\"SearchAction\",\"target\":{\"@type\":\"EntryPoint\",\"urlTemplate\":\"https:\/\/alsik.dk\/en\/?s={search_term_string}\"},\"query-input\":{\"@type\":\"PropertyValueSpecification\",\"valueRequired\":true,\"valueName\":\"search_term_string\"}}],\"inLanguage\":\"en-US\"}]}<\/script>\n<!-- \/ Yoast SEO plugin. -->","yoast_head_json":{"title":"Explore S\u00f8nderborg and South Jutland | Alsik Hotel &amp; Spa","description":"Welcome to S\u00f8nderborg where great experiences await. Here is something for everyone: Nature, history, culture, shopping, and fun activities for the whole family.","robots":{"index":"index","follow":"follow","max-snippet":"max-snippet:-1","max-image-preview":"max-image-preview:large","max-video-preview":"max-video-preview:-1"},"canonical":"https:\/\/alsik.dk\/en\/soenderborg\/","og_locale":"en_US","og_type":"article","og_title":"Explore S\u00f8nderborg and South Jutland | Alsik Hotel &amp; Spa","og_description":"Welcome to S\u00f8nderborg where great experiences await. Here is something for everyone: Nature, history, culture, shopping, and fun activities for the whole family.","og_url":"https:\/\/alsik.dk\/en\/soenderborg\/","og_site_name":"Alsik Hotel &amp; Spa","article_modified_time":"2025-06-10T12:44:31+00:00","og_image":[{"width":2560,"height":1707,"url":"https:\/\/alsik.dk\/wp-content\/uploads\/2020\/09\/point_of_view_aften-scaled.jpg","type":"image\/jpeg"}],"twitter_card":"summary_large_image","twitter_misc":{"Est. reading time":"1 minute"},"schema":{"@context":"https:\/\/schema.org","@graph":[{"@type":"WebPage","@id":"https:\/\/alsik.dk\/en\/soenderborg\/","url":"https:\/\/alsik.dk\/en\/soenderborg\/","name":"Explore S\u00f8nderborg and South Jutland | Alsik Hotel &amp; Spa","isPartOf":{"@id":"https:\/\/alsik.dk\/en\/#website"},"primaryImageOfPage":{"@id":"https:\/\/alsik.dk\/en\/soenderborg\/#primaryimage"},"image":{"@id":"https:\/\/alsik.dk\/en\/soenderborg\/#primaryimage"},"thumbnailUrl":"https:\/\/alsik.dk\/wp-content\/uploads\/2020\/09\/point_of_view_aften-scaled.jpg","datePublished":"2020-09-14T11:09:56+00:00","dateModified":"2025-06-10T12:44:31+00:00","description":"Welcome to S\u00f8nderborg where great experiences await. Here is something for everyone: Nature, history, culture, shopping, and fun activities for the whole family.","breadcrumb":{"@id":"https:\/\/alsik.dk\/en\/soenderborg\/#breadcrumb"},"inLanguage":"en-US","potentialAction":[{"@type":"ReadAction","target":["https:\/\/alsik.dk\/en\/soenderborg\/"]}]},{"@type":"ImageObject","inLanguage":"en-US","@id":"https:\/\/alsik.dk\/en\/soenderborg\/#primaryimage","url":"https:\/\/alsik.dk\/wp-content\/uploads\/2020\/09\/point_of_view_aften-scaled.jpg","contentUrl":"https:\/\/alsik.dk\/wp-content\/uploads\/2020\/09\/point_of_view_aften-scaled.jpg","width":2560,"height":1707,"caption":"Point of View aften"},{"@type":"BreadcrumbList","@id":"https:\/\/alsik.dk\/en\/soenderborg\/#breadcrumb","itemListElement":[{"@type":"ListItem","position":1,"name":"Hjem","item":"https:\/\/alsik.dk\/en\/"},{"@type":"ListItem","position":2,"name":"Explore S\u00f8nderborg and South Jutland"}]},{"@type":"WebSite","@id":"https:\/\/alsik.dk\/en\/#website","url":"https:\/\/alsik.dk\/en\/","name":"Alsik Hotel &amp; Spa","description":"Alsik er et af Danmarks mest sp\u00e6ndende hoteller med stilfulde og topmoderne v\u00e6relser. Her venter en verden af luksuri\u00f8s og hyggelig. Oplev Danmarks st\u00f8rste spa med flere end 60 forskellige spa- og wellnessoplevelser fordelt p\u00e5 4.500 kvadratmeter og fire etager. Eller fork\u00e6l sanserne med gastronomi i s\u00e6rklasse i Alsiks tre restauranter.","potentialAction":[{"@type":"SearchAction","target":{"@type":"EntryPoint","urlTemplate":"https:\/\/alsik.dk\/en\/?s={search_term_string}"},"query-input":{"@type":"PropertyValueSpecification","valueRequired":true,"valueName":"search_term_string"}}],"inLanguage":"en-US"}]}},"_links":{"self":[{"href":"https:\/\/alsik.dk\/en\/wp-json\/wp\/v2\/pages\/5623","targetHints":{"allow":["GET"]}}],"collection":[{"href":"https:\/\/alsik.dk\/en\/wp-json\/wp\/v2\/pages"}],"about":[{"href":"https:\/\/alsik.dk\/en\/wp-json\/wp\/v2\/types\/page"}],"author":[{"embeddable":true,"href":"https:\/\/alsik.dk\/en\/wp-json\/wp\/v2\/users\/7"}],"replies":[{"embeddable":true,"href":"https:\/\/alsik.dk\/en\/wp-json\/wp\/v2\/comments?post=5623"}],"version-history":[{"count":11,"href":"https:\/\/alsik.dk\/en\/wp-json\/wp\/v2\/pages\/5623\/revisions"}],"predecessor-version":[{"id":16212,"href":"https:\/\/alsik.dk\/en\/wp-json\/wp\/v2\/pages\/5623\/revisions\/16212"}],"wp:featuredmedia":[{"embeddable":true,"href":"https:\/\/alsik.dk\/en\/wp-json\/wp\/v2\/media\/5576"}],"wp:attachment":[{"href":"https:\/\/alsik.dk\/en\/wp-json\/wp\/v2\/media?parent=5623"}],"wp:term":[{"taxonomy":"post_tag","embeddable":true,"href":"https:\/\/alsik.dk\/en\/wp-json\/wp\/v2\/tags?post=5623"}],"curies":[{"name":"wp","href":"https:\/\/api.w.org\/{rel}","templated":true}]}}