{"id":5641,"date":"2020-09-14T14:16:27","date_gmt":"2020-09-14T12:16:27","guid":{"rendered":"http:\/\/alsik.dk\/?page_id=5641"},"modified":"2025-09-23T09:47:36","modified_gmt":"2025-09-23T07:47:36","slug":"point-of-view","status":"publish","type":"page","link":"https:\/\/alsik.dk\/en\/point-of-view\/","title":{"rendered":"Visit Point of View"},"content":{"rendered":"<p>At Alsik, we recommend starting with a trip up to the hotel\u2019s 16th floor where you will find the lookout platform \u201cPoint of View\u201d. From here, you can enjoy the unrivalled views across S\u00f8nderborg and get a good sense of the town, the coast and scenic landscapes. You can book your free ticket to Point of View right here:<\/p>\n<p><a href=\"http:\/\/alsikpov.dk\/?lang=da\" target=\"_blank\" rel=\"noopener noreferrer\">Book ticket<\/a><\/p>\n<p><strong>Alsik Point of View is open 9.00 &#8211; 19.00 on weekdays and 12.00 &#8211; 15.00 on weekends and holidays.\u00a0<\/strong><\/p>\n","protected":false},"excerpt":{"rendered":"<p>Visit Point of View for a splendid view. <\/p>\n","protected":false},"author":7,"featured_media":0,"parent":0,"menu_order":0,"comment_status":"closed","ping_status":"closed","template":"","meta":{"_acf_changed":false,"footnotes":""},"tags":[],"class_list":["post-5641","page","type-page","status-publish","hentry"],"acf":[],"yoast_head":"<!-- This site is optimized with the Yoast SEO plugin v24.3 - https:\/\/yoast.com\/wordpress\/plugins\/seo\/ -->\n<title>Visit Point of View | Alsik Hotel &amp; Spa<\/title>\n<meta name=\"description\" content=\"At Alsik Hotel\u2019s 16th floor you will find the lookout platform \u201cPoint of View\u201d. Enjoy the unrivalled views across S\u00f8nderborg for free.\" \/>\n<meta name=\"robots\" content=\"index, follow, max-snippet:-1, max-image-preview:large, max-video-preview:-1\" \/>\n<link rel=\"canonical\" href=\"https:\/\/alsik.dk\/en\/point-of-view\/\" \/>\n<meta property=\"og:locale\" content=\"en_US\" \/>\n<meta property=\"og:type\" content=\"article\" \/>\n<meta property=\"og:title\" content=\"Visit Point of View | Alsik Hotel &amp; Spa\" \/>\n<meta property=\"og:description\" content=\"At Alsik Hotel\u2019s 16th floor you will find the lookout platform \u201cPoint of View\u201d. Enjoy the unrivalled views across S\u00f8nderborg for free.\" \/>\n<meta property=\"og:url\" content=\"https:\/\/alsik.dk\/en\/point-of-view\/\" \/>\n<meta property=\"og:site_name\" content=\"Alsik Hotel &amp; Spa\" \/>\n<meta property=\"article:modified_time\" content=\"2025-09-23T07:47:36+00:00\" \/>\n<meta name=\"twitter:card\" content=\"summary_large_image\" \/>\n<meta name=\"twitter:label1\" content=\"Est. reading time\" \/>\n\t<meta name=\"twitter:data1\" content=\"1 minute\" \/>\n<script type=\"application\/ld+json\" class=\"yoast-schema-graph\">{\"@context\":\"https:\/\/schema.org\",\"@graph\":[{\"@type\":\"WebPage\",\"@id\":\"https:\/\/alsik.dk\/en\/point-of-view\/\",\"url\":\"https:\/\/alsik.dk\/en\/point-of-view\/\",\"name\":\"Visit Point of View | Alsik Hotel &amp; Spa\",\"isPartOf\":{\"@id\":\"https:\/\/alsik.dk\/en\/#website\"},\"datePublished\":\"2020-09-14T12:16:27+00:00\",\"dateModified\":\"2025-09-23T07:47:36+00:00\",\"description\":\"At Alsik Hotel\u2019s 16th floor you will find the lookout platform \u201cPoint of View\u201d. Enjoy the unrivalled views across S\u00f8nderborg for free.\",\"breadcrumb\":{\"@id\":\"https:\/\/alsik.dk\/en\/point-of-view\/#breadcrumb\"},\"inLanguage\":\"en-US\",\"potentialAction\":[{\"@type\":\"ReadAction\",\"target\":[\"https:\/\/alsik.dk\/en\/point-of-view\/\"]}]},{\"@type\":\"BreadcrumbList\",\"@id\":\"https:\/\/alsik.dk\/en\/point-of-view\/#breadcrumb\",\"itemListElement\":[{\"@type\":\"ListItem\",\"position\":1,\"name\":\"Hjem\",\"item\":\"https:\/\/alsik.dk\/en\/\"},{\"@type\":\"ListItem\",\"position\":2,\"name\":\"Visit Point of View\"}]},{\"@type\":\"WebSite\",\"@id\":\"https:\/\/alsik.dk\/en\/#website\",\"url\":\"https:\/\/alsik.dk\/en\/\",\"name\":\"Alsik Hotel &amp; Spa\",\"description\":\"Alsik er et af Danmarks mest sp\u00e6ndende hoteller med stilfulde og topmoderne v\u00e6relser. Her venter en verden af luksuri\u00f8s og hyggelig. Oplev Danmarks st\u00f8rste spa med flere end 60 forskellige spa- og wellnessoplevelser fordelt p\u00e5 4.500 kvadratmeter og fire etager. Eller fork\u00e6l sanserne med gastronomi i s\u00e6rklasse i Alsiks tre restauranter.\",\"potentialAction\":[{\"@type\":\"SearchAction\",\"target\":{\"@type\":\"EntryPoint\",\"urlTemplate\":\"https:\/\/alsik.dk\/en\/?s={search_term_string}\"},\"query-input\":{\"@type\":\"PropertyValueSpecification\",\"valueRequired\":true,\"valueName\":\"search_term_string\"}}],\"inLanguage\":\"en-US\"}]}<\/script>\n<!-- \/ Yoast SEO plugin. -->","yoast_head_json":{"title":"Visit Point of View | Alsik Hotel &amp; Spa","description":"At Alsik Hotel\u2019s 16th floor you will find the lookout platform \u201cPoint of View\u201d. Enjoy the unrivalled views across S\u00f8nderborg for free.","robots":{"index":"index","follow":"follow","max-snippet":"max-snippet:-1","max-image-preview":"max-image-preview:large","max-video-preview":"max-video-preview:-1"},"canonical":"https:\/\/alsik.dk\/en\/point-of-view\/","og_locale":"en_US","og_type":"article","og_title":"Visit Point of View | Alsik Hotel &amp; Spa","og_description":"At Alsik Hotel\u2019s 16th floor you will find the lookout platform \u201cPoint of View\u201d. Enjoy the unrivalled views across S\u00f8nderborg for free.","og_url":"https:\/\/alsik.dk\/en\/point-of-view\/","og_site_name":"Alsik Hotel &amp; Spa","article_modified_time":"2025-09-23T07:47:36+00:00","twitter_card":"summary_large_image","twitter_misc":{"Est. reading time":"1 minute"},"schema":{"@context":"https:\/\/schema.org","@graph":[{"@type":"WebPage","@id":"https:\/\/alsik.dk\/en\/point-of-view\/","url":"https:\/\/alsik.dk\/en\/point-of-view\/","name":"Visit Point of View | Alsik Hotel &amp; Spa","isPartOf":{"@id":"https:\/\/alsik.dk\/en\/#website"},"datePublished":"2020-09-14T12:16:27+00:00","dateModified":"2025-09-23T07:47:36+00:00","description":"At Alsik Hotel\u2019s 16th floor you will find the lookout platform \u201cPoint of View\u201d. Enjoy the unrivalled views across S\u00f8nderborg for free.","breadcrumb":{"@id":"https:\/\/alsik.dk\/en\/point-of-view\/#breadcrumb"},"inLanguage":"en-US","potentialAction":[{"@type":"ReadAction","target":["https:\/\/alsik.dk\/en\/point-of-view\/"]}]},{"@type":"BreadcrumbList","@id":"https:\/\/alsik.dk\/en\/point-of-view\/#breadcrumb","itemListElement":[{"@type":"ListItem","position":1,"name":"Hjem","item":"https:\/\/alsik.dk\/en\/"},{"@type":"ListItem","position":2,"name":"Visit Point of View"}]},{"@type":"WebSite","@id":"https:\/\/alsik.dk\/en\/#website","url":"https:\/\/alsik.dk\/en\/","name":"Alsik Hotel &amp; Spa","description":"Alsik er et af Danmarks mest sp\u00e6ndende hoteller med stilfulde og topmoderne v\u00e6relser. Her venter en verden af luksuri\u00f8s og hyggelig. Oplev Danmarks st\u00f8rste spa med flere end 60 forskellige spa- og wellnessoplevelser fordelt p\u00e5 4.500 kvadratmeter og fire etager. Eller fork\u00e6l sanserne med gastronomi i s\u00e6rklasse i Alsiks tre restauranter.","potentialAction":[{"@type":"SearchAction","target":{"@type":"EntryPoint","urlTemplate":"https:\/\/alsik.dk\/en\/?s={search_term_string}"},"query-input":{"@type":"PropertyValueSpecification","valueRequired":true,"valueName":"search_term_string"}}],"inLanguage":"en-US"}]}},"_links":{"self":[{"href":"https:\/\/alsik.dk\/en\/wp-json\/wp\/v2\/pages\/5641","targetHints":{"allow":["GET"]}}],"collection":[{"href":"https:\/\/alsik.dk\/en\/wp-json\/wp\/v2\/pages"}],"about":[{"href":"https:\/\/alsik.dk\/en\/wp-json\/wp\/v2\/types\/page"}],"author":[{"embeddable":true,"href":"https:\/\/alsik.dk\/en\/wp-json\/wp\/v2\/users\/7"}],"replies":[{"embeddable":true,"href":"https:\/\/alsik.dk\/en\/wp-json\/wp\/v2\/comments?post=5641"}],"version-history":[{"count":10,"href":"https:\/\/alsik.dk\/en\/wp-json\/wp\/v2\/pages\/5641\/revisions"}],"predecessor-version":[{"id":16641,"href":"https:\/\/alsik.dk\/en\/wp-json\/wp\/v2\/pages\/5641\/revisions\/16641"}],"wp:attachment":[{"href":"https:\/\/alsik.dk\/en\/wp-json\/wp\/v2\/media?parent=5641"}],"wp:term":[{"taxonomy":"post_tag","embeddable":true,"href":"https:\/\/alsik.dk\/en\/wp-json\/wp\/v2\/tags?post=5641"}],"curies":[{"name":"wp","href":"https:\/\/api.w.org\/{rel}","templated":true}]}}