{"id":5920,"date":"2020-09-15T14:35:47","date_gmt":"2020-09-15T12:35:47","guid":{"rendered":"http:\/\/alsik.dk\/?page_id=5920"},"modified":"2024-08-29T10:42:39","modified_gmt":"2024-08-29T08:42:39","slug":"press-contact","status":"publish","type":"page","link":"https:\/\/alsik.dk\/en\/contact\/press-contact\/","title":{"rendered":"Press contact"},"content":{"rendered":"<p>If you would like to visit or learn more about Alsik, our philosophy, facilities and facets, you are always welcome to contact us.<\/p>\n<p>Naturally, we are always ready to help you in any way we can, regardless of whether this involves press photos, a statement, facts, or an outright media tour.<\/p>\n<p>Alsik\u2019s press photos on this page are naturally for free for the press to use. For further details, please feel welcome to contact:<\/p>\n<p><strong>Mikkel Hansen<\/strong><br \/>\n74 20 30 00<br \/>\n<a href=\"mailto:mikkel.hansen@alsik-hotel.dk\">mikkel.hansen@alsik-hotel.dk<\/a><\/p>\n","protected":false},"excerpt":{"rendered":"<p>If you would like to visit or learn more about Alsik, our philosophy, facilities and facets, you are always welcome to contact us. <\/p>\n","protected":false},"author":7,"featured_media":0,"parent":4119,"menu_order":0,"comment_status":"closed","ping_status":"closed","template":"","meta":{"_acf_changed":false,"footnotes":""},"tags":[],"class_list":["post-5920","page","type-page","status-publish","hentry"],"acf":[],"yoast_head":"<!-- This site is optimized with the Yoast SEO plugin v24.3 - https:\/\/yoast.com\/wordpress\/plugins\/seo\/ -->\n<title>Press contact | Alsik Hotel &amp; Spa<\/title>\n<meta name=\"description\" content=\"If you would like to visit or learn more about Alsik, our philosophy, facilities and facets, you are always welcome to contact us.\" \/>\n<meta name=\"robots\" content=\"index, follow, max-snippet:-1, max-image-preview:large, max-video-preview:-1\" \/>\n<link rel=\"canonical\" href=\"https:\/\/alsik.dk\/en\/contact\/press-contact\/\" \/>\n<meta property=\"og:locale\" content=\"en_US\" \/>\n<meta property=\"og:type\" content=\"article\" \/>\n<meta property=\"og:title\" content=\"Press contact | Alsik Hotel &amp; Spa\" \/>\n<meta property=\"og:description\" content=\"If you would like to visit or learn more about Alsik, our philosophy, facilities and facets, you are always welcome to contact us.\" \/>\n<meta property=\"og:url\" content=\"https:\/\/alsik.dk\/en\/contact\/press-contact\/\" \/>\n<meta property=\"og:site_name\" content=\"Alsik Hotel &amp; Spa\" \/>\n<meta property=\"article:modified_time\" content=\"2024-08-29T08:42:39+00:00\" \/>\n<meta name=\"twitter:card\" content=\"summary_large_image\" \/>\n<meta name=\"twitter:label1\" content=\"Est. reading time\" \/>\n\t<meta name=\"twitter:data1\" content=\"1 minute\" \/>\n<script type=\"application\/ld+json\" class=\"yoast-schema-graph\">{\"@context\":\"https:\/\/schema.org\",\"@graph\":[{\"@type\":\"WebPage\",\"@id\":\"https:\/\/alsik.dk\/en\/contact\/press-contact\/\",\"url\":\"https:\/\/alsik.dk\/en\/contact\/press-contact\/\",\"name\":\"Press contact | Alsik Hotel &amp; Spa\",\"isPartOf\":{\"@id\":\"https:\/\/alsik.dk\/en\/#website\"},\"datePublished\":\"2020-09-15T12:35:47+00:00\",\"dateModified\":\"2024-08-29T08:42:39+00:00\",\"description\":\"If you would like to visit or learn more about Alsik, our philosophy, facilities and facets, you are always welcome to contact us.\",\"breadcrumb\":{\"@id\":\"https:\/\/alsik.dk\/en\/contact\/press-contact\/#breadcrumb\"},\"inLanguage\":\"en-US\",\"potentialAction\":[{\"@type\":\"ReadAction\",\"target\":[\"https:\/\/alsik.dk\/en\/contact\/press-contact\/\"]}]},{\"@type\":\"BreadcrumbList\",\"@id\":\"https:\/\/alsik.dk\/en\/contact\/press-contact\/#breadcrumb\",\"itemListElement\":[{\"@type\":\"ListItem\",\"position\":1,\"name\":\"Hjem\",\"item\":\"https:\/\/alsik.dk\/en\/\"},{\"@type\":\"ListItem\",\"position\":2,\"name\":\"Contact &#038; parking information\",\"item\":\"https:\/\/alsik.dk\/en\/contact\/\"},{\"@type\":\"ListItem\",\"position\":3,\"name\":\"Press contact\"}]},{\"@type\":\"WebSite\",\"@id\":\"https:\/\/alsik.dk\/en\/#website\",\"url\":\"https:\/\/alsik.dk\/en\/\",\"name\":\"Alsik Hotel &amp; Spa\",\"description\":\"Alsik er et af Danmarks mest sp\u00e6ndende hoteller med stilfulde og topmoderne v\u00e6relser. Her venter en verden af luksuri\u00f8s og hyggelig. Oplev Danmarks st\u00f8rste spa med flere end 60 forskellige spa- og wellnessoplevelser fordelt p\u00e5 4.500 kvadratmeter og fire etager. Eller fork\u00e6l sanserne med gastronomi i s\u00e6rklasse i Alsiks tre restauranter.\",\"potentialAction\":[{\"@type\":\"SearchAction\",\"target\":{\"@type\":\"EntryPoint\",\"urlTemplate\":\"https:\/\/alsik.dk\/en\/?s={search_term_string}\"},\"query-input\":{\"@type\":\"PropertyValueSpecification\",\"valueRequired\":true,\"valueName\":\"search_term_string\"}}],\"inLanguage\":\"en-US\"}]}<\/script>\n<!-- \/ Yoast SEO plugin. -->","yoast_head_json":{"title":"Press contact | Alsik Hotel &amp; Spa","description":"If you would like to visit or learn more about Alsik, our philosophy, facilities and facets, you are always welcome to contact us.","robots":{"index":"index","follow":"follow","max-snippet":"max-snippet:-1","max-image-preview":"max-image-preview:large","max-video-preview":"max-video-preview:-1"},"canonical":"https:\/\/alsik.dk\/en\/contact\/press-contact\/","og_locale":"en_US","og_type":"article","og_title":"Press contact | Alsik Hotel &amp; Spa","og_description":"If you would like to visit or learn more about Alsik, our philosophy, facilities and facets, you are always welcome to contact us.","og_url":"https:\/\/alsik.dk\/en\/contact\/press-contact\/","og_site_name":"Alsik Hotel &amp; Spa","article_modified_time":"2024-08-29T08:42:39+00:00","twitter_card":"summary_large_image","twitter_misc":{"Est. reading time":"1 minute"},"schema":{"@context":"https:\/\/schema.org","@graph":[{"@type":"WebPage","@id":"https:\/\/alsik.dk\/en\/contact\/press-contact\/","url":"https:\/\/alsik.dk\/en\/contact\/press-contact\/","name":"Press contact | Alsik Hotel &amp; Spa","isPartOf":{"@id":"https:\/\/alsik.dk\/en\/#website"},"datePublished":"2020-09-15T12:35:47+00:00","dateModified":"2024-08-29T08:42:39+00:00","description":"If you would like to visit or learn more about Alsik, our philosophy, facilities and facets, you are always welcome to contact us.","breadcrumb":{"@id":"https:\/\/alsik.dk\/en\/contact\/press-contact\/#breadcrumb"},"inLanguage":"en-US","potentialAction":[{"@type":"ReadAction","target":["https:\/\/alsik.dk\/en\/contact\/press-contact\/"]}]},{"@type":"BreadcrumbList","@id":"https:\/\/alsik.dk\/en\/contact\/press-contact\/#breadcrumb","itemListElement":[{"@type":"ListItem","position":1,"name":"Hjem","item":"https:\/\/alsik.dk\/en\/"},{"@type":"ListItem","position":2,"name":"Contact &#038; parking information","item":"https:\/\/alsik.dk\/en\/contact\/"},{"@type":"ListItem","position":3,"name":"Press contact"}]},{"@type":"WebSite","@id":"https:\/\/alsik.dk\/en\/#website","url":"https:\/\/alsik.dk\/en\/","name":"Alsik Hotel &amp; Spa","description":"Alsik er et af Danmarks mest sp\u00e6ndende hoteller med stilfulde og topmoderne v\u00e6relser. Her venter en verden af luksuri\u00f8s og hyggelig. Oplev Danmarks st\u00f8rste spa med flere end 60 forskellige spa- og wellnessoplevelser fordelt p\u00e5 4.500 kvadratmeter og fire etager. Eller fork\u00e6l sanserne med gastronomi i s\u00e6rklasse i Alsiks tre restauranter.","potentialAction":[{"@type":"SearchAction","target":{"@type":"EntryPoint","urlTemplate":"https:\/\/alsik.dk\/en\/?s={search_term_string}"},"query-input":{"@type":"PropertyValueSpecification","valueRequired":true,"valueName":"search_term_string"}}],"inLanguage":"en-US"}]}},"_links":{"self":[{"href":"https:\/\/alsik.dk\/en\/wp-json\/wp\/v2\/pages\/5920","targetHints":{"allow":["GET"]}}],"collection":[{"href":"https:\/\/alsik.dk\/en\/wp-json\/wp\/v2\/pages"}],"about":[{"href":"https:\/\/alsik.dk\/en\/wp-json\/wp\/v2\/types\/page"}],"author":[{"embeddable":true,"href":"https:\/\/alsik.dk\/en\/wp-json\/wp\/v2\/users\/7"}],"replies":[{"embeddable":true,"href":"https:\/\/alsik.dk\/en\/wp-json\/wp\/v2\/comments?post=5920"}],"version-history":[{"count":15,"href":"https:\/\/alsik.dk\/en\/wp-json\/wp\/v2\/pages\/5920\/revisions"}],"predecessor-version":[{"id":14266,"href":"https:\/\/alsik.dk\/en\/wp-json\/wp\/v2\/pages\/5920\/revisions\/14266"}],"up":[{"embeddable":true,"href":"https:\/\/alsik.dk\/en\/wp-json\/wp\/v2\/pages\/4119"}],"wp:attachment":[{"href":"https:\/\/alsik.dk\/en\/wp-json\/wp\/v2\/media?parent=5920"}],"wp:term":[{"taxonomy":"post_tag","embeddable":true,"href":"https:\/\/alsik.dk\/en\/wp-json\/wp\/v2\/tags?post=5920"}],"curies":[{"name":"wp","href":"https:\/\/api.w.org\/{rel}","templated":true}]}}