{"id":5934,"date":"2020-09-15T14:48:19","date_gmt":"2020-09-15T12:48:19","guid":{"rendered":"http:\/\/alsik.dk\/?page_id=5934"},"modified":"2026-02-04T08:00:35","modified_gmt":"2026-02-04T07:00:35","slug":"would-you-like-to-join-our-team","status":"publish","type":"page","link":"https:\/\/alsik.dk\/en\/contact\/would-you-like-to-join-our-team\/","title":{"rendered":"Would you like to join our team?"},"content":{"rendered":"<p>At Alsik, we are always on the lookout for skilled employees<\/p>\n<p>Would you like to join the team behind one of the biggest, most exciting hotels in Denmark? Are you ready for an amusing, stimulating and busy working day with lots of good colleagues? Does your DNA make you want to do your very best every single day and are you welcoming, accommodating and down to earth in your interactions with guests and colleagues alike?<br \/>\nSe our available positions below. You are also welcome to send us an unsolicited application<\/p>\n<p><script src=\"https:\/\/api.2people.com:4000\/api\/v1\/recruitment\/external\/widget\/vacancy-list\/src\"><\/script><\/p>\n<div data-2p-widget-vacancies=\"\" data-language=\"en\" data-domain=\"alsik\"><\/div>\n","protected":false},"excerpt":{"rendered":"<p>At Alsik, we are always on the lookout for skilled employees<\/p>\n","protected":false},"author":7,"featured_media":13842,"parent":4119,"menu_order":0,"comment_status":"closed","ping_status":"closed","template":"","meta":{"_acf_changed":false,"footnotes":""},"tags":[],"class_list":["post-5934","page","type-page","status-publish","has-post-thumbnail","hentry"],"acf":[],"yoast_head":"<!-- This site is optimized with the Yoast SEO plugin v24.3 - https:\/\/yoast.com\/wordpress\/plugins\/seo\/ -->\n<title>Would you like to join our team? | Alsik Hotel &amp; Spa<\/title>\n<meta name=\"description\" content=\"At Alsik Hotel &amp; Spa , we are always on the lookout for skilled employees. Find our open positions to start your career at Alsik.\" \/>\n<meta name=\"robots\" content=\"index, follow, max-snippet:-1, max-image-preview:large, max-video-preview:-1\" \/>\n<link rel=\"canonical\" href=\"https:\/\/alsik.dk\/en\/contact\/would-you-like-to-join-our-team\/\" \/>\n<meta property=\"og:locale\" content=\"en_US\" \/>\n<meta property=\"og:type\" content=\"article\" \/>\n<meta property=\"og:title\" content=\"Would you like to join our team? | Alsik Hotel &amp; Spa\" \/>\n<meta property=\"og:description\" content=\"At Alsik Hotel &amp; Spa , we are always on the lookout for skilled employees. Find our open positions to start your career at Alsik.\" \/>\n<meta property=\"og:url\" content=\"https:\/\/alsik.dk\/en\/contact\/would-you-like-to-join-our-team\/\" \/>\n<meta property=\"og:site_name\" content=\"Alsik Hotel &amp; Spa\" \/>\n<meta property=\"article:modified_time\" content=\"2026-02-04T07:00:35+00:00\" \/>\n<meta property=\"og:image\" content=\"https:\/\/alsik.dk\/wp-content\/uploads\/2024\/05\/alsik-sommer-scaled.jpg\" \/>\n\t<meta property=\"og:image:width\" content=\"2560\" \/>\n\t<meta property=\"og:image:height\" content=\"1706\" \/>\n\t<meta property=\"og:image:type\" content=\"image\/jpeg\" \/>\n<meta name=\"twitter:card\" content=\"summary_large_image\" \/>\n<meta name=\"twitter:label1\" content=\"Est. reading time\" \/>\n\t<meta name=\"twitter:data1\" content=\"1 minute\" \/>\n<script type=\"application\/ld+json\" class=\"yoast-schema-graph\">{\"@context\":\"https:\/\/schema.org\",\"@graph\":[{\"@type\":\"WebPage\",\"@id\":\"https:\/\/alsik.dk\/en\/contact\/would-you-like-to-join-our-team\/\",\"url\":\"https:\/\/alsik.dk\/en\/contact\/would-you-like-to-join-our-team\/\",\"name\":\"Would you like to join our team? | Alsik Hotel &amp; Spa\",\"isPartOf\":{\"@id\":\"https:\/\/alsik.dk\/en\/#website\"},\"primaryImageOfPage\":{\"@id\":\"https:\/\/alsik.dk\/en\/contact\/would-you-like-to-join-our-team\/#primaryimage\"},\"image\":{\"@id\":\"https:\/\/alsik.dk\/en\/contact\/would-you-like-to-join-our-team\/#primaryimage\"},\"thumbnailUrl\":\"https:\/\/alsik.dk\/wp-content\/uploads\/2024\/05\/alsik-sommer-scaled.jpg\",\"datePublished\":\"2020-09-15T12:48:19+00:00\",\"dateModified\":\"2026-02-04T07:00:35+00:00\",\"description\":\"At Alsik Hotel & Spa , we are always on the lookout for skilled employees. Find our open positions to start your career at Alsik.\",\"breadcrumb\":{\"@id\":\"https:\/\/alsik.dk\/en\/contact\/would-you-like-to-join-our-team\/#breadcrumb\"},\"inLanguage\":\"en-US\",\"potentialAction\":[{\"@type\":\"ReadAction\",\"target\":[\"https:\/\/alsik.dk\/en\/contact\/would-you-like-to-join-our-team\/\"]}]},{\"@type\":\"ImageObject\",\"inLanguage\":\"en-US\",\"@id\":\"https:\/\/alsik.dk\/en\/contact\/would-you-like-to-join-our-team\/#primaryimage\",\"url\":\"https:\/\/alsik.dk\/wp-content\/uploads\/2024\/05\/alsik-sommer-scaled.jpg\",\"contentUrl\":\"https:\/\/alsik.dk\/wp-content\/uploads\/2024\/05\/alsik-sommer-scaled.jpg\",\"width\":2560,\"height\":1706,\"caption\":\"Alsik\"},{\"@type\":\"BreadcrumbList\",\"@id\":\"https:\/\/alsik.dk\/en\/contact\/would-you-like-to-join-our-team\/#breadcrumb\",\"itemListElement\":[{\"@type\":\"ListItem\",\"position\":1,\"name\":\"Hjem\",\"item\":\"https:\/\/alsik.dk\/en\/\"},{\"@type\":\"ListItem\",\"position\":2,\"name\":\"Contact &#038; parking information\",\"item\":\"https:\/\/alsik.dk\/en\/contact\/\"},{\"@type\":\"ListItem\",\"position\":3,\"name\":\"Would you like to join our team?\"}]},{\"@type\":\"WebSite\",\"@id\":\"https:\/\/alsik.dk\/en\/#website\",\"url\":\"https:\/\/alsik.dk\/en\/\",\"name\":\"Alsik Hotel &amp; Spa\",\"description\":\"Alsik er et af Danmarks mest sp\u00e6ndende hoteller med stilfulde og topmoderne v\u00e6relser. Her venter en verden af luksuri\u00f8s og hyggelig. Oplev Danmarks st\u00f8rste spa med flere end 60 forskellige spa- og wellnessoplevelser fordelt p\u00e5 4.500 kvadratmeter og fire etager. Eller fork\u00e6l sanserne med gastronomi i s\u00e6rklasse i Alsiks tre restauranter.\",\"potentialAction\":[{\"@type\":\"SearchAction\",\"target\":{\"@type\":\"EntryPoint\",\"urlTemplate\":\"https:\/\/alsik.dk\/en\/?s={search_term_string}\"},\"query-input\":{\"@type\":\"PropertyValueSpecification\",\"valueRequired\":true,\"valueName\":\"search_term_string\"}}],\"inLanguage\":\"en-US\"}]}<\/script>\n<!-- \/ Yoast SEO plugin. -->","yoast_head_json":{"title":"Would you like to join our team? | Alsik Hotel &amp; Spa","description":"At Alsik Hotel & Spa , we are always on the lookout for skilled employees. Find our open positions to start your career at Alsik.","robots":{"index":"index","follow":"follow","max-snippet":"max-snippet:-1","max-image-preview":"max-image-preview:large","max-video-preview":"max-video-preview:-1"},"canonical":"https:\/\/alsik.dk\/en\/contact\/would-you-like-to-join-our-team\/","og_locale":"en_US","og_type":"article","og_title":"Would you like to join our team? | Alsik Hotel &amp; Spa","og_description":"At Alsik Hotel & Spa , we are always on the lookout for skilled employees. Find our open positions to start your career at Alsik.","og_url":"https:\/\/alsik.dk\/en\/contact\/would-you-like-to-join-our-team\/","og_site_name":"Alsik Hotel &amp; Spa","article_modified_time":"2026-02-04T07:00:35+00:00","og_image":[{"width":2560,"height":1706,"url":"https:\/\/alsik.dk\/wp-content\/uploads\/2024\/05\/alsik-sommer-scaled.jpg","type":"image\/jpeg"}],"twitter_card":"summary_large_image","twitter_misc":{"Est. reading time":"1 minute"},"schema":{"@context":"https:\/\/schema.org","@graph":[{"@type":"WebPage","@id":"https:\/\/alsik.dk\/en\/contact\/would-you-like-to-join-our-team\/","url":"https:\/\/alsik.dk\/en\/contact\/would-you-like-to-join-our-team\/","name":"Would you like to join our team? | Alsik Hotel &amp; Spa","isPartOf":{"@id":"https:\/\/alsik.dk\/en\/#website"},"primaryImageOfPage":{"@id":"https:\/\/alsik.dk\/en\/contact\/would-you-like-to-join-our-team\/#primaryimage"},"image":{"@id":"https:\/\/alsik.dk\/en\/contact\/would-you-like-to-join-our-team\/#primaryimage"},"thumbnailUrl":"https:\/\/alsik.dk\/wp-content\/uploads\/2024\/05\/alsik-sommer-scaled.jpg","datePublished":"2020-09-15T12:48:19+00:00","dateModified":"2026-02-04T07:00:35+00:00","description":"At Alsik Hotel & Spa , we are always on the lookout for skilled employees. Find our open positions to start your career at Alsik.","breadcrumb":{"@id":"https:\/\/alsik.dk\/en\/contact\/would-you-like-to-join-our-team\/#breadcrumb"},"inLanguage":"en-US","potentialAction":[{"@type":"ReadAction","target":["https:\/\/alsik.dk\/en\/contact\/would-you-like-to-join-our-team\/"]}]},{"@type":"ImageObject","inLanguage":"en-US","@id":"https:\/\/alsik.dk\/en\/contact\/would-you-like-to-join-our-team\/#primaryimage","url":"https:\/\/alsik.dk\/wp-content\/uploads\/2024\/05\/alsik-sommer-scaled.jpg","contentUrl":"https:\/\/alsik.dk\/wp-content\/uploads\/2024\/05\/alsik-sommer-scaled.jpg","width":2560,"height":1706,"caption":"Alsik"},{"@type":"BreadcrumbList","@id":"https:\/\/alsik.dk\/en\/contact\/would-you-like-to-join-our-team\/#breadcrumb","itemListElement":[{"@type":"ListItem","position":1,"name":"Hjem","item":"https:\/\/alsik.dk\/en\/"},{"@type":"ListItem","position":2,"name":"Contact &#038; parking information","item":"https:\/\/alsik.dk\/en\/contact\/"},{"@type":"ListItem","position":3,"name":"Would you like to join our team?"}]},{"@type":"WebSite","@id":"https:\/\/alsik.dk\/en\/#website","url":"https:\/\/alsik.dk\/en\/","name":"Alsik Hotel &amp; Spa","description":"Alsik er et af Danmarks mest sp\u00e6ndende hoteller med stilfulde og topmoderne v\u00e6relser. Her venter en verden af luksuri\u00f8s og hyggelig. Oplev Danmarks st\u00f8rste spa med flere end 60 forskellige spa- og wellnessoplevelser fordelt p\u00e5 4.500 kvadratmeter og fire etager. Eller fork\u00e6l sanserne med gastronomi i s\u00e6rklasse i Alsiks tre restauranter.","potentialAction":[{"@type":"SearchAction","target":{"@type":"EntryPoint","urlTemplate":"https:\/\/alsik.dk\/en\/?s={search_term_string}"},"query-input":{"@type":"PropertyValueSpecification","valueRequired":true,"valueName":"search_term_string"}}],"inLanguage":"en-US"}]}},"_links":{"self":[{"href":"https:\/\/alsik.dk\/en\/wp-json\/wp\/v2\/pages\/5934","targetHints":{"allow":["GET"]}}],"collection":[{"href":"https:\/\/alsik.dk\/en\/wp-json\/wp\/v2\/pages"}],"about":[{"href":"https:\/\/alsik.dk\/en\/wp-json\/wp\/v2\/types\/page"}],"author":[{"embeddable":true,"href":"https:\/\/alsik.dk\/en\/wp-json\/wp\/v2\/users\/7"}],"replies":[{"embeddable":true,"href":"https:\/\/alsik.dk\/en\/wp-json\/wp\/v2\/comments?post=5934"}],"version-history":[{"count":9,"href":"https:\/\/alsik.dk\/en\/wp-json\/wp\/v2\/pages\/5934\/revisions"}],"predecessor-version":[{"id":17661,"href":"https:\/\/alsik.dk\/en\/wp-json\/wp\/v2\/pages\/5934\/revisions\/17661"}],"up":[{"embeddable":true,"href":"https:\/\/alsik.dk\/en\/wp-json\/wp\/v2\/pages\/4119"}],"wp:featuredmedia":[{"embeddable":true,"href":"https:\/\/alsik.dk\/en\/wp-json\/wp\/v2\/media\/13842"}],"wp:attachment":[{"href":"https:\/\/alsik.dk\/en\/wp-json\/wp\/v2\/media?parent=5934"}],"wp:term":[{"taxonomy":"post_tag","embeddable":true,"href":"https:\/\/alsik.dk\/en\/wp-json\/wp\/v2\/tags?post=5934"}],"curies":[{"name":"wp","href":"https:\/\/api.w.org\/{rel}","templated":true}]}}